{"id":23480,"date":"2025-11-10T11:44:01","date_gmt":"2025-11-10T03:44:01","guid":{"rendered":"https:\/\/yebodaglass.com\/?post_type=product&#038;p=23480"},"modified":"2026-03-24T15:23:54","modified_gmt":"2026-03-24T07:23:54","slug":"custom-empty-measured-tomato-sauce-bottles-with-pump-bulk","status":"publish","type":"product","link":"https:\/\/yebodaglass.com\/hu\/custom-empty-measured-tomato-sauce-bottles-with-pump-bulk\/","title":{"rendered":"300ml 500ml \u00dcres, kim\u00e9rt paradicsomsz\u00f3szos palackok pump\u00e1s kiszerel\u00e9sben"},"content":{"rendered":"<p>Ezek paradicsomsz\u00f3szos \u00fcvegek, sima, ez\u00fcstfekete pump\u00e1s fejjel, \u00e1tl\u00e1tsz\u00f3 \u00fcveg alak\u00fa beoszt\u00e1ssal \u00e9s hengeres, sima \u00fcvegtesttel. Az ig\u00e9nyekt\u0151l f\u00fcgg\u0151en k\u00e9t m\u00e9retben kaphat\u00f3k.<\/p>\n<h2>Term\u00e9kjellemz\u0151k<\/h2>\n<ul>\n<li><strong>Egyr\u00e9szes pump\u00e1s adagol\u00f3:<\/strong> A t\u00edpus egyszer\u0171 kezelhet\u0151s\u00e9get biztos\u00edt a s\u0171r\u0171 sz\u00f3szok adagol\u00e1s\u00e1hoz, ami megakad\u00e1lyozza a ki\u00f6ml\u00e9st vagy szennyez\u0151d\u00e9st az egy\u00e9rint\u00e9ses pumpafejnek k\u00f6sz\u00f6nhet\u0151en.<\/li>\n<li><strong>Egy\u00e9rtelm\u0171 oszt\u00e1sok:<\/strong> Az \u00fcvegpalackra nyomtatott beoszt\u00e1sok vannak, \u00edgy k\u00f6nnyen ellen\u0151rizhet\u0151 a sz\u00f3szok fennmarad\u00f3 szintje, \u00e9s jobban kezelhet\u0151 a k\u00e9szlet.<\/li>\n<li><strong>\u00c1tl\u00e1tsz\u00f3 \u00fcveg:<\/strong> A palack kiv\u00e1l\u00f3 min\u0151s\u00e9g\u0171, \u00e1tl\u00e1tsz\u00f3 \u00fcvegb\u0151l k\u00e9sz\u00fclt, \u00edgy ellen\u00e1ll a savas sz\u00f3szoknak \u00e9s foltoknak, hogy a term\u00e9k j\u00f3l l\u00e1that\u00f3 legyen.<\/li>\n<\/ul>\n<h2 style=\"text-align: left;\">F\u0151bb specifik\u00e1ci\u00f3k<\/h2>\n<table class=\"aligncenter\" style=\"border-collapse: collapse; width: 480.77pt;\" border=\"0\" width=\"641\" cellspacing=\"0\" cellpadding=\"0\">\n<tbody>\n<tr style=\"height: 13.50pt;\">\n<td style=\"height: 13.50pt; width: 126.75pt;\" width=\"169\" height=\"18\">Jellemz\u0151<\/td>\n<td style=\"width: 354.00pt;\" width=\"472\">Specifik\u00e1ci\u00f3<\/td>\n<\/tr>\n<tr style=\"height: 13.50pt;\">\n<td style=\"height: 13.50pt;\" height=\"18\">Kapacit\u00e1sok<\/td>\n<td>300 ml (10 uncia) \/ 500 ml (16 uncia)<\/td>\n<\/tr>\n<tr style=\"height: 13.50pt;\">\n<td style=\"height: 13.50pt;\" height=\"18\">M\u00e9retek (M\u00d7H)<\/td>\n<td>6 \u00d7 21 cm \/ 6,5 \u00d7 25 cm<\/td>\n<\/tr>\n<tr style=\"height: 13.50pt;\">\n<td style=\"height: 13.50pt;\" height=\"18\">Alak<\/td>\n<td>Egyenes fal\u00fa, er\u0151s palack \u00f6nt\u00f6tt t\u00e9rfogatjelz\u00e9sekkel<\/td>\n<\/tr>\n<tr style=\"height: 13.50pt;\">\n<td style=\"height: 13.50pt;\" height=\"18\">Anyag<\/td>\n<td>Magas boroszilik\u00e1t \u00fcveg<\/td>\n<\/tr>\n<tr style=\"height: 13.50pt;\">\n<td style=\"height: 13.50pt;\" height=\"18\">Z\u00e1r\u00f3kulcs benne van<\/td>\n<td>Ez\u00fcst pr\u00e9spumpa (testreszabhat\u00f3)<\/td>\n<\/tr>\n<tr style=\"height: 13.50pt;\">\n<td style=\"height: 13.50pt;\" height=\"18\">Legjobb<\/td>\n<td>Paradicsomsz\u00f3sz, cs\u00edp\u0151s sz\u00f3sz, chili sz\u00f3sz<\/td>\n<\/tr>\n<tr style=\"height: 13.50pt;\">\n<td style=\"height: 13.50pt;\" height=\"18\">Ide\u00e1lis haszn\u00e1lat<\/td>\n<td>Paradicsomsz\u00f3szos \u00fcveg, \u00fcres sz\u00f3szos \u00fcvegek<\/td>\n<\/tr>\n<\/tbody>\n<\/table>\n<h2>Sikert\u00f6rt\u00e9net: \u00c9lelmiszeripari term\u00e9kcsal\u00e1d, egy texasi BBQ sz\u00f3sz m\u00e1rka<\/h2>\n<p>Egy barbecue sz\u00f3szm\u00e1rka a mi 470 ml-es \u00fcvegpalackunkat v\u00e1lasztotta, melyhez m\u00e1rkajelz\u00e9st kapott az \u00fcveg, UV-bevonat\u00fa \u00fcveg \u00e9s egyedi pumpa, amellyel egyszerre 0,13 grammot lehet adagolni. A pumpa becsl\u00e9sek szerint 20 sz\u00e1zal\u00e9kkal cs\u00f6kkentette a konyhai hullad\u00e9kot, az UV-bevonatnak k\u00f6sz\u00f6nhet\u0151en a sz\u00f3sz nem fakul ki a polcokon, \u00e9s 45 sz\u00e1zal\u00e9kkal cs\u00f6kkentette a visszak\u00fcld\u00f6tt mennyis\u00e9get. Ez a m\u00e1rka nagyon sikeres volt, \u00e9s k\u00e9s\u0151bb tov\u00e1bbi 520 000 palackos megrendel\u00e9st adott le kiv\u00e1l\u00f3 min\u0151s\u00e9g\u0171 must\u00e1ros \u00e9s steak sz\u00f3sz\u00e1b\u00f3l kiskereskedelmi term\u00e9kcsal\u00e1dj\u00e1ban.<\/p>\n<h2>Javaslatok a sz\u00f3szos palackok testreszab\u00e1s\u00e1hoz<\/h2>\n<ul>\n<li><strong>Szitanyomott m\u00e1rkajelz\u00e9s:<\/strong> Helyezze az \u00e9tterme nev\u00e9t vagy log\u00f3j\u00e1t j\u00f3l l\u00e1that\u00f3an a m\u00e9r\u0151sk\u00e1la al\u00e1.<\/li>\n<li><strong>\u00d3lom\u00fcveg opci\u00f3:<\/strong> A f\u00e9ny\u00e9rz\u00e9keny olajokat vagy az ecettel k\u00e9sz\u00fclt term\u00e9keket borosty\u00e1nsz\u00edn\u0171 \u00fcvegben t\u00e1rolja.<\/li>\n<li><strong>Textur\u00e1lt alapkialak\u00edt\u00e1s:<\/strong> Gy\u0151z\u0151dj\u00f6n meg r\u00f3la, hogy a palack alja cs\u00fasz\u00e1sg\u00e1tl\u00f3 fel\u00fclettel van ell\u00e1tva, \u00edgy nem lesz instabil a zs\u00fafolt asztalokon.<\/li>\n<li><strong>Testreszabott kupakt\u00f6m\u00edt\u00e9s:<\/strong> Kezdetben az \u00e9lelmiszer-szolg\u00e1ltat\u00f3 l\u00e9tes\u00edtm\u00e9nyek palackoz\u00f3berendez\u00e9seit biztons\u00e1gi z\u00e1rral l\u00e1tj\u00e1k el.<\/li>\n<\/ul>","protected":false},"excerpt":{"rendered":"<p>\u00c1tl\u00e1tsz\u00f3 paradicsomsz\u00f3szos \u00fcveg m\u00e9r\u0151jelz\u00e9sekkel \u00e9s praktikus pump\u00e1val. Ide\u00e1lis paradicsomsz\u00f3szos \u00fcveg a pontos adagol\u00e1shoz \u2013 nagy t\u00e9telben, gyors kisz\u00e1ll\u00edt\u00e1ssal.<\/p>","protected":false},"featured_media":23512,"template":"","meta":[],"product_brand":[],"product_cat":[129,123,122],"product_tag":[],"class_list":{"0":"post-23480","1":"product","2":"type-product","3":"status-publish","4":"has-post-thumbnail","6":"product_cat-hot-sauce-bottles","7":"product_cat-custom-glass-bottles","8":"product_cat-custom-glass-packaging","10":"first","11":"instock","12":"shipping-taxable","13":"product-type-simple"},"jetpack_sharing_enabled":true,"_links":{"self":[{"href":"https:\/\/yebodaglass.com\/hu\/wp-json\/wp\/v2\/product\/23480","targetHints":{"allow":["GET"]}}],"collection":[{"href":"https:\/\/yebodaglass.com\/hu\/wp-json\/wp\/v2\/product"}],"about":[{"href":"https:\/\/yebodaglass.com\/hu\/wp-json\/wp\/v2\/types\/product"}],"version-history":[{"count":5,"href":"https:\/\/yebodaglass.com\/hu\/wp-json\/wp\/v2\/product\/23480\/revisions"}],"predecessor-version":[{"id":25589,"href":"https:\/\/yebodaglass.com\/hu\/wp-json\/wp\/v2\/product\/23480\/revisions\/25589"}],"wp:featuredmedia":[{"embeddable":true,"href":"https:\/\/yebodaglass.com\/hu\/wp-json\/wp\/v2\/media\/23512"}],"wp:attachment":[{"href":"https:\/\/yebodaglass.com\/hu\/wp-json\/wp\/v2\/media?parent=23480"}],"wp:term":[{"taxonomy":"product_brand","embeddable":true,"href":"https:\/\/yebodaglass.com\/hu\/wp-json\/wp\/v2\/product_brand?post=23480"},{"taxonomy":"product_cat","embeddable":true,"href":"https:\/\/yebodaglass.com\/hu\/wp-json\/wp\/v2\/product_cat?post=23480"},{"taxonomy":"product_tag","embeddable":true,"href":"https:\/\/yebodaglass.com\/hu\/wp-json\/wp\/v2\/product_tag?post=23480"}],"curies":[{"name":"wp","href":"https:\/\/api.w.org\/{rel}","templated":true}]}}