{"id":23424,"date":"2025-11-10T08:59:20","date_gmt":"2025-11-10T00:59:20","guid":{"rendered":"https:\/\/yebodaglass.com\/?post_type=product&#038;p=23424"},"modified":"2026-04-10T15:22:20","modified_gmt":"2026-04-10T07:22:20","slug":"bulk-clear-empty-soy-sauce-bottles-with-press-pump","status":"publish","type":"product","link":"https:\/\/yebodaglass.com\/hu\/bulk-clear-empty-soy-sauce-bottles-with-press-pump\/","title":{"rendered":"T\u00f6meges, \u00e1tl\u00e1tsz\u00f3, \u00fcres sz\u00f3jasz\u00f3szos palackok nyom\u00f3pump\u00e1val 200ml 300ml 500ml"},"content":{"rendered":"<p>Ezek a sz\u00f3jasz\u00f3szos \u00fcvegek egyenes, hengeres kialak\u00edt\u00e1s\u00faak, \u00e9s egy\u00e9rtelm\u0171 adagol\u00e1sjelz\u0151kkel rendelkeznek, amelyek pontos m\u00e9r\u00e9si pontokat mutatnak. A kupakok rozsdamentes ac\u00e9l \u00e9s m\u0171anyag pumpafejekkel rendelkeznek.<\/p>\n<h2>Term\u00e9kjellemz\u0151k<\/h2>\n<ul>\n<li><strong>Pump\u00e1s adagol\u00f3 kialak\u00edt\u00e1sa:<\/strong> A fekete pump\u00e1s adagol\u00f3 seg\u00edts\u00e9g\u00e9vel a felhaszn\u00e1l\u00f3 nagyon pontosan \u00e9s egyszer\u0171en szab\u00e1lyozhatja a chilisz\u00f3sz mennyis\u00e9g\u00e9t an\u00e9lk\u00fcl, hogy pazaroln\u00e1.<\/li>\n<li><strong>\u00c1tl\u00e1tsz\u00f3, m\u00e9r\u0151\u00f3r\u00e1s palack:<\/strong> Az \u00fcveg \u00e1tl\u00e1tsz\u00f3, beoszt\u00e1sos r\u00e9sze megk\u00f6nny\u00edti a felhaszn\u00e1lt \u00e9s a megmaradt mennyis\u00e9g ellen\u0151rz\u00e9s\u00e9t, \u00e9s nagyon pontos m\u00e9r\u00e9st tesz lehet\u0151v\u00e9.<\/li>\n<li><strong>T\u00f6bb m\u00e9retben kaphat\u00f3:<\/strong> H\u00e1rom k\u00fcl\u00f6nb\u00f6z\u0151 m\u00e9ret\u0171 palack l\u00e9tezik, amelyeket k\u00fcl\u00f6nb\u00f6z\u0151 helyeken, p\u00e9ld\u00e1ul otthonokban \u00e9s \u00e9ttermekben lehet haszn\u00e1lni, a t\u00e1rolt \u00e9s felhaszn\u00e1lt chilisz\u00f3sz mennyis\u00e9g\u00e9t\u0151l f\u00fcgg\u0151en.<\/li>\n<\/ul>\n<h2 style=\"text-align: left;\">F\u0151bb specifik\u00e1ci\u00f3k<\/h2>\n<table class=\"aligncenter\" style=\"border-collapse: collapse; width: 432.02pt;\" border=\"0\" width=\"576\" cellspacing=\"0\" cellpadding=\"0\">\n<tbody>\n<tr style=\"height: 13.50pt;\">\n<td style=\"height: 13.50pt; width: 105.00pt;\" width=\"140\" height=\"18\">Jellemz\u0151<\/td>\n<td style=\"width: 327.00pt;\" width=\"436\">Specifik\u00e1ci\u00f3<\/td>\n<\/tr>\n<tr style=\"height: 13.50pt;\">\n<td style=\"height: 13.50pt;\" height=\"18\">Kapacit\u00e1sok<\/td>\n<td>200 ml (7 uncia) \/ 300 ml (10 uncia) \/ 500 ml (16 uncia)<\/td>\n<\/tr>\n<tr style=\"height: 13.50pt;\">\n<td style=\"height: 13.50pt;\" height=\"18\">M\u00e9retek (M\u00d7H)<\/td>\n<td>5,5 \u00d7 19,5 cm \/ 6 \u00d7 23,5 cm \/ 6,5 \u00d7 27,5 cm<\/td>\n<\/tr>\n<tr style=\"height: 13.50pt;\">\n<td style=\"height: 13.50pt;\" height=\"18\">Alak<\/td>\n<td>Egyenes fal\u00fa, er\u0151s palack \u00f6nt\u00f6tt t\u00e9rfogatjelz\u00e9sekkel<\/td>\n<\/tr>\n<tr style=\"height: 13.50pt;\">\n<td style=\"height: 13.50pt;\" height=\"18\">Anyag<\/td>\n<td>Magas boroszilik\u00e1t \u00fcveg<\/td>\n<\/tr>\n<tr style=\"height: 13.50pt;\">\n<td style=\"height: 13.50pt;\" height=\"18\">Z\u00e1r\u00f3kulcs benne van<\/td>\n<td>Fekete pr\u00e9spumpa (f\u00e9m d\u00edsz\u00edt\u00e9s\u0171, sziv\u00e1rg\u00e1smentes)<\/td>\n<\/tr>\n<tr style=\"height: 13.50pt;\">\n<td style=\"height: 13.50pt;\" height=\"18\">Legjobb<\/td>\n<td>Cs\u00edp\u0151s sz\u00f3sz, sz\u00f3jasz\u00f3sz, \u00f6ntet, f\u0171szerek<\/td>\n<\/tr>\n<tr style=\"height: 13.50pt;\">\n<td style=\"height: 13.50pt;\" height=\"18\">Ide\u00e1lis haszn\u00e1lat<\/td>\n<td>\u00dcres sz\u00f3szos \u00fcvegek, sz\u00f3jasz\u00f3szos \u00fcveg<\/td>\n<\/tr>\n<\/tbody>\n<\/table>\n<h2>Sikert\u00f6rt\u00e9net: Egyedi megrendel\u00e9s egy louisianai cs\u00edp\u0151s sz\u00f3szm\u00e1rk\u00e1t\u00f3l<\/h2>\n<p>Egy louisianai sz\u00e9khely\u0171 k\u00e9zm\u0171ves cs\u00edp\u0151s sz\u00f3szm\u00e1rka a mi 500 ml-es \u00fcres sz\u00f3szpalackjainkat v\u00e1lasztotta, \u00e9s sz\u00e9lesebb pump\u00e1s fejekkel \u00e9s cs\u00edp\u0151ss\u00e9gi jelz\u0151kkel l\u00e1tta el \u0151ket. Az egyedi palackok rendk\u00edv\u00fcl hat\u00e9konynak bizonyultak; a prec\u00edz pump\u00e1s fejek \u00e9s jel\u00f6l\u00e9sek 20%-kal cs\u00f6kkentett\u00e9k a fogyaszt\u00f3k t\u00falzott haszn\u00e1lat\u00e1t, az palackok tart\u00f3ss\u00e1g\u00e1nak k\u00f6sz\u00f6nhet\u0151en pedig a sz\u00e1ll\u00edt\u00e1s sor\u00e1n kevesebb mint 0,7%-os t\u00f6r\u00e9si ar\u00e1ny volt megfigyelhet\u0151. A v\u00e1llalat ezzel a kezdeti megrendel\u00e9ssel \u00e9p\u00edtette ki sikeres \u00fczleti kapcsolat\u00e1t, amelynek eredm\u00e9nyek\u00e9nt 420 000 palackot k\u00e9rtek \u00faj csirkesz\u00e1rnysz\u00f3sz term\u00e9k\u00fckh\u00f6z.<\/p>\n<h2>\u00dcres sz\u00f3szos \u00fcvegek testreszab\u00e1si javaslatai<\/h2>\n<ul>\n<li><strong>Egyedi m\u00e9r\u0151jel\u00f6l\u0151k:<\/strong> Bizonyos receptekhez vagy adagm\u00e9retekhez k\u00fcl\u00f6n kapacit\u00e1sjel\u00f6l\u00e9seket adhat meg.<\/li>\n<li><strong>Szivatty\u00fafej sz\u00ednv\u00e1laszt\u00e9ka:<\/strong> Biztos\u00edtson k\u00fcl\u00f6nb\u00f6z\u0151 sz\u00edn\u0171 szivatty\u00fafejeket, amelyek harmoniz\u00e1lnak az \u00e9tterme sz\u00ednvil\u00e1g\u00e1val.<\/li>\n<li><strong>Cs\u00fasz\u00e1sg\u00e1tl\u00f3 alap:<\/strong> Tegy\u00e9l cs\u00fasz\u00e1sg\u00e1tl\u00f3 anyagot a palack alj\u00e1ra, hogy biztosan a hely\u00e9n legyen, m\u00e9g egy teli asztalon is.<\/li>\n<\/ul>","protected":false},"excerpt":{"rendered":"<p>Praktikus sz\u00f3jasz\u00f3szos \u00fcvegek m\u00e9r\u0151kijelz\u0151kkel \u00e9s nyom\u00f3gombos kialak\u00edt\u00e1ssal, t\u00f6k\u00e9letesek sz\u00f3szokhoz, f\u0171szerekhez. Nagykereskedelmi \u00fcres sz\u00f3szos \u00fcvegek ingyenes mint\u00e1kkal.<\/p>","protected":false},"featured_media":23458,"template":"","meta":[],"product_brand":[],"product_cat":[129,123,122],"product_tag":[],"class_list":{"0":"post-23424","1":"product","2":"type-product","3":"status-publish","4":"has-post-thumbnail","6":"product_cat-hot-sauce-bottles","7":"product_cat-custom-glass-bottles","8":"product_cat-custom-glass-packaging","10":"first","11":"instock","12":"shipping-taxable","13":"product-type-simple"},"jetpack_sharing_enabled":true,"_links":{"self":[{"href":"https:\/\/yebodaglass.com\/hu\/wp-json\/wp\/v2\/product\/23424","targetHints":{"allow":["GET"]}}],"collection":[{"href":"https:\/\/yebodaglass.com\/hu\/wp-json\/wp\/v2\/product"}],"about":[{"href":"https:\/\/yebodaglass.com\/hu\/wp-json\/wp\/v2\/types\/product"}],"version-history":[{"count":5,"href":"https:\/\/yebodaglass.com\/hu\/wp-json\/wp\/v2\/product\/23424\/revisions"}],"predecessor-version":[{"id":25742,"href":"https:\/\/yebodaglass.com\/hu\/wp-json\/wp\/v2\/product\/23424\/revisions\/25742"}],"wp:featuredmedia":[{"embeddable":true,"href":"https:\/\/yebodaglass.com\/hu\/wp-json\/wp\/v2\/media\/23458"}],"wp:attachment":[{"href":"https:\/\/yebodaglass.com\/hu\/wp-json\/wp\/v2\/media?parent=23424"}],"wp:term":[{"taxonomy":"product_brand","embeddable":true,"href":"https:\/\/yebodaglass.com\/hu\/wp-json\/wp\/v2\/product_brand?post=23424"},{"taxonomy":"product_cat","embeddable":true,"href":"https:\/\/yebodaglass.com\/hu\/wp-json\/wp\/v2\/product_cat?post=23424"},{"taxonomy":"product_tag","embeddable":true,"href":"https:\/\/yebodaglass.com\/hu\/wp-json\/wp\/v2\/product_tag?post=23424"}],"curies":[{"name":"wp","href":"https:\/\/api.w.org\/{rel}","templated":true}]}}