{"id":23403,"date":"2025-11-07T16:21:21","date_gmt":"2025-11-07T08:21:21","guid":{"rendered":"https:\/\/yebodaglass.com\/?post_type=product&#038;p=23403"},"modified":"2025-11-07T17:21:01","modified_gmt":"2025-11-07T09:21:01","slug":"wholesale-clear-empty-bottles-for-hot-sauce-100ml-500ml","status":"publish","type":"product","link":"https:\/\/yebodaglass.com\/hu\/wholesale-clear-empty-bottles-for-hot-sauce-100ml-500ml\/","title":{"rendered":"Nagykereskedelmi \u00e1tl\u00e1tsz\u00f3 \u00fcres palackok cs\u00edp\u0151s sz\u00f3szhoz 100 ml \u2013 500 ml"},"content":{"rendered":"<p>Ezek az \u00fcres, cs\u00edp\u0151s sz\u00f3szhoz val\u00f3 palackok \u00e1tl\u00e1tsz\u00f3 \u00fcvegben vannak, \u00edgy j\u00f3l l\u00e1that\u00f3 a sz\u00f3sz. Eleg\u00e1ns, k\u00fapos kialak\u00edt\u00e1s\u00faak \u00e9s k\u00fcl\u00f6nb\u00f6z\u0151 m\u00e9retekben kaphat\u00f3k.<\/p>\n<h2>Term\u00e9kjellemz\u0151k<\/h2>\n<ul>\n<li><strong>Beklentilerinizi kar\u015f\u0131lamayan cam kavanozlardan s\u0131k\u0131ld\u0131n\u0131z m\u0131? Cam kavanozu standart a\u011f\u0131z tasar\u0131m\u0131yla \u00fcretiyoruz; plastik kapa\u011fa gerek yok. Bu kapakl\u0131 cam kavanoz \u00e7\u00f6z\u00fcmleri, yiyecek saklamay\u0131 birinci s\u0131n\u0131f anlara d\u00f6n\u00fc\u015ft\u00fcr\u00fcyor. Toplu sipari\u015flerde, vizyonunuza uygun \u00f6zel cam kavanozlar sunuyoruz.<\/strong> A tart\u00e1ly \u00e1tl\u00e1tsz\u00f3 \u00fcvegb\u0151l k\u00e9sz\u00fclt, \u00edgy a benne maradt chilisz\u00f3sz sz\u00edne \u00e9s mennyis\u00e9ge vizu\u00e1lisan nagyon j\u00f3l felismerhet\u0151, ami nagyon praktikus az azonos\u00edt\u00e1s \u00e9s ellen\u0151rz\u00e9s szempontj\u00e1b\u00f3l.<\/li>\n<li><strong>Der\u00e9kkal lekerek\u00edtett palackdiz\u00e1jn:<\/strong> A palack der\u00e9kkal van kialak\u00edtva, sima \u00e9s egyedi vonalakkal, amelyek nemcsak sz\u00e9p\u00edtik a term\u00e9ket, hanem k\u00f6nnyen felismerhet\u0151v\u00e9 is teszik.<\/li>\n<li><strong>K\u00fcl\u00f6nb\u00f6z\u0151 m\u00e9retek kaphat\u00f3k:<\/strong> K\u00fcl\u00f6nb\u00f6z\u0151 m\u00e9retekben kaphat\u00f3, hogy megfeleljen a k\u00fcl\u00f6nb\u00f6z\u0151 t\u00e9rfogati ig\u00e9nyeknek, \u00e9s j\u00f3l illeszkedik a rendszeres csal\u00e1di haszn\u00e1latra, cateringre \u00e9s egy\u00e9b hasonl\u00f3 helyzetekre.<\/li>\n<\/ul>\n<h2 style=\"text-align: left;\">F\u0151bb specifik\u00e1ci\u00f3k<\/h2>\n<table class=\"aligncenter\" style=\"border-collapse: collapse; width: 647.27pt;\" border=\"0\" width=\"863\" cellspacing=\"0\" cellpadding=\"0\">\n<tbody>\n<tr style=\"height: 13.50pt;\">\n<td style=\"height: 13.50pt; width: 127.50pt;\" width=\"170\" height=\"18\">Jellemz\u0151<\/td>\n<td style=\"width: 519.75pt;\" width=\"693\">Specifik\u00e1ci\u00f3<\/td>\n<\/tr>\n<tr style=\"height: 13.50pt;\">\n<td style=\"height: 13.50pt;\" height=\"18\">Kapacit\u00e1sok<\/td>\n<td>100 ml \/ 180 ml \/ 220 ml \/ 350 ml \/ 400 ml \/ 500 ml<\/td>\n<\/tr>\n<tr style=\"height: 13.50pt;\">\n<td style=\"height: 13.50pt;\" height=\"18\">M\u00e9retek (M\u00d7H)<\/td>\n<td>4,2 \u00d7 16,8 cm \/ 5,2 \u00d7 19,3 cm \/ 5 \u00d7 21,3 cm \/ 6,5 \u00d7 23,5 cm \/ 7,2 \u00d7 24 cm \/ 7,3 \u00d7 25 cm<\/td>\n<\/tr>\n<tr style=\"height: 13.50pt;\">\n<td style=\"height: 13.50pt;\" height=\"18\">Anyag<\/td>\n<td>\u00c1tl\u00e1tsz\u00f3 \u00fcveg stout, \u00e9lelmiszeripari min\u0151s\u00e9g\u0171, \u00f3lommentes<\/td>\n<\/tr>\n<tr style=\"height: 13.50pt;\">\n<td style=\"height: 13.50pt;\" height=\"18\">Z\u00e1r\u00f3kulcs benne van<\/td>\n<td>Sz\u00f3szos \u00fcveg fekete csavaros kupakkal (arany, piros \u00e9s s\u00e1rga is kaphat\u00f3)<\/td>\n<\/tr>\n<tr style=\"height: 13.50pt;\">\n<td style=\"height: 13.50pt;\" height=\"18\">Ide\u00e1lis haszn\u00e1lat<\/td>\n<td>\u00dcres \u00fcvegek cs\u00edp\u0151s sz\u00f3szhoz, nagy t\u00e9telben kaphat\u00f3 cs\u00edp\u0151s sz\u00f3szos \u00fcvegek<\/td>\n<\/tr>\n<\/tbody>\n<\/table>\n<h2>Sikert\u00f6rt\u00e9net: A gy\u00e1rt\u00f3sori probl\u00e9m\u00e1k lek\u00fczd\u00e9se<\/h2>\n<p>A csomagol\u00e1si kapacit\u00e1s korl\u00e1tozott volt egy k\u00f6zepes m\u00e9ret\u0171 f\u0171szergy\u00e1rt\u00f3 c\u00e9g csomagol\u00f3kar-csomagol\u00e1sa miatt. A megl\u00e9v\u0151 egyenes palackjaikat neh\u00e9z volt kezelni a t\u00f6lt\u0151soron, ami a termel\u00e9si sebess\u00e9g lassul\u00e1s\u00e1hoz vezetett. \u00c1t\u00e1lltak a 350 ml-es \u00edvelt \u00fcres, cs\u00edp\u0151s sz\u00f3szokhoz haszn\u00e1lt palackjainkra, amelyek g\u00e9pbar\u00e1tabb fog\u00e1s\u00faak. \u00cdgy a t\u00f6lt\u0151sor sebess\u00e9ge 15%-kal n\u0151tt, a palackok lees\u00e9si ar\u00e1nya pedig 30%-kal cs\u00f6kkent. A jobb term\u00e9kteljes\u00edtm\u00e9ny lett az \u00e9rt\u00e9kes\u00edt\u00e9s f\u0151 mozgat\u00f3rug\u00f3ja, \u00edgy az \u00fcgyf\u00e9l h\u00e1rom nagy megrendel\u00e9st adott le egym\u00e1s ut\u00e1n. Emellett az \u00fcgyf\u00e9l egy l\u00e9p\u00e9ssel tov\u00e1bb is l\u00e9pett, \u00e9s diverzifik\u00e1lta a k\u00e9szlet\u00e9t azzal, hogy tov\u00e1bbi 500 ml-rel b\u0151v\u00edtette a legkelend\u0151bb \u00edz\u00e9t.<\/p>\n<h2>Cs\u00edp\u0151s sz\u00f3szos palack testreszab\u00e1si javaslatok<\/h2>\n<ul>\n<li><strong>Egy\u00e9ni g\u00f6rbe m\u00e9lys\u00e9ge:<\/strong> V\u00e1ltoztasd a der\u00e9khorony m\u00e9lys\u00e9g\u00e9t a hat\u00e1rozottabb vagy kev\u00e9sb\u00e9 hat\u00e1rozott fog\u00e1s \u00e9rdek\u00e9ben.<\/li>\n<li><strong>Emelt hanger\u0151jelz\u00e9sek:<\/strong> K\u00e9sz\u00edtsen kiemelked\u0151 t\u00e9rfogatjel\u00f6l\u00e9seket, \u00e9s helyezze azokat a palack v\u00e1ll\u00e1ra.<\/li>\n<li><strong>Szitanyomott m\u00e1rkajelz\u00e9s:<\/strong> Nyomtat\u00e1ssal helyezze a log\u00f3t k\u00f6zvetlen\u00fcl az \u00edvelt \u00fcvegfel\u00fcletre.<\/li>\n<li><strong>\u00d3lom\u00fcveg opci\u00f3k:<\/strong> Borosty\u00e1nsz\u00edn\u0171 vagy kobaltk\u00e9k \u00fcveg haszn\u00e1lhat\u00f3, ha a term\u00e9k f\u00e9ny\u00e9rz\u00e9keny.<\/li>\n<\/ul>","protected":false},"excerpt":{"rendered":"<p>Eleg\u00e1ns \u00fcres cs\u00edp\u0151s sz\u00f3szos palackok arany, piros \u00e9s s\u00e1rga kupakkal. Kiv\u00e1l\u00f3 min\u0151s\u00e9g\u0171 cs\u00edp\u0151s sz\u00f3szos palackok, amelyek ide\u00e1lisak m\u00e1rkajelz\u00e9shez \u2013 gy\u00e1ri \u00e1ron \u00e9s gyors sz\u00e1ll\u00edt\u00e1ssal!<\/p>","protected":false},"featured_media":23412,"template":"","meta":[],"product_brand":[],"product_cat":[122,123,129],"product_tag":[],"class_list":{"0":"post-23403","1":"product","2":"type-product","3":"status-publish","4":"has-post-thumbnail","6":"product_cat-custom-glass-packaging","7":"product_cat-custom-glass-bottles","8":"product_cat-hot-sauce-bottles","10":"first","11":"instock","12":"shipping-taxable","13":"product-type-simple"},"jetpack_sharing_enabled":true,"_links":{"self":[{"href":"https:\/\/yebodaglass.com\/hu\/wp-json\/wp\/v2\/product\/23403","targetHints":{"allow":["GET"]}}],"collection":[{"href":"https:\/\/yebodaglass.com\/hu\/wp-json\/wp\/v2\/product"}],"about":[{"href":"https:\/\/yebodaglass.com\/hu\/wp-json\/wp\/v2\/types\/product"}],"version-history":[{"count":4,"href":"https:\/\/yebodaglass.com\/hu\/wp-json\/wp\/v2\/product\/23403\/revisions"}],"predecessor-version":[{"id":23420,"href":"https:\/\/yebodaglass.com\/hu\/wp-json\/wp\/v2\/product\/23403\/revisions\/23420"}],"wp:featuredmedia":[{"embeddable":true,"href":"https:\/\/yebodaglass.com\/hu\/wp-json\/wp\/v2\/media\/23412"}],"wp:attachment":[{"href":"https:\/\/yebodaglass.com\/hu\/wp-json\/wp\/v2\/media?parent=23403"}],"wp:term":[{"taxonomy":"product_brand","embeddable":true,"href":"https:\/\/yebodaglass.com\/hu\/wp-json\/wp\/v2\/product_brand?post=23403"},{"taxonomy":"product_cat","embeddable":true,"href":"https:\/\/yebodaglass.com\/hu\/wp-json\/wp\/v2\/product_cat?post=23403"},{"taxonomy":"product_tag","embeddable":true,"href":"https:\/\/yebodaglass.com\/hu\/wp-json\/wp\/v2\/product_tag?post=23403"}],"curies":[{"name":"wp","href":"https:\/\/api.w.org\/{rel}","templated":true}]}}