{"id":23399,"date":"2025-11-13T11:14:54","date_gmt":"2025-11-13T03:14:54","guid":{"rendered":"https:\/\/yebodaglass.com\/?post_type=product&#038;p=23399"},"modified":"2026-03-17T11:49:22","modified_gmt":"2026-03-17T03:49:22","slug":"clear-square-herb-jars-with-metal-lids-bulk","status":"publish","type":"product","link":"https:\/\/yebodaglass.com\/hu\/clear-square-herb-jars-with-metal-lids-bulk\/","title":{"rendered":"4oz-os \u00e1tl\u00e1tsz\u00f3, n\u00e9gyzet alak\u00fa gy\u00f3gyn\u00f6v\u00e9nyes \u00fcvegek f\u00e9m fed\u00e9llel, \u00f6mlesztett kiszerel\u00e9sben"},"content":{"rendered":"<p>Ezek az \u00fcres f\u0171szeres bef\u0151ttes\u00fcvegek klasszikus sz\u00f6gletes form\u00e1j\u00faak, ultratiszta \u00fcvegb\u0151l k\u00e9sz\u00fcltek, \u00e9s szinte t\u00f6k\u00e9letesen mutatnak benn\u00fck a sz\u00ednes f\u0171szern\u00f6v\u00e9nyek \u00e9s gy\u00f3gyn\u00f6v\u00e9nyek. A sima rozsdamentes ac\u00e9l tetej el\u0151nye, hogy az adagol\u00e1s szab\u00e1lyozhat\u00f3.<\/p>\n<h2>Term\u00e9kjellemz\u0151k<\/h2>\n<ul>\n<li><strong>\u00c1tl\u00e1tsz\u00f3 n\u00e9gyzet alak\u00fa kialak\u00edt\u00e1s:<\/strong> A n\u00e9gyzet alak\u00fa kocka alapja egyszer\u0171 \u00fcvegb\u0151l k\u00e9sz\u00fclt, ami szil\u00e1rd alapot biztos\u00edt a kock\u00e1nak, ugyanakkor lehet\u0151v\u00e9 teszi a tartalm\u00e1nak k\u00f6nny\u0171 l\u00e1that\u00f3s\u00e1g\u00e1t \u00e9s helyet takar\u00edt meg.<\/li>\n<li><strong>Egyr\u00e9szes leng\u0151fed\u00e9l:<\/strong> Az ez\u00fcst f\u00e9m fed\u00e9l sz\u00e1mos apr\u00f3 lyukkal van ell\u00e1tva, amelyek lehet\u0151v\u00e9 teszik a f\u0171szerek \u00e9s gy\u00f3gyn\u00f6v\u00e9nyek adagol\u00e1s\u00e1nak teljes kontrollj\u00e1t \u00e9s elker\u00fclik a ki\u00f6ml\u00e9st.<\/li>\n<li><strong>K\u00f6nnyen sz\u00e1ll\u00edthat\u00f3:<\/strong> Az \u00fcvegek n\u00e9gyzet alak\u00fa oldalai \u00e9s lapos fel\u00e9p\u00edt\u00e9se miatt kompakt form\u00e1ban egym\u00e1sra rakhat\u00f3k polcokon \u00e9s fi\u00f3kokban.<\/li>\n<\/ul>\n<h2>F\u0151bb specifik\u00e1ci\u00f3k<\/h2>\n<table style=\"border-collapse: collapse; width: 80%; margin-left: auto; margin-right: auto;\" border=\"0\" width=\"360\" cellspacing=\"0\" cellpadding=\"0\">\n<tbody>\n<tr style=\"height: 13.50pt;\">\n<td style=\"height: 13.5pt; width: 54pt; text-align: center;\" width=\"72\" height=\"18\">Kapacit\u00e1s<\/td>\n<td style=\"width: 54pt; text-align: center;\" width=\"72\">M\u00e9ret (cm)<\/td>\n<td style=\"width: 54pt; text-align: center;\" width=\"72\">Alak<\/td>\n<td style=\"width: 54pt; text-align: center;\" width=\"72\">Sz\u00ednbe\u00e1ll\u00edt\u00e1sok<\/td>\n<td style=\"width: 54pt; text-align: center;\" width=\"72\">Fed\u00e9l t\u00edpusa<\/td>\n<\/tr>\n<tr style=\"height: 13.50pt;\">\n<td style=\"height: 13.5pt; text-align: center;\" height=\"18\">120 ml\/4 uncia<\/td>\n<td style=\"text-align: center;\">4 x 9<\/td>\n<td style=\"text-align: center;\">N\u00e9gyzet<\/td>\n<td style=\"text-align: center;\">Egyedi, \u00c1tl\u00e1tsz\u00f3<\/td>\n<td style=\"text-align: center;\">Rozsdamentes ac\u00e9l<\/td>\n<\/tr>\n<\/tbody>\n<\/table>\n<h2>Sikeres eset: Szabv\u00e1nyos\u00edtott megold\u00e1s egy k\u00f6z\u00e9pnyugati catering kell\u00e9keket gy\u00e1rt\u00f3 v\u00e1llalat sz\u00e1m\u00e1ra<\/h2>\n<p>Az egyik k\u00f6z\u00e9pnyugati vend\u00e9gl\u00e1t\u00f3ipari kell\u00e9keket gy\u00e1rt\u00f3 c\u00e9g a mi \u00e1tl\u00e1tsz\u00f3, n\u00e9gyzet alak\u00fa f\u0171szeres \u00fcvegeinket v\u00e1lasztotta, melyek egyik oldal\u00e1n szitanyomott beoszt\u00e1ssal rendelkeztek. Az \u00fcvegek \u00e1tl\u00e1tsz\u00f3ak voltak, \u00edgy a konyhai szem\u00e9lyzet k\u00f6nnyen \u00e9szrevehette, hogy kevesebb a k\u00e9szlet, \u00e9s \u00edgy a k\u00e9szlethi\u00e1ny fele minimaliz\u00e1l\u00f3dott. Ezek a f\u0171szeres \u00fcvegek t\u00f6bb mint 500 mosogat\u00e1st b\u00edrtak ki a kereskedelmi mosogat\u00f3g\u00e9pekben. A siker\u00fck miatt a vend\u00e9gl\u00e1t\u00f3ipari kell\u00e9keket gy\u00e1rt\u00f3 c\u00e9g \u00fajabb 750 000 \u00fcveg f\u0171szert rendelt, hogy kiszolg\u00e1lja orsz\u00e1gszerte m\u0171k\u00f6d\u0151 \u00e9ttermeinek h\u00e1l\u00f3zat\u00e1t.<\/p>\n<h2>Az \u00fcres f\u0171szeres palackok testreszabhat\u00f3k<\/h2>\n<ol>\n<li><strong>Log\u00f3 testreszab\u00e1sa:<\/strong>Log\u00f3k nyomtat\u00e1sa vagy grav\u00edroz\u00e1sa a palack test\u00e9re vagy a fed\u00e9lre a m\u00e1rkafelismer\u00e9s hangs\u00falyoz\u00e1sa \u00e9rdek\u00e9ben.<\/li>\n<li><strong>C\u00edmke \u00e9s csomagol\u00e1s:<\/strong>Egyedi c\u00edmk\u00e9k, zsugorf\u00f3li\u00e1k vagy aj\u00e1nd\u00e9kdobozok k\u00e9sz\u00edt\u00e9se az egys\u00e9ges kiskereskedelmi megjelen\u00e9s \u00e9rdek\u00e9ben.<\/li>\n<li><strong>Shaker bet\u00e9tek:<\/strong>Opcion\u00e1lis r\u00e1z\u00f3- vagy sz\u0171r\u0151fed\u00e9l bevezet\u00e9se k\u00fcl\u00f6nf\u00e9le por- vagy granul\u00e1tum \u00e1llag\u00fa felhaszn\u00e1l\u00e1shoz.<\/li>\n<\/ol>","protected":false},"excerpt":{"rendered":"<p>Pr\u00e9mium f\u0171szern\u00f6v\u00e9nyes bef\u0151ttes\u00fcvegek sz\u00f6gletes \u00fcvegtesttel \u00e9s perfor\u00e1lt shaker tet\u0151vel. St\u00edlusos \u00fcres f\u0171szeres \u00fcvegek, ide\u00e1lisak konyhai f\u0171szerekhez. K\u00e9szleten kaphat\u00f3 a gyors sz\u00e1ll\u00edt\u00e1s \u00e9rdek\u00e9ben.<\/p>","protected":false},"featured_media":23400,"template":"","meta":[],"product_brand":[],"product_cat":[122,124,128],"product_tag":[],"class_list":{"0":"post-23399","1":"product","2":"type-product","3":"status-publish","4":"has-post-thumbnail","6":"product_cat-custom-glass-packaging","7":"product_cat-custom-glass-jars","8":"product_cat-spice-jars","10":"first","11":"instock","12":"shipping-taxable","13":"product-type-simple"},"jetpack_sharing_enabled":true,"_links":{"self":[{"href":"https:\/\/yebodaglass.com\/hu\/wp-json\/wp\/v2\/product\/23399","targetHints":{"allow":["GET"]}}],"collection":[{"href":"https:\/\/yebodaglass.com\/hu\/wp-json\/wp\/v2\/product"}],"about":[{"href":"https:\/\/yebodaglass.com\/hu\/wp-json\/wp\/v2\/types\/product"}],"version-history":[{"count":5,"href":"https:\/\/yebodaglass.com\/hu\/wp-json\/wp\/v2\/product\/23399\/revisions"}],"predecessor-version":[{"id":25466,"href":"https:\/\/yebodaglass.com\/hu\/wp-json\/wp\/v2\/product\/23399\/revisions\/25466"}],"wp:featuredmedia":[{"embeddable":true,"href":"https:\/\/yebodaglass.com\/hu\/wp-json\/wp\/v2\/media\/23400"}],"wp:attachment":[{"href":"https:\/\/yebodaglass.com\/hu\/wp-json\/wp\/v2\/media?parent=23399"}],"wp:term":[{"taxonomy":"product_brand","embeddable":true,"href":"https:\/\/yebodaglass.com\/hu\/wp-json\/wp\/v2\/product_brand?post=23399"},{"taxonomy":"product_cat","embeddable":true,"href":"https:\/\/yebodaglass.com\/hu\/wp-json\/wp\/v2\/product_cat?post=23399"},{"taxonomy":"product_tag","embeddable":true,"href":"https:\/\/yebodaglass.com\/hu\/wp-json\/wp\/v2\/product_tag?post=23399"}],"curies":[{"name":"wp","href":"https:\/\/api.w.org\/{rel}","templated":true}]}}