{"id":23381,"date":"2025-11-07T14:43:19","date_gmt":"2025-11-07T06:43:19","guid":{"rendered":"https:\/\/yebodaglass.com\/?post_type=product&#038;p=23381"},"modified":"2025-11-07T17:15:14","modified_gmt":"2025-11-07T09:15:14","slug":"wholesale-clear-glass-condiment-bottles-for-sauces-150ml-500ml","status":"publish","type":"product","link":"https:\/\/yebodaglass.com\/hu\/wholesale-clear-glass-condiment-bottles-for-sauces-150ml-500ml\/","title":{"rendered":"Nagykereskedelmi \u00e1tl\u00e1tsz\u00f3 \u00fcveg f\u0171szeres palackok sz\u00f3szokhoz 150ml - 500ml"},"content":{"rendered":"<p>Ezek az \u00fcveg f\u0171szeres \u00fcvegek elk\u00e9peszt\u0151en \u00e1tl\u00e1tsz\u00f3ak, \u00edgy \u00e1tl\u00e1tsz\u00f3 \u00fcvegb\u0151l k\u00e9sz\u00fcltek, \u00e9s vizu\u00e1lisan is kiv\u00e1l\u00f3ak. A tart\u00e1lyok az\u00e9rt sz\u00e9pek, mert a gy\u00e1rt\u00f3k k\u00fapos, valamint textur\u00e1lt \u00fcvegeket k\u00e9sz\u00edtettek, amelyek t\u00f6k\u00e9letesen felfedik a benn\u00fck l\u00e9v\u0151 sz\u00f3sz sz\u00edn\u00e9t.<\/p>\n<h2>Term\u00e9kjellemz\u0151k<\/h2>\n<ul>\n<li><strong>K\u00fcl\u00f6nb\u00f6z\u0151 palackmint\u00e1k:<\/strong> A palackform\u00e1k, p\u00e9ld\u00e1ul a k\u00fapos \u00e9s a textur\u00e1lt palackok kever\u00e9ke a letisztult kont\u00farokkal n\u00f6veli a term\u00e9k vizu\u00e1lis vonzerej\u00e9t \u00e9s a m\u00e1rkafelismerhet\u0151s\u00e9get.<\/li>\n<li><strong>T\u00f6bb t\u00e1mogatott m\u00e9ret:<\/strong> T\u00f6bb m\u00e9retben is kiel\u00e9g\u00edti a k\u00fcl\u00f6nf\u00e9le kapacit\u00e1si ig\u00e9nyeket, \u00edgy a mindennapi csal\u00e1di haszn\u00e1latra \u00e9s \u00e9tkez\u00e9sek adagol\u00e1s\u00e1ra is alkalmas lesz.<\/li>\n<li><strong>Tart\u00f3s \u00e9s strapab\u00edr\u00f3:<\/strong> A vastag \u00fcvegfalakat nagylelk\u0171en \u00fagy tervezt\u00e9k, hogy szorosan tarts\u00e1k az \u00fcvegeket a t\u00f6lt\u0151vezet\u00e9k nyom\u00e1s\u00e1val \u00e9s a sz\u00e1ll\u00edt\u00e1s kih\u00edv\u00e1saival szemben.<\/li>\n<\/ul>\n<h2 style=\"text-align: left;\">F\u0151bb specifik\u00e1ci\u00f3k<\/h2>\n<table class=\"aligncenter\" style=\"border-collapse: collapse; width: 580.52pt;\" border=\"0\" width=\"774\" cellspacing=\"0\" cellpadding=\"0\">\n<tbody>\n<tr style=\"height: 13.50pt;\">\n<td style=\"height: 13.50pt; width: 127.50pt;\" width=\"170\" height=\"18\">Jellemz\u0151<\/td>\n<td style=\"width: 453.00pt;\" width=\"604\">Specifik\u00e1ci\u00f3<\/td>\n<\/tr>\n<tr style=\"height: 13.50pt;\">\n<td style=\"height: 13.50pt;\" height=\"18\">Kapacit\u00e1sok<\/td>\n<td>150 ml \/ 200 ml \/ 250 ml \/ 300 ml \/ 400 ml \/ 500 ml<\/td>\n<\/tr>\n<tr style=\"height: 13.50pt;\">\n<td style=\"height: 13.50pt;\" height=\"18\">M\u00e9retek (M\u00d7H)<\/td>\n<td>5,5 \u00d7 17,5 cm \/ 6 \u00d7 18,5 cm \/ 6 \u00d7 22 cm \/ 7 \u00d7 22,5 cm \/ 7 \u00d7 24 cm \/ 7,5 \u00d7 26 cm<\/td>\n<\/tr>\n<tr style=\"height: 13.50pt;\">\n<td style=\"height: 13.50pt;\" height=\"18\">Anyag<\/td>\n<td>\u00c1tl\u00e1tsz\u00f3 \u00fcveg stout, \u00e9lelmiszeripari min\u0151s\u00e9g\u0171, \u00f3lommentes<\/td>\n<\/tr>\n<tr style=\"height: 13.50pt;\">\n<td style=\"height: 13.50pt;\" height=\"18\">Z\u00e1r\u00f3kulcs benne van<\/td>\n<td>Sz\u00f3szos \u00fcveg fekete csavaros kupakkal (m\u00e1s sz\u00ednekben is kaphat\u00f3)<\/td>\n<\/tr>\n<tr style=\"height: 13.50pt;\">\n<td style=\"height: 13.50pt;\" height=\"18\">Legjobb<\/td>\n<td>Cs\u00edp\u0151s sz\u00f3sz, paradicsomsz\u00f3sz, \u00f6ntet, osztrigasz\u00f3sz<\/td>\n<\/tr>\n<\/tbody>\n<\/table>\n<h2>Egy v\u00e1ltozatos term\u00e9kcsal\u00e1d egyszer\u0171s\u00edt\u00e9se: A k\u00fcl\u00f6nleges \u00e9lelmiszereket gy\u00e1rt\u00f3 sikert\u00f6rt\u00e9nete<\/h2>\n<p>Egy k\u00fcl\u00f6nleges \u00e9lelmiszeripari m\u00e1rka 12 \u00edz\u00e9hez k\u00fcl\u00f6nb\u00f6z\u0151 t\u00edpus\u00fa palackokat haszn\u00e1lt, ami probl\u00e9m\u00e1kat okozott a k\u00e9szlet- \u00e9s c\u00edmkekezel\u00e9sben. \u00d6sszevont\u00e1k az \u00f6sszes term\u00e9kcsal\u00e1djukat az \u00e1ltalunk sz\u00e1ll\u00edtott 250 ml-es \u00e9s 500 ml-es \u00fcveg \u00edzes\u00edt\u0151palackokba. Ennek a szabv\u00e1nyos\u00edt\u00e1si t\u00f6rekv\u00e9snek az eredm\u00e9nyek\u00e9nt 40%-kal tudt\u00e1k cs\u00f6kkenteni a csomagol\u00f3anyag-k\u00e9szlet\u00fcket, \u00e9s 25%-kal n\u00f6velni a c\u00edmkekezel\u00e9s sebess\u00e9g\u00e9t. Az egys\u00e9ges\u00edtett csomagol\u00e1stervez\u00e9s nemcsak a m\u00e1rkaim\u00e1zsukat seg\u00edtette, hanem ennek eredm\u00e9nyek\u00e9nt az \u00e9rt\u00e9kes\u00edt\u00e9s\u00fck is 35%-kal n\u0151tt az els\u0151 \u00e9vben. Nagyon el\u00e9gedettek voltak az eredm\u00e9nyekkel, \u00e9s most negyed\u00e9vente t\u00f6bb mint 300 000 darabos megrendel\u00e9seket adnak le.<\/p>\n<h2>\u00d6tletek az \u00fcveg f\u0171szeres palackok testreszab\u00e1s\u00e1hoz<\/h2>\n<ul>\n<li><strong>Egyedi palackprofil:<\/strong> V\u00e1ltoztasd meg a palack derek\u00e1t vagy a v\u00e1ll \u00edv\u00e9t, hogy jellegzetes k\u00f6rvonalat hozz l\u00e9tre.<\/li>\n<li><strong>Textur\u00e1lt \u00fcvegmint\u00e1k:<\/strong> Vigyen fel finom mint\u00e1kat (p\u00e9ld\u00e1ul f\u00fcgg\u0151leges vonalakat vagy geometriai alakzatokat) az \u00fcveg fel\u00fclet\u00e9re.<\/li>\n<li><strong>Benyomott t\u00e9rfogatjelz\u0151k:<\/strong> A receptek \u00e9s a f\u0171szerez\u00e9s egyszer\u0171 feljegyz\u00e9se \u00e9s kim\u00e9r\u00e9se \u00e9rdek\u00e9ben nyomtasson t\u00e9rfogatjel\u00f6l\u00e9seket a poh\u00e1rra.<\/li>\n<li><strong>Sz\u00ednes \u00fcveg alternat\u00edv\u00e1k:<\/strong> A f\u00e9nyv\u00e9delem mellett haszn\u00e1ljon borosty\u00e1nsz\u00edn\u0171 vagy z\u00f6ld \u00fcveget az egyedi vizu\u00e1lis hat\u00e1s \u00e9rdek\u00e9ben.<\/li>\n<\/ul>","protected":false},"excerpt":{"rendered":"<p>\u00c1tl\u00e1tsz\u00f3 \u00fcvegb\u0151l k\u00e9sz\u00fclt sz\u00f3szpalackok letisztult \u00edvekkel \u00e9s text\u00far\u00e1j\u00fa r\u00e9szletekkel. Nagykereskedelmi sz\u00f3szpalackok, amelyek t\u00f6k\u00e9letesek m\u00e1rka\u00e9p\u00edt\u00e9shez \u00e9s \u00e9telek bemutat\u00e1s\u00e1hoz. Ingyenes mint\u00e1k.<\/p>","protected":false},"featured_media":23394,"template":"","meta":[],"product_brand":[],"product_cat":[122,123,129],"product_tag":[],"class_list":{"0":"post-23381","1":"product","2":"type-product","3":"status-publish","4":"has-post-thumbnail","6":"product_cat-custom-glass-packaging","7":"product_cat-custom-glass-bottles","8":"product_cat-hot-sauce-bottles","10":"first","11":"instock","12":"shipping-taxable","13":"product-type-simple"},"jetpack_sharing_enabled":true,"_links":{"self":[{"href":"https:\/\/yebodaglass.com\/hu\/wp-json\/wp\/v2\/product\/23381","targetHints":{"allow":["GET"]}}],"collection":[{"href":"https:\/\/yebodaglass.com\/hu\/wp-json\/wp\/v2\/product"}],"about":[{"href":"https:\/\/yebodaglass.com\/hu\/wp-json\/wp\/v2\/types\/product"}],"version-history":[{"count":5,"href":"https:\/\/yebodaglass.com\/hu\/wp-json\/wp\/v2\/product\/23381\/revisions"}],"predecessor-version":[{"id":23402,"href":"https:\/\/yebodaglass.com\/hu\/wp-json\/wp\/v2\/product\/23381\/revisions\/23402"}],"wp:featuredmedia":[{"embeddable":true,"href":"https:\/\/yebodaglass.com\/hu\/wp-json\/wp\/v2\/media\/23394"}],"wp:attachment":[{"href":"https:\/\/yebodaglass.com\/hu\/wp-json\/wp\/v2\/media?parent=23381"}],"wp:term":[{"taxonomy":"product_brand","embeddable":true,"href":"https:\/\/yebodaglass.com\/hu\/wp-json\/wp\/v2\/product_brand?post=23381"},{"taxonomy":"product_cat","embeddable":true,"href":"https:\/\/yebodaglass.com\/hu\/wp-json\/wp\/v2\/product_cat?post=23381"},{"taxonomy":"product_tag","embeddable":true,"href":"https:\/\/yebodaglass.com\/hu\/wp-json\/wp\/v2\/product_tag?post=23381"}],"curies":[{"name":"wp","href":"https:\/\/api.w.org\/{rel}","templated":true}]}}