{"id":23372,"date":"2025-11-07T14:30:40","date_gmt":"2025-11-07T06:30:40","guid":{"rendered":"https:\/\/yebodaglass.com\/?post_type=product&#038;p=23372"},"modified":"2026-03-18T09:57:57","modified_gmt":"2026-03-18T01:57:57","slug":"pumpkin-shape-cute-spice-jars-with-wooden-lid-bulk","status":"publish","type":"product","link":"https:\/\/yebodaglass.com\/hu\/pumpkin-shape-cute-spice-jars-with-wooden-lid-bulk\/","title":{"rendered":"250 ml-es t\u00f6k alak\u00fa aranyos f\u0171szeres \u00fcvegek fa fed\u00e9llel, \u00f6mlesztett"},"content":{"rendered":"<p>Az ilyen aranyos f\u0171szertart\u00f3k gy\u00f6ny\u00f6r\u0171 t\u00f6k alak\u00faak, f\u00fcgg\u0151leges cs\u00edkokkal rajtuk. \u00c1tl\u00e1tsz\u00f3 \u00fcvegb\u0151l k\u00e9sz\u00fcltek, \u00e9s t\u00f6k\u00e9letesen bemutatj\u00e1k a f\u0171szereket. A fedelek term\u00e9szetes f\u00e1b\u00f3l k\u00e9sz\u00fcltek, be\u00e9p\u00edtett kan\u00e1ltart\u00f3val \u00e9s egy hozz\u00e1 ill\u0151 fa gombbal rendelkeznek.<\/p>\n<h2>Term\u00e9kjellemz\u0151k<\/h2>\n<ul>\n<li><strong>T\u00f6k alak\u00fa test:<\/strong> Az aranyos \u00e9s egyedi palackdiz\u00e1jn a t\u00f6k alak\u00fa, cs\u00edkos, ami jav\u00edtja a megjelen\u00e9st \u00e9s a fog\u00e1st is.<\/li>\n<li><strong>Integr\u00e1lt m\u00e9r\u0151kan\u00e1l:<\/strong> Az \u00fcvegek saj\u00e1t feh\u00e9r adagol\u00f3kanallal rendelkeznek a fa fedel\u00fckben, ez\u00e9rt higi\u00e9nikusak \u00e9s k\u00e9nyelmesek a haszn\u00e1latuk.<\/li>\n<li><strong>Sokoldal\u00fa m\u00e9ret konyh\u00e1ba \u00e9s \u00e9tkez\u0151be: <\/strong>Ez a 250 ml-es \u00fcveg t\u00f6k\u00e9letes m\u00e9ret\u0171 f\u0171szerek vagy kisebb sz\u00e1raz\u00e1ruk t\u00e1rol\u00e1s\u00e1ra. St\u00edlusos kialak\u00edt\u00e1s\u00e1nak k\u00f6sz\u00f6nhet\u0151en t\u00f6k\u00e9letes b\u00e1rmilyen konyh\u00e1ba vagy \u00e9tkez\u0151be.<\/li>\n<\/ul>\n<h2>F\u0151bb specifik\u00e1ci\u00f3k<\/h2>\n<table style=\"border-collapse: collapse; width: 80%; margin-left: auto; margin-right: auto;\" border=\"0\" width=\"144\" cellspacing=\"0\" cellpadding=\"0\">\n<tbody>\n<tr style=\"height: 13.50pt;\">\n<td style=\"height: 13.5pt; width: 54pt; text-align: center;\" width=\"72\" height=\"18\">Jellemz\u0151<\/td>\n<td style=\"width: 54pt; text-align: center;\" width=\"72\">Specifik\u00e1ci\u00f3<\/td>\n<\/tr>\n<tr style=\"height: 13.50pt;\">\n<td style=\"height: 13.5pt; text-align: center;\" height=\"18\">Kapacit\u00e1s<\/td>\n<td style=\"text-align: center;\">250 ml<\/td>\n<\/tr>\n<tr style=\"height: 13.50pt;\">\n<td style=\"height: 13.5pt; text-align: center;\" height=\"18\">Anyag<\/td>\n<td style=\"text-align: center;\">Magas feh\u00e9rs\u00e9g\u0171 \u00fcveg, h\u0151\u00e1ll\u00f3 \u00fcveg<\/td>\n<\/tr>\n<tr style=\"height: 13.50pt;\">\n<td style=\"height: 13.5pt; text-align: center;\" height=\"18\">Sz\u00edn<\/td>\n<td style=\"text-align: center;\">Tiszta, elfogadja a testreszab\u00e1st<\/td>\n<\/tr>\n<tr style=\"height: 13.50pt;\">\n<td style=\"height: 13.5pt; text-align: center;\" height=\"18\">Fed\u00e9l t\u00edpusok<\/td>\n<td style=\"text-align: center;\">Bambusz fed\u00e9l \/ \u00dcveg fed\u00e9l \/ Parafa fed\u00e9l \/ PE m\u0171anyag fed\u00e9l<\/td>\n<\/tr>\n<tr style=\"height: 13.50pt;\">\n<td style=\"height: 13.5pt; text-align: center;\" height=\"18\">Fel\u00fcletkezel\u00e9s<\/td>\n<td style=\"text-align: center;\">Szitanyom\u00e1s\/Matt\/Matric\u00e1s\/Sz\u00ednes spray\/C\u00edmke stb.<\/td>\n<\/tr>\n<\/tbody>\n<\/table>\n<h2>Sikert\u00f6rt\u00e9net: Egyedi rendel\u00e9s az egyik k\u00f6z\u00e9pnyugati \u00e9lelmiszerboltt\u00f3l<\/h2>\n<p>Aranyos f\u0171szertart\u00f3inkat egy k\u00f6z\u00e9pnyugati \u00e9lelmiszerl\u00e1nc v\u00e1s\u00e1rolta meg, akik enyh\u00e9n matt borosty\u00e1nsz\u00edn\u0171 \u00fcveggel \u00e9s l\u00e9zerrel kiv\u00e1gott lev\u00e9lmint\u00e1s juharfa fed\u00e9llel ruh\u00e1zt\u00e1k fel. A f\u0171szertart\u00f3k azonnal sikert arattak: az aj\u00e1nd\u00e9kcsomagol\u00e1s k\u00fcl\u00f6nleges \u00e9s kifinomult diz\u00e1jnja miatt 300%-kal t\u00f6bben osztott\u00e1k meg a k\u00f6z\u00f6ss\u00e9gi m\u00e9di\u00e1ban a v\u00e1s\u00e1rl\u00f3ikkal. Ez a be\u00e9p\u00edtett kan\u00e1ldiz\u00e1jnnak volt k\u00f6sz\u00f6nhet\u0151, ami jelent\u0151s \u00e9rt\u00e9kes\u00edt\u00e9si pont volt, mivel a v\u00e1s\u00e1rl\u00f3i felm\u00e9r\u00e9sek azt mutatt\u00e1k, hogy a v\u00e1s\u00e1rl\u00f3k 90 sz\u00e1zal\u00e9ka nagyon k\u00e9nyelmesnek tal\u00e1lta. Ennek siker\u00e9re \u00e9p\u00edtve tov\u00e1bbi 400 000 f\u0171szertart\u00f3t rendeltek a \u201eFarmhouse Kitchen\u201d aj\u00e1nd\u00e9kk\u00e9szlet\u00fckbe \u00e9s saj\u00e1t m\u00e1rk\u00e1s s\u00fct\u0151ipari alapanyag-kollekci\u00f3jukba.<\/p>\n<h2>F\u0171szert\u00e1rol\u00f3 ed\u00e9nyek testreszab\u00e1si \u00fatmutat\u00f3ja<\/h2>\n<ol>\n<li><strong>Jobb \u00fcvegdiz\u00e1jn:<\/strong> V\u00e1lasszon hull\u00e1mos text\u00far\u00e1t, egyenes vonalat vagy matt fel\u00fcletet az eredeti vizu\u00e1lis m\u00e9lys\u00e9g \u00e9s a biztons\u00e1gos fog\u00e1s \u00e9rdek\u00e9ben.<\/li>\n<li><strong>Tov\u00e1bbfejlesztett kanalak \u00e9s kieg\u00e9sz\u00edt\u0151k:<\/strong> V\u00e1laszthatsz bambusz, \u00fcveg vagy rozsdamentes ac\u00e9l kanalakat, \u00e9s ezekhez ill\u0151 t\u00e1rol\u00f3alapokat is rendelhetsz, hogy m\u00e9g jobban kihangs\u00falyozd a teljes mennyis\u00e9g sz\u00e9ps\u00e9g\u00e9t.<\/li>\n<li><strong>V\u00e1lasztott sz\u00edn \u00e9s kapacit\u00e1s:<\/strong> Az \u00fcveg sz\u00ednei, mint p\u00e9ld\u00e1ul az \u00e1tl\u00e1tsz\u00f3, borosty\u00e1ns\u00e1rga vagy r\u00f3zsasz\u00edn, a t\u00e9rfogatuk pedig 100 ml-t\u0151l 300 ml-ig terjed, \u00edgy k\u00fcl\u00f6nb\u00f6z\u0151 m\u00e9ret\u0171 f\u0171szeres \u00fcvegek t\u00e1rol\u00e1s\u00e1ra alkalmasak.<\/li>\n<\/ol>","protected":false},"excerpt":{"rendered":"<p>Im\u00e1dnival\u00f3, aranyos f\u0171szertart\u00f3k t\u00f6k form\u00e1val \u00e9s fa tet\u0151vel. Praktikus f\u0171szert\u00e1rol\u00f3 ed\u00e9nyek kan\u00e1llal a s\u00f3, cukor \u00e9s f\u0171szerek sz\u00e1m\u00e1ra. Ingyenes mint\u00e1k.<\/p>","protected":false},"featured_media":23373,"template":"","meta":[],"product_brand":[],"product_cat":[122,124,128],"product_tag":[],"class_list":{"0":"post-23372","1":"product","2":"type-product","3":"status-publish","4":"has-post-thumbnail","6":"product_cat-custom-glass-packaging","7":"product_cat-custom-glass-jars","8":"product_cat-spice-jars","10":"first","11":"instock","12":"shipping-taxable","13":"product-type-simple"},"jetpack_sharing_enabled":true,"_links":{"self":[{"href":"https:\/\/yebodaglass.com\/hu\/wp-json\/wp\/v2\/product\/23372","targetHints":{"allow":["GET"]}}],"collection":[{"href":"https:\/\/yebodaglass.com\/hu\/wp-json\/wp\/v2\/product"}],"about":[{"href":"https:\/\/yebodaglass.com\/hu\/wp-json\/wp\/v2\/types\/product"}],"version-history":[{"count":5,"href":"https:\/\/yebodaglass.com\/hu\/wp-json\/wp\/v2\/product\/23372\/revisions"}],"predecessor-version":[{"id":25493,"href":"https:\/\/yebodaglass.com\/hu\/wp-json\/wp\/v2\/product\/23372\/revisions\/25493"}],"wp:featuredmedia":[{"embeddable":true,"href":"https:\/\/yebodaglass.com\/hu\/wp-json\/wp\/v2\/media\/23373"}],"wp:attachment":[{"href":"https:\/\/yebodaglass.com\/hu\/wp-json\/wp\/v2\/media?parent=23372"}],"wp:term":[{"taxonomy":"product_brand","embeddable":true,"href":"https:\/\/yebodaglass.com\/hu\/wp-json\/wp\/v2\/product_brand?post=23372"},{"taxonomy":"product_cat","embeddable":true,"href":"https:\/\/yebodaglass.com\/hu\/wp-json\/wp\/v2\/product_cat?post=23372"},{"taxonomy":"product_tag","embeddable":true,"href":"https:\/\/yebodaglass.com\/hu\/wp-json\/wp\/v2\/product_tag?post=23372"}],"curies":[{"name":"wp","href":"https:\/\/api.w.org\/{rel}","templated":true}]}}