{"id":23360,"date":"2025-11-07T13:39:54","date_gmt":"2025-11-07T05:39:54","guid":{"rendered":"https:\/\/yebodaglass.com\/?post_type=product&#038;p=23360"},"modified":"2026-03-16T15:54:12","modified_gmt":"2026-03-16T07:54:12","slug":"clear-glass-spice-shaker-jars-with-hourglass-bulk","status":"publish","type":"product","link":"https:\/\/yebodaglass.com\/hu\/termek\/clear-glass-spice-shaker-jars-with-hourglass-bulk\/","title":{"rendered":"85 ml-es \u00e1tl\u00e1tsz\u00f3 \u00fcveg f\u0171szeres shaker \u00fcvegek homok\u00f3ra \u00f6mlesztett kiszerel\u00e9sben"},"content":{"rendered":"<p>Ezek a f\u0171szeres shaker \u00fcvegek nagyon egyediek, homok\u00f3ra alak\u00faak \u00e9s k\u00fapos kialak\u00edt\u00e1s\u00faak, \u00edgy k\u00f6nnyen megfoghat\u00f3k, \u00f6sszer\u00e1zhat\u00f3k \u00e9s ak\u00e1r meg is d\u00f6nthet\u0151k. Eleg\u00e1ns sz\u00ednes pattint\u00f3s vagy f\u00e9mtet\u0151vel vannak ell\u00e1tva, \u00edgy k\u00f6nnyen hozz\u00e1f\u00e9rhet\u0151k.<\/p>\n<h2>Term\u00e9kjellemz\u0151k<\/h2>\n<ul>\n<li><strong>Ergonomikus homok\u00f3ra kialak\u00edt\u00e1s:<\/strong> A k\u00fapos homok\u00f3ra k\u00fapos form\u00e1t k\u00f6lcs\u00f6n\u00f6z az \u00f3r\u00e1nak, ami k\u00e9nyelmes \u00e9s stabil fog\u00e1st biztos\u00edt, \u00edgy k\u00f6nnyen r\u00e1zhat\u00f3 \u00e9s szab\u00e1lyozhat\u00f3 a kit\u00f6lt\u00e9s.<\/li>\n<li><strong>Nagy l\u00e1that\u00f3s\u00e1g\u00fa \u00fcveg:<\/strong> Az \u00e1tl\u00e1tsz\u00f3 \u00fcvegnek k\u00f6sz\u00f6nhet\u0151en az \u00fcveg tartalma, sz\u00edne \u00e9s mennyis\u00e9ge egy pillant\u00e1ssal ellen\u0151rizhet\u0151.<\/li>\n<li><strong>K\u00fcl\u00f6nb\u00f6z\u0151 sapkav\u00e1laszt\u00e9kok:<\/strong> V\u00e1lasszon \u00e9l\u00e9nk sz\u00edn\u0171, k\u00f6nnyen nyithat\u00f3, k\u00f6nnyen hozz\u00e1f\u00e9rhet\u0151 m\u0171anyag kupakokat, vagy csavaros z\u00e1r\u00f3d\u00e1s\u00fa f\u00e9mkupakokat, amelyek l\u00e9gmentesen z\u00e1r\u00f3dnak.<\/li>\n<\/ul>\n<h2>F\u0151bb specifik\u00e1ci\u00f3k<\/h2>\n<table style=\"border-collapse: collapse; width: 80%; margin-left: auto; margin-right: auto;\" border=\"0\" width=\"144\" cellspacing=\"0\" cellpadding=\"0\">\n<tbody>\n<tr style=\"height: 13.50pt;\">\n<td style=\"height: 13.5pt; width: 54pt; text-align: center;\" width=\"72\" height=\"18\">Jellemz\u0151<\/td>\n<td style=\"width: 54pt; text-align: center;\" width=\"72\">Specifik\u00e1ci\u00f3<\/td>\n<\/tr>\n<tr style=\"height: 13.50pt;\">\n<td style=\"height: 13.5pt; text-align: center;\" height=\"18\">Kapacit\u00e1s<\/td>\n<td style=\"text-align: center;\">85 ml<\/td>\n<\/tr>\n<tr style=\"height: 13.50pt;\">\n<td style=\"height: 13.5pt; text-align: center;\" height=\"18\">M\u00e9ret<\/td>\n<td style=\"text-align: center;\">5 * 10 cm<\/td>\n<\/tr>\n<tr style=\"height: 13.50pt;\">\n<td style=\"height: 13.5pt; text-align: center;\" height=\"18\">Sz\u00edn<\/td>\n<td style=\"text-align: center;\">Tiszta, Egyedi<\/td>\n<\/tr>\n<tr style=\"height: 13.50pt;\">\n<td style=\"height: 13.5pt; text-align: center;\" height=\"18\">Fed\u0151k<\/td>\n<td style=\"text-align: center;\">Pillang\u00f3 csavaros kupak<\/td>\n<\/tr>\n<tr style=\"height: 13.50pt;\">\n<td style=\"height: 13.5pt; text-align: center;\" height=\"18\">Haszn\u00e1lat<\/td>\n<td style=\"text-align: center;\">Sz\u00e1r\u00edtott f\u0171szern\u00f6v\u00e9nyek, f\u0171szerek, bors, d\u00f6rzs\u00f6l\u0151szerek \u00e9s egyebek.<\/td>\n<\/tr>\n<\/tbody>\n<\/table>\n<h2>Sikert\u00f6rt\u00e9net: Egyedi megrendel\u00e9s egy eur\u00f3pai \u00e9telsz\u00e1ll\u00edt\u00f3 c\u00e9gnek<\/h2>\n<p>Egy \u00f3ri\u00e1si eur\u00f3pai \u00e9telsz\u00e1ll\u00edt\u00f3 c\u00e9g v\u00e1lasztotta a f\u0171szeres \u00fcveg\u00fcnket, amely szem\u00e9lyre szabta az \u00fcveg m\u00e9r\u0151vonalait. Az \u00e1tl\u00e1tsz\u00f3 \u00fcveg \u00e9s a jel\u00f6l\u0151vonalak n\u00f6velt\u00e9k a v\u00e1s\u00e1rl\u00f3k \u00e1ltal k\u00f6vetett receptek pontoss\u00e1g\u00e1t, akik a v\u00e1s\u00e1rl\u00f3i visszajelz\u00e9sek szerint im\u00e1dt\u00e1k a sz\u00e9p \u00fcveget \u00e9s a jel\u00f6l\u0151vonalakat, amelyek magasabb sikeress\u00e9gi ar\u00e1nyt biztos\u00edtottak (15%). A biztons\u00e1gos pattint\u00f3s tet\u0151 25 sz\u00e1zal\u00e9kkal cs\u00f6kkentette a f\u0171szerek ki\u00f6ml\u00e9s\u00e9vel kapcsolatos panaszokat. Ezen kiv\u00e1l\u00f3 teljes\u00edtm\u00e9nyjellemz\u0151k alapj\u00e1n \u00fajabb 500 000 \u00fcvegb\u0151l \u00e1ll\u00f3 t\u00e9telt rendeltek, hogy kiel\u00e9g\u00edts\u00e9k a n\u00f6vekv\u0151 keresletet az \u00e9szak-amerikai piacon.<\/p>\n<h2>A f\u0171szerkever\u0151 \u00fcvegek testreszab\u00e1si aj\u00e1nl\u00e1sai<\/h2>\n<ul>\n<li>Egyedi nyomtatott oszt\u00e1sjelek: Ragasszon tart\u00f3san nyomtatott vagy hengerelt oszt\u00e1sjeleket (te\u00e1skan\u00e1l, ev\u0151kan\u00e1l, gramm) az \u00fcveg oldal\u00e1ra, hogy azokat pontosan lehessen haszn\u00e1lni a receptekben.<\/li>\n<li>Dupla lyuk\u00fa adagol\u00f3fed\u00e9l: Meleg\u00edtsen el\u0151 egy k\u00e9tlyuk\u00fa fedelet, egy kis lyuk\u00fa shakerfedelet (t\u00f6bb kis lyukkal), a m\u00e1sikat pedig magokkal vagy f\u0171szerpelyhekkel.<\/li>\n<li>N\u00e9gyzet vagy t\u00e9glalap alak\u00fa kialak\u00edt\u00e1s: Tervezzen helytakar\u00e9kos, n\u00e9gyzet vagy t\u00e9glalap alak\u00fa f\u0171szertart\u00f3kat a fi\u00f3kokban \u00e9s polcokon rendelkez\u00e9sre \u00e1ll\u00f3 hely kihaszn\u00e1l\u00e1s\u00e1hoz.<\/li>\n<\/ul>","protected":false},"excerpt":{"rendered":"<p>\u00c1tl\u00e1tsz\u00f3 f\u0171szerkever\u0151s bef\u0151ttes\u00fcvegek ergonomikus der\u00e9kkialak\u00edt\u00e1ssal a k\u00f6nny\u0171 fog\u00e1s \u00e9rdek\u00e9ben. \u00c1tl\u00e1tsz\u00f3 f\u0171szern\u00f6v\u00e9nyes bef\u0151ttes\u00fcveg, ide\u00e1lis konyhai f\u0171szerek \u00e9s \u00edzes\u00edt\u0151k t\u00e1rol\u00e1s\u00e1ra. K\u00e9szleten a gyors sz\u00e1ll\u00edt\u00e1s \u00e9rdek\u00e9ben.<\/p>","protected":false},"featured_media":23362,"template":"","meta":[],"product_brand":[],"product_cat":[122,124,128],"product_tag":[],"class_list":{"0":"post-23360","1":"product","2":"type-product","3":"status-publish","4":"has-post-thumbnail","6":"product_cat-custom-glass-packaging","7":"product_cat-custom-glass-jars","8":"product_cat-spice-jars","10":"first","11":"instock","12":"shipping-taxable","13":"product-type-simple"},"jetpack_sharing_enabled":true,"_links":{"self":[{"href":"https:\/\/yebodaglass.com\/hu\/wp-json\/wp\/v2\/product\/23360","targetHints":{"allow":["GET"]}}],"collection":[{"href":"https:\/\/yebodaglass.com\/hu\/wp-json\/wp\/v2\/product"}],"about":[{"href":"https:\/\/yebodaglass.com\/hu\/wp-json\/wp\/v2\/types\/product"}],"version-history":[{"count":5,"href":"https:\/\/yebodaglass.com\/hu\/wp-json\/wp\/v2\/product\/23360\/revisions"}],"predecessor-version":[{"id":25459,"href":"https:\/\/yebodaglass.com\/hu\/wp-json\/wp\/v2\/product\/23360\/revisions\/25459"}],"wp:featuredmedia":[{"embeddable":true,"href":"https:\/\/yebodaglass.com\/hu\/wp-json\/wp\/v2\/media\/23362"}],"wp:attachment":[{"href":"https:\/\/yebodaglass.com\/hu\/wp-json\/wp\/v2\/media?parent=23360"}],"wp:term":[{"taxonomy":"product_brand","embeddable":true,"href":"https:\/\/yebodaglass.com\/hu\/wp-json\/wp\/v2\/product_brand?post=23360"},{"taxonomy":"product_cat","embeddable":true,"href":"https:\/\/yebodaglass.com\/hu\/wp-json\/wp\/v2\/product_cat?post=23360"},{"taxonomy":"product_tag","embeddable":true,"href":"https:\/\/yebodaglass.com\/hu\/wp-json\/wp\/v2\/product_tag?post=23360"}],"curies":[{"name":"wp","href":"https:\/\/api.w.org\/{rel}","templated":true}]}}