{"id":23317,"date":"2025-11-06T17:00:08","date_gmt":"2025-11-06T09:00:08","guid":{"rendered":"https:\/\/yebodaglass.com\/?post_type=product&#038;p=23317"},"modified":"2025-11-06T17:00:10","modified_gmt":"2025-11-06T09:00:10","slug":"spices-jars-wholesale-glass-containers-supplier","status":"publish","type":"product","link":"https:\/\/yebodaglass.com\/hu\/spices-jars-wholesale-glass-containers-supplier\/","title":{"rendered":"80ml 120ml f\u0171szeres \u00fcvegek t\u00f6bbsz\u00f6r\u00f6s fed\u00e9llel a konyhai szervezet sz\u00e1m\u00e1ra\u00a0"},"content":{"rendered":"<p>Eleged van a cs\u00f6p\u00f6g\u0151 vagy az \u00edzeket elrejt\u0151 f\u0171szeres \u00fcvegekb\u0151l. T\u00f6k\u00e9letes \u00e1tl\u00e1that\u00f3s\u00e1ggal rendelkez\u0151 \u00fcveg f\u0171szertart\u00e1lyokat k\u00e9sz\u00edt\u00fcnk - a f\u0171szerek mindig l\u00e1that\u00f3ak. Ezek a f\u0171szertart\u00f3k divatoss\u00e1 teszik konyh\u00e1j\u00e1t. A nagy t\u00e9telben t\u00f6rt\u00e9n\u0151 v\u00e1s\u00e1rl\u00e1s sor\u00e1n egyedi opci\u00f3kkal szem\u00e9lyre szabhatja m\u00e1rk\u00e1j\u00e1t.<\/p>\n<h2>Term\u00e9kjellemz\u0151k<\/h2>\n<p><strong>Biztons\u00e1gos fed\u00e9l opci\u00f3k<\/strong><\/p>\n<p>Alum\u00ednium-, fa- vagy m\u0171anyagfed\u00e9l b\u00e9lelt t\u00f6m\u00edt\u00e9ssel - nincs nedves cukor vagy \u00e1llott bors.<\/p>\n<p><strong>Sokoldal\u00fa t\u00e1rol\u00e1s<\/strong><\/p>\n<p>Olaj, sz\u00f3szok, liszt vagy bors - b\u00e1rmelyik konyh\u00e1ban felhaszn\u00e1lhat\u00f3.<\/p>\n<p><strong>Egyedi sz\u00edntervez\u00e9s<\/strong><\/p>\n<p>Ak\u00e1r feh\u00e9r, ak\u00e1r fekete - az \u00d6n szem\u00e9lyre szabott f\u0171szeres t\u00e9gelyei figyelemre m\u00e9lt\u00f3 \u200d\u200d\u200d\u200d\u200d\u200d\u200d\u200d aj\u00e1nd\u00e9kk\u00e1 v\u00e1lnak.<\/p>\n<h2>F\u0151bb specifik\u00e1ci\u00f3k<\/h2>\n<table style=\"border-collapse: collapse; width: 80%; margin-left: auto; margin-right: auto;\" border=\"0\" width=\"144\" cellspacing=\"0\" cellpadding=\"0\">\n<tbody>\n<tr style=\"height: 13.50pt;\">\n<td style=\"height: 13.5pt; width: 54pt; text-align: center;\" width=\"72\" height=\"18\">Jellemz\u0151<\/td>\n<td style=\"width: 54pt; text-align: center;\" width=\"72\">Specifik\u00e1ci\u00f3<\/td>\n<\/tr>\n<tr style=\"height: 13.50pt;\">\n<td style=\"height: 13.5pt; text-align: center;\" height=\"18\">Kapacit\u00e1s<\/td>\n<td style=\"text-align: center;\">80ml 120ml<\/td>\n<\/tr>\n<tr style=\"height: 13.50pt;\">\n<td style=\"height: 13.5pt; text-align: center;\" height=\"18\">Alak<\/td>\n<td style=\"text-align: center;\">Kerek<\/td>\n<\/tr>\n<tr style=\"height: 13.50pt;\">\n<td style=\"height: 13.5pt; text-align: center;\" height=\"18\">Fed\u00e9l opci\u00f3k<\/td>\n<td style=\"text-align: center;\">Alum\u00ednium, fa, m\u0171anyag<\/td>\n<\/tr>\n<tr style=\"height: 13.50pt;\">\n<td style=\"height: 13.5pt; text-align: center;\" height=\"18\">Haszn\u00e1lat<\/td>\n<td style=\"text-align: center;\">Folyad\u00e9kokhoz, p\u00e9ld\u00e1ul sz\u00f3szokhoz \u00e9s olajokhoz.<\/td>\n<\/tr>\n<\/tbody>\n<\/table>\n<h2>Sikert\u00f6rt\u00e9net<\/h2>\n<p>Mi\u200d\u200d\u200d\u200d\u200d\u200d\u200d\u200d egy kanadai \u00e9lelmiszerm\u00e1rk\u00e1val \u00e1lltunk \u00f6ssze, hogy szem\u00e9lyre szabott f\u0171szeres \u00fcvegeket k\u00e9sz\u00edts\u00fcnk ez\u00fcstsz\u00edn\u0171 alum\u00edniumfed\u00e9llel \u00e9s \u00e1tl\u00e1tsz\u00f3, n\u00e9gyzet alak\u00fa testtel, \u00edgy kiemelve a benne l\u00e9v\u0151 f\u0171szer- \u00e9s borskever\u00e9k sz\u00ednes text\u00far\u00e1j\u00e1t. A l\u00e9gmentesen z\u00e1r\u00f3d\u00f3 be\u00e1ll\u00edt\u00e1s az, ami a f\u0171szereket frissen \u00e9s j\u00f3 illat\u00faan tartja, m\u00e9g akkor is, ha messzir\u0151l sz\u00e1ll\u00edtj\u00e1k vagy a polcra helyezik \u0151ket.<\/p>\n<p>A csomagol\u00e1s megv\u00e1ltoztat\u00e1sa ut\u00e1n a m\u00e1rka kiskereskedelmi forgalma 28% n\u00f6vekedett, valamint jelent\u0151sen n\u0151tt a m\u00e1rka \u200d\u200d\u200d\u200d\u200d\u200d\u200d\u200d\u200d ismerts\u00e9ge.<\/p>\n<h2>Testreszab\u00e1si k\u00e9zik\u00f6nyved<\/h2>\n<ol>\n<li><strong>Palack\u200d\u200d\u200d\u200d\u200d\u200d\u200d\u200d Cap:<\/strong> A palack k\u00fcls\u0151 r\u00e9sze f\u00e9mb\u0151l, bambuszb\u00f3l vagy m\u0171anyagb\u00f3l k\u00e9sz\u00fclhet, sz\u00edne pedig a k\u00fcl\u00f6nb\u00f6z\u0151 st\u00edlusig\u00e9nyeket kiel\u00e9g\u00edt\u0151, sz\u00e9les sz\u00ednv\u00e1laszt\u00e9kb\u00f3l, p\u00e9ld\u00e1ul feket\u00e9b\u0151l, aranyb\u00f3l \u00e9s ez\u00fcstb\u0151l v\u00e1laszthat\u00f3.<\/li>\n<li><strong>Hanger\u0151 opci\u00f3k:<\/strong> Mi lenne, ha a term\u00e9k k\u00fcl\u00f6nb\u00f6z\u0151 m\u00e9retekben lenne kaphat\u00f3, mondjuk 80ml, 120ml \u00e9s 150ml? Akkor egy h\u00e1ztart\u00e1si, vend\u00e9gl\u00e1t\u00f3ipari vagy kereskedelmi felhaszn\u00e1l\u00f3 el tudn\u00e1 d\u00f6nteni, hogy melyik a sz\u00e1m\u00e1ra legmegfelel\u0151bb.<\/li>\n<li><strong>\u00dcvegpalack:<\/strong> A kerek vagy sz\u00f6gletes \u00fcveg, matt vagy \u00e1tl\u00e1tsz\u00f3 kivitelben, t\u00f6k\u00e9letes \u00fcveged\u00e9ny a f\u0171szerek sz\u00e1m\u00e1ra, amely jobban illik a m\u00e1rka pozicion\u00e1l\u00e1s\u00e1hoz \u00e9s a piaci \u200d\u200d\u200d\u200d\u200d\u200d\u200d\u200d\u200dtrendekhez.<\/li>\n<\/ol>","protected":false},"excerpt":{"rendered":"<p>Tartsa frissen \u00e9s rendszerezve f\u0171szereit \u00fcveg f\u0171szertart\u00f3nkkal. Ezek a tart\u00f3s f\u0171szertart\u00e1lyok f\u00e9mfed\u00e9llel rendelkeznek a l\u00e9gmentes, st\u00edlusos konyhai t\u00e1rol\u00e1s \u00e9rdek\u00e9ben.<\/p>","protected":false},"featured_media":23321,"template":"","meta":[],"product_brand":[],"product_cat":[122,124,128],"product_tag":[],"class_list":{"0":"post-23317","1":"product","2":"type-product","3":"status-publish","4":"has-post-thumbnail","6":"product_cat-custom-glass-packaging","7":"product_cat-custom-glass-jars","8":"product_cat-spice-jars","10":"first","11":"instock","12":"shipping-taxable","13":"product-type-simple"},"jetpack_sharing_enabled":true,"_links":{"self":[{"href":"https:\/\/yebodaglass.com\/hu\/wp-json\/wp\/v2\/product\/23317","targetHints":{"allow":["GET"]}}],"collection":[{"href":"https:\/\/yebodaglass.com\/hu\/wp-json\/wp\/v2\/product"}],"about":[{"href":"https:\/\/yebodaglass.com\/hu\/wp-json\/wp\/v2\/types\/product"}],"version-history":[{"count":4,"href":"https:\/\/yebodaglass.com\/hu\/wp-json\/wp\/v2\/product\/23317\/revisions"}],"predecessor-version":[{"id":23325,"href":"https:\/\/yebodaglass.com\/hu\/wp-json\/wp\/v2\/product\/23317\/revisions\/23325"}],"wp:featuredmedia":[{"embeddable":true,"href":"https:\/\/yebodaglass.com\/hu\/wp-json\/wp\/v2\/media\/23321"}],"wp:attachment":[{"href":"https:\/\/yebodaglass.com\/hu\/wp-json\/wp\/v2\/media?parent=23317"}],"wp:term":[{"taxonomy":"product_brand","embeddable":true,"href":"https:\/\/yebodaglass.com\/hu\/wp-json\/wp\/v2\/product_brand?post=23317"},{"taxonomy":"product_cat","embeddable":true,"href":"https:\/\/yebodaglass.com\/hu\/wp-json\/wp\/v2\/product_cat?post=23317"},{"taxonomy":"product_tag","embeddable":true,"href":"https:\/\/yebodaglass.com\/hu\/wp-json\/wp\/v2\/product_tag?post=23317"}],"curies":[{"name":"wp","href":"https:\/\/api.w.org\/{rel}","templated":true}]}}