{"id":23307,"date":"2025-11-06T14:24:09","date_gmt":"2025-11-06T06:24:09","guid":{"rendered":"https:\/\/yebodaglass.com\/?post_type=product&#038;p=23307"},"modified":"2025-11-06T16:53:42","modified_gmt":"2025-11-06T08:53:42","slug":"custom-textured-bbq-sauce-bottles-for-canning","status":"publish","type":"product","link":"https:\/\/yebodaglass.com\/hu\/custom-textured-bbq-sauce-bottles-for-canning\/","title":{"rendered":"Egyedi text\u00far\u00e1j\u00fa BBQ sz\u00f3szos palackok konzerv\u00e1l\u00e1shoz 375ml 500ml"},"content":{"rendered":"<p>Ezek a BBQ sz\u00f3szos \u00fcvegek robusztus, neh\u00e9z, \u00e1tl\u00e1tsz\u00f3, v\u00edzszintesen textur\u00e1lt \u00fcvegtesttel rendelkeznek, amely nemcsak j\u00f3 fog\u00e1st \u00e9s pr\u00e9mium \u00e9rzetet biztos\u00edt, hanem a st\u00edlust \u00e9s a funkcionalit\u00e1st is \u00f6tv\u00f6zi.<\/p>\n<h2>Term\u00e9kjellemz\u0151k<\/h2>\n<ul>\n<li><strong>Jobb tapad\u00e1s:<\/strong> A v\u00edzszintes text\u00far\u00e1nak k\u00f6sz\u00f6nhet\u0151en a felhaszn\u00e1l\u00f3 biztos, cs\u00fasz\u00e1smentes fog\u00e1st biztos\u00edt, ez\u00e1ltal biztons\u00e1gosabb\u00e1 \u00e9s k\u00e9nyelmesebb\u00e9 teszi a v\u00e9telt \u00e9s a kit\u00f6lt\u00e9st.<\/li>\n<li><strong>\u00c1tl\u00e1tsz\u00f3 \u00fcveg:<\/strong> Az \u00e1tl\u00e1tsz\u00f3 \u00fcvegtart\u00e1ly lehet\u0151v\u00e9 teszi a felhaszn\u00e1l\u00f3k sz\u00e1m\u00e1ra, hogy vizu\u00e1lisan ellen\u0151rizz\u00e9k a sz\u00f3sz sz\u00edn\u00e9t \u00e9s mennyis\u00e9g\u00e9t.<\/li>\n<li><strong>K\u00e9t m\u00e9ret k\u00f6z\u00fcl v\u00e1laszthat:<\/strong> A term\u00e9k k\u00e9t k\u00fcl\u00f6nb\u00f6z\u0151 m\u00e9retben kaphat\u00f3, hogy kiel\u00e9g\u00edtse a k\u00fcl\u00f6nb\u00f6z\u0151 ig\u00e9nyeket, \u00edgy t\u00f6k\u00e9letesen megfelel a mindennapi csal\u00e1di haszn\u00e1latra, \u00e9tkez\u00e9sek adagol\u00e1s\u00e1ra \u00e9s hasonl\u00f3kra.<\/li>\n<\/ul>\n<h2 style=\"text-align: left;\">F\u0151bb specifik\u00e1ci\u00f3k<\/h2>\n<table class=\"aligncenter\" style=\"border-collapse: collapse; width: 462.77pt;\" border=\"0\" width=\"617\" cellspacing=\"0\" cellpadding=\"0\">\n<tbody>\n<tr style=\"height: 13.50pt;\">\n<td style=\"height: 13.50pt; width: 116.25pt;\" width=\"155\" height=\"18\">Jellemz\u0151<\/td>\n<td style=\"width: 346.50pt;\" width=\"462\">Specifik\u00e1ci\u00f3<\/td>\n<\/tr>\n<tr style=\"height: 13.50pt;\">\n<td style=\"height: 13.50pt;\" height=\"18\">Kapacit\u00e1sok<\/td>\n<td>375 ml, 500 ml<\/td>\n<\/tr>\n<tr style=\"height: 13.50pt;\">\n<td style=\"height: 13.50pt;\" height=\"18\">Csomagol\u00e1s m\u00e9rete<\/td>\n<td>20 \u00d7 15 \u00d7 15 cm (mindk\u00e9t m\u00e9ret azonos)<\/td>\n<\/tr>\n<tr style=\"height: 13.50pt;\">\n<td style=\"height: 13.50pt;\" height=\"18\">Alak<\/td>\n<td>Stout palack f\u00fcgg\u0151leges text\u00far\u00e1val<\/td>\n<\/tr>\n<tr style=\"height: 13.50pt;\">\n<td style=\"height: 13.50pt;\" height=\"18\">Anyag<\/td>\n<td>\u00c1tl\u00e1tsz\u00f3 \u00fcveg stout, \u00e9lelmiszeripari min\u0151s\u00e9g\u0171, \u00f3lommentes<\/td>\n<\/tr>\n<tr style=\"height: 13.50pt;\">\n<td style=\"height: 13.50pt;\" height=\"18\">Lez\u00e1r\u00e1si lehet\u0151s\u00e9gek<\/td>\n<td>Csavaros z\u00e1r fekete, arany vagy egyedi kivitelben<\/td>\n<\/tr>\n<tr style=\"height: 13.50pt;\">\n<td style=\"height: 13.50pt;\" height=\"18\">Legjobb<\/td>\n<td>Cs\u00edp\u0151s sz\u00f3sz, \u00f6ntet, paradicsomsz\u00f3sz<\/td>\n<\/tr>\n<tr style=\"height: 13.50pt;\">\n<td style=\"height: 13.50pt;\" height=\"18\">Ide\u00e1lis haszn\u00e1lat<\/td>\n<td>BBQ sz\u00f3szos palack, \u00f6mlesztett cs\u00edp\u0151s sz\u00f3szos palackok konzervk\u00e9sz\u00edt\u00e9shez<\/td>\n<\/tr>\n<\/tbody>\n<\/table>\n<h2>Sikert\u00f6rt\u00e9net: Hogyan j\u00e1tszott fontos szerepet a text\u00fara a term\u00e9kpozicion\u00e1l\u00e1sban<\/h2>\n<p>Egy k\u00e9zzel k\u00e9sz\u00edtett barbecue sz\u00f3szokat kiz\u00e1r\u00f3lag az amerikai piacra gy\u00e1rt\u00f3 f\u0171szergy\u00e1rt\u00f3 c\u00e9g \u00fagy d\u00f6nt\u00f6tt, hogy ezt a textur\u00e1lt palackdiz\u00e1jnt haszn\u00e1lja z\u00e1szl\u00f3shaj\u00f3 barbecue sz\u00f3sz term\u00e9kcsal\u00e1dj\u00e1hoz. Az \u00e1rat 25%-kal emelt\u00e9k a pr\u00e9mium megjelen\u00e9snek \u00e9s a jobb tapad\u00e1snak k\u00f6sz\u00f6nhet\u0151en, mik\u00f6zben a sz\u00e1ll\u00edt\u00e1s sor\u00e1n el\u0151fordul\u00f3 t\u00f6r\u00e9si esetek sz\u00e1ma 40%-kal cs\u00f6kkent. \u00cdgy az \u00e9v els\u0151 fel\u00e9ben a v\u00e1s\u00e1rl\u00f3k tapint\u00e1si interakci\u00f3ja 35%-os n\u00f6veked\u00e9st eredm\u00e9nyezett az elad\u00e1sokban, amit a kiskereskedelmi partnereik is meger\u0151s\u00edtettek. A v\u00e1llalat k\u00e9thavonta 200 000 palackot rendel mindk\u00e9t m\u00e9retben.<\/p>\n<h2>Tippek a palackok szem\u00e9lyre szab\u00e1s\u00e1hoz<\/h2>\n<ul>\n<li><strong>Testreszabott sapka sz\u00edne:<\/strong> Az arany \u00e9s a fekete mellett v\u00e1laszthatod a m\u00e1rk\u00e1d sz\u00edn\u00e9hez ill\u0151 sapkasz\u00ednt is.<\/li>\n<li><strong>\u00dcveg sz\u00ednv\u00e1laszt\u00e9k:<\/strong> A textur\u00e1lt mint\u00e1k mellett a c\u00e9g borosty\u00e1n vagy z\u00f6ld \u00fcvegpalackot is k\u00edn\u00e1l a f\u00e9nyt\u0151l val\u00f3 v\u00e9delem \u00e9rdek\u00e9ben.<\/li>\n<li><strong>M\u00e1rka log\u00f3 dombornyom\u00e1s:<\/strong> A log\u00f3d textur\u00e1lt mint\u00e1zatba val\u00f3 dombor\u00edt\u00e1s\u00e1val visszafogottabb m\u00e1rkaim\u00e1zst hozhatsz l\u00e9tre.<\/li>\n<li><strong>Text\u00fara Befejez\u00e9s Vari\u00e1ci\u00f3:<\/strong> A text\u00fara kidolgoz\u00e1s\u00e1t sek\u00e9lyebbre vagy m\u00e9lyebbre is v\u00e1laszthatod att\u00f3l f\u00fcgg\u0151en, hogy er\u0151sebb fog\u00e1st vagy l\u00e1gy text\u00farahat\u00e1st szeretn\u00e9l.<\/li>\n<\/ul>","protected":false},"excerpt":{"rendered":"<p>Kiv\u00e1l\u00f3 min\u0151s\u00e9g\u0171, konzerv\u00e1l\u00e1shoz val\u00f3 cs\u00edp\u0151s sz\u00f3szos palackok st\u00edlusos \u00fcveg text\u00far\u00e1val. Ide\u00e1lis BBQ sz\u00f3szos palack kis m\u00e1rk\u00e1k vagy \u00e9ttermek csomagol\u00e1s\u00e1hoz. Ingyenes mint\u00e1k.<\/p>","protected":false},"featured_media":23310,"template":"","meta":[],"product_brand":[],"product_cat":[123,122,129],"product_tag":[],"class_list":{"0":"post-23307","1":"product","2":"type-product","3":"status-publish","4":"has-post-thumbnail","6":"product_cat-custom-glass-bottles","7":"product_cat-custom-glass-packaging","8":"product_cat-hot-sauce-bottles","10":"first","11":"instock","12":"shipping-taxable","13":"product-type-simple"},"jetpack_sharing_enabled":true,"_links":{"self":[{"href":"https:\/\/yebodaglass.com\/hu\/wp-json\/wp\/v2\/product\/23307","targetHints":{"allow":["GET"]}}],"collection":[{"href":"https:\/\/yebodaglass.com\/hu\/wp-json\/wp\/v2\/product"}],"about":[{"href":"https:\/\/yebodaglass.com\/hu\/wp-json\/wp\/v2\/types\/product"}],"version-history":[{"count":5,"href":"https:\/\/yebodaglass.com\/hu\/wp-json\/wp\/v2\/product\/23307\/revisions"}],"predecessor-version":[{"id":23326,"href":"https:\/\/yebodaglass.com\/hu\/wp-json\/wp\/v2\/product\/23307\/revisions\/23326"}],"wp:featuredmedia":[{"embeddable":true,"href":"https:\/\/yebodaglass.com\/hu\/wp-json\/wp\/v2\/media\/23310"}],"wp:attachment":[{"href":"https:\/\/yebodaglass.com\/hu\/wp-json\/wp\/v2\/media?parent=23307"}],"wp:term":[{"taxonomy":"product_brand","embeddable":true,"href":"https:\/\/yebodaglass.com\/hu\/wp-json\/wp\/v2\/product_brand?post=23307"},{"taxonomy":"product_cat","embeddable":true,"href":"https:\/\/yebodaglass.com\/hu\/wp-json\/wp\/v2\/product_cat?post=23307"},{"taxonomy":"product_tag","embeddable":true,"href":"https:\/\/yebodaglass.com\/hu\/wp-json\/wp\/v2\/product_tag?post=23307"}],"curies":[{"name":"wp","href":"https:\/\/api.w.org\/{rel}","templated":true}]}}