{"id":23286,"date":"2025-11-05T17:28:17","date_gmt":"2025-11-05T09:28:17","guid":{"rendered":"https:\/\/yebodaglass.com\/?post_type=product&#038;p=23286"},"modified":"2026-03-18T16:18:23","modified_gmt":"2026-03-18T08:18:23","slug":"200ml-spherical-glass-spices-jar-with-grinder-bulk","status":"publish","type":"product","link":"https:\/\/yebodaglass.com\/hu\/200ml-spherical-glass-spices-jar-with-grinder-bulk\/","title":{"rendered":"200 ml-es g\u00f6mb alak\u00fa \u00fcveg f\u0171szeres \u00fcveg dar\u00e1l\u00f3val, \u00f6mlesztett form\u00e1ban"},"content":{"rendered":"<p>A f\u0171szeres \u00fcveg exkluz\u00edv, g\u00f6mb alak\u00fa, \u00e1tl\u00e1tsz\u00f3 \u00fcvegtesttel \u00e9s eleg\u00e1ns, rozsdamentes ac\u00e9lb\u00f3l k\u00e9sz\u00fclt dar\u00e1l\u00f3fejjel rendelkezik, k\u00e9zi dar\u00e1l\u00e1si lehet\u0151s\u00e9ggel.<\/p>\n<h2>Term\u00e9kjellemz\u0151k<\/h2>\n<ul>\n<li><strong>\u00c1tl\u00e1tsz\u00f3 g\u00f6mb alak\u00fa \u00fcveged\u00e9ny:<\/strong> Az \u00fcveged\u00e9ny egy g\u00f6mb alak\u00fa, \u00e1tl\u00e1tsz\u00f3 \u00fcveged\u00e9ny, amely nagyszer\u0171 vizu\u00e1lis megjelen\u00edt\u00e9st biztos\u00edt, gy\u00f6ny\u00f6r\u0171en bemutatja az \u00fcvegben l\u00e9v\u0151 \u00f6sszes f\u0171szert, \u00e9s t\u00fckr\u00f6zi a gy\u00f3gyszer\u00e9sz \u00edzl\u00e9s\u00e9t.<\/li>\n<li><strong>Be\u00e9p\u00edtett rozsdamentes ac\u00e9l dar\u00e1l\u00f3:<\/strong> A f\u00e9mk\u00fap be\u00e9p\u00edtett \u0151rl\u0151vel rendelkezik, \u00e9s a friss f\u0171szerek egyszer\u0171en a f\u00e9mk\u00fap elforgat\u00e1s\u00e1val \u0151r\u00f6lhet\u0151k.<\/li>\n<li><strong>Rozsdamentes ac\u00e9l anyaga:<\/strong> A sz\u00e1lcsiszolt f\u00e9m k\u00fap \u00e9s kupak tart\u00f3s, k\u00f6nnyen tiszt\u00edthat\u00f3 \u00e9s korr\u00f3zi\u00f3\u00e1ll\u00f3 f\u00e9mb\u0151l k\u00e9sz\u00fclt.<\/li>\n<\/ul>\n<h2>F\u0151bb specifik\u00e1ci\u00f3k<\/h2>\n<table style=\"border-collapse: collapse; width: 80%; margin-left: auto; margin-right: auto;\" border=\"0\" width=\"144\" cellspacing=\"0\" cellpadding=\"0\">\n<tbody>\n<tr style=\"height: 13.50pt;\">\n<td style=\"height: 13.5pt; width: 54pt; text-align: center;\" width=\"72\" height=\"18\">Kapacit\u00e1s<\/td>\n<td style=\"width: 54pt; text-align: center;\" width=\"72\">200 ml<\/td>\n<\/tr>\n<tr style=\"height: 13.50pt;\">\n<td style=\"height: 13.5pt; text-align: center;\" height=\"18\">M\u00e9ret (cm)<\/td>\n<td style=\"text-align: center;\">8.0 * 12.5<\/td>\n<\/tr>\n<tr style=\"height: 13.50pt;\">\n<td style=\"height: 13.5pt; text-align: center;\" height=\"18\">Alak<\/td>\n<td style=\"text-align: center;\">Kerek<\/td>\n<\/tr>\n<tr style=\"height: 13.50pt;\">\n<td style=\"height: 13.5pt; text-align: center;\" height=\"18\">Tartoz\u00e9k<\/td>\n<td style=\"text-align: center;\">Csiszol\u00f3sapka<\/td>\n<\/tr>\n<tr style=\"height: 13.50pt;\">\n<td style=\"height: 13.5pt; text-align: center;\" height=\"18\">Haszn\u00e1lat<\/td>\n<td style=\"text-align: center;\">Fekete bors vagy tengeri s\u00f3 stb.<\/td>\n<\/tr>\n<\/tbody>\n<\/table>\n<h2>Sikert\u00f6rt\u00e9net<\/h2>\n<p>Az egyik f\u0171szeres \u00fcveg\u00fcnk mint\u00e1j\u00e1t egy Csendes-\u00f3ce\u00e1n \u00e9szaknyugati r\u00e9sz\u00e9n tal\u00e1lhat\u00f3 szak\u00fczlet v\u00e1lasztotta ki, \u00e9s egy homokf\u00favott log\u00f3t terveztek az ac\u00e9l k\u00fapra. Ez a program nagyszer\u0171 eredm\u00e9nyeket hozott, mivel az el\u0151re csomagolt bors \u00e9s tengeri s\u00f3 elad\u00e1sai 40 sz\u00e1zal\u00e9kkal n\u0151ttek a zacsk\u00f3s term\u00e9kekhez k\u00e9pest. A dar\u00e1l\u00f3 meghib\u00e1sod\u00e1sa miatti visszak\u00fcld\u00e9sek kik\u00fcsz\u00f6b\u00f6l\u00e9s\u00e9re gyakorlatilag lehet\u0151s\u00e9g ny\u00edlt. Ezen magas elad\u00e1si szint alapj\u00e1n \u00fajabb 600 000 \u00fcvegb\u0151l \u00e1ll\u00f3 sz\u00e1ll\u00edtm\u00e1nyt rendeltek azzal a sz\u00e1nd\u00e9kkal, hogy \u00faj term\u00e9keket, p\u00e9ld\u00e1ul min\u0151s\u00e9gi fokhagym\u00e1t \u00e9s f\u00fcst\u00f6lt paprika\u0151rlem\u00e9nyt vigyenek be a k\u00edn\u00e1latba.<\/p>\n<h2>Testreszab\u00e1s\u00a0<strong>F\u0171szeres \u00fcveged\u00e9nyek<\/strong><\/h2>\n<ol>\n<li><strong>Csiszol\u00e1s\u200b\u200d\u200b\u200c\u200d\u200b\u200d\u200b\u200d\u200b\u200c\u200d\u200b\u200d\u200d\u200c Alkatr\u00e9szek:<\/strong> A f\u0171szerek t\u00edpusa szerint v\u00e1lasszon alum\u00ednium-oxid ker\u00e1mi\u00e1t vagy rozsdamentes ac\u00e9lt.<\/li>\n<li><strong>Form\u00e1k \u00e9s mint\u00e1k:<\/strong> M\u00f3dos\u00edtsa a dar\u00e1l\u00f3 alakj\u00e1t a saj\u00e1t st\u00edlus\u00e1hoz vagy a konyha st\u00edlus\u00e1hoz igaz\u00edtva, pl. kerek, sz\u00f6gletes vagy k\u00fapos.<\/li>\n<li><strong>Mint\u00e1k \u00e9s sz\u00ednek:<\/strong> D\u00edsz\u00edts log\u00f3kkal, mint\u00e1kkal vagy sz\u00ednekkel az egyedi megjelen\u00e9s\u00e9rt.<\/li>\n<\/ol>","protected":false},"excerpt":{"rendered":"<p>St\u00edlusos f\u0171szeres \u00fcvegek rozsdamentes ac\u00e9l \u0151rl\u0151fed\u0151vel, t\u00f6k\u00e9letesek bors, s\u00f3 vagy f\u0171szern\u00f6v\u00e9nyek t\u00e1rol\u00e1s\u00e1ra \u00e9s \u0151rl\u00e9s\u00e9re. Tart\u00f3s \u00e9s eleg\u00e1ns f\u0171szeres \u00fcveg v\u00e1laszt\u00e1s.<\/p>","protected":false},"featured_media":23287,"template":"","meta":[],"product_brand":[],"product_cat":[128,124,122],"product_tag":[],"class_list":{"0":"post-23286","1":"product","2":"type-product","3":"status-publish","4":"has-post-thumbnail","6":"product_cat-spice-jars","7":"product_cat-custom-glass-jars","8":"product_cat-custom-glass-packaging","10":"first","11":"instock","12":"shipping-taxable","13":"product-type-simple"},"jetpack_sharing_enabled":true,"_links":{"self":[{"href":"https:\/\/yebodaglass.com\/hu\/wp-json\/wp\/v2\/product\/23286","targetHints":{"allow":["GET"]}}],"collection":[{"href":"https:\/\/yebodaglass.com\/hu\/wp-json\/wp\/v2\/product"}],"about":[{"href":"https:\/\/yebodaglass.com\/hu\/wp-json\/wp\/v2\/types\/product"}],"version-history":[{"count":5,"href":"https:\/\/yebodaglass.com\/hu\/wp-json\/wp\/v2\/product\/23286\/revisions"}],"predecessor-version":[{"id":25501,"href":"https:\/\/yebodaglass.com\/hu\/wp-json\/wp\/v2\/product\/23286\/revisions\/25501"}],"wp:featuredmedia":[{"embeddable":true,"href":"https:\/\/yebodaglass.com\/hu\/wp-json\/wp\/v2\/media\/23287"}],"wp:attachment":[{"href":"https:\/\/yebodaglass.com\/hu\/wp-json\/wp\/v2\/media?parent=23286"}],"wp:term":[{"taxonomy":"product_brand","embeddable":true,"href":"https:\/\/yebodaglass.com\/hu\/wp-json\/wp\/v2\/product_brand?post=23286"},{"taxonomy":"product_cat","embeddable":true,"href":"https:\/\/yebodaglass.com\/hu\/wp-json\/wp\/v2\/product_cat?post=23286"},{"taxonomy":"product_tag","embeddable":true,"href":"https:\/\/yebodaglass.com\/hu\/wp-json\/wp\/v2\/product_tag?post=23286"}],"curies":[{"name":"wp","href":"https:\/\/api.w.org\/{rel}","templated":true}]}}