{"id":23277,"date":"2025-11-05T16:32:10","date_gmt":"2025-11-05T08:32:10","guid":{"rendered":"https:\/\/yebodaglass.com\/?post_type=product&#038;p=23277"},"modified":"2026-03-19T11:29:08","modified_gmt":"2026-03-19T03:29:08","slug":"cylindrical-airtight-spice-jars-with-stainless-lid-bulk","status":"publish","type":"product","link":"https:\/\/yebodaglass.com\/hu\/cylindrical-airtight-spice-jars-with-stainless-lid-bulk\/","title":{"rendered":"100 ml-es hengeres, l\u00e9gmentesen z\u00e1r\u00f3d\u00f3 f\u0171szeres \u00fcvegek rozsdamentes fed\u00e9llel, \u00f6mlesztett"},"content":{"rendered":"<p>Ezek a l\u00e9gmentesen z\u00e1r\u00f3d\u00f3 f\u0171szertart\u00f3k sima, hengeres alak\u00faak, kiv\u00e1l\u00f3 min\u0151s\u00e9g\u0171, \u00e1tl\u00e1tsz\u00f3 \u00fcvegb\u0151l k\u00e9sz\u00fcltek, \u00e9s rozsdamentes ac\u00e9l fed\u00e9llel rendelkeznek. J\u00f3l tart\u00f3s\u00edtj\u00e1k a f\u0171szereket, ez\u00e9rt kamr\u00e1ban vagy konyhapulton t\u00e1rolhat\u00f3k.<\/p>\n<h2>Term\u00e9kjellemz\u0151k<\/h2>\n<ul>\n<li><strong>Tiszta hengeres kialak\u00edt\u00e1s:<\/strong> Az \u00fcvegfalak egyenesek, az aljuk lapos, ami nagyon stabil, \u00e9s lehet\u0151v\u00e9 teszi a tartalom \u00e9s a t\u00f6lt\u00e9si szintek teljes l\u00e1that\u00f3s\u00e1g\u00e1t.<\/li>\n<li><strong>L\u00e9gmentesen z\u00e1r\u00f3d\u00f3 rozsdamentes ac\u00e9l fed\u00e9l:<\/strong> A csavaros tetej\u0171, sz\u00e1lcsiszolt rozsdamentes ac\u00e9lb\u00f3l k\u00e9sz\u00fclt, hogy megb\u00edzhat\u00f3, l\u00e9gmentes z\u00e1r\u00f3d\u00e1st biztos\u00edtson az \u00edzek \u00e9s arom\u00e1k meg\u0151rz\u00e9se \u00e9rdek\u00e9ben.<\/li>\n<li><strong>K\u00f6nnyen tiszt\u00edthat\u00f3 \u00e9s karbantarthat\u00f3:<\/strong> Az \u00fcveg \u00e9s a rozsdamentes ac\u00e9l egyar\u00e1nt h\u0151\u00e1ll\u00f3, k\u00f6nnyen tiszt\u00edthat\u00f3, \u00fajrat\u00f6lthet\u0151, k\u00f6rnyezetbar\u00e1t \u00e9s hossz\u00fa ideig haszn\u00e1lhat\u00f3 a konyh\u00e1ban.<\/li>\n<\/ul>\n<h2>F\u0151bb specifik\u00e1ci\u00f3k<\/h2>\n<table style=\"border-collapse: collapse; width: 80%; margin-left: auto; margin-right: auto;\" border=\"0\" width=\"144\" cellspacing=\"0\" cellpadding=\"0\">\n<tbody>\n<tr style=\"height: 13.50pt;\">\n<td style=\"height: 13.5pt; width: 54pt; text-align: center;\" width=\"72\" height=\"18\">Kapacit\u00e1s<\/td>\n<td style=\"width: 54pt; text-align: center;\" width=\"72\">100 ml<\/td>\n<\/tr>\n<tr style=\"height: 13.50pt;\">\n<td style=\"height: 13.5pt; text-align: center;\" height=\"18\">M\u00e9ret (cm)<\/td>\n<td style=\"text-align: center;\">4,3 x 9,4<\/td>\n<\/tr>\n<tr style=\"height: 13.50pt;\">\n<td style=\"height: 13.5pt; text-align: center;\" height=\"18\">Alak<\/td>\n<td style=\"text-align: center;\">Henger<\/td>\n<\/tr>\n<tr style=\"height: 13.50pt;\">\n<td style=\"height: 13.5pt; text-align: center;\" height=\"18\">Sz\u00edn<\/td>\n<td style=\"text-align: center;\">Tiszta vagy egyedi<\/td>\n<\/tr>\n<tr style=\"height: 13.50pt;\">\n<td style=\"height: 13.5pt; text-align: center;\" height=\"18\">Haszn\u00e1lat<\/td>\n<td style=\"text-align: center;\">Sz\u00e1raz f\u0171szerekhez, p\u00e9ld\u00e1ul borshoz, s\u00f3hoz, cukorhoz, k\u00e1v\u00e9porhoz<\/td>\n<\/tr>\n<\/tbody>\n<\/table>\n<h2>Sikert\u00f6rt\u00e9net<\/h2>\n<p>L\u00e9gmentesen z\u00e1r\u00f3d\u00f3 f\u0171szertart\u00f3inkat, szem\u00e9lyre szabott, m\u00e1rk\u00e1zott m\u00e9r\u0151c\u00edmk\u00e9inket \u00e9s szilikon t\u00f6m\u00edt\u0151gy\u0171r\u0171inket egy orsz\u00e1gos biobolt-l\u00e1nc rendelte. Az eredm\u00e9nyek leny\u0171g\u00f6z\u0151ek voltak: a f\u0171szergy\u0171r\u0171k legjobb lez\u00e1r\u00e1si teljes\u00edtm\u00e9nye 30 sz\u00e1zal\u00e9kkal n\u00f6velte a higroszk\u00f3pos f\u0171szerek, k\u00f6zt\u00fck a fah\u00e9j \u00e9s a szerecsendi\u00f3 eltarthat\u00f3s\u00e1g\u00e1t, ami cs\u00f6kkentette a pazarl\u00e1st. Az \u00fcvegek \u00e1tl\u00e1tsz\u00f3ak voltak, \u00e9s bizonyos jel\u00f6l\u00e9sekkel rendelkeztek, ami seg\u00edtette az alkalmazottakat az optim\u00e1lis k\u00e9szletszint fenntart\u00e1s\u00e1ban, \u00e9s 20 sz\u00e1zal\u00e9kot takar\u00edtott meg a k\u00e9szletek felt\u00f6lt\u00e9s\u00e9re ford\u00edtott id\u0151n. Erre a j\u00f3 teljes\u00edtm\u00e9nyre \u00e9p\u00edtve \u00fajabb 220 000 dobozos rendel\u00e9st adtak le, azzal a sz\u00e1nd\u00e9kkal, hogy a rendszert kiterjesztik a nagykereskedelmi tea- \u00e9s t\u00e1pl\u00e1l\u00f3por-term\u00e9kcsal\u00e1djaikra.<\/p>\n<h2>Testreszab\u00e1s\u00a0<strong>F\u0171szert\u00e1rol\u00f3 tart\u00e1ly<\/strong><\/h2>\n<ol>\n<li><strong>A bor\u00edt\u00f3 anyaga \u00e9s sz\u00edne testreszabhat\u00f3:<\/strong> N\u00e9gy k\u00fcl\u00f6nb\u00f6z\u0151 fed\u00e9lst\u00edlus (sz\u00e1lcsiszolt rozsdamentes ac\u00e9l, matt fekete, roz\u00e9arany vagy r\u00e9z) \u00e9rhet\u0151 el, hogy harmoniz\u00e1ljon a k\u00fcl\u00f6nf\u00e9le m\u00e1rk\u00e1s konyhai kollekci\u00f3k megjelen\u00e9s\u00e9vel.<\/li>\n<li><strong>\u00dcvegfel\u00fclet:<\/strong> Az \u00e1tl\u00e1tsz\u00f3 t\u00e9gely matt vagy homokf\u00favott kivitelben is elk\u00e9sz\u00edthet\u0151, \u00e9s m\u00e1rkajelz\u00e9sekkel vagy beoszt\u00e1sokkal is ell\u00e1that\u00f3, \u00edgy a sz\u00e9ps\u00e9get a funkcionalit\u00e1ssal \u00f6tv\u00f6zve.<\/li>\n<li><strong>M\u00e9reteik lehetnek:<\/strong> rendel\u00e9sre k\u00e9sz\u00fclt, b\u00e1rmilyen mennyis\u00e9g\u0171 f\u0171szer, te\u00e1k vagy sz\u00e1r\u00edtott \u00e1ru t\u00e1rol\u00e1s\u00e1ra.<\/li>\n<\/ol>","protected":false},"excerpt":{"rendered":"<p>Pr\u00e9mium min\u0151s\u00e9g\u0171, l\u00e9gmentesen z\u00e1r\u00f3d\u00f3 f\u0171szertart\u00f3k rozsdamentes fed\u00e9llel \u00e9s \u00e1tl\u00e1tsz\u00f3 testtel. St\u00edlusos f\u0171szert\u00e1rol\u00f3 ed\u00e9ny, amely t\u00f6k\u00e9letes a konyhai rendszerez\u00e9shez. K\u00f6zvetlen gy\u00e1ri sz\u00e1ll\u00edt\u00e1s.<\/p>","protected":false},"featured_media":23278,"template":"","meta":[],"product_brand":[],"product_cat":[124,122,128],"product_tag":[],"class_list":{"0":"post-23277","1":"product","2":"type-product","3":"status-publish","4":"has-post-thumbnail","6":"product_cat-custom-glass-jars","7":"product_cat-custom-glass-packaging","8":"product_cat-spice-jars","10":"first","11":"instock","12":"shipping-taxable","13":"product-type-simple"},"jetpack_sharing_enabled":true,"_links":{"self":[{"href":"https:\/\/yebodaglass.com\/hu\/wp-json\/wp\/v2\/product\/23277","targetHints":{"allow":["GET"]}}],"collection":[{"href":"https:\/\/yebodaglass.com\/hu\/wp-json\/wp\/v2\/product"}],"about":[{"href":"https:\/\/yebodaglass.com\/hu\/wp-json\/wp\/v2\/types\/product"}],"version-history":[{"count":5,"href":"https:\/\/yebodaglass.com\/hu\/wp-json\/wp\/v2\/product\/23277\/revisions"}],"predecessor-version":[{"id":25515,"href":"https:\/\/yebodaglass.com\/hu\/wp-json\/wp\/v2\/product\/23277\/revisions\/25515"}],"wp:featuredmedia":[{"embeddable":true,"href":"https:\/\/yebodaglass.com\/hu\/wp-json\/wp\/v2\/media\/23278"}],"wp:attachment":[{"href":"https:\/\/yebodaglass.com\/hu\/wp-json\/wp\/v2\/media?parent=23277"}],"wp:term":[{"taxonomy":"product_brand","embeddable":true,"href":"https:\/\/yebodaglass.com\/hu\/wp-json\/wp\/v2\/product_brand?post=23277"},{"taxonomy":"product_cat","embeddable":true,"href":"https:\/\/yebodaglass.com\/hu\/wp-json\/wp\/v2\/product_cat?post=23277"},{"taxonomy":"product_tag","embeddable":true,"href":"https:\/\/yebodaglass.com\/hu\/wp-json\/wp\/v2\/product_tag?post=23277"}],"curies":[{"name":"wp","href":"https:\/\/api.w.org\/{rel}","templated":true}]}}