{"id":23259,"date":"2025-11-05T15:32:38","date_gmt":"2025-11-05T07:32:38","guid":{"rendered":"https:\/\/yebodaglass.com\/?post_type=product&#038;p=23259"},"modified":"2025-11-05T15:32:40","modified_gmt":"2025-11-05T07:32:40","slug":"glass-seasoning-bottles-with-hole-lid-wholesale","status":"publish","type":"product","link":"https:\/\/yebodaglass.com\/hu\/glass-seasoning-bottles-with-hole-lid-wholesale\/","title":{"rendered":"50 ml-es 80 ml-es \u00fcveg \u00edzes\u00edt\u0151palackok lyukas fed\u00e9llel"},"content":{"rendered":"<p>Nem szeretn\u00e9d, ha a f\u0171szertart\u00f3k sziv\u00e1rogn\u00e1nak, vagy elrejten\u00e9k az \u00f6sszetev\u0151ket. R\u00e1csos text\u00far\u00e1j\u00fa markolattal ell\u00e1tott f\u0171szeres \u00fcvegeket gy\u00e1rtunk \u2013 \u00edgy nem kell t\u00f6bb\u00e9 lecs\u00fasznia a foganty\u00fanak. Ezek a f\u0171szert\u00e1rol\u00f3 megold\u00e1sok st\u00edlusos helly\u00e9 var\u00e1zsolj\u00e1k a konyh\u00e1dat. A nagy t\u00e9telben rendelt term\u00e9kek egyedi fed\u00e9lsz\u00edneket kapnak, amelyek illeszkednek a m\u00e1rk\u00e1dhoz.<\/p>\n<h2>Term\u00e9kjellemz\u0151k<\/h2>\n<p><strong>R\u00e1cstext\u00fara fog\u00e1s<\/strong><\/p>\n<p>A bord\u00e1k nemcsak k\u00e9nyelmet, hanem st\u00edlust is fokoznak \u2013 a f\u0171szeres \u00fcvegek pr\u00e9mium term\u00e9knek fognak t\u0171nni a k\u00e9zben.<\/p>\n<p><strong>Sz\u00ednes fed\u00e9l opci\u00f3k<\/strong><\/p>\n<p>V\u00e1lasszon piros, fekete, s\u00e1rga vagy z\u00f6ld fedelet \u2013 \u00edgy az egyedi f\u0171szertart\u00f3ja igaz\u00e1n k\u00fcl\u00f6nleges aj\u00e1nd\u00e9kk\u00e1 v\u00e1lhat.<\/p>\n<p><strong>Krist\u00e1lytisztas\u00e1g<\/strong><\/p>\n<p>Az \u00e1tl\u00e1tsz\u00f3 \u00fcveg minden egyes szemcs\u00e9t j\u00f3l mutat \u2013 a v\u00e1s\u00e1rl\u00f3k azonnal megb\u00edznak a f\u0171szert\u00e1rol\u00f3kban.<\/p>\n<h2>F\u0151bb specifik\u00e1ci\u00f3k<\/h2>\n<table style=\"border-collapse: collapse; width: 80%; margin-left: auto; margin-right: auto;\" border=\"0\" width=\"144\" cellspacing=\"0\" cellpadding=\"0\">\n<tbody>\n<tr style=\"height: 13.50pt;\">\n<td style=\"height: 13.5pt; width: 54pt; text-align: center;\" width=\"72\" height=\"18\">Kapacit\u00e1s<\/td>\n<td style=\"width: 54pt; text-align: center;\" width=\"72\">50 ml, 80 ml<\/td>\n<\/tr>\n<tr style=\"height: 13.50pt;\">\n<td style=\"height: 13.5pt; text-align: center;\" height=\"18\">Fed\u00e9l opci\u00f3k<\/td>\n<td style=\"text-align: center;\">M\u0171anyag, F\u00e9m, Bambusz<\/td>\n<\/tr>\n<tr style=\"height: 13.50pt;\">\n<td style=\"height: 13.5pt; text-align: center;\" height=\"18\">Alak<\/td>\n<td style=\"text-align: center;\">Henger<\/td>\n<\/tr>\n<tr style=\"height: 13.50pt;\">\n<td style=\"height: 13.5pt; text-align: center;\" height=\"18\">Sz\u00edn<\/td>\n<td style=\"text-align: center;\">\u00c1tl\u00e1tsz\u00f3 (testreszabhat\u00f3)<\/td>\n<\/tr>\n<tr style=\"height: 13.50pt;\">\n<td style=\"height: 13.5pt; text-align: center;\" height=\"18\">Alkalmas<\/td>\n<td style=\"text-align: center;\">\u00c9ttermek, k\u00e1v\u00e9z\u00f3k, szupermarketek stb.<\/td>\n<\/tr>\n<\/tbody>\n<\/table>\n<h2>Sikeres eset<\/h2>\n<p>Egy mexik\u00f3i \u00e9ttereml\u00e1nc \u00f6sszefogott vel\u00fcnk, hogy szem\u00e9lyre szabjuk ezeket a 80 ml-es \u00fcveg f\u0171szertart\u00f3kat, melyeket a t\u00f6k\u00e9letes m\u00e9ret \u00e9s \u00e1tl\u00e1tsz\u00f3s\u00e1g miatt v\u00e1lasztottunk ki, hogy a v\u00e1s\u00e1rl\u00f3k gyorsan felismerhess\u00e9k a k\u00fcl\u00f6nb\u00f6z\u0151 f\u0171szereket. Az \u00e9l\u00e9nkpiros kupakok az \u00e9tterem m\u00e1rkasz\u00edneit t\u00fckr\u00f6zik, az \u00fcvegen l\u00e9v\u0151 egyedi log\u00f3 pedig egy kis kifinomults\u00e1got k\u00f6lcs\u00f6n\u00f6z.<\/p>\n<p>A m\u00f3dos\u00edt\u00e1s elv\u00e9gz\u00e9se ut\u00e1n a vend\u00e9gek el\u00e9gedetts\u00e9ge dr\u00e1maian megn\u0151tt, \u00e9s a szem\u00e9lyzet elmond\u00e1sa szerint a f\u0171szerek ut\u00e1nt\u00f6lt\u00e9se \u00e9s a takar\u00edt\u00e1s nagyon k\u00e9nyelmess\u00e9 v\u00e1lt.<\/p>\n<h2>Testreszab\u00e1si k\u00e9zik\u00f6nyved<\/h2>\n<ol>\n<li><strong>Testreszabhat\u00f3 sapkasz\u00ednek:<\/strong> V\u00e1lasszon egy elt\u00e9r\u0151 sz\u00edn\u0171 m\u0171anyag kupakot, p\u00e9ld\u00e1ul feket\u00e9t, z\u00f6ldet vagy pirosat, amely illik a m\u00e1rkaim\u00e1zshoz vagy az \u00e9tterem st\u00edlus\u00e1hoz, \u00edgy egy eszt\u00e9tikailag kellemes vizu\u00e1lis harm\u00f3ni\u00e1t hoz l\u00e9tre.<\/li>\n<li><strong>K\u00fcl\u00f6nb\u00f6z\u0151 kapacit\u00e1si lehet\u0151s\u00e9gek:<\/strong> K\u00fcl\u00f6nb\u00f6z\u0151 kapacit\u00e1sokban testreszabhat\u00f3, hogy kiel\u00e9g\u00edtse a k\u00e9tf\u00e9le konyha, az otthoni \u00e9s az \u00e9ttermi konyh\u00e1k ig\u00e9nyeit, amelyek elt\u00e9r\u0151 kapacit\u00e1ssal rendelkeznek.<\/li>\n<\/ol>","protected":false},"excerpt":{"rendered":"<p>Tart\u00f3s \u00fcveg f\u0171szeres \u00fcvegek piros tet\u0151vel, t\u00f6k\u00e9letes t\u00e1rol\u00f3 s\u00f3, bors \u00e9s chilipor sz\u00e1m\u00e1ra. Ide\u00e1lis otthoni konyh\u00e1kba vagy \u00e9ttermekbe.<\/p>","protected":false},"featured_media":23269,"template":"","meta":[],"product_brand":[],"product_cat":[122,124,128],"product_tag":[],"class_list":{"0":"post-23259","1":"product","2":"type-product","3":"status-publish","4":"has-post-thumbnail","6":"product_cat-custom-glass-packaging","7":"product_cat-custom-glass-jars","8":"product_cat-spice-jars","10":"first","11":"instock","12":"shipping-taxable","13":"product-type-simple"},"jetpack_sharing_enabled":true,"_links":{"self":[{"href":"https:\/\/yebodaglass.com\/hu\/wp-json\/wp\/v2\/product\/23259","targetHints":{"allow":["GET"]}}],"collection":[{"href":"https:\/\/yebodaglass.com\/hu\/wp-json\/wp\/v2\/product"}],"about":[{"href":"https:\/\/yebodaglass.com\/hu\/wp-json\/wp\/v2\/types\/product"}],"version-history":[{"count":5,"href":"https:\/\/yebodaglass.com\/hu\/wp-json\/wp\/v2\/product\/23259\/revisions"}],"predecessor-version":[{"id":23276,"href":"https:\/\/yebodaglass.com\/hu\/wp-json\/wp\/v2\/product\/23259\/revisions\/23276"}],"wp:featuredmedia":[{"embeddable":true,"href":"https:\/\/yebodaglass.com\/hu\/wp-json\/wp\/v2\/media\/23269"}],"wp:attachment":[{"href":"https:\/\/yebodaglass.com\/hu\/wp-json\/wp\/v2\/media?parent=23259"}],"wp:term":[{"taxonomy":"product_brand","embeddable":true,"href":"https:\/\/yebodaglass.com\/hu\/wp-json\/wp\/v2\/product_brand?post=23259"},{"taxonomy":"product_cat","embeddable":true,"href":"https:\/\/yebodaglass.com\/hu\/wp-json\/wp\/v2\/product_cat?post=23259"},{"taxonomy":"product_tag","embeddable":true,"href":"https:\/\/yebodaglass.com\/hu\/wp-json\/wp\/v2\/product_tag?post=23259"}],"curies":[{"name":"wp","href":"https:\/\/api.w.org\/{rel}","templated":true}]}}