{"id":23258,"date":"2025-11-05T13:20:07","date_gmt":"2025-11-05T05:20:07","guid":{"rendered":"https:\/\/yebodaglass.com\/?post_type=product&#038;p=23258"},"modified":"2026-03-24T13:44:04","modified_gmt":"2026-03-24T05:44:04","slug":"wholesale-clear-empty-glass-bottles-for-hot-sauce","status":"publish","type":"product","link":"https:\/\/yebodaglass.com\/hu\/wholesale-clear-empty-glass-bottles-for-hot-sauce\/","title":{"rendered":"Nagykereskedelmi 8oz-os \u00e1tl\u00e1tsz\u00f3 \u00fcres \u00fcvegpalackok forr\u00f3 sz\u00f3szhoz"},"content":{"rendered":"<p>A cs\u00edp\u0151s sz\u00f3szos palackok st\u00edlusos, magas derek\u00fa, hengeres form\u00e1j\u00faak, letisztult, krist\u00e1lytiszta \u00fcvegb\u0151l k\u00e9sz\u00fcltek, de st\u00edlusos fekete csavaros kupakkal rendelkeznek a l\u00e9gmentes z\u00e1r\u00e1s \u00e9rdek\u00e9ben.<\/p>\n<h2>Term\u00e9kjellemz\u0151k<\/h2>\n<ul>\n<li><strong>\u00cdvelt foganty\u00fa:<\/strong> A k\u00fapos forma lehet\u0151v\u00e9 teszi a k\u00f6nny\u0171 fog\u00e1st m\u00e9g cs\u00fasz\u00f3s k\u00e9z eset\u00e9n is, valamint stabilabb \u00e9s k\u00e9nyelmesebb \u00f6nt\u00e9st biztos\u00edt.<\/li>\n<li><strong>J\u00f3l l\u00e1that\u00f3 \u00e1tl\u00e1tsz\u00f3 \u00fcveg:<\/strong> Az \u00fcvegpalack a sz\u00f3szok, \u00edzes\u00edt\u0151k vagy \u00e9tolajok \u00e9l\u00e9nk sz\u00edneit \u00e9s text\u00far\u00e1it grafikus f\u00f3kuszba helyezi.<\/li>\n<li><strong>Biztons\u00e1gos fekete pecs\u00e9t:<\/strong> A f\u00e9nyes fekete csavaros kupak frissen \u00e9s sziv\u00e1rg\u00e1smentesen tartja a tartalmat.<\/li>\n<\/ul>\n<h2 style=\"text-align: left;\">F\u0151bb specifik\u00e1ci\u00f3k<\/h2>\n<table class=\"aligncenter\" style=\"border-collapse: collapse; width: 399.02pt;\" border=\"0\" width=\"532\" cellspacing=\"0\" cellpadding=\"0\">\n<tbody>\n<tr style=\"height: 13.50pt;\">\n<td style=\"height: 13.50pt; width: 94.50pt;\" width=\"126\" height=\"18\">Jellemz\u0151<\/td>\n<td style=\"width: 304.50pt;\" width=\"406\">Specifik\u00e1ci\u00f3<\/td>\n<\/tr>\n<tr style=\"height: 13.50pt;\">\n<td style=\"height: 13.50pt;\" height=\"18\">Kapacit\u00e1s<\/td>\n<td>250 ml (8 uncia)<\/td>\n<\/tr>\n<tr style=\"height: 13.50pt;\">\n<td style=\"height: 13.50pt;\" height=\"18\">M\u00e9retek<\/td>\n<td>5,2 cm (\u00e1tm\u00e9r\u0151) \u00d7 18,8 cm (magass\u00e1g)<\/td>\n<\/tr>\n<tr style=\"height: 13.50pt;\">\n<td style=\"height: 13.50pt;\" height=\"18\">Alak<\/td>\n<td>Karcs\u00fa, hengeres, hossz\u00fa nyak\u00fa<\/td>\n<\/tr>\n<tr style=\"height: 13.50pt;\">\n<td style=\"height: 13.50pt;\" height=\"18\">Anyag<\/td>\n<td>\u00c1tl\u00e1tsz\u00f3 \u00fcveg stout, \u00e9lelmiszeripari min\u0151s\u00e9g\u0171, \u00f3lommentes<\/td>\n<\/tr>\n<tr style=\"height: 13.50pt;\">\n<td style=\"height: 13.50pt;\" height=\"18\">Bez\u00e1r\u00e1s<\/td>\n<td>fekete csavaros kupak (testreszabhat\u00f3)<\/td>\n<\/tr>\n<tr style=\"height: 13.50pt;\">\n<td style=\"height: 13.50pt;\" height=\"18\">Legjobb<\/td>\n<td>Cs\u00edp\u0151s sz\u00f3sz, BBQ sz\u00f3sz, f\u0171szerkever\u00e9k, \u00f6ntet<\/td>\n<\/tr>\n<tr style=\"height: 13.50pt;\">\n<td style=\"height: 13.50pt;\" height=\"18\">Ide\u00e1lis haszn\u00e1lat<\/td>\n<td>Cs\u00edp\u0151s sz\u00f3szos palackok, nagykereskedelmi palackok cs\u00edp\u0151s sz\u00f3szhoz<\/td>\n<\/tr>\n<\/tbody>\n<\/table>\n<h2>Sikert\u00f6rt\u00e9net<\/h2>\n<p>Sz\u00f3szpalackjainkat egy \u00e9szak-karolinai k\u00e9zzel k\u00e9sz\u00edtett cs\u00edp\u0151s sz\u00f3szm\u00e1rka haszn\u00e1lta cs\u00edp\u0151s sz\u00f3szk\u00e9nt. A palackon egy speci\u00e1lis, egyedi vintage c\u00edmke tal\u00e1lhat\u00f3, a kupak pedig fekete fenolgyant\u00e1val van bevonva, amely nem melegszik fel. Az egyedi csomagol\u00e1s eredm\u00e9nye \u00f3ri\u00e1si volt: az \u00fcveg \u00e1tl\u00e1tsz\u00f3 volt, felfedve a cs\u00edp\u0151s sz\u00f3sz text\u00far\u00e1j\u00e1t \u00e9s sz\u00edn\u00e9t, ami 30 sz\u00e1zal\u00e9kkal n\u00f6velte online k\u00f6zvetlen \u00e9rt\u00e9kes\u00edt\u00e9s\u00fcket. A kiv\u00e1l\u00f3 min\u0151s\u00e9g\u0171 megjelen\u00e9snek k\u00f6sz\u00f6nhet\u0151en 200 \u00faj butik \u00e9lelmiszerboltba \u00e9s aj\u00e1nd\u00e9kboltba l\u00e9ptek be sikeresen. Ennek a sikernek k\u00f6sz\u00f6nhet\u0151en \u00fajabb 750 000 palackb\u00f3l \u00e1ll\u00f3 sz\u00e1ll\u00edtm\u00e1nyt rendeltek, hogy elind\u00edts\u00e1k a cs\u00edp\u0151s barbecue sz\u00f3szok \u00e9s p\u00e1cok \u00faj m\u00e1rk\u00e1j\u00e1t.<\/p>\n<h2>Palackm\u00f3dos\u00edt\u00e1si \u00f6tletek<\/h2>\n<ul>\n<li><strong>\u00d3lom\u00fcveg alternat\u00edv\u00e1k:<\/strong> Az \u00e1tl\u00e1tsz\u00f3 \u00fcveg mellett borosty\u00e1n vagy z\u00f6ld \u00fcvegpalackokat is v\u00e1laszthat, hogy fokozza a term\u00e9k im\u00e1zs\u00e1t \u00e9s v\u00e9delmet ny\u00fajtson a f\u00e9ny ellen.<\/li>\n<li><strong>Egyedi sapka sz\u00ednek:<\/strong> Ha p\u00e9ld\u00e1ul a feket\u00e9t\u0151l elt\u00e9r\u0151 sz\u00edn\u0171 sapk\u00e1t haszn\u00e1lsz, akkor a m\u00e1rk\u00e1d sz\u00edne illik \u00e9s j\u00f3l mutat a t\u00f6bbivel. Lehet feh\u00e9r, arany vagy ez\u00fcst.<\/li>\n<li><strong>Dombornyom\u00e1s:<\/strong> Az egyik m\u00f3dszer, amellyel eleg\u00e1ns, f\u00e9ny\u0171z\u0151 \u00e9s hars\u00e1ny st\u00edlust adhatsz \u00fcvegednek, az, hogy a log\u00f3dat a palack v\u00e1ll\u00e1ra vagy alj\u00e1ra dombor\u00edtod.<\/li>\n<li><strong>K\u00fcl\u00f6nb\u00f6z\u0151 kifoly\u00f3m\u00e9retek:<\/strong> V\u00e1lassza ki a megfelel\u0151 f\u00fav\u00f3kam\u00e9retet, hogy teljes m\u00e9rt\u00e9kben szab\u00e1lyozhassa a sz\u00f3sz \u00e1raml\u00e1s\u00e1t, legyen az ak\u00e1r ecets\u0171r\u0171, ak\u00e1r barbecue-sz\u00f3sz.<\/li>\n<\/ul>","protected":false},"excerpt":{"rendered":"<p>Eleg\u00e1ns, hengeres \u00fcvegek sz\u00f3szokhoz, fekete tet\u0151vel. T\u00f6k\u00e9letes \u00fcvegek cs\u00edp\u0151s sz\u00f3szokhoz, hogy kiemelj\u00e9k a sz\u00f3szok text\u00far\u00e1j\u00e1t \u00e9s sz\u00edn\u00e9t. Ingyenes mint\u00e1k \u00e9s nagy t\u00e9telben kedvezm\u00e9nyek!<\/p>","protected":false},"featured_media":23261,"template":"","meta":[],"product_brand":[],"product_cat":[129,123,122],"product_tag":[],"class_list":{"0":"post-23258","1":"product","2":"type-product","3":"status-publish","4":"has-post-thumbnail","6":"product_cat-hot-sauce-bottles","7":"product_cat-custom-glass-bottles","8":"product_cat-custom-glass-packaging","10":"first","11":"instock","12":"shipping-taxable","13":"product-type-simple"},"jetpack_sharing_enabled":true,"_links":{"self":[{"href":"https:\/\/yebodaglass.com\/hu\/wp-json\/wp\/v2\/product\/23258","targetHints":{"allow":["GET"]}}],"collection":[{"href":"https:\/\/yebodaglass.com\/hu\/wp-json\/wp\/v2\/product"}],"about":[{"href":"https:\/\/yebodaglass.com\/hu\/wp-json\/wp\/v2\/types\/product"}],"version-history":[{"count":4,"href":"https:\/\/yebodaglass.com\/hu\/wp-json\/wp\/v2\/product\/23258\/revisions"}],"predecessor-version":[{"id":25585,"href":"https:\/\/yebodaglass.com\/hu\/wp-json\/wp\/v2\/product\/23258\/revisions\/25585"}],"wp:featuredmedia":[{"embeddable":true,"href":"https:\/\/yebodaglass.com\/hu\/wp-json\/wp\/v2\/media\/23261"}],"wp:attachment":[{"href":"https:\/\/yebodaglass.com\/hu\/wp-json\/wp\/v2\/media?parent=23258"}],"wp:term":[{"taxonomy":"product_brand","embeddable":true,"href":"https:\/\/yebodaglass.com\/hu\/wp-json\/wp\/v2\/product_brand?post=23258"},{"taxonomy":"product_cat","embeddable":true,"href":"https:\/\/yebodaglass.com\/hu\/wp-json\/wp\/v2\/product_cat?post=23258"},{"taxonomy":"product_tag","embeddable":true,"href":"https:\/\/yebodaglass.com\/hu\/wp-json\/wp\/v2\/product_tag?post=23258"}],"curies":[{"name":"wp","href":"https:\/\/api.w.org\/{rel}","templated":true}]}}