{"id":23250,"date":"2025-11-05T10:42:43","date_gmt":"2025-11-05T02:42:43","guid":{"rendered":"https:\/\/yebodaglass.com\/?post_type=product&#038;p=23250"},"modified":"2026-03-24T14:51:50","modified_gmt":"2026-03-24T06:51:50","slug":"bulk-unique-hot-sauce-bottles-with-textured-design","status":"publish","type":"product","link":"https:\/\/yebodaglass.com\/hu\/bulk-unique-hot-sauce-bottles-with-textured-design\/","title":{"rendered":"500 ml-es egyedi cs\u00edp\u0151s sz\u00f3szos palackok textur\u00e1lt mint\u00e1val"},"content":{"rendered":"<p>Ez egy exkluz\u00edv, egyedi, retr\u00f3 megjelen\u00e9s\u0171, j\u00f3l textur\u00e1lt nyakkal \u00e9s bord\u00e1zott aljjal rendelkez\u0151 cs\u00edp\u0151s sz\u00f3szos palack. A palack krist\u00e1lytiszta \u00fcvegb\u0151l k\u00e9sz\u00fclt, \u00e9s sima, fekete csavaros kupakkal van ell\u00e1tva.<\/p>\n<h2>Term\u00e9kjellemz\u0151k<\/h2>\n<ul>\n<li><strong>D\u00edszes bord\u00e1zott r\u00e9szletek:<\/strong> A nyakon \u00e9s az alj\u00e1n tal\u00e1lhat\u00f3 bord\u00e1zott d\u00edsz\u00edt\u00e9sek jobb fog\u00e1st biztos\u00edtanak, vizu\u00e1lis text\u00far\u00e1t hoznak l\u00e9tre, \u00e9s er\u0151s\u00edtik a vintage benyom\u00e1st.<\/li>\n<li><strong>Kiv\u00e1l\u00f3 tisztas\u00e1g\u00fa kijelz\u0151\u00fcveg:<\/strong> Az \u00e1tl\u00e1tsz\u00f3 \u00fcveg olyan, mint egy \u00e1tl\u00e1tsz\u00f3 ablak, amely hib\u00e1tlanul mutatja a sz\u00f3sz sz\u00edn\u00e9t, \u00e1llag\u00e1t \u00e9s a sz\u00f3szban tal\u00e1lhat\u00f3 szennyez\u0151d\u00e9seket.<\/li>\n<li><strong>Egyszer\u0171 fekete sapka:<\/strong> A matt vagy f\u00e9nyes fekete csavaros kupak szoros illeszked\u00e9st biztos\u00edtana \u00e9s tiszta kontraszthat\u00e1st keltene.<\/li>\n<\/ul>\n<h2 style=\"text-align: left;\">F\u0151bb specifik\u00e1ci\u00f3k<\/h2>\n<table class=\"aligncenter\" style=\"border-collapse: collapse; width: 498.77pt;\" border=\"0\" width=\"665\" cellspacing=\"0\" cellpadding=\"0\">\n<tbody>\n<tr style=\"height: 13.50pt;\">\n<td style=\"height: 13.50pt; width: 118.50pt;\" width=\"158\" height=\"18\">Jellemz\u0151<\/td>\n<td style=\"width: 380.25pt;\" width=\"507\">Specifik\u00e1ci\u00f3<\/td>\n<\/tr>\n<tr style=\"height: 13.50pt;\">\n<td style=\"height: 13.50pt;\" height=\"18\">Kapacit\u00e1s<\/td>\n<td>500 ml<\/td>\n<\/tr>\n<tr style=\"height: 13.50pt;\">\n<td style=\"height: 13.50pt;\" height=\"18\">Csomagol\u00e1s m\u00e9rete<\/td>\n<td>23 \u00d7 18 \u00d7 20 cm<\/td>\n<\/tr>\n<tr style=\"height: 13.50pt;\">\n<td style=\"height: 13.50pt;\" height=\"18\">Alak<\/td>\n<td>Magas, hengeres, hossz\u00fa nyak\u00fa, kisz\u00e9lesed\u0151 v\u00e1llal<\/td>\n<\/tr>\n<tr style=\"height: 13.50pt;\">\n<td style=\"height: 13.50pt;\" height=\"18\">Anyag<\/td>\n<td>\u00c1tl\u00e1tsz\u00f3 \u00fcveg stout, \u00e9lelmiszeripari min\u0151s\u00e9g\u0171, \u00f3lommentes<\/td>\n<\/tr>\n<tr style=\"height: 13.50pt;\">\n<td style=\"height: 13.50pt;\" height=\"18\">Fel\u00fcleti r\u00e9szletek<\/td>\n<td>Dombornyomott text\u00far\u00e1j\u00fa szalag az alj\u00e1n \u00e9s a nyakkiv\u00e1g\u00e1sn\u00e1l<\/td>\n<\/tr>\n<tr style=\"height: 13.50pt;\">\n<td style=\"height: 13.50pt;\" height=\"18\">Bez\u00e1r\u00e1s<\/td>\n<td>Matt fekete csavaros kupak (testreszabhat\u00f3)<\/td>\n<\/tr>\n<tr style=\"height: 13.50pt;\">\n<td style=\"height: 13.50pt;\" height=\"18\">Legjobb<\/td>\n<td>Cs\u00edp\u0151s sz\u00f3sz, BBQ sz\u00f3sz, \u00f6ntet, ecet, szirup, f\u0171szerkever\u00e9k<\/td>\n<\/tr>\n<tr style=\"height: 13.50pt;\">\n<td style=\"height: 13.50pt;\" height=\"18\">Ide\u00e1lis haszn\u00e1lat<\/td>\n<td>Nagykereskedelmi cs\u00edp\u0151s sz\u00f3szos palackok, egyedi cs\u00edp\u0151s sz\u00f3szos palackok<\/td>\n<\/tr>\n<\/tbody>\n<\/table>\n<h2>Sikert\u00f6rt\u00e9net<\/h2>\n<p>Az egyik n\u00e9pszer\u0171 louisianai cs\u00edp\u0151s sz\u00f3szm\u00e1rka \u00fcvegpalackjainkat v\u00e1lasztotta sz\u00f3szaikhoz, \u00e9s vintage szitanyom\u00e1sos c\u00edmk\u00e9t k\u00e9sz\u00edtett r\u00e1juk. Egyedi palackjuk hatalmas sikert aratott: a r\u00e9gim\u00f3di megjelen\u00e9s t\u00f6k\u00e9letesen illett a m\u00e1rkat\u00f6rt\u00e9net\u00fckh\u00f6z, \u00e9s ennek eredm\u00e9nyek\u00e9nt az aj\u00e1nd\u00e9kboltok \u00e9s a k\u00fcl\u00f6nleges \u00e9lelmiszerboltok elad\u00e1sai negyed\u00e9vel n\u0151ttek. A text\u00far\u00e1zott palackdiz\u00e1jn fokozta a m\u00e1rka t\u00f6rt\u00e9nelmi t\u00f6rt\u00e9net\u00e9t, aminek eredm\u00e9nyek\u00e9nt az aj\u00e1nd\u00e9kt\u00e1rgyak elad\u00e1sa 35%-kal n\u0151tt. Erre hivatkozva \u00fajabb 400 000 palackos sz\u00e1ll\u00edtm\u00e1nyt rendeltek \u00faj chili zsel\u00e9 \u00e9s savany\u00fas\u00e1g term\u00e9kcsal\u00e1djukb\u00f3l.<\/p>\n<h2>\u00dcvegpalackok sz\u00f3szokhoz \u2013 testreszab\u00e1si javaslatok<\/h2>\n<ul>\n<li><strong>Textur\u00e1lt \u00fcveg sz\u00ednek:<\/strong> A sz\u00ednes \u00fcvegen textur\u00e1lt mint\u00e1kat, p\u00e9ld\u00e1ul borosty\u00e1nt vagy z\u00f6ldet is elhelyezhet, \u00edgy a forr\u00f3 sz\u00f3szos \u00fcveg val\u00f3ban egyedi megjelen\u00e9s\u0171 lesz.<\/li>\n<li><strong>Sapka sz\u00ednegyeztet\u00e9se:<\/strong> Szabja szem\u00e9lyre a kupak sz\u00edn\u00e9t. Arany, ez\u00fcst vagy matt fekete csavaros kupakok haszn\u00e1lhat\u00f3k a csomagol\u00e1s \u00faj megjelen\u00e9s\u00e9nek megteremt\u00e9s\u00e9hez.<\/li>\n<li><strong>T\u00f6bb text\u00faraminta:<\/strong> A mint\u00e1z\u00e1s sokf\u00e9le lehet \u2013 f\u00fcgg\u0151leges text\u00far\u00e1k, rombuszmint\u00e1k vagy egy finom, matt log\u00f3 a text\u00far\u00e1ban.<\/li>\n<li><strong>\u00c1raml\u00e1sszab\u00e1lyoz\u00f3 v\u00e1laszt\u00e1si lehet\u0151s\u00e9gek:<\/strong> A megfelel\u0151 m\u00e9ret\u0171 \u00e1raml\u00e1sszab\u00e1lyoz\u00f3 t\u00f6k\u00e9letes szab\u00e1lyoz\u00e1st k\u00edn\u00e1l s\u0171r\u0171 sz\u00f3szok vagy h\u00edg ecetek adagol\u00e1s\u00e1hoz.<\/li>\n<\/ul>","protected":false},"excerpt":{"rendered":"<p>Eleg\u00e1ns \u00e9s egyedi cs\u00edp\u0151s sz\u00f3szos \u00fcvegek textur\u00e1lt nyakkal \u00e9s aljjal. Pr\u00e9mium min\u0151s\u00e9g\u0171 \u00fcvegpalackok sz\u00f3szokhoz, k\u00f6zvetlen gy\u00e1ri nagykereskedelem, gyors sz\u00e1ll\u00edt\u00e1ssal.<\/p>","protected":false},"featured_media":23253,"template":"","meta":[],"product_brand":[],"product_cat":[129,123,122],"product_tag":[],"class_list":{"0":"post-23250","1":"product","2":"type-product","3":"status-publish","4":"has-post-thumbnail","6":"product_cat-hot-sauce-bottles","7":"product_cat-custom-glass-bottles","8":"product_cat-custom-glass-packaging","10":"first","11":"instock","12":"shipping-taxable","13":"product-type-simple"},"jetpack_sharing_enabled":true,"_links":{"self":[{"href":"https:\/\/yebodaglass.com\/hu\/wp-json\/wp\/v2\/product\/23250","targetHints":{"allow":["GET"]}}],"collection":[{"href":"https:\/\/yebodaglass.com\/hu\/wp-json\/wp\/v2\/product"}],"about":[{"href":"https:\/\/yebodaglass.com\/hu\/wp-json\/wp\/v2\/types\/product"}],"version-history":[{"count":5,"href":"https:\/\/yebodaglass.com\/hu\/wp-json\/wp\/v2\/product\/23250\/revisions"}],"predecessor-version":[{"id":25590,"href":"https:\/\/yebodaglass.com\/hu\/wp-json\/wp\/v2\/product\/23250\/revisions\/25590"}],"wp:featuredmedia":[{"embeddable":true,"href":"https:\/\/yebodaglass.com\/hu\/wp-json\/wp\/v2\/media\/23253"}],"wp:attachment":[{"href":"https:\/\/yebodaglass.com\/hu\/wp-json\/wp\/v2\/media?parent=23250"}],"wp:term":[{"taxonomy":"product_brand","embeddable":true,"href":"https:\/\/yebodaglass.com\/hu\/wp-json\/wp\/v2\/product_brand?post=23250"},{"taxonomy":"product_cat","embeddable":true,"href":"https:\/\/yebodaglass.com\/hu\/wp-json\/wp\/v2\/product_cat?post=23250"},{"taxonomy":"product_tag","embeddable":true,"href":"https:\/\/yebodaglass.com\/hu\/wp-json\/wp\/v2\/product_tag?post=23250"}],"curies":[{"name":"wp","href":"https:\/\/api.w.org\/{rel}","templated":true}]}}