{"id":23225,"date":"2025-11-05T10:06:40","date_gmt":"2025-11-05T02:06:40","guid":{"rendered":"https:\/\/yebodaglass.com\/?post_type=product&#038;p=23225"},"modified":"2026-04-10T09:35:05","modified_gmt":"2026-04-10T01:35:05","slug":"stainless-steel-seasoning-shakers-with-glass-window-bulk","status":"publish","type":"product","link":"https:\/\/yebodaglass.com\/hu\/stainless-steel-seasoning-shakers-with-glass-window-bulk\/","title":{"rendered":"3oz-os rozsdamentes ac\u00e9l f\u0171szerkever\u0151k \u00fcvegablakkal, \u00f6mlesztett"},"content":{"rendered":"<p>Ezek a f\u0171szerkever\u0151k eleg\u00e1ns, hengeres form\u00e1j\u00faak, k\u00fcls\u0151 r\u00e9sz\u00fck sz\u00e1lcsiszolt rozsdamentes ac\u00e9lb\u00f3l k\u00e9sz\u00fclt, bel\u00fcl pedig egy ov\u00e1lis alak\u00fa \u00e1tl\u00e1tsz\u00f3 ablak tal\u00e1lhat\u00f3, amelyen j\u00f3l l\u00e1that\u00f3k a benn\u00fck l\u00e9v\u0151 \u00e9l\u00e9nk sz\u00edn\u0171 f\u0171szerek.<\/p>\n<h2>Term\u00e9kjellemz\u0151k<\/h2>\n<ul>\n<li><strong>Min\u0151s\u00e9gi rozsdamentes ac\u00e9l palackok:<\/strong> A sz\u00e1lcsiszolt rozsdamentes ac\u00e9l test ellen\u00e1ll a rozsd\u00e1nak, k\u00f6nnyen tiszt\u00edthat\u00f3 \u00e9s el\u00e9g er\u0151s ahhoz, hogy megfeleljen a mindennapi konyhai ig\u00e9nyeknek.<\/li>\n<li><strong>Integr\u00e1lt betekint\u0151ablak:<\/strong> Az \u00e1tl\u00e1tsz\u00f3 ov\u00e1lis ablak lehet\u0151v\u00e9 teszi a megmaradt f\u0171szerek t\u00edpus\u00e1nak \u00e9s mennyis\u00e9g\u00e9nek k\u00f6nny\u0171 meghat\u00e1roz\u00e1s\u00e1t an\u00e9lk\u00fcl, hogy k\u00e1rba v\u00e9sz.<\/li>\n<li><strong>\u00c1ll\u00edthat\u00f3 r\u00e1z\u00f3sapka:<\/strong> A csavaros kupak forg\u00f3gombbal rendelkezik, amely h\u00e1rom poz\u00edci\u00f3ba v\u00e1lt: z\u00e1r\u00e1s, sz\u00f3r\u00e1s \u00e9s \u00f6nt\u00e9s, \u00edgy a csavaros kupak pontosan szab\u00e1lyozhat\u00f3.<\/li>\n<\/ul>\n<h2>F\u0151bb specifik\u00e1ci\u00f3k<\/h2>\n<table style=\"border-collapse: collapse; width: 80%; height: auto; margin-left: auto; margin-right: auto;\" border=\"0\" width=\"360\" cellspacing=\"0\" cellpadding=\"0\">\n<tbody>\n<tr style=\"height: 13.50pt;\">\n<td style=\"height: 13.5pt; width: 54pt; text-align: center;\" width=\"72\" height=\"18\">Kapacit\u00e1s<\/td>\n<td style=\"width: 54pt; text-align: center;\" width=\"72\">Alak<\/td>\n<td style=\"width: 54pt; text-align: center;\" width=\"72\">Anyag<\/td>\n<td style=\"width: 54pt; text-align: center;\" width=\"72\">Sz\u00ednbe\u00e1ll\u00edt\u00e1sok<\/td>\n<td style=\"width: 54pt; text-align: center;\" width=\"72\">Haszn\u00e1lat<\/td>\n<\/tr>\n<tr style=\"height: 13.50pt;\">\n<td style=\"height: 13.5pt; text-align: center;\" height=\"18\">80 ml, 90 ml, 100 ml<\/td>\n<td style=\"text-align: center;\">Henger<\/td>\n<td style=\"text-align: center;\">304 rozsdamentes ac\u00e9l + \u00fcveg<\/td>\n<td style=\"text-align: center;\">Piros, fekete, k\u00e9k, z\u00f6ld<\/td>\n<td style=\"text-align: center;\">S\u00f3, bors, chili pehely vagy m\u00e1s \u0151r\u00f6lt f\u0171szerek eset\u00e9n<\/td>\n<\/tr>\n<\/tbody>\n<\/table>\n<h2>Sikert\u00f6rt\u00e9net: \u00dajra megnyitott tengeri \u00e9ttereml\u00e1nc Florid\u00e1ban<\/h2>\n<p>Rozsdamentes ac\u00e9l f\u0171szeres palackjainkat egy floridai tengeri herkenty\u0171ket \u00e1rus\u00edt\u00f3 \u00fczletl\u00e1nc v\u00e1lasztotta ki, akik szem\u00e9lyre szabott log\u00f3val \u00e9s palackdiz\u00e1jnnal l\u00e1tt\u00e1k el. Az \u00e1tl\u00e1tsz\u00f3 ablak lehet\u0151v\u00e9 teszi a pinc\u00e9rek sz\u00e1m\u00e1ra, hogy nagyon r\u00f6vid id\u0151n bel\u00fcl \u00fajrat\u00f6lts\u00e9k az \u00fcvegeket, \u00edgy elker\u00fclhet\u0151 az \u00fcres \u00fcvegek kialakul\u00e1sa, \u00e9s 15%-kal gyors\u00edthat\u00f3 az asztali kiszolg\u00e1l\u00e1s. Az \u00e1ll\u00edthat\u00f3 kupak cs\u00f6kkenti a pazarl\u00e1st, az \u00fczletek visszajelz\u00e9sei szerint a f\u0171szerekb\u0151l sz\u00e1rmaz\u00f3 pazarl\u00e1s becsl\u00e9sek szerint 15%-kal cs\u00f6kkenthet\u0151. Az \u00e9ttereml\u00e1nc annyira el\u00e9gedett volt a term\u00e9kkel, hogy tov\u00e1bbi 100 000 \u00fcveg f\u0171szert rendelt mind az 50 \u00fczlet\u00e9nek ell\u00e1t\u00e1s\u00e1ra, \u00e9s elind\u00edtott\u00e1k saj\u00e1t m\u00e1rk\u00e1s f\u0171szereik kiskereskedelmi vonal\u00e1t is.<\/p>\n<h2>Testreszab\u00e1si k\u00e9zik\u00f6nyved<\/h2>\n<ul>\n<li><strong>Palackok fel\u00fclete \u00e9s sz\u00ednei:<\/strong> A palackok hagyom\u00e1nyos rozsdamentes ac\u00e9lb\u00f3l, fekete rozsdamentes ac\u00e9lb\u00f3l, r\u00e9zb\u0151l vagy bronzb\u00f3l k\u00e9sz\u00fclnek.<\/li>\n<li><strong>Az ablak kialak\u00edt\u00e1sa:<\/strong> Rugalmas kerek, sz\u00f6gletes \u00e9s m\u00e1rkajelz\u00e9ses ablakform\u00e1k.<\/li>\n<li><strong>Kupakbet\u00e9tek:<\/strong> K\u00fcl\u00f6nb\u00f6z\u0151 perfor\u00e1ci\u00f3k l\u00e9teznek, p\u00e9ld\u00e1ul finom perfor\u00e1ci\u00f3k, k\u00f6zepes perfor\u00e1ci\u00f3k \u00e9s durva perfor\u00e1ci\u00f3k.<\/li>\n<\/ul>","protected":false},"excerpt":{"rendered":"<p>Pr\u00e9mium f\u0171szerkever\u0151k sz\u00e1lcsiszolt rozsdamentes ac\u00e9l h\u00e9jjal \u00e9s \u00e1ll\u00edthat\u00f3 tet\u0151vel. Megb\u00edzhat\u00f3 f\u0171szeres palackok, amelyek t\u00f6k\u00e9letesek konyhai f\u0171szerek \u00e9s gy\u00f3gyn\u00f6v\u00e9nyek t\u00e1rol\u00e1s\u00e1ra. Gyors sz\u00e1ll\u00edt\u00e1s.<\/p>","protected":false},"featured_media":23242,"template":"","meta":[],"product_brand":[],"product_cat":[128,124,122],"product_tag":[],"class_list":{"0":"post-23225","1":"product","2":"type-product","3":"status-publish","4":"has-post-thumbnail","6":"product_cat-spice-jars","7":"product_cat-custom-glass-jars","8":"product_cat-custom-glass-packaging","10":"first","11":"instock","12":"shipping-taxable","13":"product-type-simple"},"jetpack_sharing_enabled":true,"_links":{"self":[{"href":"https:\/\/yebodaglass.com\/hu\/wp-json\/wp\/v2\/product\/23225","targetHints":{"allow":["GET"]}}],"collection":[{"href":"https:\/\/yebodaglass.com\/hu\/wp-json\/wp\/v2\/product"}],"about":[{"href":"https:\/\/yebodaglass.com\/hu\/wp-json\/wp\/v2\/types\/product"}],"version-history":[{"count":5,"href":"https:\/\/yebodaglass.com\/hu\/wp-json\/wp\/v2\/product\/23225\/revisions"}],"predecessor-version":[{"id":25475,"href":"https:\/\/yebodaglass.com\/hu\/wp-json\/wp\/v2\/product\/23225\/revisions\/25475"}],"wp:featuredmedia":[{"embeddable":true,"href":"https:\/\/yebodaglass.com\/hu\/wp-json\/wp\/v2\/media\/23242"}],"wp:attachment":[{"href":"https:\/\/yebodaglass.com\/hu\/wp-json\/wp\/v2\/media?parent=23225"}],"wp:term":[{"taxonomy":"product_brand","embeddable":true,"href":"https:\/\/yebodaglass.com\/hu\/wp-json\/wp\/v2\/product_brand?post=23225"},{"taxonomy":"product_cat","embeddable":true,"href":"https:\/\/yebodaglass.com\/hu\/wp-json\/wp\/v2\/product_cat?post=23225"},{"taxonomy":"product_tag","embeddable":true,"href":"https:\/\/yebodaglass.com\/hu\/wp-json\/wp\/v2\/product_tag?post=23225"}],"curies":[{"name":"wp","href":"https:\/\/api.w.org\/{rel}","templated":true}]}}