{"id":23199,"date":"2025-11-04T16:03:47","date_gmt":"2025-11-04T08:03:47","guid":{"rendered":"https:\/\/yebodaglass.com\/?post_type=product&#038;p=23199"},"modified":"2026-03-24T13:23:16","modified_gmt":"2026-03-24T05:23:16","slug":"wholesale-square-glass-empty-hot-sauce-bottles","status":"publish","type":"product","link":"https:\/\/yebodaglass.com\/hu\/wholesale-square-glass-empty-hot-sauce-bottles\/","title":{"rendered":"Nagykereskedelmi n\u00e9gyzet alak\u00fa \u00fcveg \u00fcres forr\u00f3 sz\u00f3szos palackok 100ml 150ml 250ml"},"content":{"rendered":"<p>Ezek sima oldal\u00fa, t\u00e9glalap alak\u00fa, \u00fcres, cs\u00edp\u0151s sz\u00f3szos \u00fcvegek, krist\u00e1lytiszta \u00fcvegb\u0151l, menetes nyakkal \u00e9s sima fekete csavaros kupakkal.<\/p>\n<h2>Term\u00e9kjellemz\u0151k<\/h2>\n<ul>\n<li><strong>Tiszta \u00fcveg:<\/strong> Az \u00fcvegfalak \u00e1tl\u00e1tsz\u00f3ak, \u00edgy k\u00f6nnyen be lehet n\u00e9zni a belsej\u00e9be \u00e9s ellen\u0151rizni a t\u00f6lt\u00f6tts\u00e9gi szintet, ami ide\u00e1lis sz\u00ednes sz\u00f3szokhoz \u00e9s \u00f6ntetekhez.<\/li>\n<li><strong>Biztons\u00e1gos fekete csavaros kupak:<\/strong> A sima fekete m\u0171anyag kupak szorosan z\u00e1r\u00f3dik, \u00edgy a sz\u00f3szok frissek maradnak \u00e9s nem sziv\u00e1rognak.<\/li>\n<li><strong>Lekerek\u00edtett sarkok n\u00e9gyzete:<\/strong> Ez a palack k\u00fapos, lekerek\u00edtett \u00e9s sz\u00f6gletes kialak\u00edt\u00e1s\u00fa, valamint k\u00e9nyelmes \u00e9s cs\u00fasz\u00e1smentes fog\u00e1st biztos\u00edt, lehet\u0151v\u00e9 t\u00e9ve a palack egym\u00e1sra rak\u00e1s\u00e1t, \u00e9s helyet takar\u00edtva meg t\u00e1rol\u00e1skor \u00e9s sz\u00e1ll\u00edt\u00e1skor.<\/li>\n<\/ul>\n<h2 style=\"text-align: left;\">F\u0151bb specifik\u00e1ci\u00f3k<\/h2>\n<table class=\"aligncenter\" style=\"border-collapse: collapse; width: 702.77pt;\" border=\"0\" width=\"937\" cellspacing=\"0\" cellpadding=\"0\">\n<tbody>\n<tr style=\"height: 13.50pt;\">\n<td style=\"height: 13.50pt; width: 112.50pt;\" width=\"150\" height=\"18\">T\u00e9tel<\/td>\n<td style=\"width: 590.25pt;\" width=\"787\">R\u00e9szletek<\/td>\n<\/tr>\n<tr style=\"height: 13.50pt;\">\n<td style=\"height: 13.50pt;\" height=\"18\">Kapacit\u00e1s<\/td>\n<td>100 ml\/3 uncia (4 \u00d7 13,2 cm), 150 ml\/5 uncia (4,4 \u00d7 16,6 cm), 250 ml\/8 uncia (5,1 \u00d7 19,7 cm)<\/td>\n<\/tr>\n<tr style=\"height: 13.50pt;\">\n<td style=\"height: 13.50pt;\" height=\"18\">Alak<\/td>\n<td>Lekerek\u00edtett sark\u00fa, n\u00e9gyzet alak\u00fa keresztmetszet<\/td>\n<\/tr>\n<tr style=\"height: 13.50pt;\">\n<td style=\"height: 13.50pt;\" height=\"18\">Anyag<\/td>\n<td>\u00c1tl\u00e1tsz\u00f3 \u00fcveg, \u00e9lelmiszeripari min\u0151s\u00e9g\u0171, \u00f3lommentes<\/td>\n<\/tr>\n<tr style=\"height: 13.50pt;\">\n<td style=\"height: 13.50pt;\" height=\"18\">Sapka<\/td>\n<td>Matt fekete, feh\u00e9r, piros csavaros kupak<\/td>\n<\/tr>\n<tr style=\"height: 13.50pt;\">\n<td style=\"height: 13.50pt;\" height=\"18\">Legjobb felhaszn\u00e1l\u00e1si m\u00f3dok<\/td>\n<td>Chilisz\u00f3sz, barbecue sz\u00f3sz, sal\u00e1ta\u00f6ntet, f\u0171szerek<\/td>\n<\/tr>\n<tr style=\"height: 13.50pt;\">\n<td style=\"height: 13.50pt;\" height=\"18\">Ide\u00e1lis felhaszn\u00e1l\u00e1si m\u00f3dok<\/td>\n<td>Nagykereskedelmi cs\u00edp\u0151s sz\u00f3szos palackok, \u00fcveg \u00f6ntetes palackok<\/td>\n<\/tr>\n<\/tbody>\n<\/table>\n<h2>Sikert\u00f6rt\u00e9net: Hogyan seg\u00edtett\u00e9k a sz\u00f6gletes palackok az \u00e9lelmiszerm\u00e1rk\u00e1k n\u00f6veked\u00e9s\u00e9t<\/h2>\n<p>Az egyik \u00edzes\u00edtett \u00e9tolajokat \u00e9s ecet alap\u00fa \u00e9tel\u00edzes\u00edt\u0151ket gy\u00e1rt\u00f3 m\u00e1rka olyan csomagol\u00e1st szeretett volna, amely t\u00fckr\u00f6zi men\u0151, luxusm\u00e1rka-im\u00e1zsukat. V\u00e9gs\u0151 d\u00f6nt\u00e9s\u00fck az volt, hogy a 250 ml-es, s\u0171r\u00edtett, n\u00e9gyzet alak\u00fa \u00fcveg \u00e9tel\u00edzes\u00edt\u0151-palackjainkat v\u00e1lasztott\u00e1k, \u00e9s els\u0151 rendel\u00e9s\u00fcket 1000 darabra n\u00f6velt\u00e9k. Az eredm\u00e9ny abszol\u00fat siker volt. Sok v\u00e1s\u00e1rl\u00f3t vonzott a term\u00e9k egyedi, n\u00e9gyzet alak\u00fa alakja, \u00edgy az elad\u00e1sok 70%-kal n\u0151ttek. A s\u0171r\u00edtett \u00fcveg emellett 45%-kal cs\u00f6kkentette a t\u00f6r\u00e9s kock\u00e1zat\u00e1t a sz\u00e1ll\u00edt\u00e1s sor\u00e1n. A v\u00e1llalat nem sok\u00e1ig v\u00e1rt egy m\u00e1sodik, 30 000 \u00fcveges rendel\u00e9s lead\u00e1s\u00e1ra, \u00e9s egy ehhez ill\u0151 150 ml-es term\u00e9ket dobtak piacra. Most ezt a n\u00e9gyzet alak\u00fa diz\u00e1jnt alkalmazz\u00e1k minden term\u00e9kcsal\u00e1djukban, \u00e9s negyed\u00e9vente t\u00f6bb mint 200 000 palackot rendelnek.<\/p>\n<h2>\u00dcveg\u00f6nd\u00f6r\u00edt\u0151 palack testreszab\u00e1si lehet\u0151s\u00e9gei<\/h2>\n<ul>\n<li><strong>Matt panelek:<\/strong> A n\u00e9gyzet alak\u00fa palack oldalaira kontrasztos, matt f\u00fcgg\u0151leges paneleket adva eleg\u00e1ns \u00e9s modern st\u00edlust k\u00f6lcs\u00f6n\u00f6zhet.<\/li>\n<li><strong>Dombornyomott log\u00f3:<\/strong> Dombor\u00edtsa log\u00f3j\u00e1t az egyik s\u00edk fel\u00fcletre a visszafogott \u00e9s magas sz\u00ednvonal\u00fa m\u00e1rkaarculat \u00e9rdek\u00e9ben.<\/li>\n<li><strong>\u00d3lom\u00fcveg opci\u00f3k:<\/strong> A n\u00e9gyzet alak\u00fa sz\u00e1r borosty\u00e1nsz\u00edn\u0171 vagy z\u00f6ld \u00fcvegb\u0151l k\u00e9sz\u00fclhet, hogy megv\u00e9dje a f\u00e9ny\u00e9rz\u00e9keny olajat \u00e9s ecetet a foltosod\u00e1st\u00f3l.<\/li>\n<\/ul>\n<p>K\u00e9szen \u00e1ll arra, hogy a csomagol\u00e1st a k\u00f6vetkez\u0151 szintre emelje? L\u00e9pjen kapcsolatba vel\u00fcnk m\u00e9g ma, \u00e9s k\u00e9rdezzen nagy t\u00e9telben \u00fcres, n\u00e9gyzet alak\u00fa chilisz\u00f3szos \u00fcvegeket \u00e9s \u00fcveg sal\u00e1ta\u00f6ntetes \u00fcvegeket.<\/p>","protected":false},"excerpt":{"rendered":"<p>Pr\u00e9mium min\u0151s\u00e9g\u0171, \u00fcres cs\u00edp\u0151s sz\u00f3szos \u00e9s \u00fcveg dresszingpalackok massz\u00edv, sz\u00f6gletes \u00fcvegb\u0151l, st\u00edlusos \u00e9s modern megjelen\u00e9ssel. Testreszabhat\u00f3 log\u00f3val \u00e9s ingyenes mint\u00e1kkal!<\/p>","protected":false},"featured_media":23208,"template":"","meta":[],"product_brand":[],"product_cat":[129,123,122],"product_tag":[],"class_list":{"0":"post-23199","1":"product","2":"type-product","3":"status-publish","4":"has-post-thumbnail","6":"product_cat-hot-sauce-bottles","7":"product_cat-custom-glass-bottles","8":"product_cat-custom-glass-packaging","10":"first","11":"instock","12":"shipping-taxable","13":"product-type-simple"},"jetpack_sharing_enabled":true,"_links":{"self":[{"href":"https:\/\/yebodaglass.com\/hu\/wp-json\/wp\/v2\/product\/23199","targetHints":{"allow":["GET"]}}],"collection":[{"href":"https:\/\/yebodaglass.com\/hu\/wp-json\/wp\/v2\/product"}],"about":[{"href":"https:\/\/yebodaglass.com\/hu\/wp-json\/wp\/v2\/types\/product"}],"version-history":[{"count":5,"href":"https:\/\/yebodaglass.com\/hu\/wp-json\/wp\/v2\/product\/23199\/revisions"}],"predecessor-version":[{"id":25582,"href":"https:\/\/yebodaglass.com\/hu\/wp-json\/wp\/v2\/product\/23199\/revisions\/25582"}],"wp:featuredmedia":[{"embeddable":true,"href":"https:\/\/yebodaglass.com\/hu\/wp-json\/wp\/v2\/media\/23208"}],"wp:attachment":[{"href":"https:\/\/yebodaglass.com\/hu\/wp-json\/wp\/v2\/media?parent=23199"}],"wp:term":[{"taxonomy":"product_brand","embeddable":true,"href":"https:\/\/yebodaglass.com\/hu\/wp-json\/wp\/v2\/product_brand?post=23199"},{"taxonomy":"product_cat","embeddable":true,"href":"https:\/\/yebodaglass.com\/hu\/wp-json\/wp\/v2\/product_cat?post=23199"},{"taxonomy":"product_tag","embeddable":true,"href":"https:\/\/yebodaglass.com\/hu\/wp-json\/wp\/v2\/product_tag?post=23199"}],"curies":[{"name":"wp","href":"https:\/\/api.w.org\/{rel}","templated":true}]}}