{"id":23183,"date":"2025-11-04T17:02:49","date_gmt":"2025-11-04T09:02:49","guid":{"rendered":"https:\/\/yebodaglass.com\/?post_type=product&#038;p=23183"},"modified":"2026-03-17T15:44:22","modified_gmt":"2026-03-17T07:44:22","slug":"clear-glass-spice-containers-with-horizontal-ribbed-bulk","status":"publish","type":"product","link":"https:\/\/yebodaglass.com\/hu\/clear-glass-spice-containers-with-horizontal-ribbed-bulk\/","title":{"rendered":"250 ml-es \u00e1tl\u00e1tsz\u00f3 \u00fcveg f\u0171szertart\u00f3k v\u00edzszintes bord\u00e1zott \u00f6mlesztett form\u00e1val"},"content":{"rendered":"<p>Ez a f\u0171szertart\u00f3 jellegzetes text\u00far\u00e1j\u00fa \u00e9s \u00edvelt \u00fcvegpalackkal rendelkezik. Nemcsak kellemes text\u00far\u00e1j\u00fa, de j\u00f3 cs\u00fasz\u00e1smentes fog\u00e1st is biztos\u00edt. Az \u00fcveg \u00e1tl\u00e1tsz\u00f3, \u00edgy a f\u0171szerek sz\u00ednei j\u00f3l l\u00e1tszanak benne. A kupak pol\u00edrozott rozsdamentes ac\u00e9lb\u00f3l k\u00e9sz\u00fclt, \u00e9s sz\u00e1mos apr\u00f3 lyukkal rendelkezik a pontos adagol\u00e1s \u00e9rdek\u00e9ben.<\/p>\n<h2>Term\u00e9kjellemz\u0151k<\/h2>\n<ul>\n<li><strong>Ripple cs\u00fasz\u00e1smentes palack:<\/strong> A hull\u00e1mos kialak\u00edt\u00e1s t\u00f6bbr\u00e9teg\u0171, k\u00f6r alak\u00fa, fokozott fog\u00e1st \u00e9s a palack er\u0151sebb szerkezet\u00e9t biztos\u00edtja, ami elker\u00fcli a felborul\u00e1s probl\u00e9m\u00e1j\u00e1t.<\/li>\n<li><strong>Nagy \u00e1tl\u00e1tsz\u00f3s\u00e1g\u00fa \u00fcveg:<\/strong> Ez egy kiv\u00e1l\u00f3, nagy \u00e1tl\u00e1tsz\u00f3s\u00e1g\u00fa \u00fcveg, \u00e9lelmiszeripari min\u0151s\u00e9g\u0171 anyagb\u00f3l k\u00e9sz\u00fclt, a tart\u00e1lya pedig nagyon tiszta, \u00e9s a benne l\u00e9v\u0151 szemcs\u00e9s f\u0171szerek alakja \u00e9s mennyis\u00e9ge k\u00f6nnyen azonos\u00edthat\u00f3 a tart\u00e1lyra n\u00e9zve.<\/li>\n<li><strong>T\u00f6bblyuk\u00fa f\u00e9m csavaros kupak:<\/strong> Az ez\u00fcstb\u0151l k\u00e9sz\u00fclt, t\u00f6bbsz\u00f6r\u00f6sen perfor\u00e1lt f\u00e9m csavaros kupak egyenletesen elosztott perfor\u00e1ci\u00f3kkal rendelkezik, ami biztos\u00edtja a granul\u00e1lt f\u0171szer pontos adagol\u00e1s\u00e1t, \u00e9s megakad\u00e1lyozza a ki\u00f6ml\u00e9st \u00e9s a pazarl\u00e1st.<\/li>\n<\/ul>\n<h2>F\u0151bb specifik\u00e1ci\u00f3k<\/h2>\n<table style=\"border-collapse: collapse; width: 80%; margin-left: auto; margin-right: auto;\" border=\"0\" width=\"360\" cellspacing=\"0\" cellpadding=\"0\">\n<tbody>\n<tr style=\"height: 13.50pt;\">\n<td style=\"height: 13.5pt; width: 54pt; text-align: center;\" width=\"72\" height=\"18\">Kapacit\u00e1s<\/td>\n<td style=\"width: 54pt; text-align: center;\" width=\"72\">M\u00e9ret (cm)<\/td>\n<td style=\"width: 54pt; text-align: center;\" width=\"72\">Fed\u00e9l t\u00edpusa<\/td>\n<td style=\"width: 54pt; text-align: center;\" width=\"72\">Alak<\/td>\n<td style=\"width: 54pt; text-align: center;\" width=\"72\">Haszn\u00e1lat<\/td>\n<\/tr>\n<tr style=\"height: 13.50pt;\">\n<td style=\"height: 13.5pt; text-align: center;\" height=\"18\">250 ml<\/td>\n<td style=\"text-align: center;\">7,0 x 12<\/td>\n<td style=\"text-align: center;\">F\u00e9m k\u00e9tr\u00e9teg\u0171 sz\u0171r\u0151fed\u00e9l<\/td>\n<td style=\"text-align: center;\">Henger<\/td>\n<td style=\"text-align: center;\">S\u00f3hoz, borshoz, f\u0171szern\u00f6v\u00e9nyekhez; Otthoni haszn\u00e1latra; \u00c9ttermi haszn\u00e1latra<\/td>\n<\/tr>\n<\/tbody>\n<\/table>\n<h2>Sikeres eset<\/h2>\n<p>Bord\u00e1zott \u00fcveg f\u0171szeres \u00fcveg\u00fcnket egy brit k\u00fcl\u00f6nleges \u00e9lelmiszeripari m\u00e1rka v\u00e1lasztotta, \u00e9s egyedi tervez\u00e9s\u0171 bord\u00e1zott matt text\u00far\u00e1t \u00e9s r\u00e9z sz\u00edn\u0171 csavaros kupakot tervezt\u00fcnk hozz\u00e1. Az egyik el\u0151nye a jobb fog\u00e1s, amit a pozit\u00edv v\u00e1s\u00e1rl\u00f3i v\u00e9lem\u00e9nyek 25 sz\u00e1zal\u00e9ka eml\u00edtett. Az \u00e1tl\u00e1tsz\u00f3 \u00fcveg sz\u00edn\u00e9nek \u00e9s min\u0151s\u00e9g\u00e9nek k\u00f6sz\u00f6nhet\u0151en a f\u0171szerek t\u00f6k\u00e9letesen t\u00e1lalhat\u00f3k. A m\u00e1rka nagyon sikeres volt, \u00e9s az\u00f3ta tov\u00e1bbi 200 000 \u00fcveget rendelt, hogy becsomagolhassa kib\u0151v\u00edtett f\u0171szerk\u00edn\u00e1lat\u00e1t a luxus\u00e1ruh\u00e1zakba.<\/p>\n<h2>F\u0171szertart\u00e1lyok testreszab\u00e1sa<\/h2>\n<ul>\n<li>Bord\u00e1zott profil: A v\u00edzszintes bord\u00e1k sz\u00e9less\u00e9ge, m\u00e9lys\u00e9ge \u00e9s t\u00e1vols\u00e1ga testreszabhat\u00f3 az egy\u00e9ni tapint\u00e1si \u00e9lm\u00e9ny megteremt\u00e9se \u00e9rdek\u00e9ben.<\/li>\n<li>R\u00e1z\u00f3lyuk t\u00edpusa: K\u00fcl\u00f6nb\u00f6z\u0151 lyukm\u00e9ret\u0171 lehet (kis lyukak a f\u0171szerporhoz, nagy lyukak a f\u0171szerpehelyhez), vagy lehet k\u00e9t lyuk is.<\/li>\n<li>Szitanyom\u00e1s: Nyomtasson beoszt\u00e1sokat, f\u0171szerek nev\u00e9t vagy apr\u00f3 d\u00edsz\u00edt\u0151 \u00e9leket az \u00fcvegre.<\/li>\n<li>M\u00e9retek \u00e9s kapacit\u00e1s: A bord\u00e1zott kialak\u00edt\u00e1s ugyanolyan, de t\u00f6bbf\u00e9le m\u00e9retben, azaz 30 ml-es palackokt\u00f3l 200 ml-es palackokig.<\/li>\n<\/ul>","protected":false},"excerpt":{"rendered":"<p>Tart\u00f3s \u00fcveg f\u0171szertart\u00f3 textur\u00e1lt testtel \u00e9s f\u00e9m shaker fed\u00e9llel. Praktikus f\u0171szeres \u00fcveg, ide\u00e1lis bors, f\u0171szern\u00f6v\u00e9nyek \u00e9s \u00edzes\u00edt\u0151k t\u00e1rol\u00e1s\u00e1ra. Ingyenes mint\u00e1k.<\/p>","protected":false},"featured_media":23194,"template":"","meta":[],"product_brand":[],"product_cat":[20,128,83],"product_tag":[],"class_list":{"0":"post-23183","1":"product","2":"type-product","3":"status-publish","4":"has-post-thumbnail","6":"product_cat-glass-containers","7":"product_cat-spice-jars","8":"product_cat-glass-jars","10":"first","11":"instock","12":"shipping-taxable","13":"product-type-simple"},"jetpack_sharing_enabled":true,"_links":{"self":[{"href":"https:\/\/yebodaglass.com\/hu\/wp-json\/wp\/v2\/product\/23183","targetHints":{"allow":["GET"]}}],"collection":[{"href":"https:\/\/yebodaglass.com\/hu\/wp-json\/wp\/v2\/product"}],"about":[{"href":"https:\/\/yebodaglass.com\/hu\/wp-json\/wp\/v2\/types\/product"}],"version-history":[{"count":5,"href":"https:\/\/yebodaglass.com\/hu\/wp-json\/wp\/v2\/product\/23183\/revisions"}],"predecessor-version":[{"id":25477,"href":"https:\/\/yebodaglass.com\/hu\/wp-json\/wp\/v2\/product\/23183\/revisions\/25477"}],"wp:featuredmedia":[{"embeddable":true,"href":"https:\/\/yebodaglass.com\/hu\/wp-json\/wp\/v2\/media\/23194"}],"wp:attachment":[{"href":"https:\/\/yebodaglass.com\/hu\/wp-json\/wp\/v2\/media?parent=23183"}],"wp:term":[{"taxonomy":"product_brand","embeddable":true,"href":"https:\/\/yebodaglass.com\/hu\/wp-json\/wp\/v2\/product_brand?post=23183"},{"taxonomy":"product_cat","embeddable":true,"href":"https:\/\/yebodaglass.com\/hu\/wp-json\/wp\/v2\/product_cat?post=23183"},{"taxonomy":"product_tag","embeddable":true,"href":"https:\/\/yebodaglass.com\/hu\/wp-json\/wp\/v2\/product_tag?post=23183"}],"curies":[{"name":"wp","href":"https:\/\/api.w.org\/{rel}","templated":true}]}}