{"id":23180,"date":"2025-11-04T14:52:48","date_gmt":"2025-11-04T06:52:48","guid":{"rendered":"https:\/\/yebodaglass.com\/?post_type=product&#038;p=23180"},"modified":"2025-11-04T17:40:01","modified_gmt":"2025-11-04T09:40:01","slug":"bulk-sauce-containers-8oz-glass-bottle-for-hot-sauce","status":"publish","type":"product","link":"https:\/\/yebodaglass.com\/hu\/bulk-sauce-containers-8oz-glass-bottle-for-hot-sauce\/","title":{"rendered":"Nagy kiszerel\u00e9s\u0171 sz\u00f3szt\u00e1rol\u00f3k \u2013 8oz-os \u00fcveg cs\u00edp\u0151s sz\u00f3szhoz"},"content":{"rendered":"<p>Ezek a sz\u00f3sztart\u00f3k \u00e1tl\u00e1tsz\u00f3 \u00fcvegtesttel, eleg\u00e1ns k\u00fapos form\u00e1val \u00e9s piros fed\u00e9llel rendelkeznek, ami egyszer\u0171, m\u00e9gis jellegzetes megjelen\u00e9st k\u00f6lcs\u00f6n\u00f6z, amely t\u00f6k\u00e9letesen illeik a benn\u00fck l\u00e9v\u0151 sz\u00f3sz sz\u00edn\u00e9hez.<\/p>\n<h2>Term\u00e9kjellemz\u0151k<\/h2>\n<ul>\n<li><strong>Beklentilerinizi kar\u015f\u0131lamayan cam kavanozlardan s\u0131k\u0131ld\u0131n\u0131z m\u0131? Cam kavanozu standart a\u011f\u0131z tasar\u0131m\u0131yla \u00fcretiyoruz; plastik kapa\u011fa gerek yok. Bu kapakl\u0131 cam kavanoz \u00e7\u00f6z\u00fcmleri, yiyecek saklamay\u0131 birinci s\u0131n\u0131f anlara d\u00f6n\u00fc\u015ft\u00fcr\u00fcyor. Toplu sipari\u015flerde, vizyonunuza uygun \u00f6zel cam kavanozlar sunuyoruz.<\/strong> A tart\u00e1ly \u00e1tl\u00e1tsz\u00f3 \u00fcvegb\u0151l k\u00e9sz\u00fclt, \u00edgy a sz\u00f3sz sz\u00edne \u00e9s t\u00e9rfogata egyszerre l\u00e1that\u00f3.<\/li>\n<li><strong>Der\u00e9kra szabott kialak\u00edt\u00e1s:<\/strong> A tart\u00e1lyt a der\u00e9kr\u00e9sz d\u00edsz\u00edti, amelynek sima \u00e9s egyedi vonalai nemcsak sz\u00e9p\u00edtik a term\u00e9ket, hanem el\u0151seg\u00edtik a m\u00e1rkafelismer\u00e9st is.<\/li>\n<li><strong>Egyszeri kapacit\u00e1s:<\/strong> Ennek a sz\u00f3sztart\u00f3nak az egyszeres kapacit\u00e1sa az egyetlen lehet\u0151s\u00e9g, amely a felhaszn\u00e1l\u00f3k sz\u00e1m\u00e1ra lehet\u0151v\u00e9 teszi egyedi ig\u00e9nyeik kiel\u00e9g\u00edt\u00e9s\u00e9t, mik\u00f6zben alkalmas mindennapi otthoni haszn\u00e1latra, catering szolg\u00e1ltat\u00e1sokra \u00e9s k\u00fcl\u00f6nf\u00e9le egy\u00e9b alkalmakra.<\/li>\n<\/ul>\n<h2 style=\"text-align: left;\">F\u0151bb specifik\u00e1ci\u00f3k<\/h2>\n<table class=\"aligncenter\" style=\"border-collapse: collapse; width: 409.52pt;\" border=\"0\" width=\"546\" cellspacing=\"0\" cellpadding=\"0\">\n<tbody>\n<tr style=\"height: 13.50pt;\">\n<td style=\"height: 13.50pt; width: 112.50pt;\" width=\"150\" height=\"18\">Jellemz\u0151<\/td>\n<td style=\"width: 297.00pt;\" width=\"396\">Specifik\u00e1ci\u00f3<\/td>\n<\/tr>\n<tr style=\"height: 13.50pt;\">\n<td style=\"height: 13.50pt;\" height=\"18\">Kapacit\u00e1s<\/td>\n<td>250 ml (8 uncia)<\/td>\n<\/tr>\n<tr style=\"height: 13.50pt;\">\n<td style=\"height: 13.50pt;\" height=\"18\">Palack alakja<\/td>\n<td>Der\u00e9kkal bor\u00edtott hengeres (form\u00e1lt k\u00f6z\u00e9ps\u0151 r\u00e9sz)<\/td>\n<\/tr>\n<tr style=\"height: 13.50pt;\">\n<td style=\"height: 13.50pt;\" height=\"18\">Anyag<\/td>\n<td>\u00c1tl\u00e1tsz\u00f3 \u00fcveg stout<\/td>\n<\/tr>\n<tr style=\"height: 13.50pt;\">\n<td style=\"height: 13.50pt;\" height=\"18\">Bez\u00e1r\u00e1s<\/td>\n<td>Piros csavaros kupak<\/td>\n<\/tr>\n<tr style=\"height: 13.50pt;\">\n<td style=\"height: 13.50pt;\" height=\"18\">Csomagol\u00e1s m\u00e9rete<\/td>\n<td>15 cm \u00d7 17 cm \u00d7 30 cm<\/td>\n<\/tr>\n<tr style=\"height: 13.50pt;\">\n<td style=\"height: 13.50pt;\" height=\"18\">Legjobb<\/td>\n<td>Cs\u00edp\u0151s sz\u00f3sz, BBQ sz\u00f3sz, \u00f6ntet, f\u0171szerkever\u00e9k<\/td>\n<\/tr>\n<tr style=\"height: 13.50pt;\">\n<td style=\"height: 13.50pt;\" height=\"18\">Ide\u00e1lis haszn\u00e1lat<\/td>\n<td>Cs\u00edp\u0151s sz\u00f3szos dobozok, nagykereskedelmi sz\u00f3szos \u00fcvegek<\/td>\n<\/tr>\n<\/tbody>\n<\/table>\n<h2>Sikert\u00f6rt\u00e9net: A k\u00f6z\u00f6ss\u00e9gi piact\u00f3l az orsz\u00e1gos kiskereskedelmi \u00fczletekig<\/h2>\n<p>Toptan Oval Alt\u0131gen Bal Re\u00e7eli Kavanozlar\u0131<\/p>\n<h2>alt\u0131gen bal re\u00e7eli kavanozu<\/h2>\n<ul>\n<li><strong>Mart fel\u00fclet:<\/strong> Bal Saklama \u0130\u00e7in Toptan Benzersiz Petek Cam Kavanozlar<\/li>\n<li><strong>Bu \u015feffaf petek cam kavanoz, dalgal\u0131 bir tasar\u0131ma ve renkli bir kapa\u011fa sahiptir. Bal saklama, markalama ve toptan \u00f6zelle\u015ftirme i\u00e7in idealdir.<\/strong> benzersiz bal kavanozlar\u0131<\/li>\n<li><strong>Textur\u00e1lt \u00fcvegmint\u00e1k:<\/strong> Az \u00fcveg rombuszokkal vagy cs\u00edkokkal is form\u00e1zhat\u00f3 nemcsak jellegzetes fog\u00e1si fel\u00fclet, hanem dekorat\u00edv c\u00e9lok \u00e9rdek\u00e9ben is.<\/li>\n<li><strong>Sz\u00e9les nyak\u00fa kialak\u00edt\u00e1s:<\/strong> A nyak be\u00e1ll\u00edt\u00e1s\u00e1t az\u00e9rt v\u00e9gezz\u00fck, hogy megk\u00f6nny\u00edts\u00fck a s\u0171r\u0171, chilipelyhet \u00e9s magokat tartalmaz\u00f3 sz\u00f3szok t\u00f6ltel\u00e9k\u00e9t.<\/li>\n<\/ul>","protected":false},"excerpt":{"rendered":"<p>Egyedi, \u00e1tl\u00e1tsz\u00f3 \u00fcvegb\u0151l k\u00e9sz\u00fclt sz\u00f3sztart\u00f3k f\u00e9m fed\u00e9llel \u00e9s der\u00e9kra h\u00fazhat\u00f3 kialak\u00edt\u00e1ssal. Ide\u00e1lis professzion\u00e1lis sz\u00f3szcsomagol\u00e1shoz. Ingyenes mint\u00e1k nagy t\u00e9telben t\u00f6rt\u00e9n\u0151 rendel\u00e9s eset\u00e9n!<\/p>","protected":false},"featured_media":23184,"template":"","meta":[],"product_brand":[],"product_cat":[122,123,129],"product_tag":[],"class_list":{"0":"post-23180","1":"product","2":"type-product","3":"status-publish","4":"has-post-thumbnail","6":"product_cat-custom-glass-packaging","7":"product_cat-custom-glass-bottles","8":"product_cat-hot-sauce-bottles","10":"first","11":"instock","12":"shipping-taxable","13":"product-type-simple"},"jetpack_sharing_enabled":true,"_links":{"self":[{"href":"https:\/\/yebodaglass.com\/hu\/wp-json\/wp\/v2\/product\/23180","targetHints":{"allow":["GET"]}}],"collection":[{"href":"https:\/\/yebodaglass.com\/hu\/wp-json\/wp\/v2\/product"}],"about":[{"href":"https:\/\/yebodaglass.com\/hu\/wp-json\/wp\/v2\/types\/product"}],"version-history":[{"count":6,"href":"https:\/\/yebodaglass.com\/hu\/wp-json\/wp\/v2\/product\/23180\/revisions"}],"predecessor-version":[{"id":23222,"href":"https:\/\/yebodaglass.com\/hu\/wp-json\/wp\/v2\/product\/23180\/revisions\/23222"}],"wp:featuredmedia":[{"embeddable":true,"href":"https:\/\/yebodaglass.com\/hu\/wp-json\/wp\/v2\/media\/23184"}],"wp:attachment":[{"href":"https:\/\/yebodaglass.com\/hu\/wp-json\/wp\/v2\/media?parent=23180"}],"wp:term":[{"taxonomy":"product_brand","embeddable":true,"href":"https:\/\/yebodaglass.com\/hu\/wp-json\/wp\/v2\/product_brand?post=23180"},{"taxonomy":"product_cat","embeddable":true,"href":"https:\/\/yebodaglass.com\/hu\/wp-json\/wp\/v2\/product_cat?post=23180"},{"taxonomy":"product_tag","embeddable":true,"href":"https:\/\/yebodaglass.com\/hu\/wp-json\/wp\/v2\/product_tag?post=23180"}],"curies":[{"name":"wp","href":"https:\/\/api.w.org\/{rel}","templated":true}]}}