{"id":23171,"date":"2025-11-04T13:56:22","date_gmt":"2025-11-04T05:56:22","guid":{"rendered":"https:\/\/yebodaglass.com\/?post_type=product&#038;p=23171"},"modified":"2026-04-13T14:04:07","modified_gmt":"2026-04-13T06:04:07","slug":"wholesale-empty-glass-bbq-sauce-bottles-packaging-supplier","status":"publish","type":"product","link":"https:\/\/yebodaglass.com\/hu\/wholesale-empty-glass-bbq-sauce-bottles-packaging-supplier\/","title":{"rendered":"Nagykereskedelmi \u00fcres \u00fcveg BBQ sz\u00f3szpalackok 250ml 410ml 485ml"},"content":{"rendered":"<p>Ezek a BBQ sz\u00f3szos \u00fcvegek modern diz\u00e1jnnal rendelkeznek, \u00e1tl\u00e1tsz\u00f3, \u00e9lelmiszerbiztons\u00e1gi \u00fcvegb\u0151l k\u00e9sz\u00fclt k\u00fapos form\u00e1val \u00e9s t\u00f6bbf\u00e9le sz\u00edn\u0171 m\u0171anyag kupakkal. K\u00e9nyelmes fog\u00e1st biztos\u00edtanak a felhaszn\u00e1l\u00f3knak, \u00edgy a folyad\u00e9kok ki\u00f6ml\u00e9se n\u00e9lk\u00fcl is kit\u00f6lthet\u0151k.<\/p>\n<h2>Term\u00e9kjellemz\u0151k<\/h2>\n<ul>\n<li><strong>K\u00fapos \u00e1ramvonalas kialak\u00edt\u00e1s:<\/strong> A k\u00fapos forma, amelynek teteje keskenyebb, alja sz\u00e9lesebb, lehet\u0151v\u00e9 teszi a felhaszn\u00e1l\u00f3k sz\u00e1m\u00e1ra a folyad\u00e9kok sim\u00e1n t\u00f6rt\u00e9n\u0151 kit\u00f6lt\u00e9s\u00e9t, mik\u00f6zben cs\u00f6kkenti a sz\u00f3szpazarl\u00e1st \u00e9s hat\u00e9konyabb m\u0171k\u00f6d\u00e9st biztos\u00edt.<\/li>\n<li><strong>Nagy \u00e1tl\u00e1tsz\u00f3s\u00e1g\u00fa \u00e9lelmiszeripari min\u0151s\u00e9g\u0171 \u00fcveg:<\/strong> A palackok \u00f3lommentes, \u00e9lelmiszeripari min\u0151s\u00e9g\u0171 \u00fcvegb\u0151l k\u00e9sz\u00fclnek, amely nagyfok\u00fa \u00e1tl\u00e1tsz\u00f3s\u00e1got biztos\u00edt, \u00e9s j\u00f3l mutatja a sz\u00f3sz sz\u00edn\u00e9t, mik\u00f6zben biztons\u00e1gos \u00e9s szagtalan marad. A term\u00e9k k\u00f6nnyen tiszt\u00edthat\u00f3 \u00e9s t\u00f6bbsz\u00f6ri \u00fajrafelhaszn\u00e1l\u00e1si lehet\u0151s\u00e9get k\u00edn\u00e1l.<\/li>\n<li><strong>T\u00f6bbsz\u00edn\u0171 sapk\u00e1k kaphat\u00f3k:<\/strong> A piros, s\u00e1rga, arany \u00e9s tov\u00e1bbi sz\u00edneket tartalmaz\u00f3 kupakok menetes t\u00f6m\u00edt\u00e9ssel rendelkeznek a sz\u00f3sz frissess\u00e9g\u00e9nek meg\u0151rz\u00e9se \u00e9rdek\u00e9ben.<\/li>\n<\/ul>\n<h2 style=\"text-align: left;\">F\u0151bb specifik\u00e1ci\u00f3k<\/h2>\n<table class=\"aligncenter\" style=\"border-collapse: collapse; width: 506.27pt;\" border=\"0\" width=\"675\" cellspacing=\"0\" cellpadding=\"0\">\n<tbody>\n<tr style=\"height: 13.50pt;\">\n<td style=\"height: 13.50pt; width: 109.50pt;\" width=\"146\" height=\"18\">Jellemz\u0151<\/td>\n<td style=\"width: 396.75pt;\" width=\"529\">Specifik\u00e1ci\u00f3<\/td>\n<\/tr>\n<tr style=\"height: 13.50pt;\">\n<td style=\"height: 13.50pt;\" height=\"18\">Kapacit\u00e1sok<\/td>\n<td>250 ml, 410 ml, 485 ml<\/td>\n<\/tr>\n<tr style=\"height: 13.50pt;\">\n<td style=\"height: 13.50pt;\" height=\"18\">M\u00e9retek (M\u00d7H)<\/td>\n<td>5,6 \u00d7 21,5 cm, 6,4 \u00d7 24,4 cm, 6,6 \u00d7 26 cm<\/td>\n<\/tr>\n<tr style=\"height: 13.50pt;\">\n<td style=\"height: 13.50pt;\" height=\"18\">Alak<\/td>\n<td>K\u00fapos hengeres<\/td>\n<\/tr>\n<tr style=\"height: 13.50pt;\">\n<td style=\"height: 13.50pt;\" height=\"18\">Anyag<\/td>\n<td>\u00c1tl\u00e1tsz\u00f3 \u00fcvegb\u0151l k\u00e9sz\u00fclt, \u00e9lelmiszerbiztons\u00e1gos, vastag fal\u00fa<\/td>\n<\/tr>\n<tr style=\"height: 13.50pt;\">\n<td style=\"height: 13.50pt;\" height=\"18\">Bez\u00e1r\u00e1s<\/td>\n<td>Piros, s\u00e1rga vagy arany csavaros kupak<\/td>\n<\/tr>\n<tr style=\"height: 13.50pt;\">\n<td style=\"height: 13.50pt;\" height=\"18\">Legjobb<\/td>\n<td>Cs\u00edp\u0151s sz\u00f3sz, BBQ sz\u00f3sz, ecet, \u00f6ntet, olaj<\/td>\n<\/tr>\n<tr style=\"height: 13.50pt;\">\n<td style=\"height: 13.50pt;\" height=\"18\">Ide\u00e1lis haszn\u00e1lat<\/td>\n<td>Cs\u00edp\u0151s sz\u00f3szos \u00fcvegek, BBQ sz\u00f3szos \u00fcvegek, f\u0171szeres \u00fcvegek<\/td>\n<\/tr>\n<\/tbody>\n<\/table>\n<h2>Sikert\u00f6rt\u00e9net: Egy d\u00e9li BBQ sz\u00f3szm\u00e1rka alapterm\u00e9kcsal\u00e1dja<\/h2>\n<p>Egy d\u00e9l-amerikai BBQ sz\u00f3szm\u00e1rka a mi 350 ml-es \u00fcvegpalackjainkat v\u00e1lasztotta, \u00e9s k\u00e9rte, hogy csepp\u00e1ll\u00f3 f\u00fav\u00f3k\u00e1kkal \u00e9s szitanyomott cs\u00edp\u0151ss\u00e9gi jelz\u0151kkel l\u00e1ts\u00e1k el azokat. Az egyedi \u00fcvegpalackok jelent\u0151s eredm\u00e9nyeket hoztak, mivel a csepp\u00e1ll\u00f3 f\u00fav\u00f3k\u00e1k 25%-kal cs\u00f6kkentett\u00e9k a fogyaszt\u00f3k ki\u00f6ml\u00e9si panaszait, a jellegzetes palackdiz\u00e1jn pedig m\u00e1rka\u00e9rt\u00e9kk\u00e9nt szolg\u00e1lt, ami 35%-kal n\u00f6velte a m\u00e1rkaismerts\u00e9get. A m\u00e1rka nagy sikert aratott, \u00e9s ezt k\u00f6vet\u0151en tov\u00e1bbi 750 000 palackra vonatkoz\u00f3 megrendel\u00e9st adott le egy \u00faj sz\u00e1raz hozz\u00e1val\u00f3kb\u00f3l \u00e9s sz\u00f3szokb\u00f3l \u00e1ll\u00f3 term\u00e9kcsal\u00e1d bevezet\u00e9s\u00e9re.<\/p>\n<h2>Egyedi opci\u00f3k \u00fcveg sz\u00f3szos palackhoz<\/h2>\n<ul>\n<li><strong>Matt dekorat\u00edv cs\u00edkok:<\/strong> A savas marat\u00e1s seg\u00edts\u00e9g\u00e9vel kifinomult \u00e9s eleg\u00e1ns megjelen\u00e9st k\u00f6lcs\u00f6n\u00f6zhet \u00e1tl\u00e1tsz\u00f3 \u00fcveg\u00e9nek v\u00edzszintes vagy f\u00fcgg\u0151leges matt cs\u00edkokkal.<\/li>\n<li><strong>\u00dcveg\u00fcveg nyak:<\/strong> A gy\u00e1rt\u00e1s sor\u00e1n sz\u00ednes \u00fcveggy\u0171r\u0171t kell a nyak k\u00f6r\u00e9 helyezni a luxus, egyedi vizu\u00e1lis hat\u00e1s \u00e9rdek\u00e9ben, \u00e9s a feliratoz\u00e1s kik\u00fcsz\u00f6b\u00f6l\u00e9se \u00e9rdek\u00e9ben.<\/li>\n<li><strong>Egyr\u00e9szes cs\u00f6p\u00f6g\u00e9sg\u00e1tl\u00f3 f\u00fav\u00f3ka:<\/strong> Egy prec\u00edzi\u00f3s m\u0171anyag darab, amely szorosan illeszkedik a palack ny\u00edl\u00e1s\u00e1hoz, \u00edgy biztos\u00edtja, hogy minden alkalommal tiszta \u00e9s cs\u00f6p\u00f6g\u00e9smentes legyen a ki\u00f6nt\u00e9s.<\/li>\n<\/ul>","protected":false},"excerpt":{"rendered":"<p>Tart\u00f3s \u00fcvegpalackok k\u00fapos kialak\u00edt\u00e1ssal \u00e9s tet\u0151vel. T\u00f6k\u00e9letes BBQ sz\u00f3szpalackok a cs\u00edp\u0151s sz\u00f3sz m\u00e1rk\u00e1z\u00e1s\u00e1hoz. Egyedi log\u00f3 \u00e9s gyors sz\u00e1ll\u00edt\u00e1s el\u00e9rhet\u0151.<\/p>","protected":false},"featured_media":23174,"template":"","meta":[],"product_brand":[],"product_cat":[129,123,122],"product_tag":[],"class_list":{"0":"post-23171","1":"product","2":"type-product","3":"status-publish","4":"has-post-thumbnail","6":"product_cat-hot-sauce-bottles","7":"product_cat-custom-glass-bottles","8":"product_cat-custom-glass-packaging","10":"first","11":"instock","12":"shipping-taxable","13":"product-type-simple"},"jetpack_sharing_enabled":true,"_links":{"self":[{"href":"https:\/\/yebodaglass.com\/hu\/wp-json\/wp\/v2\/product\/23171","targetHints":{"allow":["GET"]}}],"collection":[{"href":"https:\/\/yebodaglass.com\/hu\/wp-json\/wp\/v2\/product"}],"about":[{"href":"https:\/\/yebodaglass.com\/hu\/wp-json\/wp\/v2\/types\/product"}],"version-history":[{"count":5,"href":"https:\/\/yebodaglass.com\/hu\/wp-json\/wp\/v2\/product\/23171\/revisions"}],"predecessor-version":[{"id":25761,"href":"https:\/\/yebodaglass.com\/hu\/wp-json\/wp\/v2\/product\/23171\/revisions\/25761"}],"wp:featuredmedia":[{"embeddable":true,"href":"https:\/\/yebodaglass.com\/hu\/wp-json\/wp\/v2\/media\/23174"}],"wp:attachment":[{"href":"https:\/\/yebodaglass.com\/hu\/wp-json\/wp\/v2\/media?parent=23171"}],"wp:term":[{"taxonomy":"product_brand","embeddable":true,"href":"https:\/\/yebodaglass.com\/hu\/wp-json\/wp\/v2\/product_brand?post=23171"},{"taxonomy":"product_cat","embeddable":true,"href":"https:\/\/yebodaglass.com\/hu\/wp-json\/wp\/v2\/product_cat?post=23171"},{"taxonomy":"product_tag","embeddable":true,"href":"https:\/\/yebodaglass.com\/hu\/wp-json\/wp\/v2\/product_tag?post=23171"}],"curies":[{"name":"wp","href":"https:\/\/api.w.org\/{rel}","templated":true}]}}