{"id":23155,"date":"2025-11-04T10:53:15","date_gmt":"2025-11-04T02:53:15","guid":{"rendered":"https:\/\/yebodaglass.com\/?post_type=product&#038;p=23155"},"modified":"2026-03-25T11:24:10","modified_gmt":"2026-03-25T03:24:10","slug":"custom-clear-glass-hot-sauce-bottles-bulk","status":"publish","type":"product","link":"https:\/\/yebodaglass.com\/hu\/custom-clear-glass-hot-sauce-bottles-bulk\/","title":{"rendered":"250ml 350ml 500ml Egyedi \u00e1tl\u00e1tsz\u00f3 \u00fcveg cs\u00edp\u0151s sz\u00f3szos palackok \u00f6mlesztett"},"content":{"rendered":"<p>Ezek a sz\u00f3szos \u00fcvegek letisztult, lekerek\u00edtett hengeres form\u00e1val \u00e9s karcs\u00fa nyakkal rendelkeznek. A palackok krist\u00e1lytiszta \u00fcvegb\u0151l, \u00fajracsapolt nyakkal \u00e9s csavaros kupakkal k\u00e9sz\u00fclnek, fekete, piros vagy arany sz\u00ednben.<\/p>\n<h2>Term\u00e9kjellemz\u0151k<\/h2>\n<ul>\n<li><strong>Nagy \u00e1tl\u00e1tsz\u00f3s\u00e1g\u00fa hengeres \u00fcveg:<\/strong> Az \u00e1tl\u00e1tsz\u00f3 hengeres \u00fcveg teljesen tiszta, \u00e9s azonnal megjelen\u00edti a term\u00e9k sz\u00edn\u00e9t, text\u00far\u00e1j\u00e1t \u00e9s min\u0151s\u00e9g\u00e9t, n\u00f6velve annak vizu\u00e1lis vonzerej\u00e9t.<\/li>\n<li><strong>T\u00f6bbf\u00e9le sz\u00edn\u0171 csavaros kupak kaphat\u00f3:<\/strong> A csavaros kupakok k\u00fcl\u00f6nb\u00f6z\u0151 sz\u00ednekben, p\u00e9ld\u00e1ul feket\u00e9ben, pirosban \u00e9s aranyban kaphat\u00f3k, a rugalmas csomagol\u00e1si testreszab\u00e1si k\u00f6vetelm\u00e9nyeknek megfelel\u0151en.<\/li>\n<li><strong>Z\u00e1rt \u00e9s sziv\u00e1rg\u00e1smentes kialak\u00edt\u00e1s:<\/strong> A csavaros kupak szorosan illeszkedik a palack nyak\u00e1hoz, \u00edgy kiv\u00e1l\u00f3 t\u00f6m\u00edt\u00e9st \u00e9s hossz\u00fa eltarthat\u00f3s\u00e1got biztos\u00edt a term\u00e9knek.<\/li>\n<\/ul>\n<h2 style=\"text-align: left;\">F\u0151bb specifik\u00e1ci\u00f3k<\/h2>\n<table class=\"aligncenter\" style=\"border-collapse: collapse; width: 388.52pt;\" border=\"0\" width=\"518\" cellspacing=\"0\" cellpadding=\"0\">\n<tbody>\n<tr style=\"height: 13.50pt;\">\n<td style=\"height: 13.50pt; width: 109.50pt;\" width=\"146\" height=\"18\">Jellemz\u0151<\/td>\n<td style=\"width: 279.00pt;\" width=\"372\">Specifik\u00e1ci\u00f3<\/td>\n<\/tr>\n<tr style=\"height: 13.50pt;\">\n<td style=\"height: 13.50pt;\" height=\"18\">Kapacit\u00e1sok<\/td>\n<td>250 ml (8 uncia), 350 ml (12 uncia), 500 ml (17 uncia)<\/td>\n<\/tr>\n<tr style=\"height: 13.50pt;\">\n<td style=\"height: 13.50pt;\" height=\"18\">M\u00e9retek (M\u00d7H)<\/td>\n<td>5,6 \u00d7 18,8 cm, 6,3 \u00d7 17,1 cm, 7,1 \u00d7 19,1 cm<\/td>\n<\/tr>\n<tr style=\"height: 13.50pt;\">\n<td style=\"height: 13.50pt;\" height=\"18\">Anyag<\/td>\n<td>\u00c9lelmiszeripari min\u0151s\u00e9g\u0171, \u00e1tl\u00e1tsz\u00f3 \u00fcveg stout<\/td>\n<\/tr>\n<tr style=\"height: 13.50pt;\">\n<td style=\"height: 13.50pt;\" height=\"18\">Bez\u00e1r\u00e1s<\/td>\n<td>Fekete, piros vagy arany csavaros kupak<\/td>\n<\/tr>\n<tr style=\"height: 13.50pt;\">\n<td style=\"height: 13.50pt;\" height=\"18\">Legjobb<\/td>\n<td>Cs\u00edp\u0151s sz\u00f3sz, BBQ sz\u00f3sz, \u00f6ntet, f\u0171szerkever\u00e9k<\/td>\n<\/tr>\n<tr style=\"height: 13.50pt;\">\n<td style=\"height: 13.50pt;\" height=\"18\">Ide\u00e1lis haszn\u00e1lat<\/td>\n<td>Sz\u00f3szos \u00fcveg, cs\u00edp\u0151s sz\u00f3szos \u00fcvegek \u00f6mlesztett form\u00e1ban<\/td>\n<\/tr>\n<\/tbody>\n<\/table>\n<h2>Sikert\u00f6rt\u00e9net<\/h2>\n<p>Egy ohi\u00f3i sz\u00e9khely\u0171, k\u00e9zzel k\u00e9sz\u00edtett f\u0171szergy\u00e1rt\u00f3 c\u00e9g \u00fagy d\u00f6nt\u00f6tt, hogy sz\u00f3sszal t\u00f6lti meg az \u00fcvegeinket, \u00e9s szitanyom\u00e1ssal l\u00e1tta el \u0151ket egy speci\u00e1lisan matt c\u00edmk\u00e9vel \u00e9s egy szilikonnal b\u00e9lelt, h\u0151\u00e1ll\u00f3 tet\u0151vel. A szem\u00e9lyre szabott \u00fcvegek nagy sikert arattak: az \u00e1tl\u00e1tsz\u00f3 \u00fcveg t\u00f6k\u00e9letesen bemutatja a k\u00e9zzel k\u00e9sz\u00edtett sz\u00f3szokat \u2013 azt mondj\u00e1k, hogy ez 30 sz\u00e1zal\u00e9kkal n\u00f6velte az impulzusv\u00e1s\u00e1rl\u00e1saikat a termel\u0151i piacokon, a speci\u00e1lisan kialak\u00edtott kupakbet\u00e9t pedig t\u00f6k\u00e9letesen z\u00e1rva tartja az \u00fcvegeket, megakad\u00e1lyozza a sziv\u00e1rg\u00e1st, \u00e9s 25 sz\u00e1zal\u00e9kkal cs\u00f6kkenti a v\u00e1s\u00e1rl\u00f3i panaszokat. A m\u00e1rka olyan sikeres volt, hogy tov\u00e1bbi 200 000 \u00fcveget rendelt az \u00fajonnan bevezetett f\u0151z\u0151sz\u00f3sz- \u00e9s m\u00e1rtogat\u00f3s-sorozat\u00e1b\u00f3l.<\/p>\n<h2>Cs\u00edp\u0151s sz\u00f3szos palackok egyedi testreszab\u00e1sa<\/h2>\n<ul>\n<li>Dedik\u00e1lt ki\u00f6nt\u0151: Ez a kialak\u00edt\u00e1s be\u00e9p\u00edtett csavaros kupakkal \u00e9s cs\u00f6p\u00f6g\u00e9sg\u00e1tl\u00f3 m\u0171anyag vagy rozsdamentes ac\u00e9l ki\u00f6nt\u0151vel rendelkezik, amely lehet\u0151v\u00e9 teszi a sz\u00f3sz egyszer\u0171 \u00e9s pontos kit\u00f6lt\u00e9s\u00e9t.<\/li>\n<li>UV-\u00e1ll\u00f3 sz\u00ednes \u00fcveg: Ugyanabban a hengerben k\u00e9sz\u00fcl, mint a borosty\u00e1n vagy z\u00f6ld \u00fcveg, a f\u00e9ny\u00e9rz\u00e9keny \u00f6sszetev\u0151k lefed\u00e9s\u00e9re.<\/li>\n<li>Sapka sz\u00edne: A sapka sz\u00ednei b\u00e1rmelyik Pantone sz\u00ednsk\u00e1l\u00e1n megtal\u00e1lhat\u00f3k, hogy t\u00f6k\u00e9letesen illeszkedjenek a m\u00e1rkaim\u00e1zshoz.<\/li>\n<\/ul>","protected":false},"excerpt":{"rendered":"<p>\u00c1tl\u00e1tsz\u00f3 \u00fcvegb\u0151l k\u00e9sz\u00fclt cs\u00edp\u0151s sz\u00f3szos palackok sz\u00ednes f\u00e9mkupakkal. Kiv\u00e1l\u00f3 z\u00e1r\u00f3d\u00e1s, t\u00f6k\u00e9letes saj\u00e1t m\u00e1rk\u00e1s sz\u00f3sz elk\u00e9sz\u00edt\u00e9s\u00e9hez. Rendeljen \u00fcvegpalackokat nagy t\u00e9telben \u00e9s gyors sz\u00e1ll\u00edt\u00e1ssal!<\/p>","protected":false},"featured_media":23165,"template":"","meta":[],"product_brand":[],"product_cat":[129,123,122],"product_tag":[],"class_list":{"0":"post-23155","1":"product","2":"type-product","3":"status-publish","4":"has-post-thumbnail","6":"product_cat-hot-sauce-bottles","7":"product_cat-custom-glass-bottles","8":"product_cat-custom-glass-packaging","10":"first","11":"instock","12":"shipping-taxable","13":"product-type-simple"},"jetpack_sharing_enabled":true,"_links":{"self":[{"href":"https:\/\/yebodaglass.com\/hu\/wp-json\/wp\/v2\/product\/23155","targetHints":{"allow":["GET"]}}],"collection":[{"href":"https:\/\/yebodaglass.com\/hu\/wp-json\/wp\/v2\/product"}],"about":[{"href":"https:\/\/yebodaglass.com\/hu\/wp-json\/wp\/v2\/types\/product"}],"version-history":[{"count":5,"href":"https:\/\/yebodaglass.com\/hu\/wp-json\/wp\/v2\/product\/23155\/revisions"}],"predecessor-version":[{"id":25596,"href":"https:\/\/yebodaglass.com\/hu\/wp-json\/wp\/v2\/product\/23155\/revisions\/25596"}],"wp:featuredmedia":[{"embeddable":true,"href":"https:\/\/yebodaglass.com\/hu\/wp-json\/wp\/v2\/media\/23165"}],"wp:attachment":[{"href":"https:\/\/yebodaglass.com\/hu\/wp-json\/wp\/v2\/media?parent=23155"}],"wp:term":[{"taxonomy":"product_brand","embeddable":true,"href":"https:\/\/yebodaglass.com\/hu\/wp-json\/wp\/v2\/product_brand?post=23155"},{"taxonomy":"product_cat","embeddable":true,"href":"https:\/\/yebodaglass.com\/hu\/wp-json\/wp\/v2\/product_cat?post=23155"},{"taxonomy":"product_tag","embeddable":true,"href":"https:\/\/yebodaglass.com\/hu\/wp-json\/wp\/v2\/product_tag?post=23155"}],"curies":[{"name":"wp","href":"https:\/\/api.w.org\/{rel}","templated":true}]}}