{"id":23117,"date":"2025-11-03T16:34:01","date_gmt":"2025-11-03T08:34:01","guid":{"rendered":"https:\/\/yebodaglass.com\/?post_type=product&#038;p=23117"},"modified":"2026-04-09T14:09:19","modified_gmt":"2026-04-09T06:09:19","slug":"wholesale-round-glass-hot-sauce-bottles-sauce-container-supplier","status":"publish","type":"product","link":"https:\/\/yebodaglass.com\/hu\/wholesale-round-glass-hot-sauce-bottles-sauce-container-supplier\/","title":{"rendered":"Nagykereskedelmi kerek \u00fcveg cs\u00edp\u0151s sz\u00f3szos palackok 100ml 150ml 200ml"},"content":{"rendered":"<p>Kerek \u00fcvegpalackjaink v\u00e9kony, \u00e1tl\u00e1tsz\u00f3 \u00fcvegtesttel \u00e9s m\u0171anyag fed\u00e9llel rendelkeznek, \u00e9s h\u00e1rom m\u00e9retben kaphat\u00f3k: 100 ml, 150 ml \u00e9s 200 ml. Klasszikus kerek form\u00e1juknak k\u00f6sz\u00f6nhet\u0151en sokf\u00e9le \u00edzes\u00edt\u0151 csomagol\u00e1s\u00e1ra alkalmasak.<\/p>\n<h2>F\u0151bb specifik\u00e1ci\u00f3k<\/h2>\n<table style=\"border-collapse: collapse; width: 80%; margin-left: auto; margin-right: auto;\" border=\"0\" width=\"818\" cellspacing=\"0\" cellpadding=\"0\">\n<tbody>\n<tr style=\"height: 13.50pt;\">\n<td style=\"height: 13.50pt; width: 141.75pt;\" width=\"189\" height=\"18\">Jellemz\u0151<\/td>\n<td style=\"width: 471.75pt;\" width=\"629\">Specifik\u00e1ci\u00f3<\/td>\n<\/tr>\n<tr style=\"height: 48.00pt;\">\n<td style=\"height: 48.00pt;\" height=\"64\">Kapacit\u00e1s<\/td>\n<td class=\"et2\" style=\"width: 471.75pt;\" width=\"629\">100 ml\/3 uncia (40 \u00d7 151 mm)<br \/>\n150 ml \/ 5 uncia (4,8 \u00d7 17,2 cm)<br \/>\n250 ml \/ 8 uncia (5,5 \u00d7 19,8 cm)<\/td>\n<\/tr>\n<tr style=\"height: 13.50pt;\">\n<td style=\"height: 13.50pt;\" height=\"18\">Anyag<\/td>\n<td>N\u00e1trium-m\u00e9sz\u00fcveg, m\u0171anyag kupak, m\u0171anyag bels\u0151 dug\u00f3, m\u0171anyag zsugorf\u00f3lia<\/td>\n<\/tr>\n<tr style=\"height: 13.50pt;\">\n<td style=\"height: 13.50pt;\" height=\"18\">Lez\u00e1r\u00e1si lehet\u0151s\u00e9gek<\/td>\n<td>testreszabhat\u00f3<\/td>\n<\/tr>\n<tr style=\"height: 13.50pt;\">\n<td style=\"height: 13.50pt;\" height=\"18\">Felhaszn\u00e1l\u00e1s<\/td>\n<td>Cs\u00edp\u0151s sz\u00f3sz, \u00f6ntetek, sz\u00f3jasz\u00f3sz, szez\u00e1mmag paszta, sal\u00e1ta\u00f6ntet, ecet, chili, ketchup stb.<\/td>\n<\/tr>\n<tr style=\"height: 13.50pt;\">\n<td style=\"height: 13.50pt;\" height=\"18\">Testreszab\u00e1si lehet\u0151s\u00e9g<\/td>\n<td>Fel\u00fcletkezel\u00e9s, log\u00f3, forma, \u0171rtartalom, fed\u00e9l, csomagol\u00e1s.<\/td>\n<\/tr>\n<\/tbody>\n<\/table>\n<h2>Esettanulm\u00e1ny<\/h2>\n<p>Egy mexik\u00f3i \u00e9lelmiszeripari v\u00e1llalat, amely a sz\u00f3szok gy\u00e1rt\u00e1s\u00e1ra specializ\u00e1l\u00f3dott, olyan csomagol\u00e1sra szorult, amely t\u00fckr\u00f6zi a prec\u00edz gy\u00e1rt\u00e1si folyamatot. V\u00e9g\u00fcl a mi 150 ml-es \u00fcveg cs\u00edp\u0151s sz\u00f3szos palackjainkat v\u00e1lasztott\u00e1k a nagy kapacit\u00e1s miatt. Szem\u00e9lyre szabott matric\u00e1kat ragasztottak az \u00fcvegre. Az els\u0151, kis, mind\u00f6ssze 3000 darabos megrendel\u00e9s fantasztikus eredm\u00e9nyeket hozott. Ennek eredm\u00e9nyek\u00e9nt a polcokon l\u00e9v\u0151 elad\u00e1sok 32%-kal n\u0151ttek, m\u00edg a massz\u00edv \u00fcveganyag 40%-kal cs\u00f6kkentette a t\u00f6r\u00f6tt darabok sz\u00e1m\u00e1t. Most negyed\u00e9vente t\u00f6bb mint 50 000 palackos nagy t\u00e9telben rendelnek, \u00edgy ez a sz\u00f3szos palack a m\u00e1rka\u00e9p\u00edt\u00e9si strat\u00e9gi\u00e1juk l\u00e9tfontoss\u00e1g\u00fa r\u00e9sz\u00e9v\u00e9 v\u00e1lt.<\/p>","protected":false},"excerpt":{"rendered":"<p>Egyedi, kerek \u00fcvegpalackok sz\u00f3sztart\u00f3khoz. Egyedi opci\u00f3k \u00e9s nagykereskedelmi rendel\u00e9s sz\u00f3szm\u00e1rk\u00e1k \u00e9s nagykeresked\u0151k sz\u00e1m\u00e1ra. Gyors sz\u00e1ll\u00edt\u00e1s \u00e9s ingyenes mint\u00e1k.<\/p>","protected":false},"featured_media":25676,"template":"","meta":[],"product_brand":[],"product_cat":[129,123,122,80,20],"product_tag":[],"class_list":{"0":"post-23117","1":"product","2":"type-product","3":"status-publish","4":"has-post-thumbnail","6":"product_cat-hot-sauce-bottles","7":"product_cat-custom-glass-bottles","8":"product_cat-custom-glass-packaging","9":"product_cat-glass-bottles","10":"product_cat-glass-containers","12":"first","13":"instock","14":"shipping-taxable","15":"product-type-simple"},"jetpack_sharing_enabled":true,"_links":{"self":[{"href":"https:\/\/yebodaglass.com\/hu\/wp-json\/wp\/v2\/product\/23117","targetHints":{"allow":["GET"]}}],"collection":[{"href":"https:\/\/yebodaglass.com\/hu\/wp-json\/wp\/v2\/product"}],"about":[{"href":"https:\/\/yebodaglass.com\/hu\/wp-json\/wp\/v2\/types\/product"}],"version-history":[{"count":5,"href":"https:\/\/yebodaglass.com\/hu\/wp-json\/wp\/v2\/product\/23117\/revisions"}],"predecessor-version":[{"id":25685,"href":"https:\/\/yebodaglass.com\/hu\/wp-json\/wp\/v2\/product\/23117\/revisions\/25685"}],"wp:featuredmedia":[{"embeddable":true,"href":"https:\/\/yebodaglass.com\/hu\/wp-json\/wp\/v2\/media\/25676"}],"wp:attachment":[{"href":"https:\/\/yebodaglass.com\/hu\/wp-json\/wp\/v2\/media?parent=23117"}],"wp:term":[{"taxonomy":"product_brand","embeddable":true,"href":"https:\/\/yebodaglass.com\/hu\/wp-json\/wp\/v2\/product_brand?post=23117"},{"taxonomy":"product_cat","embeddable":true,"href":"https:\/\/yebodaglass.com\/hu\/wp-json\/wp\/v2\/product_cat?post=23117"},{"taxonomy":"product_tag","embeddable":true,"href":"https:\/\/yebodaglass.com\/hu\/wp-json\/wp\/v2\/product_tag?post=23117"}],"curies":[{"name":"wp","href":"https:\/\/api.w.org\/{rel}","templated":true}]}}