{"id":23091,"date":"2025-11-03T16:20:39","date_gmt":"2025-11-03T08:20:39","guid":{"rendered":"https:\/\/yebodaglass.com\/?post_type=product&#038;p=23091"},"modified":"2025-11-03T17:29:17","modified_gmt":"2025-11-03T09:29:17","slug":"wholesale-clear-glass-hot-sauce-bottles-with-lids","status":"publish","type":"product","link":"https:\/\/yebodaglass.com\/hu\/wholesale-clear-glass-hot-sauce-bottles-with-lids\/","title":{"rendered":"Nagykereskedelmi \u00e1tl\u00e1tsz\u00f3 \u00fcveg cs\u00edp\u0151s sz\u00f3szos palackok fed\u00e9llel 250ml 350ml 500ml"},"content":{"rendered":"<p>Ennek a cs\u00edp\u0151s sz\u00f3szos \u00fcvegnek a letisztult diz\u00e1jnja enyh\u00e9n k\u00fapos testtel rendelkezik, amely vizu\u00e1lisan kapcsol\u00f3dik a r\u00f6vid, vastag nyakhoz. \u00c1ltal\u00e1noss\u00e1gban elmondhat\u00f3, hogy az \u00e1tl\u00e1tsz\u00f3 \u00fcvegb\u0151l k\u00e9sz\u00fclt, meglehet\u0151sen egyszer\u0171 \u00e9s praktikus kialak\u00edt\u00e1s lehet\u0151v\u00e9 teszi, hogy b\u00e1rki bel\u00e1ssa a belsej\u00e9t an\u00e9lk\u00fcl, hogy \u00fcveget kellene kinyitnia.<\/p>\n<h2>Term\u00e9kjellemz\u0151k<\/h2>\n<ul>\n<li><strong>Beklentilerinizi kar\u015f\u0131lamayan cam kavanozlardan s\u0131k\u0131ld\u0131n\u0131z m\u0131? Cam kavanozu standart a\u011f\u0131z tasar\u0131m\u0131yla \u00fcretiyoruz; plastik kapa\u011fa gerek yok. Bu kapakl\u0131 cam kavanoz \u00e7\u00f6z\u00fcmleri, yiyecek saklamay\u0131 birinci s\u0131n\u0131f anlara d\u00f6n\u00fc\u015ft\u00fcr\u00fcyor. Toplu sipari\u015flerde, vizyonunuza uygun \u00f6zel cam kavanozlar sunuyoruz.<\/strong> Az \u00e1tl\u00e1tsz\u00f3 \u00fcveged\u00e9ny lehet\u0151v\u00e9 teszi a felhaszn\u00e1l\u00f3k sz\u00e1m\u00e1ra, hogy vizu\u00e1lisan ellen\u0151rizz\u00e9k a sz\u00f3sz sz\u00edn\u00e9t, \u00e9s meg\u00e1llap\u00edts\u00e1k, mennyi maradt bel\u0151le an\u00e9lk\u00fcl, hogy a palack kinyit\u00e1s\u00e1nak kellemetlens\u00e9gei lenn\u00e9nek.<\/li>\n<li><strong>Karcs\u00fa kont\u00e9ner kialak\u00edt\u00e1s:<\/strong> A karcs\u00fa sziluettj\u00e9vel \u00e9s l\u00e1gy \u00edveivel a palack egyszer\u0171en hordozhat\u00f3 \u00e9s t\u00e1rolhat\u00f3, \u00edgy a teljes haszn\u00e1lati \u00e9lm\u00e9ny k\u00e9nyelmesebb \u00e9s praktikusabb.<\/li>\n<li><strong>Minimalista koncepci\u00f3:<\/strong> Az \u00e1tl\u00e1tsz\u00f3 tart\u00e1ly egysz\u00edn\u0171 fed\u00e9llel p\u00e1ros\u00edtva letisztult \u00e9s \u00e9l\u00e9nk megjelen\u00e9st k\u00f6lcs\u00f6n\u00f6z, sokf\u00e9lek\u00e9ppen st\u00edlusos\u00edthat\u00f3, \u00e9s nagyon funkcion\u00e1lis a haszn\u00e1lat szempontj\u00e1b\u00f3l.<\/li>\n<\/ul>\n<h2 style=\"text-align: left;\">F\u0151bb specifik\u00e1ci\u00f3k<\/h2>\n<table class=\"aligncenter\" style=\"border-collapse: collapse; width: 471.02pt;\" border=\"0\" width=\"628\" cellspacing=\"0\" cellpadding=\"0\">\n<tbody>\n<tr style=\"height: 13.50pt;\">\n<td style=\"height: 13.50pt; width: 111.75pt;\" width=\"149\" height=\"18\">Jellemz\u0151<\/td>\n<td style=\"width: 359.25pt;\" width=\"479\">Specifik\u00e1ci\u00f3<\/td>\n<\/tr>\n<tr style=\"height: 13.50pt;\">\n<td style=\"height: 13.50pt;\" height=\"18\">Kapacit\u00e1s<\/td>\n<td>250 ml (8 uncia), 350 ml (12 uncia), 500 ml (17 uncia)<\/td>\n<\/tr>\n<tr style=\"height: 13.50pt;\">\n<td style=\"height: 13.50pt;\" height=\"18\">M\u00e9retek<\/td>\n<td>5,5 \u00d7 17,8 cm, 6,1 \u00d7 19,6 cm, 6,9 \u00d7 21,4 cm<\/td>\n<\/tr>\n<tr style=\"height: 13.50pt;\">\n<td style=\"height: 13.50pt;\" height=\"18\">Alak<\/td>\n<td>Hengeres, enyhe k\u00faposs\u00e1ggal<\/td>\n<\/tr>\n<tr style=\"height: 13.50pt;\">\n<td style=\"height: 13.50pt;\" height=\"18\">Anyag<\/td>\n<td>\u00c1tl\u00e1tsz\u00f3 \u00fcveg, m\u0171anyag\/f\u00e9m z\u00e1rral kompatibilis<\/td>\n<\/tr>\n<tr style=\"height: 13.50pt;\">\n<td style=\"height: 13.50pt;\" height=\"18\">Lez\u00e1r\u00e1si lehet\u0151s\u00e9gek<\/td>\n<td>S\u00e1rga, feh\u00e9r, piros, fekete sapk\u00e1k (testreszabhat\u00f3)<\/td>\n<\/tr>\n<tr style=\"height: 13.50pt;\">\n<td style=\"height: 13.50pt;\" height=\"18\">Legjobb<\/td>\n<td>BBQ sz\u00f3sz, \u00f6ntet, szirup, ecet, f\u0171szerm\u00e1rk\u00e1k<\/td>\n<\/tr>\n<tr style=\"height: 13.50pt;\">\n<td style=\"height: 13.50pt;\" height=\"18\">Ide\u00e1lis haszn\u00e1lat<\/td>\n<td>Cs\u00edp\u0151s sz\u00f3szos \u00fcveg, \u00fcveges szesz, f\u0171szeres \u00fcvegek<\/td>\n<\/tr>\n<\/tbody>\n<\/table>\n<h2>Val\u00f3s esettanulm\u00e1ny: Hogyan \u00e9rt el egy m\u00e1rka n\u00f6veked\u00e9st<\/h2>\n<p>Egy indul\u00f3 k\u00e9zm\u0171ves f\u0171szergy\u00e1rt\u00f3 c\u00e9g, amely kis t\u00e9telben gy\u00e1rtott ecet alap\u00fa chilisz\u00f3szokat gy\u00e1rtott, k\u00f6lts\u00e9ghat\u00e9kony \u00e9s megb\u00edzhat\u00f3 palackra volt sz\u00fcks\u00e9ge ahhoz, hogy orsz\u00e1gos szinten m\u0171k\u00f6d\u0151 kiskereskedelmi l\u00e1ncc\u00e1 terjeszkedhessen. Els\u0151 l\u00e9p\u00e9s\u00fck az volt, hogy 2500 darab 500 ml-es, piros kupakkal \u00e9s m\u00e1rkajelz\u00e9ssel ell\u00e1tott, \u00e1tl\u00e1tsz\u00f3 sz\u00f3szos palackunkat v\u00e1s\u00e1rolt\u00e1k nagykereskedelmi \u00e1ron, \u00e9s m\u00e1ris versenybe sz\u00e1lltak. Az eredm\u00e9nyek hat\u00e9konynak bizonyultak. Kezdetben az \u00e1tl\u00e1tsz\u00f3 \u00fcvegpalackok \u00e9s a sz\u00ednes kupakok jelent\u0151sen fellend\u00edtett\u00e9k az elad\u00e1sokat \u2013 egy cs\u00edp\u0151s sz\u00f3szm\u00e1rka 38%-os online \u00e9rt\u00e9kes\u00edt\u00e9si n\u00f6veked\u00e9sr\u0151l sz\u00e1molt be, a hullad\u00e9k 29%-os cs\u00f6kken\u00e9s\u00e9vel a k\u00f6nnyen ki\u00f6nthet\u0151 kialak\u00edt\u00e1snak k\u00f6sz\u00f6nhet\u0151en, amely minimaliz\u00e1lta a cs\u00f6p\u00f6g\u00e9st \u00e9s ki\u00f6ml\u00e9st. Ez\u00e9rt \u00fagy d\u00f6nt\u00f6ttek, hogy \u00fajabb 300 000 palackot rendelnek. Jelenleg a palackot tekintik fix csomagol\u00e1si megold\u00e1snak, amely mind a sz\u00e1ll\u00edt\u00e1s, mind az \u00fcgyf\u00e9l-el\u00e9gedetts\u00e9g szempontj\u00e1b\u00f3l megfelel az ig\u00e9nyeiknek.<\/p>\n<h2>\u00dcveg sz\u00f3szos palack szem\u00e9lyre szab\u00e1sa<\/h2>\n<ul>\n<li>Matt \u00fcveg: Luxus\u00e9rzetet k\u00f6lcs\u00f6n\u00f6z a savmaratott \u00e1ttetsz\u0151 \u00fcvegnek az eleg\u00e1ns, kifinomult megjelen\u00e9s\u00e9rt.<\/li>\n<li>M\u00e1rk\u00e1s log\u00f3 nyomtat\u00e1sa: Er\u0151s\u00edtse m\u00e1rk\u00e1j\u00e1t c\u00e9ge log\u00f3j\u00e1nak vagy diz\u00e1jnj\u00e1nak k\u00f6zvetlen\u00fcl az \u00fcvegre nyomtat\u00e1s\u00e1val, \u00edgy tart\u00f3s eml\u00e9ket teremtve.<\/li>\n<li>Sz\u00ednes poh\u00e1r: V\u00e1lassza a borosty\u00e1n vagy z\u00f6ld poharat, hogy a sz\u00f3sz f\u00e9nyt\u0151l v\u00e9dett maradjon, \u00e9s felh\u00edvja a figyelmet a polcon l\u00e9v\u0151 term\u00e9k min\u0151s\u00e9g\u00e9re.<\/li>\n<li>Egyedi kupaksz\u00ednek: Haszn\u00e1lja a jellegzetes kupaksz\u00edneket \u2013 p\u00e9ld\u00e1ul a hagyom\u00e1nyos feh\u00e9ret vagy az \u00e9l\u00e9nkpirosat \u2013 a m\u00e1rka megk\u00fcl\u00f6nb\u00f6ztet\u00e9s\u00e9hez \u00e9s a gyors azonos\u00edt\u00e1shoz.<\/li>\n<li>B\u00e9l\u00e9sanyag-opci\u00f3k: V\u00e1lassza ki a megfelel\u0151 b\u00e9l\u00e9st (pl. habos\u00edtott PVC), hogy a sz\u00f3sz savass\u00e1g\u00e1nak \u00e9s olajtartalm\u00e1nak megfelel\u0151, l\u00e9gmentesen z\u00e1r\u00f3d\u00f3 ed\u00e9nyt biztos\u00edtson.<\/li>\n<\/ul>","protected":false},"excerpt":{"rendered":"<p>\u00c1tl\u00e1tsz\u00f3 cs\u00edp\u0151s sz\u00f3szos \u00fcvegek sima \u00fcvegfel\u00fclettel \u00e9s l\u00e9gmentesen z\u00e1r\u00f3d\u00f3 kupakkal. Ide\u00e1lisak cs\u00edp\u0151s sz\u00f3szokhoz vagy f\u0171szerekhez. Gy\u00e1ri \u00e1r, nagy t\u00e9telben t\u00f6rt\u00e9n\u0151 rendel\u00e9s, gyors sz\u00e1ll\u00edt\u00e1s!<\/p>","protected":false},"featured_media":23107,"template":"","meta":[],"product_brand":[],"product_cat":[20,129,80],"product_tag":[],"class_list":{"0":"post-23091","1":"product","2":"type-product","3":"status-publish","4":"has-post-thumbnail","6":"product_cat-glass-containers","7":"product_cat-hot-sauce-bottles","8":"product_cat-glass-bottles","10":"first","11":"instock","12":"shipping-taxable","13":"product-type-simple"},"jetpack_sharing_enabled":true,"_links":{"self":[{"href":"https:\/\/yebodaglass.com\/hu\/wp-json\/wp\/v2\/product\/23091","targetHints":{"allow":["GET"]}}],"collection":[{"href":"https:\/\/yebodaglass.com\/hu\/wp-json\/wp\/v2\/product"}],"about":[{"href":"https:\/\/yebodaglass.com\/hu\/wp-json\/wp\/v2\/types\/product"}],"version-history":[{"count":3,"href":"https:\/\/yebodaglass.com\/hu\/wp-json\/wp\/v2\/product\/23091\/revisions"}],"predecessor-version":[{"id":23134,"href":"https:\/\/yebodaglass.com\/hu\/wp-json\/wp\/v2\/product\/23091\/revisions\/23134"}],"wp:featuredmedia":[{"embeddable":true,"href":"https:\/\/yebodaglass.com\/hu\/wp-json\/wp\/v2\/media\/23107"}],"wp:attachment":[{"href":"https:\/\/yebodaglass.com\/hu\/wp-json\/wp\/v2\/media?parent=23091"}],"wp:term":[{"taxonomy":"product_brand","embeddable":true,"href":"https:\/\/yebodaglass.com\/hu\/wp-json\/wp\/v2\/product_brand?post=23091"},{"taxonomy":"product_cat","embeddable":true,"href":"https:\/\/yebodaglass.com\/hu\/wp-json\/wp\/v2\/product_cat?post=23091"},{"taxonomy":"product_tag","embeddable":true,"href":"https:\/\/yebodaglass.com\/hu\/wp-json\/wp\/v2\/product_tag?post=23091"}],"curies":[{"name":"wp","href":"https:\/\/api.w.org\/{rel}","templated":true}]}}