{"id":23090,"date":"2025-11-03T14:57:07","date_gmt":"2025-11-03T06:57:07","guid":{"rendered":"https:\/\/yebodaglass.com\/?post_type=product&#038;p=23090"},"modified":"2026-03-18T15:52:34","modified_gmt":"2026-03-18T07:52:34","slug":"glass-small-spice-jars-with-spoon-lid-bulk","status":"publish","type":"product","link":"https:\/\/yebodaglass.com\/hu\/termek\/glass-small-spice-jars-with-spoon-lid-bulk\/","title":{"rendered":"200 ml-es \u00fcveg kis f\u0171szeres \u00fcvegek kan\u00e1lfed\u0151vel, \u00f6mlesztett"},"content":{"rendered":"<p>A kis f\u0171szertart\u00f3 egyszer\u0171, \u00e1tl\u00e1tsz\u00f3, g\u00f6mb alak\u00fa hengeres \u00fcvegb\u0151l k\u00e9sz\u00fclt, sima fekete fed\u00e9llel \u00e9s ez\u00fcst f\u00e9mgy\u0171r\u0171vel a tetej\u00e9n. Minden bef\u0151ttes\u00fcveg tetej\u00e9be kan\u00e1l, ecset vagy m\u00e1rtogat\u00f3 eszk\u00f6z van be\u00e9p\u00edtve.<\/p>\n<h2>Term\u00e9kjellemz\u0151k<\/h2>\n<ul>\n<li><strong>T\u00f6bbfunkci\u00f3s eszk\u00f6z\u00f6k integr\u00e1ci\u00f3ja:<\/strong> A fedelek speci\u00e1lis t\u00e1lal\u00f3eszk\u00f6z\u00f6ket (kan\u00e1l\/ecset\/m\u00e9zes p\u00e1lcika) tartalmaznak, ami azt jelenti, hogy nincs sz\u00fcks\u00e9g tov\u00e1bbi ev\u0151eszk\u00f6z\u00f6kre, \u00e9s az adagol\u00e1s eg\u00e9szs\u00e9gesebb \u00e9s k\u00e9nyelmesebb.<\/li>\n<li><strong>Sima fekete fed\u00e9l \u00e9s ez\u00fcst d\u00edsz\u00edt\u00e9s:<\/strong> A k\u00e9tsz\u00edn\u0171 fed\u00e9l modern megjelen\u00e9st k\u00f6lcs\u00f6n\u00f6z neki, a nyit\u00e1shoz haszn\u00e1lt foganty\u00fa pedig j\u00f3 fog\u00e1st biztos\u00edt.<\/li>\n<li><strong>\u00c1tl\u00e1tsz\u00f3 hengeres \u00fcvegtest:<\/strong> A lekerek\u00edtett \u00e9s \u00e1tl\u00e1tsz\u00f3 \u00fcveg gyors lelt\u00e1rinform\u00e1ci\u00f3t ny\u00fajt, \u00e9s k\u00f6nnyen egym\u00e1sra rakhat\u00f3.<\/li>\n<\/ul>\n<h2>F\u0151bb specifik\u00e1ci\u00f3k<\/h2>\n<table style=\"border-collapse: collapse; width: 90%; margin-left: auto; margin-right: auto;\" border=\"0\" width=\"504\" cellspacing=\"0\" cellpadding=\"0\">\n<tbody>\n<tr style=\"height: 13.50pt;\">\n<td style=\"height: 13.5pt; width: 54pt; text-align: center;\" width=\"72\" height=\"18\">Kapacit\u00e1s<\/td>\n<td style=\"width: 54pt; text-align: center;\" width=\"72\">M\u00e9ret (cm)<\/td>\n<td style=\"width: 54pt; text-align: center;\" width=\"72\">Alak<\/td>\n<td style=\"width: 54pt; text-align: center;\" width=\"72\">Sz\u00ednbe\u00e1ll\u00edt\u00e1sok<\/td>\n<td style=\"width: 54pt; text-align: center;\" width=\"72\">Haszn\u00e1lat<\/td>\n<td style=\"width: 54pt; text-align: center;\" width=\"72\">Testreszab\u00e1si lehet\u0151s\u00e9gek<\/td>\n<\/tr>\n<tr style=\"height: 13.50pt;\">\n<td style=\"height: 13.5pt; text-align: center;\" height=\"18\">200 ml<\/td>\n<td style=\"text-align: center;\">6.5&#215;14<\/td>\n<td style=\"text-align: center;\">Kerek<\/td>\n<td style=\"text-align: center;\">\u00c1tl\u00e1tsz\u00f3 (testreszabhat\u00f3)<\/td>\n<td style=\"text-align: center;\">F\u0171szertart\u00f3, F\u0171szeres \u00dcveg, Olaj Adagol\u00f3<\/td>\n<td style=\"text-align: center;\">Log\u00f3, fedelek, sz\u00edn, c\u00edmke, m\u00e9ret<\/td>\n<\/tr>\n<\/tbody>\n<\/table>\n<h2>Sikert\u00f6rt\u00e9net<\/h2>\n<p>Az egyik eur\u00f3pai konyhai eszk\u00f6zm\u00e1rka a mi f\u0171szertart\u00f3nkat v\u00e1lasztotta, \u00e9s matt, fokozatos vonalakkal \u00e9s szilikon kefefejekkel m\u00f3dos\u00edtotta azokat. Ez az integr\u00e1lt eszk\u00f6z\u00f6kb\u0151l \u00e1ll\u00f3 rendszer hatalmas sikert aratott, mivel az elveszett kanalakkal kapcsolatos v\u00e1s\u00e1rl\u00f3i panaszok sz\u00e1ma 95%-kal cs\u00f6kkent. Az \u00fcvegek \u00e1tl\u00e1tsz\u00f3ak voltak, ami seg\u00edtette a felhaszn\u00e1l\u00f3kat az els\u0151 be- \u00e9s els\u0151 kisz\u00e1ll\u00edt\u00e1s szerinti k\u00e9szletgazd\u00e1lkod\u00e1s egyszer\u0171 alkalmaz\u00e1s\u00e1ban. A m\u00e1rka hatalmas sikere arra k\u00e9sztette \u0151ket, hogy tov\u00e1bbi 750 000 \u00fcveget rendeljenek, amelyeket nagy eur\u00f3pai lakberendez\u00e9si \u00e1ruh\u00e1zaknak sz\u00e1ll\u00edtanak ki.<\/p>\n<h2>Kis f\u0171szertart\u00f3k testreszab\u00e1si megold\u00e1sai<\/h2>\n<ul>\n<li>Fed\u00e9l sz\u00ednei \u00e9s anyagai: B\u00e1rmilyen sz\u00ednben (feh\u00e9r, sz\u00fcrke, faerezetes) vagy f\u00e9mekben (r\u00e9z, s\u00e1rgar\u00e9z) kaphat\u00f3.<\/li>\n<li>Eszk\u00f6z\u00f6k testreszab\u00e1sa: V\u00e1lasszon egy szersz\u00e1mform\u00e1t (pl. minicsipeszek, m\u00e9r\u0151kan\u00e1l), amelyet \u00d6n tervez, vagy nyomtassa r\u00e1 a m\u00e1rkanev\u00e9t.<\/li>\n<li>Kupakt\u00f6m\u00edt\u00e9s: Szilikonb\u00f3l k\u00e9sz\u00fclt t\u00f6m\u00edt\u0151gy\u0171r\u0171k, amelyeket a kupakra helyeznek a l\u00e9gmentes z\u00e1r\u00e1s \u00e9s a k\u00e1v\u00e9 vagy tea hossz\u00fa t\u00e1v\u00fa t\u00e1rol\u00e1sa \u00e9rdek\u00e9ben.<\/li>\n<\/ul>","protected":false},"excerpt":{"rendered":"<p>\u00c1tl\u00e1tsz\u00f3 \u00fcvegb\u0151l k\u00e9sz\u00fclt, kis f\u0171szertart\u00f3k multifunkci\u00f3s fed\u00e9llel. A f\u0171szertart\u00f3 k\u00e9szlet kanalat, ecsetet \u00e9s mer\u0151kan\u00e1llal rendelkezik a k\u00f6nny\u0171 haszn\u00e1lat \u00e9rdek\u00e9ben. Ingyenes mint\u00e1k kaphat\u00f3k.<\/p>","protected":false},"featured_media":23097,"template":"","meta":[],"product_brand":[],"product_cat":[83,20,128],"product_tag":[],"class_list":{"0":"post-23090","1":"product","2":"type-product","3":"status-publish","4":"has-post-thumbnail","6":"product_cat-glass-jars","7":"product_cat-glass-containers","8":"product_cat-spice-jars","10":"first","11":"instock","12":"shipping-taxable","13":"product-type-simple"},"jetpack_sharing_enabled":true,"_links":{"self":[{"href":"https:\/\/yebodaglass.com\/hu\/wp-json\/wp\/v2\/product\/23090","targetHints":{"allow":["GET"]}}],"collection":[{"href":"https:\/\/yebodaglass.com\/hu\/wp-json\/wp\/v2\/product"}],"about":[{"href":"https:\/\/yebodaglass.com\/hu\/wp-json\/wp\/v2\/types\/product"}],"version-history":[{"count":5,"href":"https:\/\/yebodaglass.com\/hu\/wp-json\/wp\/v2\/product\/23090\/revisions"}],"predecessor-version":[{"id":25498,"href":"https:\/\/yebodaglass.com\/hu\/wp-json\/wp\/v2\/product\/23090\/revisions\/25498"}],"wp:featuredmedia":[{"embeddable":true,"href":"https:\/\/yebodaglass.com\/hu\/wp-json\/wp\/v2\/media\/23097"}],"wp:attachment":[{"href":"https:\/\/yebodaglass.com\/hu\/wp-json\/wp\/v2\/media?parent=23090"}],"wp:term":[{"taxonomy":"product_brand","embeddable":true,"href":"https:\/\/yebodaglass.com\/hu\/wp-json\/wp\/v2\/product_brand?post=23090"},{"taxonomy":"product_cat","embeddable":true,"href":"https:\/\/yebodaglass.com\/hu\/wp-json\/wp\/v2\/product_cat?post=23090"},{"taxonomy":"product_tag","embeddable":true,"href":"https:\/\/yebodaglass.com\/hu\/wp-json\/wp\/v2\/product_tag?post=23090"}],"curies":[{"name":"wp","href":"https:\/\/api.w.org\/{rel}","templated":true}]}}