{"id":23046,"date":"2025-10-31T17:23:17","date_gmt":"2025-10-31T09:23:17","guid":{"rendered":"https:\/\/yebodaglass.com\/?post_type=product&#038;p=23046"},"modified":"2026-04-10T15:35:27","modified_gmt":"2026-04-10T07:35:27","slug":"wholesale-honey-hexagon-jars-with-honeycomb-design","status":"publish","type":"product","link":"https:\/\/yebodaglass.com\/hu\/wholesale-honey-hexagon-jars-with-honeycomb-design\/","title":{"rendered":"Nagykereskedelmi hatsz\u00f6glet\u0171 m\u00e9zes \u00fcvegek m\u00e9hsejt mint\u00e1val 500ml 1000ml"},"content":{"rendered":"<p>Ez a m\u00e9zes hatsz\u00f6glet\u0171 \u00fcveg eleg\u00e1ns hatsz\u00f6glet\u0171 szerkezettel rendelkezik, amely \u00e1ts\u00fct az \u00fcvegtesten, \u00e9s mindk\u00e9t oldal\u00e1n kidombor\u00edtott m\u00e9hsejt mint\u00e1kat mutat. Az arany csavaros kupak term\u00e9szetes sz\u00e9ps\u00e9get \u00e9s luxus\u00e9rzetet k\u00f6lcs\u00f6n\u00f6z.<\/p>\n<h2>Term\u00e9kjellemz\u0151k<\/h2>\n<ul>\n<li><strong>M\u00e9hsejt mint\u00e1zat:<\/strong> A bef\u0151ttes\u00fcvegen kiemelked\u0151 m\u00e9hsejtminta jav\u00edtja a fog\u00e1st \u00e9s a m\u00e1rkafelismerhet\u0151s\u00e9get, valamint a m\u00e9z term\u00e9szetes tulajdons\u00e1gait id\u00e9zi.<\/li>\n<li><strong>Beklentilerinizi kar\u015f\u0131lamayan cam kavanozlardan s\u0131k\u0131ld\u0131n\u0131z m\u0131? Cam kavanozu standart a\u011f\u0131z tasar\u0131m\u0131yla \u00fcretiyoruz; plastik kapa\u011fa gerek yok. Bu kapakl\u0131 cam kavanoz \u00e7\u00f6z\u00fcmleri, yiyecek saklamay\u0131 birinci s\u0131n\u0131f anlara d\u00f6n\u00fc\u015ft\u00fcr\u00fcyor. Toplu sipari\u015flerde, vizyonunuza uygun \u00f6zel cam kavanozlar sunuyoruz.<\/strong> A m\u00e9z \u00e1tl\u00e1tsz\u00f3, \u00e9lelmiszeripari min\u0151s\u00e9g\u0171 \u00fcvegben ker\u00fcl forgalomba, amely \u00e1tl\u00e1tsz\u00f3, \u00edgy k\u00f6nnyen tiszt\u00edthat\u00f3 \u00e9s \u00fajrafelhaszn\u00e1lhat\u00f3.<\/li>\n<li><strong>Pr\u00e9mium t\u00f6m\u00edt\u0151kupak:<\/strong> Az aranyozott f\u00e9m csavaros kupak l\u00e9gmentes z\u00e1r\u00e1st biztos\u00edt, ami 30 sz\u00e1zal\u00e9kkal n\u00f6veli a m\u00e9z eltarthat\u00f3s\u00e1g\u00e1t, \u00e9s fokozza az aj\u00e1nd\u00e9kcsomagol\u00e1s vonzerej\u00e9t.<\/li>\n<\/ul>\n<h2 style=\"text-align: left;\">F\u0151bb specifik\u00e1ci\u00f3k<\/h2>\n<table class=\"aligncenter\" style=\"border-collapse: collapse; width: 415.52pt;\" border=\"0\" width=\"554\" cellspacing=\"0\" cellpadding=\"0\">\n<tbody>\n<tr style=\"height: 13.50pt;\">\n<td style=\"height: 13.50pt; width: 95.25pt;\" width=\"127\" height=\"18\">Jellemz\u0151<\/td>\n<td style=\"width: 320.25pt;\" width=\"427\">Specifik\u00e1ci\u00f3<\/td>\n<\/tr>\n<tr style=\"height: 13.50pt;\">\n<td style=\"height: 13.50pt;\" height=\"18\">Kapacit\u00e1s<\/td>\n<td>500 ml, 1000 ml<\/td>\n<\/tr>\n<tr style=\"height: 13.50pt;\">\n<td style=\"height: 13.50pt;\" height=\"18\">Alak<\/td>\n<td>Hatsz\u00f6g teljes m\u00e9hsejt dombornyom\u00e1ssal<\/td>\n<\/tr>\n<tr style=\"height: 13.50pt;\">\n<td style=\"height: 13.50pt;\" height=\"18\">M\u00e9retek<\/td>\n<td>7,5 \u00d7 8 \u00d7 11,9 cm, 9,2 \u00d7 9,7 \u00d7 14,5 cm<\/td>\n<\/tr>\n<tr style=\"height: 13.50pt;\">\n<td style=\"height: 13.50pt;\" height=\"18\">Anyag<\/td>\n<td>\u00c1tl\u00e1tsz\u00f3 \u00fcveg, csavaros fed\u00e9l<\/td>\n<\/tr>\n<tr style=\"height: 13.50pt;\">\n<td style=\"height: 13.50pt;\" height=\"18\">Fed\u00e9l opci\u00f3k<\/td>\n<td>Arany, ez\u00fcst, fekete, s\u00e1rga<\/td>\n<\/tr>\n<tr style=\"height: 13.50pt;\">\n<td style=\"height: 13.50pt;\" height=\"18\">Legjobb<\/td>\n<td>\u00f6koboltok, m\u00e9h\u00e9szeti sz\u00f6vetkezetek, butikm\u00e1rk\u00e1k<\/td>\n<\/tr>\n<tr style=\"height: 13.50pt;\">\n<td style=\"height: 13.50pt;\" height=\"18\">Ide\u00e1lis haszn\u00e1lat<\/td>\n<td>M\u00e9zes\u00fcveg m\u00e9hsejttel, k\u00e9zm\u0171ves \u00fczlet\u00e1gak<\/td>\n<\/tr>\n<\/tbody>\n<\/table>\n<h2>Sikert\u00f6rt\u00e9net<\/h2>\n<p>Egyik eur\u00f3pai k\u00e9zm\u0171ves m\u00e9zm\u00e1rk\u00e1nk rendelt t\u0151l\u00fcnk m\u00e9hsejt mint\u00e1s borosty\u00e1nsz\u00edn\u0171 \u00fcvegt, amely egyedi tervez\u00e9s\u0171 volt, \u00e9s l\u00e9zergrav\u00edroz\u00e1ssal k\u00e9sz\u00fclt a m\u00e9hsejt mint\u00e1zata. A m\u00e9zes\u00fcvegek st\u00edlusos megjelen\u00e9se 40 sz\u00e1zal\u00e9kkal n\u00f6velte az elad\u00e1sokat az \u00fcnnepi szezonban. A borosty\u00e1nsz\u00edn\u0171 \u00fcveg enyh\u00e9n n\u00f6veli a m\u00e9z gazdags\u00e1g\u00e1t, ami a v\u00e1s\u00e1rl\u00f3i felm\u00e9r\u00e9sek szerint 15 sz\u00e1zal\u00e9kkal jav\u00edtja a min\u0151s\u00e9get \u00e9s az \u00e9rt\u00e9ket. A m\u00e1rka annyira el\u00e9gedett volt az eredm\u00e9nyekkel, hogy tov\u00e1bbi 280 000 darab m\u00e9hsejt mint\u00e1s m\u00e9zes\u00fcveget rendelt, hogy b\u0151v\u00edtse glob\u00e1lis kiskereskedelmi \u00e9s aj\u00e1nd\u00e9kdobozos term\u00e9keinek k\u00edn\u00e1lat\u00e1t.<\/p>\n<h2>M\u00e9zes hatsz\u00f6glet\u0171 \u00fcvegek testreszab\u00e1sa aj\u00e1nlott<\/h2>\n<ul>\n<li>Egyedi fed\u00e9l sz\u00edne: V\u00e1lasszon arany, ez\u00fcst, fekete vagy egyedi matt fel\u00fcletet, hogy illeszkedjen a m\u00e1rk\u00e1j\u00e1hoz.<\/li>\n<li>\u00c1ll\u00edthat\u00f3 t\u00e9rfogat: A mennyis\u00e9g 100 ml-t\u0151l 1000 ml-ig \u00e1ll\u00edthat\u00f3, az egyadagos, csal\u00e1di vagy nagy kiszerel\u00e9si ig\u00e9nyekt\u0151l f\u00fcgg\u0151en.<\/li>\n<li>Alak optimaliz\u00e1l\u00e1s: V\u00e1ltoztassa meg a palack g\u00f6mb alak\u00fa r\u00e9sz\u00e9nek g\u00f6rb\u00fclet\u00e9t, vagy \u00e1ll\u00edtsa be a m\u00e9hsejt text\u00far\u00e1j\u00e1nak m\u00e9lys\u00e9g\u00e9t, hogy a term\u00e9k a polcon megk\u00fcl\u00f6nb\u00f6ztethet\u0151 legyen.<\/li>\n<\/ul>","protected":false},"excerpt":{"rendered":"<p>Hatsz\u00f6glet\u0171 m\u00e9zes\u00fcveg m\u00e9hsejt mint\u00e1val, \u00e1tl\u00e1tsz\u00f3 \u00fcvegb\u0151l. Ide\u00e1lis m\u00e9zes\u00fcveg m\u00e9hsejt mint\u00e1val m\u00e9z t\u00e1rol\u00e1s\u00e1ra, m\u00e1rkajelz\u00e9sre \u00e9s aj\u00e1nd\u00e9koz\u00e1sra. Gyors sz\u00e1ll\u00edt\u00e1s.<\/p>","protected":false},"featured_media":23072,"template":"","meta":[],"product_brand":[],"product_cat":[127,124,122],"product_tag":[],"class_list":{"0":"post-23046","1":"product","2":"type-product","3":"status-publish","4":"has-post-thumbnail","6":"product_cat-glass-honey-jars","7":"product_cat-custom-glass-jars","8":"product_cat-custom-glass-packaging","10":"first","11":"instock","12":"shipping-taxable","13":"product-type-simple"},"jetpack_sharing_enabled":true,"_links":{"self":[{"href":"https:\/\/yebodaglass.com\/hu\/wp-json\/wp\/v2\/product\/23046","targetHints":{"allow":["GET"]}}],"collection":[{"href":"https:\/\/yebodaglass.com\/hu\/wp-json\/wp\/v2\/product"}],"about":[{"href":"https:\/\/yebodaglass.com\/hu\/wp-json\/wp\/v2\/types\/product"}],"version-history":[{"count":5,"href":"https:\/\/yebodaglass.com\/hu\/wp-json\/wp\/v2\/product\/23046\/revisions"}],"predecessor-version":[{"id":25745,"href":"https:\/\/yebodaglass.com\/hu\/wp-json\/wp\/v2\/product\/23046\/revisions\/25745"}],"wp:featuredmedia":[{"embeddable":true,"href":"https:\/\/yebodaglass.com\/hu\/wp-json\/wp\/v2\/media\/23072"}],"wp:attachment":[{"href":"https:\/\/yebodaglass.com\/hu\/wp-json\/wp\/v2\/media?parent=23046"}],"wp:term":[{"taxonomy":"product_brand","embeddable":true,"href":"https:\/\/yebodaglass.com\/hu\/wp-json\/wp\/v2\/product_brand?post=23046"},{"taxonomy":"product_cat","embeddable":true,"href":"https:\/\/yebodaglass.com\/hu\/wp-json\/wp\/v2\/product_cat?post=23046"},{"taxonomy":"product_tag","embeddable":true,"href":"https:\/\/yebodaglass.com\/hu\/wp-json\/wp\/v2\/product_tag?post=23046"}],"curies":[{"name":"wp","href":"https:\/\/api.w.org\/{rel}","templated":true}]}}