{"id":23019,"date":"2025-10-30T17:28:53","date_gmt":"2025-10-30T09:28:53","guid":{"rendered":"https:\/\/yebodaglass.com\/?post_type=product&#038;p=23019"},"modified":"2026-03-11T14:15:02","modified_gmt":"2026-03-11T06:15:02","slug":"clear-glass-yogurt-jars-with-lids-wholesale","status":"publish","type":"product","link":"https:\/\/yebodaglass.com\/hu\/clear-glass-yogurt-jars-with-lids-wholesale\/","title":{"rendered":"40 ml \u2013 500 ml \u00e1tl\u00e1tsz\u00f3 \u00fcveg joghurtos bef\u0151ttes\u00fcvegek fed\u00e9llel, nagykereskedelem"},"content":{"rendered":"<p>Ezek \u00fcveg joghurtos bef\u0151ttes\u00fcvegek tet\u0151vel, hull\u00e1mos alj\u00faak, sima, \u00e1tl\u00e1tsz\u00f3 \u00fcveg testtel \u00e9s \u00e9l\u00e9nkpiros f\u00e9m csavaros tetejjel. K\u00fcl\u00f6nb\u00f6z\u0151 m\u00e9retekben kaphat\u00f3k.<\/p>\n<h2>Term\u00e9kjellemz\u0151k<\/h2>\n<ul>\n<li><strong>Funkcion\u00e1lis hull\u00e1mos als\u00f3 r\u00e9sz:<\/strong> A hull\u00e1mos alj\u00fa kialak\u00edt\u00e1s jav\u00edtja a fog\u00e1st \u00e9s megakad\u00e1lyozza, hogy az \u00fcveg elcs\u00fasszon a sima fel\u00fcleteken.<\/li>\n<li><strong>\u00c9l\u00e9nkpiros f\u00e9m fed\u00e9l:<\/strong> A csavaros kupak \u00e9l\u00e9nkpiros sz\u00edn\u0171, ami kiv\u00e1l\u00f3an z\u00e1r\u00f3dik, \u00e9s sz\u00edne alapj\u00e1n k\u00f6nnyen megk\u00fcl\u00f6nb\u00f6ztethet\u0151.<\/li>\n<li><strong>\u00c9lelmiszeripari \u00fcveg:<\/strong> Ezek az \u00fcvegek kiv\u00e1l\u00f3 min\u0151s\u00e9g\u0171, \u00e1tl\u00e1tsz\u00f3 \u00fcvegb\u0151l k\u00e9sz\u00fclnek, \u00e9s \u00e9lelmiszerbiztons\u00e1gosak, mivel \u00e9lelmiszerrel \u00e9rintkeznek.<\/li>\n<\/ul>\n<h2>F\u0151bb specifik\u00e1ci\u00f3k<\/h2>\n<table style=\"border-collapse: collapse; width: 80%; margin-left: auto; margin-right: auto;\" border=\"0\" width=\"216\" cellspacing=\"0\" cellpadding=\"0\">\n<tbody>\n<tr style=\"height: 13.50pt;\">\n<td style=\"height: 13.5pt; width: 54pt; text-align: center;\" width=\"72\" height=\"18\">Kapacit\u00e1s (ml)<\/td>\n<td style=\"width: 54pt; text-align: center;\" width=\"72\">M\u00e9ret (cm)<\/td>\n<td style=\"width: 54pt; text-align: center;\" width=\"72\">Egy\u00e9ni be\u00e1ll\u00edt\u00e1sok<\/td>\n<\/tr>\n<tr style=\"height: 13.50pt;\">\n<td style=\"height: 13.5pt; text-align: center;\" align=\"right\" height=\"18\">40<\/td>\n<td style=\"text-align: center;\">4.9&#215;4.9<\/td>\n<td class=\"et2\" style=\"text-align: center;\" rowspan=\"7\">Log\u00f3, c\u00edmke, fed\u00e9l<\/td>\n<\/tr>\n<tr style=\"height: 13.50pt;\">\n<td style=\"height: 13.5pt; text-align: center;\" align=\"right\" height=\"18\">75<\/td>\n<td style=\"text-align: center;\">5.5&#215;5.9<\/td>\n<\/tr>\n<tr style=\"height: 13.50pt;\">\n<td style=\"height: 13.5pt; text-align: center;\" align=\"right\" height=\"18\">100<\/td>\n<td style=\"text-align: center;\">6.3&#215;6.9<\/td>\n<\/tr>\n<tr style=\"height: 13.50pt;\">\n<td style=\"height: 13.5pt; text-align: center;\" align=\"right\" height=\"18\">200<\/td>\n<td style=\"text-align: center;\">7.5&#215;7.6<\/td>\n<\/tr>\n<tr style=\"height: 13.50pt;\">\n<td style=\"height: 13.5pt; text-align: center;\" align=\"right\" height=\"18\">280<\/td>\n<td style=\"text-align: center;\">8.7&#215;8.4<\/td>\n<\/tr>\n<tr style=\"height: 13.50pt;\">\n<td style=\"height: 13.5pt; text-align: center;\" align=\"right\" height=\"18\">380<\/td>\n<td style=\"text-align: center;\">9.3&#215;9.3<\/td>\n<\/tr>\n<tr style=\"height: 13.50pt;\">\n<td style=\"height: 13.5pt; text-align: center;\" align=\"right\" height=\"18\">500<\/td>\n<td style=\"text-align: center;\">9.8&#215;10.5<\/td>\n<\/tr>\n<\/tbody>\n<\/table>\n<h2>Sikert\u00f6rt\u00e9net: Egy k\u00f6z\u00e9pnyugati k\u00e9zm\u0171ves tej\u00fczem sikert\u00f6rt\u00e9nete<\/h2>\n<p>\u00dcveg joghurtos fedeleinket egy wisconsini csal\u00e1di tulajdonban l\u00e9v\u0151 k\u00e9zm\u0171ves tej\u00fczem v\u00e1lasztotta ki. \u0150k k\u00e9sz\u00edtett\u00e9k el a piros fedeleket, \u00e9s szitanyom\u00e1ssal r\u00e1nyomt\u00e1k a m\u00e1rkanev\u00fcket. A piros f\u00e9mfedelek kiv\u00e1l\u00f3 t\u00f6m\u00edt\u00e9ssel rendelkeztek, ami 15 sz\u00e1zal\u00e9kkal meghosszabb\u00edtotta a term\u00e9k eltarthat\u00f3s\u00e1g\u00e1t. Az \u00fcvegekben a joghurt s\u0171r\u0171nek t\u0171nt, amit a v\u00e1s\u00e1rl\u00f3k k\u00f6nnyen l\u00e1thattak, \u00e9s ennek eredm\u00e9nyek\u00e9nt 25%-kal n\u0151tt az impulzusv\u00e1s\u00e1rl\u00e1saik sz\u00e1ma. Ennek alapj\u00e1n k\u00e9s\u0151bb \u00fajabb 200 000 \u00fcveget rendeltek.<\/p>\n<h2>Joghurtos \u00fcvegek fed\u00e9llel \u2013 testreszab\u00e1si javaslatok<\/h2>\n<ul>\n<li>Egyedi fed\u00e9lsz\u00ednek: A csavaros f\u00e9m fedelek sz\u00e1mos alapsz\u00edn\u00e9n (pl. fekete, feh\u00e9r, arany, k\u00e9k) k\u00edv\u00fcl k\u00e9r\u00e9sre az \u00d6n m\u00e1rk\u00e1j\u00e1nak sz\u00edneit is felvihetj\u00fck, vagy az \u00edzek k\u00f6z\u00f6tt sz\u00ednk\u00fcl\u00f6nbs\u00e9get is l\u00e9trehozhatunk.<\/li>\n<li>Egyedi als\u00f3 text\u00fara: Cser\u00e9lje le a hull\u00e1mos text\u00far\u00e1t egy m\u00e1sik cs\u00fasz\u00e1sg\u00e1tl\u00f3 text\u00far\u00e1ra, p\u00e9ld\u00e1ul geometrikus r\u00e1csra vagy apr\u00f3 pontokra.<\/li>\n<li>C\u00edmk\u00e9z\u00e9si jel\u00f6l\u00e9sek: A t\u00e9gely k\u00f6nnyebb haszn\u00e1lata \u00e9rdek\u00e9ben helyezzen el \u00e1lland\u00f3 dombornyomott vagy nyomtatott m\u00e9r\u0151jeleket (ml vagy uncia) az \u00fcveg oldal\u00e1n.<\/li>\n<\/ul>","protected":false},"excerpt":{"rendered":"<p>Pr\u00e9mium min\u0151s\u00e9g\u0171 \u00fcveg joghurtos bef\u0151ttes\u00fcvegek piros f\u00e9m csavaros kupakkal \u00e9s textur\u00e1lt aljjal. Sokoldal\u00fa joghurtos bef\u0151ttes\u00fcvegek \u00e9lelmiszeripari \u00e9s kozmetikai haszn\u00e1latra. Gyors sz\u00e1ll\u00edt\u00e1s.<\/p>","protected":false},"featured_media":23020,"template":"","meta":[],"product_brand":[],"product_cat":[124,122,130],"product_tag":[],"class_list":{"0":"post-23019","1":"product","2":"type-product","3":"status-publish","4":"has-post-thumbnail","6":"product_cat-custom-glass-jars","7":"product_cat-custom-glass-packaging","8":"product_cat-glass-yogurt-jars","10":"first","11":"instock","12":"shipping-taxable","13":"product-type-simple"},"jetpack_sharing_enabled":true,"_links":{"self":[{"href":"https:\/\/yebodaglass.com\/hu\/wp-json\/wp\/v2\/product\/23019","targetHints":{"allow":["GET"]}}],"collection":[{"href":"https:\/\/yebodaglass.com\/hu\/wp-json\/wp\/v2\/product"}],"about":[{"href":"https:\/\/yebodaglass.com\/hu\/wp-json\/wp\/v2\/types\/product"}],"version-history":[{"count":5,"href":"https:\/\/yebodaglass.com\/hu\/wp-json\/wp\/v2\/product\/23019\/revisions"}],"predecessor-version":[{"id":25360,"href":"https:\/\/yebodaglass.com\/hu\/wp-json\/wp\/v2\/product\/23019\/revisions\/25360"}],"wp:featuredmedia":[{"embeddable":true,"href":"https:\/\/yebodaglass.com\/hu\/wp-json\/wp\/v2\/media\/23020"}],"wp:attachment":[{"href":"https:\/\/yebodaglass.com\/hu\/wp-json\/wp\/v2\/media?parent=23019"}],"wp:term":[{"taxonomy":"product_brand","embeddable":true,"href":"https:\/\/yebodaglass.com\/hu\/wp-json\/wp\/v2\/product_brand?post=23019"},{"taxonomy":"product_cat","embeddable":true,"href":"https:\/\/yebodaglass.com\/hu\/wp-json\/wp\/v2\/product_cat?post=23019"},{"taxonomy":"product_tag","embeddable":true,"href":"https:\/\/yebodaglass.com\/hu\/wp-json\/wp\/v2\/product_tag?post=23019"}],"curies":[{"name":"wp","href":"https:\/\/api.w.org\/{rel}","templated":true}]}}