{"id":23001,"date":"2025-10-30T14:56:21","date_gmt":"2025-10-30T06:56:21","guid":{"rendered":"https:\/\/yebodaglass.com\/?post_type=product&#038;p=23001"},"modified":"2026-04-10T09:32:58","modified_gmt":"2026-04-10T01:32:58","slug":"round-ribbed-glass-jars-for-yogurt-with-metal-lids-wholesale","status":"publish","type":"product","link":"https:\/\/yebodaglass.com\/hu\/round-ribbed-glass-jars-for-yogurt-with-metal-lids-wholesale\/","title":{"rendered":"150 ml \u2013 380 ml-es kerek, bord\u00e1zott joghurtos \u00fcvegek f\u00e9m fed\u00e9llel, nagykereskedelem"},"content":{"rendered":"<p>Ezek a joghurtos \u00fcvegek kerekek \u00e9s teli, sima fel\u00fclet\u0171ek, finom, f\u00fcgg\u0151legesen bord\u00e1zott text\u00far\u00e1j\u00faak, \u00e9s elb\u0171v\u00f6l\u0151 piros vagy gy\u00f6ny\u00f6r\u0171 arany f\u00e9m fed\u00e9llel rendelkeznek, \u00edgy ezek t\u00f6k\u00e9letes joghurtos \u00fcvegek, amelyeket a kiv\u00e1l\u00f3 min\u0151s\u00e9g\u0171 joghurtok nagykeresked\u0151inek \u00e9rdemes haszn\u00e1lniuk.<\/p>\n<h2>Term\u00e9kjellemz\u0151k<\/h2>\n<ul>\n<li><strong>Kerek, telt alak:<\/strong> Ez a forma a hagyom\u00e1nyos, kerek, k\u00e9nyelmesebb haszn\u00e1lni, \u00e9s a legnagyobb teret biztos\u00edtja bel\u00fcl.<\/li>\n<li><strong>F\u00fcgg\u0151leges bord\u00e1zott text\u00fara:<\/strong> A perem d\u00edsz\u00edt\u0151 bev\u00e1g\u00e1sai eszt\u00e9tikai \u00e9rdekess\u00e9get, fokozott fog\u00e1st \u00e9s enyhe f\u00e9nyvisszaver\u0151d\u00e9st biztos\u00edtanak.<\/li>\n<li><strong>F\u00e9m fed\u00e9l v\u00e1laszt\u00e1si lehet\u0151s\u00e9gek:<\/strong> Az \u00e9l\u00e9nkv\u00f6r\u00f6s \u00e9s arany fedelek modern, st\u00edlusos \u00e9s vintage luxus megjelen\u00e9st k\u00f6lcs\u00f6n\u00f6znek neki.<\/li>\n<\/ul>\n<h2>F\u0151bb specifik\u00e1ci\u00f3k<\/h2>\n<table style=\"border-collapse: collapse; width: 80%; margin-left: auto; margin-right: auto;\" border=\"0\" width=\"288\" cellspacing=\"0\" cellpadding=\"0\">\n<tbody>\n<tr style=\"height: 13.50pt;\">\n<td style=\"height: 13.5pt; width: 54pt; text-align: center;\" width=\"72\" height=\"18\">Kapacit\u00e1s (ml)<\/td>\n<td style=\"width: 54pt; text-align: center;\" width=\"72\">M\u00e9retek (cm)<\/td>\n<td style=\"width: 54pt; text-align: center;\" width=\"72\">Alak<\/td>\n<td style=\"width: 54pt; text-align: center;\" width=\"72\">Anyag<\/td>\n<\/tr>\n<tr style=\"height: 13.50pt;\">\n<td style=\"height: 13.5pt; text-align: center;\" align=\"right\" height=\"18\">150<\/td>\n<td style=\"text-align: center;\">7.3*6.9<\/td>\n<td class=\"et2\" style=\"text-align: center;\" rowspan=\"4\">Kerek<\/td>\n<td class=\"et2\" style=\"text-align: center;\" rowspan=\"4\">\u00dcveg<\/td>\n<\/tr>\n<tr style=\"height: 13.50pt;\">\n<td style=\"height: 13.5pt; text-align: center;\" align=\"right\" height=\"18\">200<\/td>\n<td style=\"text-align: center;\">8.1*7.5<\/td>\n<\/tr>\n<tr style=\"height: 13.50pt;\">\n<td style=\"height: 13.5pt; text-align: center;\" align=\"right\" height=\"18\">280<\/td>\n<td style=\"text-align: center;\">8.9*8.0<\/td>\n<\/tr>\n<tr style=\"height: 13.50pt;\">\n<td style=\"height: 13.5pt; text-align: center;\" align=\"right\" height=\"18\">380<\/td>\n<td style=\"text-align: center;\">9.7*9.0<\/td>\n<\/tr>\n<\/tbody>\n<\/table>\n<h2>Sikeres eset<\/h2>\n<p>Joghurtos \u00fcvegeinket egy oregoni bio\u00e9lelmiszer-m\u00e1rka v\u00e1lasztotta ki joghurtjai csomagol\u00e1s\u00e1ra, \u00e9s vil\u00e1gosz\u00f6ld \u00fcvegeket k\u00e9sz\u00edtett\u00fcnk r\u00f3luk. Ennek a pr\u00e9mium csomagol\u00e1snak az eredm\u00e9nye azonnali \u00e9s l\u00e1tv\u00e1nyos volt: a speci\u00e1lis z\u00f6ld \u00fcveg enyhe UV-v\u00e9delmet biztos\u00edtott, \u00edgy 10 sz\u00e1zal\u00e9kkal n\u00f6velte a joghurt optim\u00e1lis eltarthat\u00f3s\u00e1g\u00e1t, az \u00fajrafelhaszn\u00e1lhat\u00f3 kialak\u00edt\u00e1s vonz\u00f3 megjelen\u00e9s\u00e9vel 25 sz\u00e1zal\u00e9kkal ism\u00e9telt v\u00e1s\u00e1rl\u00e1sokat gener\u00e1lt a term\u00e9kb\u0151l, a gy\u00f6ny\u00f6r\u0171 \u00fcvegek fot\u00f3i pedig t\u00f6bb mint 5000 \u00faj k\u00f6vet\u0151vel gazdag\u00edtott\u00e1k a m\u00e1rk\u00e1t. Ennek a kiv\u00e1l\u00f3 teljes\u00edtm\u00e9nynek k\u00f6sz\u00f6nhet\u0151en \u00fajabb 100 000 \u00fcveget rendeltek.<\/p>\n<h2>\u00dcveg joghurtos \u00fcvegek nagykereskedelm\u00e9nek testreszab\u00e1si aj\u00e1nl\u00e1sai<\/h2>\n<ul>\n<li>Dombornyomott m\u00e1rkajelz\u00e9s: A f\u00e9m fed\u00e9l tetej\u00e9re egy kis dombornyomott log\u00f3 vagy minta helyezhet\u0151, amely enyhe, de eleg\u00e1ns megjelen\u00e9st k\u00f6lcs\u00f6n\u00f6z a m\u00e1rk\u00e1nak.<\/li>\n<li>K\u00fcl\u00f6nb\u00f6z\u0151 cs\u00e9sze text\u00far\u00e1k: V\u00e1lasszon a f\u00fcgg\u0151leges cs\u00e9sze text\u00far\u00e1j\u00e1nak egy m\u00e1sik v\u00e1ltozat\u00e1t: spir\u00e1lis, rombusz vagy hull\u00e1mos.<\/li>\n<li>M\u00e9retez\u00e9s: K\u00fcl\u00f6nb\u00f6z\u0151 m\u00e9reteket adhat hozz\u00e1, amelyek mindegyike ugyanolyan vonz\u00f3 diz\u00e1jnnal rendelkezik, p\u00e9ld\u00e1ul 4 unci\u00e1s kis \u00fcvegeket \u00e9s 16 unci\u00e1s nagy csal\u00e1di kiszerel\u00e9seket.<\/li>\n<\/ul>","protected":false},"excerpt":{"rendered":"<p>Egyedi joghurtos \u00fcvegek dombornyomott text\u00far\u00e1val \u00e9s f\u00e9m fed\u00e9llel. Tart\u00f3s \u00fcveg joghurtos \u00fcvegek nagykereskedelemben, k\u00f6zvetlen gy\u00e1ri \u00e1ron, nagykereskedelmi v\u00e1s\u00e1rl\u00f3knak. Gyors sz\u00e1ll\u00edt\u00e1s.<\/p>","protected":false},"featured_media":23005,"template":"","meta":[],"product_brand":[],"product_cat":[130,124,122],"product_tag":[],"class_list":{"0":"post-23001","1":"product","2":"type-product","3":"status-publish","4":"has-post-thumbnail","6":"product_cat-glass-yogurt-jars","7":"product_cat-custom-glass-jars","8":"product_cat-custom-glass-packaging","10":"first","11":"instock","12":"shipping-taxable","13":"product-type-simple"},"jetpack_sharing_enabled":true,"_links":{"self":[{"href":"https:\/\/yebodaglass.com\/hu\/wp-json\/wp\/v2\/product\/23001","targetHints":{"allow":["GET"]}}],"collection":[{"href":"https:\/\/yebodaglass.com\/hu\/wp-json\/wp\/v2\/product"}],"about":[{"href":"https:\/\/yebodaglass.com\/hu\/wp-json\/wp\/v2\/types\/product"}],"version-history":[{"count":5,"href":"https:\/\/yebodaglass.com\/hu\/wp-json\/wp\/v2\/product\/23001\/revisions"}],"predecessor-version":[{"id":25371,"href":"https:\/\/yebodaglass.com\/hu\/wp-json\/wp\/v2\/product\/23001\/revisions\/25371"}],"wp:featuredmedia":[{"embeddable":true,"href":"https:\/\/yebodaglass.com\/hu\/wp-json\/wp\/v2\/media\/23005"}],"wp:attachment":[{"href":"https:\/\/yebodaglass.com\/hu\/wp-json\/wp\/v2\/media?parent=23001"}],"wp:term":[{"taxonomy":"product_brand","embeddable":true,"href":"https:\/\/yebodaglass.com\/hu\/wp-json\/wp\/v2\/product_brand?post=23001"},{"taxonomy":"product_cat","embeddable":true,"href":"https:\/\/yebodaglass.com\/hu\/wp-json\/wp\/v2\/product_cat?post=23001"},{"taxonomy":"product_tag","embeddable":true,"href":"https:\/\/yebodaglass.com\/hu\/wp-json\/wp\/v2\/product_tag?post=23001"}],"curies":[{"name":"wp","href":"https:\/\/api.w.org\/{rel}","templated":true}]}}