{"id":22838,"date":"2025-10-28T16:48:47","date_gmt":"2025-10-28T08:48:47","guid":{"rendered":"https:\/\/yebodaglass.com\/?post_type=product&#038;p=22838"},"modified":"2026-03-13T11:43:52","modified_gmt":"2026-03-13T03:43:52","slug":"wholesale-unique-hexagon-glass-honey-jars-with-lids","status":"publish","type":"product","link":"https:\/\/yebodaglass.com\/hu\/wholesale-unique-hexagon-glass-honey-jars-with-lids\/","title":{"rendered":"Nagykereskedelmi Egyedi Hatsz\u00f6g \u00dcveg M\u00e9z \u00dcvegek szemh\u00e9jakkal 375ml 750ml"},"content":{"rendered":"<p>Ez egy hatsz\u00f6glet\u0171 \u00fcveg m\u00e9zes\u00fcveg, amely hagyom\u00e1nyos hatsz\u00f6glet\u0171 kialak\u00edt\u00e1ssal rendelkezik. A m\u00e9z, a lekv\u00e1r \u00e9s a lekv\u00e1r felt\u0171n\u0151 sz\u00ednei t\u00f6k\u00e9letesen t\u00fckr\u00f6z\u0151dnek a krist\u00e1lytiszta \u00fcvegben. A praktikumot \u00e9s a sz\u00e9ps\u00e9get a robusztus csavaros fed\u00e9l \u00e9s a szil\u00e1rd alap garant\u00e1lja.<\/p>\n<h2>Term\u00e9kjellemz\u0151k<\/h2>\n<ul>\n<li><strong>Azonos hatsz\u00f6g:<\/strong> A term\u00e9k hatsz\u00f6glet\u0171 m\u00e9hsejt szerkezete nem gurul el, \u00e9s j\u00f3 tapad\u00e1st biztos\u00edt.<\/li>\n<li><strong>Krist\u00e1lytiszta \u00fcveg:<\/strong> A krist\u00e1lytiszta \u00fcveg pontos k\u00e9pet ad a v\u00e1s\u00e1rl\u00f3knak a term\u00e9k min\u0151s\u00e9g\u00e9r\u0151l, \u00edgy a teljes tartalmat l\u00e1thatj\u00e1k.<\/li>\n<li><strong>Massz\u00edv lapos alj:<\/strong> A vastag \u00e9s lapos alj lehet\u0151v\u00e9 teszi, hogy az \u00fcveget b\u00e1rmilyen fel\u00fcletre helyezz\u00fck, \u00e9s akkor is stabil maradjon, ha tele van.<\/li>\n<\/ul>\n<h2 style=\"text-align: left;\">F\u0151bb specifik\u00e1ci\u00f3k<\/h2>\n<table class=\"aligncenter\" style=\"border-collapse: collapse; width: 459.77pt;\" border=\"0\" width=\"613\" cellspacing=\"0\" cellpadding=\"0\">\n<tbody>\n<tr style=\"height: 13.50pt;\">\n<td style=\"height: 13.50pt; width: 99.75pt;\" width=\"133\" height=\"18\">Jellemz\u0151<\/td>\n<td style=\"width: 360.00pt;\" width=\"480\">Specifik\u00e1ci\u00f3<\/td>\n<\/tr>\n<tr style=\"height: 13.50pt;\">\n<td style=\"height: 13.50pt;\" height=\"18\">Kapacit\u00e1s<\/td>\n<td>375ml, 750ml<\/td>\n<\/tr>\n<tr style=\"height: 13.50pt;\">\n<td style=\"height: 13.50pt;\" height=\"18\">Alak<\/td>\n<td>Hatsz\u00f6glet\u0171 has\u00e1b, lapos panelek<\/td>\n<\/tr>\n<tr style=\"height: 13.50pt;\">\n<td style=\"height: 13.50pt;\" height=\"18\">M\u00e9retek<\/td>\n<td>7.2\u00d712,5 cm, 8.2 x 17cm<\/td>\n<\/tr>\n<tr style=\"height: 13.50pt;\">\n<td style=\"height: 13.50pt;\" height=\"18\">Anyag<\/td>\n<td>\u00c1tl\u00e1tsz\u00f3 \u00fcveg, f\u00e9m csavar, fed\u00e9l<\/td>\n<\/tr>\n<tr style=\"height: 13.50pt;\">\n<td style=\"height: 13.50pt;\" height=\"18\">Fed\u00e9l opci\u00f3k<\/td>\n<td>Arany, s\u00e1rga, ez\u00fcst, fekete\uff08Testreszabhat\u00f3\uff09<\/td>\n<\/tr>\n<tr style=\"height: 13.50pt;\">\n<td style=\"height: 13.50pt;\" height=\"18\">Legjobb<\/td>\n<td>M\u00e9z, lekv\u00e1r, - aj\u00e1nd\u00e9k szettek<\/td>\n<\/tr>\n<tr style=\"height: 13.50pt;\">\n<td style=\"height: 13.50pt;\" height=\"18\">Ide\u00e1lis haszn\u00e1lat<\/td>\n<td>Egyedi lekv\u00e1rt, hatsz\u00f6g \u00fcveg m\u00e9z jar, aj\u00e1nd\u00e9k, dr\u00e1g\u00e1m \u00fcvegek<\/td>\n<\/tr>\n<\/tbody>\n<\/table>\n<h2>Sikert\u00f6rt\u00e9net: Midwestern Beekeeping Cooperative egyedi megrendel\u00e9s<\/h2>\n<p>Az egyik iowai m\u00e9h\u00e9szeti sz\u00f6vetkezet kiv\u00e1lasztotta a hatsz\u00f6glet\u0171 \u00fcveg m\u00e9zes\u00fcveg\u00fcnket, \u00e9s egy f\u00e9m fed\u00e9llel, m\u00e9hlog\u00f3val \u00e9s vil\u00e1gos borosty\u00e1nsz\u00edn\u0171 \u00fcveggel l\u00e1tta el. Ezek a szem\u00e9lyre szab\u00e1si d\u00f6nt\u00e9sek jelent\u0151s el\u0151ny\u00f6kkel j\u00e1rtak: a borosty\u00e1nsz\u00edn\u0171 \u00fcveg v\u00e9delmet ny\u00fajtott az UV-sugarak ellen, az \u00fcgyf\u00e9l-k\u00e9rd\u0151\u00edvek kimutatt\u00e1k, hogy a m\u00e9z frissess\u00e9g\u00e9nek k\u00f6sz\u00f6nhet\u0151en 25 sz\u00e1zal\u00e9kkal n\u0151tt a m\u00e9z elad\u00e1sa, a szem\u00e9lyes forma \u00e9s a min\u0151s\u00e9gi \u00e9rint\u00e9s pedig 30 sz\u00e1zal\u00e9kkal n\u00f6velte az elad\u00e1sokat. Az \u00fcgyf\u00e9l nagyon el\u00e9gedett volt az egy\u00fcttm\u0171k\u00f6d\u00e9ssel, \u00e9s a k\u00f6vetkez\u0151 tavasszal, a m\u00e9zsz\u00fcret \u00e9s az \u00faj lekv\u00e1rcsal\u00e1d bevezet\u00e9se idej\u00e9n tov\u00e1bbi 500 000 \u00fcveggel rendelt a term\u00e9k\u00fckb\u0151l.<\/p>\n<h2>Testreszab\u00e1si javaslat egyedi bef\u0151ttes\u00fcvegekhez<\/h2>\n<ul>\n<li>Dombornyom\u00e1s vagy marat\u00e1s: Egyedi dombornyomott mint\u00e1k, gazdas\u00e1gnevek vagy log\u00f3k dombor\u00edthat\u00f3k vagy marathat\u00f3k az \u00fcvegre, hogy kiv\u00e1l\u00f3 \u00e9s \u00e1lland\u00f3 m\u00e1rkaidentit\u00e1st hozzanak l\u00e9tre.<\/li>\n<li>T\u00f6bbfunkci\u00f3s sapkaanyagok: K\u00fcl\u00f6nb\u00f6z\u0151 anyagokb\u00f3l k\u00e9sz\u00fclt sapk\u00e1k k\u00f6z\u00fcl v\u00e1laszthat, bele\u00e9rtve a fenntarthat\u00f3 bambuszt, f\u00e9met vagy ker\u00e1mi\u00e1t, amelyek luxus tapint\u00e1s\u00faak.<\/li>\n<li>Oszt\u00e1lyoz\u00f3 jel\u00f6l\u0151k: Dombor\u00edtson egy kis jel\u00f6l\u00e9st (uncia, gramm) az \u00fcveg sz\u00e9l\u00e9re, hogy k\u00f6nnyen hozz\u00e1f\u00e9rhessen, m\u00e9g akkor is, ha a term\u00e9k \u00fcres.<\/li>\n<\/ul>","protected":false},"excerpt":{"rendered":"<p>Pr\u00e9mium hatsz\u00f6glet\u0171 m\u00e9zes\u00fcveg \u00e1tl\u00e1tsz\u00f3 \u00fcvegb\u0151l, hogy kiemelje a m\u00e9z sz\u00edn\u00e9t. Praktikus bef\u0151ttes\u00fcvegek l\u00e9gmentesen z\u00e1r\u00f3d\u00f3 fed\u00e9llel az \u00e9lelmiszerek t\u00e1rol\u00e1s\u00e1ra. Gyors sz\u00e1ll\u00edt\u00e1s.<\/p>","protected":false},"featured_media":22842,"template":"","meta":[],"product_brand":[],"product_cat":[122,124,127],"product_tag":[],"class_list":{"0":"post-22838","1":"product","2":"type-product","3":"status-publish","4":"has-post-thumbnail","6":"product_cat-custom-glass-packaging","7":"product_cat-custom-glass-jars","8":"product_cat-glass-honey-jars","10":"first","11":"instock","12":"shipping-taxable","13":"product-type-simple"},"jetpack_sharing_enabled":true,"_links":{"self":[{"href":"https:\/\/yebodaglass.com\/hu\/wp-json\/wp\/v2\/product\/22838","targetHints":{"allow":["GET"]}}],"collection":[{"href":"https:\/\/yebodaglass.com\/hu\/wp-json\/wp\/v2\/product"}],"about":[{"href":"https:\/\/yebodaglass.com\/hu\/wp-json\/wp\/v2\/types\/product"}],"version-history":[{"count":5,"href":"https:\/\/yebodaglass.com\/hu\/wp-json\/wp\/v2\/product\/22838\/revisions"}],"predecessor-version":[{"id":25433,"href":"https:\/\/yebodaglass.com\/hu\/wp-json\/wp\/v2\/product\/22838\/revisions\/25433"}],"wp:featuredmedia":[{"embeddable":true,"href":"https:\/\/yebodaglass.com\/hu\/wp-json\/wp\/v2\/media\/22842"}],"wp:attachment":[{"href":"https:\/\/yebodaglass.com\/hu\/wp-json\/wp\/v2\/media?parent=22838"}],"wp:term":[{"taxonomy":"product_brand","embeddable":true,"href":"https:\/\/yebodaglass.com\/hu\/wp-json\/wp\/v2\/product_brand?post=22838"},{"taxonomy":"product_cat","embeddable":true,"href":"https:\/\/yebodaglass.com\/hu\/wp-json\/wp\/v2\/product_cat?post=22838"},{"taxonomy":"product_tag","embeddable":true,"href":"https:\/\/yebodaglass.com\/hu\/wp-json\/wp\/v2\/product_tag?post=22838"}],"curies":[{"name":"wp","href":"https:\/\/api.w.org\/{rel}","templated":true}]}}