{"id":22829,"date":"2025-10-28T15:40:26","date_gmt":"2025-10-28T07:40:26","guid":{"rendered":"https:\/\/yebodaglass.com\/?post_type=product&#038;p=22829"},"modified":"2026-03-13T14:26:48","modified_gmt":"2026-03-13T06:26:48","slug":"clear-cylindrical-little-glass-honey-vials-bulk","status":"publish","type":"product","link":"https:\/\/yebodaglass.com\/hu\/clear-cylindrical-little-glass-honey-vials-bulk\/","title":{"rendered":"40 ml 75 ml 100 ml \u00e1tl\u00e1tsz\u00f3 hengeres kis \u00fcveg m\u00e9zes fiol\u00e1k \u00f6mlesztett"},"content":{"rendered":"<p>Ezek a m\u00e9zes fiol\u00e1k hengeres alak\u00faak, krist\u00e1lytiszta \u00fcvegb\u0151l k\u00e9sz\u00fcltek, vastag\u00edtott \u00e9s lekerek\u00edtett aljukkal a stabilit\u00e1s \u00e9s a tart\u00f3ss\u00e1g biztos\u00edt\u00e1sa \u00e9rdek\u00e9ben. A kupakok arany vagy ez\u00fcst csavaros kupakok, kicsik \u00e9s sz\u00e9pek, amelyek t\u00f6k\u00e9letesek kis mennyis\u00e9g\u0171 m\u00e9z, lekv\u00e1r vagy mint\u00e1k t\u00e1rol\u00e1s\u00e1ra.<\/p>\n<h2>Term\u00e9kjellemz\u0151k<\/h2>\n<ul>\n<li><strong>V\u00e9kony hengeres palackok:<\/strong> S\u00falyozott alj\u00fa, karcs\u00fa \u00e9s modern kialak\u00edt\u00e1s\u00fa, \u00e9s nem foglal sok helyet.<\/li>\n<li><strong>Nagy \u00e1tl\u00e1that\u00f3s\u00e1g:<\/strong> \u00c1tl\u00e1tsz\u00f3, \u00e9s az \u00fcveg t\u00f6k\u00e9letesen visszaadja a m\u00e9z sz\u00edn\u00e9t \u00e9s viszkozit\u00e1s\u00e1t. A vizu\u00e1lis v\u00e1s\u00e1rl\u00f3kat vonzza.<\/li>\n<li><strong>Hordozhat\u00f3 \u00e9s kompakt:<\/strong> A flakon kompakt kialak\u00edt\u00e1s\u00fa, \u00edgy t\u00f6k\u00e9letes utaz\u00e1shoz, pr\u00f3b\u00e1hoz, rendezv\u00e9nyekre vagy ak\u00e1r aj\u00e1nd\u00e9kba is.<\/li>\n<\/ul>\n<h2 style=\"text-align: left;\">F\u0151bb specifik\u00e1ci\u00f3k<\/h2>\n<table class=\"aligncenter\" style=\"border-collapse: collapse; width: 454.52pt;\" border=\"0\" width=\"606\" cellspacing=\"0\" cellpadding=\"0\">\n<tbody>\n<tr style=\"height: 13.50pt;\">\n<td style=\"height: 13.50pt; width: 96.75pt;\" width=\"129\" height=\"18\">Jellemz\u0151<\/td>\n<td style=\"width: 357.75pt;\" width=\"477\">Specifik\u00e1ci\u00f3<\/td>\n<\/tr>\n<tr style=\"height: 13.50pt;\">\n<td style=\"height: 13.50pt;\" height=\"18\">Kapacit\u00e1s<\/td>\n<td>40 ml, 75 ml, 100 ml<\/td>\n<\/tr>\n<tr style=\"height: 13.50pt;\">\n<td style=\"height: 13.50pt;\" height=\"18\">Alak<\/td>\n<td>Egyenes henger, egyenletes \u00e1tm\u00e9r\u0151j\u0171<\/td>\n<\/tr>\n<tr style=\"height: 13.50pt;\">\n<td style=\"height: 13.50pt;\" height=\"18\">M\u00e9retek<\/td>\n<td>4 \u00d7 8,5 cm-t\u0151l 4 \u00d7 15 cm-ig<\/td>\n<\/tr>\n<tr style=\"height: 13.50pt;\">\n<td style=\"height: 13.50pt;\" height=\"18\">Anyag<\/td>\n<td>\u00c1tl\u00e1tsz\u00f3 \u00fcveg, f\u00e9m csavar, fed\u00e9l<\/td>\n<\/tr>\n<tr style=\"height: 13.50pt;\">\n<td style=\"height: 13.50pt;\" height=\"18\">Fed\u00e9l opci\u00f3k<\/td>\n<td>Arany, ez\u00fcst, r\u00f3zsasz\u00edn (egyedi sz\u00ednekben is k\u00e9rhet\u0151)<\/td>\n<\/tr>\n<tr style=\"height: 13.50pt;\">\n<td style=\"height: 13.50pt;\" height=\"18\">Legjobb<\/td>\n<td>M\u00e9z, mintak\u00e9szletek, aj\u00e1nd\u00e9kcsomagok<\/td>\n<\/tr>\n<tr style=\"height: 13.50pt;\">\n<td style=\"height: 13.50pt;\" height=\"18\">Ide\u00e1lis haszn\u00e1lat<\/td>\n<td>M\u00e9zesfiol\u00e1k, kis m\u00e9zes\u00fcvegek, nagykereskedelmi m\u00e9zes\u00fcvegek<\/td>\n<\/tr>\n<\/tbody>\n<\/table>\n<h2>Sikeres eset: Egyik egyedi megrendel\u00e9s egy kaliforniai k\u00fcl\u00f6nleges m\u00e9zfarmon<\/h2>\n<p>Az egyik sonomai m\u00e9zfarm a mi m\u00e9zes fiol\u00e1inkat v\u00e1lasztotta ki, \u00e9s l\u00e9zergrav\u00edrozott m\u00e9hmint\u00e1kat k\u00e9sz\u00edtett az \u00fcvegtestekre \u00e9s matt fekete fedelekre. Az egyedi csomagol\u00e1snak \u00f3ri\u00e1si eredm\u00e9nye volt: az egyedi, m\u00e1rk\u00e1zott fiol\u00e1k gyakori esk\u00fcv\u0151i aj\u00e1nd\u00e9kokk\u00e1 vagy c\u00e9ges aj\u00e1nd\u00e9kokk\u00e1 v\u00e1ltak, \u00e9s ennek eredm\u00e9nyek\u00e9nt ez az \u00fczlet\u00e1g 40 sz\u00e1zal\u00e9kkal n\u0151tt. Ide\u00e1lis a kiv\u00e1l\u00f3 z\u00e1rhat\u00f3s\u00e1ga \u00e9s a kis m\u00e9rete miatt, \u00edgy alkalmas arra, hogy mintak\u00e9nt haszn\u00e1lj\u00e1k a termel\u0151i piacokon, ahol elmond\u00e1suk szerint a teljes m\u00e9ret\u0171 \u00fcvegek elad\u00e1sa 25-tel n\u0151tt a standjaikon. A kiv\u00e1l\u00f3 teljes\u00edtm\u00e9ny alapj\u00e1n tov\u00e1bbi 100 000 kis \u00fcvegb\u0151l \u00e1ll\u00f3 megrendel\u00e9st is teljes\u00edtettek, hogy elk\u00e9sz\u00edthess\u00e9k a Honey Journey \u00faj k\u00f3stol\u00f3k\u00e9szlet\u00e9t.<\/p>\n<h2>M\u00e9zes\u00fcveg testreszab\u00e1si javaslatok<\/h2>\n<ul>\n<li><strong>Nyakc\u00edmke:<\/strong> Helyezz el egy m\u00e1rkagy\u0171r\u0171t a palack nyak\u00e1n, hogy id\u0151tlen, eleg\u00e1ns megjelen\u00e9st k\u00f6lcs\u00f6n\u00f6zz neki.<\/li>\n<li><strong>Szitanyom\u00e1s\u200b\u200d\u200b\u200c\u200d\u200b\u200d\u200b\u200d\u200b\u200c\u200d\u200b\u200d\u200d\u200b\u200d\u200c Nyomtat\u00e1s:<\/strong> Haszn\u00e1ljon nyomtat\u00e1si m\u00f3dszert, hogy m\u00e1rk\u00e1j\u00e1t vizu\u00e1lisan k\u00f6zvetlen\u00fcl az \u00fcvegre helyezze, \u00edgy \u00e1tl\u00e1tsz\u00f3, tiszta \u00e9s tart\u00f3s m\u00e1rkaidentit\u00e1st biztos\u00edt.<\/li>\n<li><strong>Sz\u00ednes \u00fcveg:<\/strong> A m\u00e9zet borosty\u00e1nsz\u00edn\u0171 vagy kobaltk\u00e9k poh\u00e1rban add \u00e1t, hogy megk\u00fcl\u00f6nb\u00f6ztesd a t\u00f6bbit\u0151l, \u00e9s hogy a m\u00e9zet v\u00e9dd a f\u00e9nyt\u0151l.<\/li>\n<\/ul>","protected":false},"excerpt":{"rendered":"<p>Krist\u00e1lytiszta \u00fcvegb\u0151l k\u00e9sz\u00fclt m\u00e9zesfiol\u00e1k f\u00e9m csavaros kupakkal. Eleg\u00e1ns kis m\u00e9zes\u00fcvegek, ide\u00e1lisak m\u00e9zmint\u00e1k, szirup \u00e9s aj\u00e1nd\u00e9kcsomagol\u00e1s sz\u00e1m\u00e1ra. Ingyenes mint\u00e1k.<\/p>","protected":false},"featured_media":22833,"template":"","meta":[],"product_brand":[],"product_cat":[122,124,127],"product_tag":[],"class_list":{"0":"post-22829","1":"product","2":"type-product","3":"status-publish","4":"has-post-thumbnail","6":"product_cat-custom-glass-packaging","7":"product_cat-custom-glass-jars","8":"product_cat-glass-honey-jars","10":"first","11":"instock","12":"shipping-taxable","13":"product-type-simple"},"jetpack_sharing_enabled":true,"_links":{"self":[{"href":"https:\/\/yebodaglass.com\/hu\/wp-json\/wp\/v2\/product\/22829","targetHints":{"allow":["GET"]}}],"collection":[{"href":"https:\/\/yebodaglass.com\/hu\/wp-json\/wp\/v2\/product"}],"about":[{"href":"https:\/\/yebodaglass.com\/hu\/wp-json\/wp\/v2\/types\/product"}],"version-history":[{"count":5,"href":"https:\/\/yebodaglass.com\/hu\/wp-json\/wp\/v2\/product\/22829\/revisions"}],"predecessor-version":[{"id":25440,"href":"https:\/\/yebodaglass.com\/hu\/wp-json\/wp\/v2\/product\/22829\/revisions\/25440"}],"wp:featuredmedia":[{"embeddable":true,"href":"https:\/\/yebodaglass.com\/hu\/wp-json\/wp\/v2\/media\/22833"}],"wp:attachment":[{"href":"https:\/\/yebodaglass.com\/hu\/wp-json\/wp\/v2\/media?parent=22829"}],"wp:term":[{"taxonomy":"product_brand","embeddable":true,"href":"https:\/\/yebodaglass.com\/hu\/wp-json\/wp\/v2\/product_brand?post=22829"},{"taxonomy":"product_cat","embeddable":true,"href":"https:\/\/yebodaglass.com\/hu\/wp-json\/wp\/v2\/product_cat?post=22829"},{"taxonomy":"product_tag","embeddable":true,"href":"https:\/\/yebodaglass.com\/hu\/wp-json\/wp\/v2\/product_tag?post=22829"}],"curies":[{"name":"wp","href":"https:\/\/api.w.org\/{rel}","templated":true}]}}