{"id":22818,"date":"2025-10-28T14:27:36","date_gmt":"2025-10-28T06:27:36","guid":{"rendered":"https:\/\/yebodaglass.com\/?post_type=product&#038;p=22818"},"modified":"2026-03-16T14:36:06","modified_gmt":"2026-03-16T06:36:06","slug":"bulk-glass-honey-storage-containers-with-embossed-patterns","status":"publish","type":"product","link":"https:\/\/yebodaglass.com\/hu\/bulk-glass-honey-storage-containers-with-embossed-patterns\/","title":{"rendered":"\u00dcveg m\u00e9zt\u00e1rol\u00f3 ed\u00e9nyek dombornyomott mint\u00e1kkal 250ml 500ml 750ml"},"content":{"rendered":"<p>Ezek egyedi tervez\u00e9s\u0171, lekerek\u00edtett sark\u00fa, n\u00e9gyzet alak\u00fa m\u00e9zt\u00e1rol\u00f3 ed\u00e9nyek, melyeket gy\u00fcm\u00f6lcsmot\u00edvumokkal d\u00edsz\u00edtettek \u00e9s krist\u00e1lytiszta \u00fcvegb\u0151l gy\u00e1rtottak. Az arany vagy ez\u00fcst f\u00e9m fedelek kiv\u00e1l\u00f3an z\u00e1r\u00f3dnak \u00e9s stabilan egym\u00e1sra rakhat\u00f3k.<\/p>\n<h2>Term\u00e9kjellemz\u0151k<\/h2>\n<ul>\n<li><strong>Dombornyomott dekorat\u00edv palack:<\/strong> A palack test\u00e9t sz\u00f6veggel \u00e9s gy\u00fcm\u00f6lcsmint\u00e1kkal dombor\u00edtj\u00e1k, ami jav\u00edtja a term\u00e9k vizu\u00e1lis vonzerej\u00e9t \u00e9s term\u00e9szetess\u00e9g\u00e9t, felesleges nyomtat\u00e1s n\u00e9lk\u00fcl.<\/li>\n<li><strong>N\u00e9gyzet alak\u00fa dombornyomott palack:<\/strong> A dombornyomott, n\u00e9gyzet alak\u00fa palack rendezett \u00e9s eleg\u00e1ns megjelen\u00e9st k\u00f6lcs\u00f6n\u00f6z a term\u00e9knek, \u00edgy seg\u00edtve a term\u00e9k k\u00f6nny\u0171 felismerhet\u0151s\u00e9g\u00e9t \u00e9s a csomagol\u00e1s sz\u00e9p\u00edt\u00e9s\u00e9t.<\/li>\n<li><strong>Biztons\u00e1gos \u00e9s tart\u00f3s:<\/strong> Az er\u0151s \u00fcvegszerkezet \u00e9s a j\u00f3l illeszked\u0151 kupak tart\u00f3s \u00e9s megb\u00edzhat\u00f3 m\u00e9zt\u00e1rol\u00f3 ed\u00e9nyt alkot, \u00edgy a m\u00e9z biztons\u00e1gosan sz\u00e1ll\u00edthat\u00f3 \u00e9s hossz\u00fa ideig frissen tarthat\u00f3.<\/li>\n<\/ul>\n<h2 style=\"text-align: left;\">F\u0151bb specifik\u00e1ci\u00f3k<\/h2>\n<table class=\"aligncenter\" style=\"border-collapse: collapse; width: 414.77pt;\" border=\"0\" width=\"553\" cellspacing=\"0\" cellpadding=\"0\">\n<tbody>\n<tr style=\"height: 13.50pt;\">\n<td style=\"height: 13.50pt; width: 96.75pt;\" width=\"129\" height=\"18\">Jellemz\u0151<\/td>\n<td style=\"width: 318.00pt;\" width=\"424\">Specifik\u00e1ci\u00f3<\/td>\n<\/tr>\n<tr style=\"height: 13.50pt;\">\n<td style=\"height: 13.50pt;\" height=\"18\">Kapacit\u00e1s<\/td>\n<td>250 ml, 500 ml, 750 ml<\/td>\n<\/tr>\n<tr style=\"height: 13.50pt;\">\n<td style=\"height: 13.50pt;\" height=\"18\">Alak<\/td>\n<td>Dombornyomott panelekkel ell\u00e1tott n\u00e9gyzet alak\u00fa<\/td>\n<\/tr>\n<tr style=\"height: 13.50pt;\">\n<td style=\"height: 13.50pt;\" height=\"18\">M\u00e9retek<\/td>\n<td>8\u00d78.3cm to 10\u00d713.3cm<\/td>\n<\/tr>\n<tr style=\"height: 13.50pt;\">\n<td style=\"height: 13.50pt;\" height=\"18\">Anyag<\/td>\n<td>\u00c1tl\u00e1tsz\u00f3 \u00fcveg, f\u00e9m csavar, fed\u00e9l<\/td>\n<\/tr>\n<tr style=\"height: 13.50pt;\">\n<td style=\"height: 13.50pt;\" height=\"18\">Fed\u00e9l opci\u00f3k<\/td>\n<td>Arany, ez\u00fcst, s\u00e1rga (egyedi sz\u00ednekben is el\u00e9rhet\u0151)<\/td>\n<\/tr>\n<tr style=\"height: 13.50pt;\">\n<td style=\"height: 13.50pt;\" height=\"18\">Legjobb<\/td>\n<td>M\u00e9z, aj\u00e1nd\u00e9kcsomagok, kiskereskedelmi csomagok<\/td>\n<\/tr>\n<tr style=\"height: 13.50pt;\">\n<td style=\"height: 13.50pt;\" height=\"18\">Ide\u00e1lis haszn\u00e1lat<\/td>\n<td>M\u00e9zt\u00e1rol\u00f3 ed\u00e9ny, m\u00e9zes aj\u00e1nd\u00e9kd\u00edszek<\/td>\n<\/tr>\n<\/tbody>\n<\/table>\n<h2>Sikert\u00f6rt\u00e9net: M\u00e9h\u00e9szeti v\u00e1llalkoz\u00e1s \u00fajrabrandol\u00e1sa<\/h2>\n<p>Egy m\u00e9h\u00e9szeti term\u00e9keket gy\u00e1rt\u00f3 m\u00e1rka, amely helyben j\u00f3l teljes\u00edtett, de nagyobb elad\u00e1si potenci\u00e1llal rendelkezett, k\u00fcl\u00f6n\u00f6sen a nyers, sz\u0171retlen m\u00e9z eset\u00e9ben, stagn\u00e1lt az \u00e9rt\u00e9kes\u00edt\u00e9s ter\u00e9n. A 250 ml-es m\u00e9zes\u00fcvegeik j\u00f3l teljes\u00edtettek, de nem volt olyan exkluz\u00edv kiszerel\u00e9s\u00fck, amely alkalmas lett volna nagy mennyis\u00e9gben t\u00f6rt\u00e9n\u0151 \u00e9rt\u00e9kes\u00edt\u00e9sre. \u00dagy d\u00f6nt\u00f6ttek, hogy \u00fajraind\u00edtj\u00e1k az 500 ml-es, n\u00e9gyzet alak\u00fa, dombornyomott \u00fcveg m\u00e9zt\u00e1rol\u00f3 ed\u00e9nyeiket. Az \u00faj \u00fcvegek dr\u00e1maian megv\u00e1ltoztatt\u00e1k a piacot. \u00cdgy az online aj\u00e1nd\u00e9kk\u00e9szleteik elad\u00e1sai 45%-kal n\u0151ttek az \u00fajraind\u00edt\u00e1st k\u00f6vet\u0151 els\u0151 negyed\u00e9vben. A v\u00e1s\u00e1rl\u00f3k \u00e9rt\u00e9kel\u00e9seikben k\u00fcl\u00f6n\u00f6sen a \u201egy\u00f6ny\u00f6r\u0171, pr\u00e9mium m\u00e9zes\u00fcvegeket\u201d eml\u00edtik kedvenc term\u00e9k\u00fckk\u00e9nt. A tulajdonos szerint az egyedi dombornyomott minta a v\u00e9djegy\u00fckk\u00e9 v\u00e1lt, \u00e9s ez\u00e9rt term\u00e9keik legismertebb tulajdons\u00e1ga. Ennek eredm\u00e9nyek\u00e9nt n\u00e9gy egym\u00e1st k\u00f6vet\u0151 ism\u00e9telt rendel\u00e9sb\u0151l \u00e1ll\u00f3 l\u00e1ncolatot kaptak, \u00e9s az\u00f3ta 750 ml-es, fedeles \u00fcveg m\u00e9zes\u00fcvegeket is felvett\u00e9k term\u00e9kpalett\u00e1jukra, \u00e9s nagykereskedelmi partners\u00e9get k\u00f6t\u00f6ttek, amelynek eredm\u00e9nyek\u00e9nt \u00e9vente t\u00f6bb mint 500 000 darabot \u00e9rt\u00e9kes\u00edtenek folyamatosan.<\/p>\n<h2>\u00dcveged\u00e9ny testreszab\u00e1si aj\u00e1nl\u00e1sok<\/h2>\n<ul>\n<li><strong>Dombornyomott\u200b\u200d\u200b\u200c\u200d\u200b\u200d\u200b\u200d\u200b\u200c\u200d\u200b\u200d\u200d\u200c log\u00f3:<\/strong> Grav\u00edroz\u00e1ssal helyezze log\u00f3j\u00e1t az \u00fcvegre a dombornyom\u00e1s fokoz\u00e1sa \u00e9s a pr\u00e9mium, tapinthat\u00f3 m\u00e1rkaidentit\u00e1s vizu\u00e1lis megjelen\u00edt\u00e9se \u00e9rdek\u00e9ben.<\/li>\n<li><strong>Matt dekorat\u00edv panel:<\/strong> A n\u00e9gyzet alak\u00fa bef\u0151ttes\u00fcveg lapos fel\u00fclet\u00e9nek matt fel\u00fclete nemcsak a bef\u0151ttes\u00fcveg biztons\u00e1gos r\u00f6gz\u00edt\u00e9s\u00e9t seg\u00edti el\u0151, hanem st\u00edlusosabb \u00e9s kifinomultabb k\u00e9tt\u00f3nus\u00fa hat\u00e1st is k\u00f6lcs\u00f6n\u00f6z.<\/li>\n<li><strong>Sz\u00ednes \u00fcveg opci\u00f3k:<\/strong> P\u00e9ld\u00e1ul v\u00e1laszthat borosty\u00e1nsz\u00edn\u0171 vagy kobaltk\u00e9k \u00fcveget, ha radik\u00e1lisan elt\u00e9r\u0151 megjelen\u00e9st szeretne, ugyanakkor f\u00e9nyz\u00e1r\u00f3 tulajdons\u00e1gokkal is rendelkezik.<\/li>\n<li><strong>Fel\u00fcleti text\u00fara:<\/strong> K\u00fcl\u00f6nb\u00f6z\u0151 dombornyomott text\u00far\u00e1k alkalmazhat\u00f3k k\u00fcl\u00f6nb\u00f6z\u0151 m\u00e9ret\u0171 t\u00e9gelyeken, ez\u00e1ltal k\u00f6vetkezetes \u00e9s megk\u00fcl\u00f6nb\u00f6ztet\u0151 lehet\u0151s\u00e9get biztos\u00edtva a term\u00e9kcsal\u00e1dhoz.<\/li>\n<\/ul>","protected":false},"excerpt":{"rendered":"<p>\u00c1tl\u00e1tsz\u00f3 \u00fcveg m\u00e9zes\u00fcvegek dombornyomott mint\u00e1zat\u00fa fed\u00e9llel \u00e9s biztons\u00e1gos f\u00e9mkupakkal. Praktikus m\u00e9zt\u00e1rol\u00f3 doboz kiskereskedelmi csomagol\u00e1shoz. Gyors sz\u00e1ll\u00edt\u00e1s.<\/p>","protected":false},"featured_media":22823,"template":"","meta":[],"product_brand":[],"product_cat":[122,124,127],"product_tag":[],"class_list":{"0":"post-22818","1":"product","2":"type-product","3":"status-publish","4":"has-post-thumbnail","6":"product_cat-custom-glass-packaging","7":"product_cat-custom-glass-jars","8":"product_cat-glass-honey-jars","10":"first","11":"instock","12":"shipping-taxable","13":"product-type-simple"},"jetpack_sharing_enabled":true,"_links":{"self":[{"href":"https:\/\/yebodaglass.com\/hu\/wp-json\/wp\/v2\/product\/22818","targetHints":{"allow":["GET"]}}],"collection":[{"href":"https:\/\/yebodaglass.com\/hu\/wp-json\/wp\/v2\/product"}],"about":[{"href":"https:\/\/yebodaglass.com\/hu\/wp-json\/wp\/v2\/types\/product"}],"version-history":[{"count":5,"href":"https:\/\/yebodaglass.com\/hu\/wp-json\/wp\/v2\/product\/22818\/revisions"}],"predecessor-version":[{"id":25454,"href":"https:\/\/yebodaglass.com\/hu\/wp-json\/wp\/v2\/product\/22818\/revisions\/25454"}],"wp:featuredmedia":[{"embeddable":true,"href":"https:\/\/yebodaglass.com\/hu\/wp-json\/wp\/v2\/media\/22823"}],"wp:attachment":[{"href":"https:\/\/yebodaglass.com\/hu\/wp-json\/wp\/v2\/media?parent=22818"}],"wp:term":[{"taxonomy":"product_brand","embeddable":true,"href":"https:\/\/yebodaglass.com\/hu\/wp-json\/wp\/v2\/product_brand?post=22818"},{"taxonomy":"product_cat","embeddable":true,"href":"https:\/\/yebodaglass.com\/hu\/wp-json\/wp\/v2\/product_cat?post=22818"},{"taxonomy":"product_tag","embeddable":true,"href":"https:\/\/yebodaglass.com\/hu\/wp-json\/wp\/v2\/product_tag?post=22818"}],"curies":[{"name":"wp","href":"https:\/\/api.w.org\/{rel}","templated":true}]}}