{"id":22807,"date":"2025-10-28T13:24:01","date_gmt":"2025-10-28T05:24:01","guid":{"rendered":"https:\/\/yebodaglass.com\/?post_type=product&#038;p=22807"},"modified":"2025-10-28T17:47:21","modified_gmt":"2025-10-28T09:47:21","slug":"wholesale-transparent-little-jam-jars-for-canning","status":"publish","type":"product","link":"https:\/\/yebodaglass.com\/hu\/wholesale-transparent-little-jam-jars-for-canning\/","title":{"rendered":"Nagykereskedelmi \u00e1tl\u00e1tsz\u00f3 kis bef\u0151ttes\u00fcvegek konzerv\u00e1l\u00e1shoz 20ml 35ml 60ml 75ml"},"content":{"rendered":"<p>Ezek a bef\u0151z\u00e9shez val\u00f3 kis bef\u0151ttes\u00fcvegek \u00e1tl\u00e1tsz\u00f3, hengeres \u00fcvegtestb\u0151l \u00e9s divatos arany kupakb\u00f3l \u00e1llnak, t\u00f6bb m\u00e9retben kaphat\u00f3k, amelyek nemcsak a m\u00e9z gazdag arany f\u00e9ny\u00e9t mutatj\u00e1k be, hanem minimalista, m\u00e9gis luxus diz\u00e1jnt is k\u00e9pviselnek.<\/p>\n<h2>Term\u00e9kjellemz\u0151k<\/h2>\n<ul>\n<li><strong>Krist\u00e1lytiszta:<\/strong> A term\u00e9kek min\u0151s\u00e9g\u00e9t \u00e9s sz\u00edn\u00e9t a krist\u00e1lytiszta \u00fcveg nagyon j\u00f3l kiemeli, \u00edgy kiv\u00e1l\u00f3 els\u0151 benyom\u00e1st kelt.<\/li>\n<li><strong>Biztons\u00e1gos, lez\u00e1rt v\u00e9delem:<\/strong> A legszorosabb kupak felfriss\u00edti a tartalmat, \u00e9s megakad\u00e1lyozza a sziv\u00e1rg\u00e1st sz\u00e1ll\u00edt\u00e1s \u00e9s t\u00e1rol\u00e1s k\u00f6zben, ami nagyon fontos a m\u00e9h\u00e9szeti term\u00e9kek eset\u00e9ben.<\/li>\n<li><strong>Rak\u00e1solhat\u00f3:<\/strong> Ezeknek az \u00fcvegeknek a szabv\u00e1nyos hengeres alakja lehet\u0151v\u00e9 teszi a probl\u00e9mamentes egym\u00e1sra rak\u00e1st, \u00edgy helyet takar\u00edt meg mind a rakt\u00e1rakban, mind a sz\u00e1ll\u00edt\u00e1s sor\u00e1n.<\/li>\n<\/ul>\n<h2 style=\"text-align: left;\">F\u0151bb specifik\u00e1ci\u00f3k<\/h2>\n<table class=\"aligncenter\" style=\"border-collapse: collapse; width: 414.77pt;\" border=\"0\" width=\"553\" cellspacing=\"0\" cellpadding=\"0\">\n<tbody>\n<tr style=\"height: 13.50pt;\">\n<td style=\"height: 13.50pt; width: 96.75pt;\" width=\"129\" height=\"18\">Jellemz\u0151<\/td>\n<td style=\"width: 318.00pt;\" width=\"424\">Specifik\u00e1ci\u00f3<\/td>\n<\/tr>\n<tr style=\"height: 13.50pt;\">\n<td style=\"height: 13.50pt;\" height=\"18\">Kapacit\u00e1s<\/td>\n<td>20 ml, 35 ml, 60 ml, 75 ml<\/td>\n<\/tr>\n<tr style=\"height: 13.50pt;\">\n<td style=\"height: 13.50pt;\" height=\"18\">Alak<\/td>\n<td>Hengeres, lekerek\u00edtett v\u00e1llakkal<\/td>\n<\/tr>\n<tr style=\"height: 13.50pt;\">\n<td style=\"height: 13.50pt;\" height=\"18\">M\u00e9retek<\/td>\n<td>4,3 \u00d7 4,2 cm-t\u0151l 5 \u00d7 6,4 cm-ig<\/td>\n<\/tr>\n<tr style=\"height: 13.50pt;\">\n<td style=\"height: 13.50pt;\" height=\"18\">Anyag<\/td>\n<td>\u00c1tl\u00e1tsz\u00f3 \u00fcveg, f\u00e9m csavar, fed\u00e9l<\/td>\n<\/tr>\n<tr style=\"height: 13.50pt;\">\n<td style=\"height: 13.50pt;\" height=\"18\">Fed\u00e9l opci\u00f3k<\/td>\n<td>Arany, ez\u00fcst, piros, r\u00f3zsasz\u00edn (egyedi sz\u00ednekben is el\u00e9rhet\u0151)<\/td>\n<\/tr>\n<tr style=\"height: 13.50pt;\">\n<td style=\"height: 13.50pt;\" height=\"18\">Legjobb<\/td>\n<td>M\u00e9z, mini lekv\u00e1rok, mintak\u00e9szletek<\/td>\n<\/tr>\n<tr style=\"height: 13.50pt;\">\n<td style=\"height: 13.50pt;\" height=\"18\">Ide\u00e1lis haszn\u00e1lat<\/td>\n<td>Kis bef\u0151ttes\u00fcvegek, bef\u0151ttes\u00fcvegek, nagykereskedelmi m\u00e9zes\u00fcvegek<\/td>\n<\/tr>\n<\/tbody>\n<\/table>\n<h2>Sikert\u00f6rt\u00e9net: Hogyan seg\u00edtettek a pr\u00e9mium m\u00e9zes\u00fcvegek egy m\u00e1rka n\u00f6veked\u00e9s\u00e9ben<\/h2>\n<p>A region\u00e1lisan terjeszked\u0151 m\u00e9zm\u00e1rka neh\u00e9zs\u00e9gekbe \u00fctk\u00f6z\u00f6tt, mivel k\u00fcl\u00f6nb\u00f6z\u0151 besz\u00e1ll\u00edt\u00f3kt\u00f3l sz\u00e1rmaz\u00f3, elt\u00e9r\u0151 \u00fcvegeket haszn\u00e1ltak a palackoz\u00f3sorukhoz. A gy\u00e1rt\u00f3soron okozott probl\u00e9m\u00e1k mellett a m\u00e1rkaim\u00e1zs roml\u00e1s\u00e1hoz is vezetett. \u00dagy d\u00f6nt\u00f6ttek, hogy t\u0151l\u00fcnk v\u00e1s\u00e1rolnak 60 ml-es kerek \u00fcveg m\u00e9zes\u00fcvegeket a z\u00e1szl\u00f3shaj\u00f3 term\u00e9k\u00fckh\u00f6z. Az \u00e1lland\u00f3 m\u00e9zes\u00fcvegek szinte azonnal 15%-os palackoz\u00e1si sebess\u00e9get eredm\u00e9nyeztek, \u00edgy jelent\u0151sen javult a hat\u00e9konys\u00e1g.<\/p>\n<p>Azonban a v\u00e1s\u00e1rl\u00f3i visszajelz\u00e9sek voltak az igazi megt\u00e9r\u00fcl\u00e9s. Az el\u0151fizet\u00e9ses dobozok elad\u00e1sai 25%-kal n\u0151ttek a hat h\u00f3nap alatt, \u00e9s az el\u0151fizet\u0151k k\u00fcl\u00f6n\u00f6sen az \u00faj csomagol\u00e1s \u201eprofesszion\u00e1lis, kiv\u00e1l\u00f3 min\u0151s\u00e9g\u0171 megjelen\u00e9s\u00e9t\u201d jel\u00f6lt\u00e9k meg el\u0151fizet\u00e9s\u00fck okak\u00e9nt. Ez a j\u00f3 visszajelz\u00e9s h\u00e1rom egym\u00e1st k\u00f6vet\u0151 megrendel\u00e9st eredm\u00e9nyezett. Jelenleg j\u00f3 p\u00e9ld\u00e1t mutatnak azzal, hogy minden m\u00e9zes\u00fcveg\u00fckh\u00f6z \u00e9s -palackjukhoz a mi dobozainkat haszn\u00e1lj\u00e1k. A negyed\u00e9vente 200 000 darabot meghalad\u00f3 nagykereskedelmi megrendel\u00e9sek az \u00faj norm\u00e1juk.<\/p>\n<h2>Egyedi \u00fcveged\u00e9nyekre vonatkoz\u00f3 aj\u00e1nl\u00e1sok<\/h2>\n<ul>\n<li><strong>M\u00e1rk\u00e1s sapka sz\u00edne:<\/strong> Mi lenne, ha a m\u00e1rk\u00e1dhoz ill\u0151 egyedi sapkasz\u00ednt v\u00e1lasztan\u00e1l? - az arany kiv\u00e1l\u00f3 v\u00e1laszt\u00e1s lenne a pr\u00e9mium \u00e9rzet\u00e9rt.<\/li>\n<li><strong>\u00dcveg Szitanyom\u00e1s:<\/strong> Tedd egyediv\u00e9 az \u00fcveged\u00e9nyed egy nyomattal a tart\u00f3s \u00e9s ellen\u00e1ll\u00f3 m\u00e1rkafelismer\u00e9s \u00e9rdek\u00e9ben.<\/li>\n<li><strong>Matt \u00fcveg dekor\u00e1ci\u00f3:<\/strong> Ragassz egy matt cs\u00edkot vagy mint\u00e1t az \u00fcveg k\u00f6r\u00e9 az eleg\u00e1ns megjelen\u00e9s\u00e9rt, a k\u00e9nyelmes fog\u00e1s\u00e9rt \u00e9s a divatos, csiszolt fel\u00fcletek\u00e9rt.<\/li>\n<li><strong>Sz\u00ednes \u00fcveg opci\u00f3k:<\/strong> Mi\u00e9rt ne haszn\u00e1lna vil\u00e1gos borosty\u00e1nsz\u00edn\u0171 vagy k\u00e9k \u00fcveget a term\u00e9keihez, amelyeket f\u00e9nyt\u0151l kell v\u00e9deni?<\/li>\n<\/ul>","protected":false},"excerpt":{"rendered":"<p>Eleg\u00e1ns kis bef\u0151ttes\u00fcvegek bef\u0151z\u00e9shez, arany csavaros tet\u0151vel. Tart\u00f3s, \u00e9lelmiszeripari min\u0151s\u00e9g\u0171, ide\u00e1lis m\u00e9z \u00e9s lekv\u00e1r t\u00e1rol\u00e1s\u00e1ra. Gyors sz\u00e1ll\u00edt\u00e1s, ingyenes mint\u00e1kkal.<\/p>","protected":false},"featured_media":22812,"template":"","meta":[],"product_brand":[],"product_cat":[122,124,127],"product_tag":[],"class_list":{"0":"post-22807","1":"product","2":"type-product","3":"status-publish","4":"has-post-thumbnail","6":"product_cat-custom-glass-packaging","7":"product_cat-custom-glass-jars","8":"product_cat-glass-honey-jars","10":"first","11":"instock","12":"shipping-taxable","13":"product-type-simple"},"jetpack_sharing_enabled":true,"_links":{"self":[{"href":"https:\/\/yebodaglass.com\/hu\/wp-json\/wp\/v2\/product\/22807","targetHints":{"allow":["GET"]}}],"collection":[{"href":"https:\/\/yebodaglass.com\/hu\/wp-json\/wp\/v2\/product"}],"about":[{"href":"https:\/\/yebodaglass.com\/hu\/wp-json\/wp\/v2\/types\/product"}],"version-history":[{"count":5,"href":"https:\/\/yebodaglass.com\/hu\/wp-json\/wp\/v2\/product\/22807\/revisions"}],"predecessor-version":[{"id":22853,"href":"https:\/\/yebodaglass.com\/hu\/wp-json\/wp\/v2\/product\/22807\/revisions\/22853"}],"wp:featuredmedia":[{"embeddable":true,"href":"https:\/\/yebodaglass.com\/hu\/wp-json\/wp\/v2\/media\/22812"}],"wp:attachment":[{"href":"https:\/\/yebodaglass.com\/hu\/wp-json\/wp\/v2\/media?parent=22807"}],"wp:term":[{"taxonomy":"product_brand","embeddable":true,"href":"https:\/\/yebodaglass.com\/hu\/wp-json\/wp\/v2\/product_brand?post=22807"},{"taxonomy":"product_cat","embeddable":true,"href":"https:\/\/yebodaglass.com\/hu\/wp-json\/wp\/v2\/product_cat?post=22807"},{"taxonomy":"product_tag","embeddable":true,"href":"https:\/\/yebodaglass.com\/hu\/wp-json\/wp\/v2\/product_tag?post=22807"}],"curies":[{"name":"wp","href":"https:\/\/api.w.org\/{rel}","templated":true}]}}