{"id":22798,"date":"2025-10-28T10:15:09","date_gmt":"2025-10-28T02:15:09","guid":{"rendered":"https:\/\/yebodaglass.com\/?post_type=product&#038;p=22798"},"modified":"2025-10-28T13:38:10","modified_gmt":"2025-10-28T05:38:10","slug":"wholesale-small-glass-jam-jars-with-flame-texture-design-50ml-75ml-100ml","status":"publish","type":"product","link":"https:\/\/yebodaglass.com\/hu\/wholesale-small-glass-jam-jars-with-flame-texture-design-50ml-75ml-100ml\/","title":{"rendered":"Nagykereskedelmi kis \u00fcveg bef\u0151ttes\u00fcvegek l\u00e1ngmint\u00e1s mint\u00e1val 50ml 75ml 100ml"},"content":{"rendered":"<p>Az \u00e1tl\u00e1tsz\u00f3, l\u00e1nggal d\u00edsz\u00edtett, visszahajtott derek\u00fa \u00fcveg gy\u00f6ny\u00f6r\u0171 l\u00e1tv\u00e1nyt ny\u00fajt ezeknek a kis bef\u0151ttes\u00fcvegeknek. Piros \u00e9s arany kupakkal, k\u00fcl\u00f6nb\u00f6z\u0151 m\u00e9retekben kaphat\u00f3k, nemcsak tisztas\u00e1got k\u00f6zvet\u00edtenek, hanem m\u0171v\u00e9szi \u00e9s kifinomult kialak\u00edt\u00e1sukkal fokozz\u00e1k az aranyl\u00f3, habos m\u00e9z vizu\u00e1lis vonzerej\u00e9t is.<\/p>\n<h2>Term\u00e9kjellemz\u0151k<\/h2>\n<ul>\n<li><strong>\u00c1tl\u00e1tsz\u00f3 \u00fcveg:<\/strong> Hagyd, hogy a m\u00e9zed sz\u00edne \u00e9s min\u0151s\u00e9ge l\u00e1that\u00f3 legyen, haszn\u00e1lj kiv\u00e1l\u00f3 min\u0151s\u00e9g\u0171 \u00fcvegeket, amelyek hossz\u00fa ideig ellen\u00e1llnak a foltosod\u00e1snak.<\/li>\n<li><strong>Stiliz\u00e1lt t\u0171zmint\u00e1s k\u00fapos palack:<\/strong> A palack t\u00fczes t\u00e9m\u00e1val \u00e9s \u00f6sszeolvad\u00f3 der\u00e9kkal k\u00e9sz\u00fclt, amely egyedis\u00e9get, kreativit\u00e1st sug\u00e1roz, nemcsak a term\u00e9k tart\u00f3s eml\u00e9k\u00e9t, hanem eszt\u00e9tikai \u00e9rt\u00e9k\u00e9t is biztos\u00edtja.<\/li>\n<li><strong>T\u00f6bb specifik\u00e1ci\u00f3 is lehets\u00e9ges:<\/strong> Ezek a palackok t\u00f6bbf\u00e9le m\u00e9retben k\u00e9sz\u00fclnek, felhaszn\u00e1l\u00e1si m\u00f3djukt\u00f3l f\u00fcgg\u0151en, a h\u00e1ztart\u00e1si fogyaszt\u00e1st\u00f3l az aj\u00e1nd\u00e9kcsomagol\u00e1sig.<\/li>\n<\/ul>\n<h2 style=\"text-align: left;\">F\u0151bb specifik\u00e1ci\u00f3k<\/h2>\n<table class=\"aligncenter\" style=\"border-collapse: collapse; width: 383.27pt;\" border=\"0\" width=\"511\" cellspacing=\"0\" cellpadding=\"0\">\n<tbody>\n<tr style=\"height: 13.50pt;\">\n<td style=\"height: 13.50pt; width: 85.50pt;\" width=\"114\" height=\"18\">Jellemz\u0151<\/td>\n<td style=\"width: 297.75pt;\" width=\"397\">Specifik\u00e1ci\u00f3<\/td>\n<\/tr>\n<tr style=\"height: 13.50pt;\">\n<td style=\"height: 13.50pt;\" height=\"18\">Kapacit\u00e1s<\/td>\n<td>50 ml, 75 ml, 100 ml<\/td>\n<\/tr>\n<tr style=\"height: 13.50pt;\">\n<td style=\"height: 13.50pt;\" height=\"18\">M\u00e9retek<\/td>\n<td>4,9 \u00d7 6,8 cm-t\u0151l 6,2 \u00d7 8,6 cm-ig<\/td>\n<\/tr>\n<tr style=\"height: 13.50pt;\">\n<td style=\"height: 13.50pt;\" height=\"18\">Anyag<\/td>\n<td>\u00c1tl\u00e1tsz\u00f3 \u00fcveg, f\u00e9m csavar, fed\u00e9l<\/td>\n<\/tr>\n<tr style=\"height: 13.50pt;\">\n<td style=\"height: 13.50pt;\" height=\"18\">Fed\u00e9l opci\u00f3k<\/td>\n<td>Piros, arany, fekete, ez\u00fcst (egyedi ig\u00e9nyek is el\u00e9rhet\u0151k)<\/td>\n<\/tr>\n<tr style=\"height: 13.50pt;\">\n<td style=\"height: 13.50pt;\" height=\"18\">Legjobb<\/td>\n<td>M\u00e9z, mini lekv\u00e1rok, aj\u00e1nd\u00e9kcsomagok<\/td>\n<\/tr>\n<tr style=\"height: 13.50pt;\">\n<td style=\"height: 13.50pt;\" height=\"18\">Ide\u00e1lis haszn\u00e1lat<\/td>\n<td>Kis \u00fcveg bef\u0151ttes\u00fcvegek, bef\u0151ttes\u00fcvegek<\/td>\n<\/tr>\n<\/tbody>\n<\/table>\n<h2>Sikert\u00f6rt\u00e9net: A m\u00e9h\u00e9szeti \u00e1gazat egyre er\u0151sebb<\/h2>\n<p>Egy csal\u00e1di m\u00e9h\u00e9szked\u00e9s, amely egyetlen eredet\u0171 nyers m\u00e9zet \u00e1ll\u00edt el\u0151, hagyom\u00e1nyos bef\u0151ttes\u00fcvegeket haszn\u00e1lt. A csomagol\u00e1suk rendben volt, de nem igaz\u00e1n mutatta vissza az \u00e1ltaluk forgalmazott term\u00e9k min\u0151s\u00e9g\u00e9t. Nagy v\u00e1ltoz\u00e1s volt, amikor \u00fagy d\u00f6nt\u00f6ttek, hogy felhagynak a hagyom\u00e1nyos \u00fcvegek haszn\u00e1lat\u00e1val, \u00e9s helyett\u00fck egyedi nyomtat\u00e1s\u00fa, 100 ml-es, fedeles kis bef\u0151ttes\u00fcvegeket kezdenek haszn\u00e1lni. 6 h\u00f3nap alatt 30%-kal n\u00f6velt\u00e9k e-kereskedelmi elad\u00e1saikat, \u00e9s ehhez a sikerhez hozz\u00e1j\u00e1rult az egyik t\u00e9nyez\u0151 a v\u00e1s\u00e1rl\u00f3i visszajelz\u00e9s, amelyben azt \u00edrj\u00e1k, hogy az \u00fcvegek \u201esz\u00e9pek \u00e9s kiv\u00e1l\u00f3 min\u0151s\u00e9g\u0171ek\u201d. Az ism\u00e9telt v\u00e1s\u00e1rl\u00e1sok sz\u00e1ma is 60%-kal n\u0151tt. \u00cdgy egy kis \u00e1remel\u00e9ssel nemcsak az egys\u00e9gnyi profit n\u00f6velhet\u0151, hanem a kicsomagol\u00e1si \u00e9lm\u00e9ny is javul. R\u00e1ad\u00e1sul az \u00fcgyf\u00e9l m\u00e1r h\u00e1romszor, egyenk\u00e9nt 100 000 egys\u00e9gre sz\u00f3l\u00f3 rendel\u00e9st is leadott, aminek k\u00f6sz\u00f6nhet\u0151en a kezdeti nagykereskedelmi rendel\u00e9st fokozatosan stabil, negyed\u00e9ves nagykereskedelmi partners\u00e9gg\u00e9 alak\u00edtotta a legn\u00e9pszer\u0171bb m\u00e9zes\u00fcveg-m\u00e9retei eset\u00e9ben.<\/p>\n<h2>Kis \u00fcveg bef\u0151ttes\u00fcvegek testreszab\u00e1si tippjei<\/h2>\n<ul>\n<li><strong>Szitanyom\u00e1s:<\/strong> Az egyik legjobb, ha nem a legjobb m\u00f3dja a log\u00f3 vagy grafika nyomtat\u00e1s\u00e1nak a szitanyom\u00e1s, amelyet \u00e9rdemes a m\u00e9zespoh\u00e1r belsej\u00e9re alkalmazni a luxus \u00e9s tart\u00f3s megjelen\u00e9s \u00e9rdek\u00e9ben.<\/li>\n<li><strong>Sz\u00ednes \u00fcveg:<\/strong> Hogy az \u00e9lm\u00e9ny teljesen m\u00e1s legyen, mi\u00e9rt ne haszn\u00e1ln\u00e1l borosty\u00e1nsz\u00edn\u0171 vagy z\u00f6ld \u00fcvegeket a m\u00e9zedhez, amelyek \u00edgy f\u00e9nyv\u00e9dettek lesznek?<\/li>\n<li><strong>Egyedi fed\u00e9l sz\u00ednek:<\/strong> Ha a m\u00e1rk\u00e1dnak van egy meghat\u00e1rozott sz\u00ednazonoss\u00e1ga (p\u00e9ld\u00e1ul arany, piros vagy fekete), mi\u00e9rt ne v\u00e1lasztan\u00e1l egyet a felk\u00edn\u00e1lt palett\u00e1r\u00f3l a szemh\u00e9jaidhoz?<\/li>\n<\/ul>","protected":false},"excerpt":{"rendered":"<p>Eleg\u00e1ns, kis \u00fcveg bef\u0151ttes\u00fcvegek l\u00e1ngmint\u00e1s diz\u00e1jnnal \u00e9s f\u00e9m fed\u00e9llel. T\u00f6k\u00e9letes lekv\u00e1r vagy m\u00e9z csomagol\u00e1s\u00e1hoz. K\u00f6zvetlen\u00fcl a gy\u00e1rb\u00f3l, gyors sz\u00e1ll\u00edt\u00e1s, ingyenes mint\u00e1k.<\/p>","protected":false},"featured_media":22801,"template":"","meta":[],"product_brand":[],"product_cat":[122,124,127],"product_tag":[],"class_list":{"0":"post-22798","1":"product","2":"type-product","3":"status-publish","4":"has-post-thumbnail","6":"product_cat-custom-glass-packaging","7":"product_cat-custom-glass-jars","8":"product_cat-glass-honey-jars","10":"first","11":"instock","12":"shipping-taxable","13":"product-type-simple"},"jetpack_sharing_enabled":true,"_links":{"self":[{"href":"https:\/\/yebodaglass.com\/hu\/wp-json\/wp\/v2\/product\/22798","targetHints":{"allow":["GET"]}}],"collection":[{"href":"https:\/\/yebodaglass.com\/hu\/wp-json\/wp\/v2\/product"}],"about":[{"href":"https:\/\/yebodaglass.com\/hu\/wp-json\/wp\/v2\/types\/product"}],"version-history":[{"count":5,"href":"https:\/\/yebodaglass.com\/hu\/wp-json\/wp\/v2\/product\/22798\/revisions"}],"predecessor-version":[{"id":22809,"href":"https:\/\/yebodaglass.com\/hu\/wp-json\/wp\/v2\/product\/22798\/revisions\/22809"}],"wp:featuredmedia":[{"embeddable":true,"href":"https:\/\/yebodaglass.com\/hu\/wp-json\/wp\/v2\/media\/22801"}],"wp:attachment":[{"href":"https:\/\/yebodaglass.com\/hu\/wp-json\/wp\/v2\/media?parent=22798"}],"wp:term":[{"taxonomy":"product_brand","embeddable":true,"href":"https:\/\/yebodaglass.com\/hu\/wp-json\/wp\/v2\/product_brand?post=22798"},{"taxonomy":"product_cat","embeddable":true,"href":"https:\/\/yebodaglass.com\/hu\/wp-json\/wp\/v2\/product_cat?post=22798"},{"taxonomy":"product_tag","embeddable":true,"href":"https:\/\/yebodaglass.com\/hu\/wp-json\/wp\/v2\/product_tag?post=22798"}],"curies":[{"name":"wp","href":"https:\/\/api.w.org\/{rel}","templated":true}]}}