{"id":22757,"date":"2025-10-27T15:59:54","date_gmt":"2025-10-27T07:59:54","guid":{"rendered":"https:\/\/yebodaglass.com\/?post_type=product&#038;p=22757"},"modified":"2026-04-14T09:35:09","modified_gmt":"2026-04-14T01:35:09","slug":"bulk-empty-jam-pots-for-honey-or-fruit-spread","status":"publish","type":"product","link":"https:\/\/yebodaglass.com\/hu\/bulk-empty-jam-pots-for-honey-or-fruit-spread\/","title":{"rendered":"\u00dcres, kim\u00e9rt lekv\u00e1ros\u00fcvegek m\u00e9zhez vagy gy\u00fcm\u00f6lcskr\u00e9mhez 50ml \u2013 380ml"},"content":{"rendered":"<p>Ezek az \u00fcres bef\u0151ttes\u00fcvegek klasszikus bord\u00e1zott kialak\u00edt\u00e1s\u00faak, krist\u00e1lytiszta \u00fcvegb\u0151l k\u00e9sz\u00fcltek, \u00e9s sz\u00e9p piros-feh\u00e9r kock\u00e1s fed\u00e9llel rendelkeznek. Hat m\u00e9retben kaphat\u00f3k.<\/p>\n<h2>Term\u00e9kjellemz\u0151k<\/h2>\n<ul>\n<li><strong>Ugyanaz a kock\u00e1s fed\u00e9l:<\/strong> A szok\u00e1sos piros-feh\u00e9r kock\u00e1s sz\u00f6vetfed\u00e9l egy nagyon aranyos, rusztikus \u00e9s k\u00f6nnyen felismerhet\u0151 dekor\u00e1ci\u00f3.<\/li>\n<li><strong>F\u00fcgg\u0151leges bord\u00e1z\u00e1s:<\/strong> A f\u00fcgg\u0151leges bord\u00e1k hozz\u00e1ad\u00e1s\u00e1val egy egyszer\u0171 \u00fcveg kreat\u00edv text\u00far\u00e1j\u00fa diz\u00e1jnn\u00e1 v\u00e1lik, ez\u00e1ltal szebb\u00e9 t\u00e9ve a term\u00e9k vizu\u00e1lis megjelen\u00e9s\u00e9t \u00e9s felismerhet\u0151bb\u00e9 t\u00e9ve azt.<\/li>\n<li><strong>K\u00fcl\u00f6nb\u00f6z\u0151 m\u00e9retek kaphat\u00f3k:<\/strong> K\u00fcl\u00f6nb\u00f6z\u0151 m\u00e9ret\u0171 m\u00e9zes\u00fcvegek k\u00f6z\u00fcl v\u00e1laszthat, \u00edgy biztosan megtal\u00e1lja az ig\u00e9nyeinek legink\u00e1bb megfelel\u0151t.<\/li>\n<\/ul>\n<h2 style=\"text-align: left;\">F\u0151bb specifik\u00e1ci\u00f3k<\/h2>\n<table class=\"aligncenter\" style=\"border-collapse: collapse; width: 406.52pt;\" border=\"0\" width=\"542\" cellspacing=\"0\" cellpadding=\"0\">\n<tbody>\n<tr style=\"height: 13.50pt;\">\n<td style=\"height: 13.50pt; width: 90.00pt;\" width=\"120\" height=\"18\">Jellemz\u0151<\/td>\n<td style=\"width: 316.50pt;\" width=\"422\">Specifik\u00e1ci\u00f3<\/td>\n<\/tr>\n<tr style=\"height: 13.50pt;\">\n<td style=\"height: 13.50pt;\" height=\"18\">Kapacit\u00e1s<\/td>\n<td>50 ml, 100 ml, 150 ml, 200 ml, 250 ml, 380 ml<\/td>\n<\/tr>\n<tr style=\"height: 13.50pt;\">\n<td style=\"height: 13.50pt;\" height=\"18\">Alak<\/td>\n<td>Hengeres<\/td>\n<\/tr>\n<tr style=\"height: 13.50pt;\">\n<td style=\"height: 13.50pt;\" height=\"18\">M\u00e9retek<\/td>\n<td>3,95 \u00d7 5,3 cm-t\u0151l 8,7 \u00d7 11,3 cm-ig<\/td>\n<\/tr>\n<tr style=\"height: 13.50pt;\">\n<td style=\"height: 13.50pt;\" height=\"18\">Nyak t\u00edpusa<\/td>\n<td>Sz\u00e9les sz\u00e1j (3,5 cm-t\u0151l 7 cm-es bels\u0151 \u00e1tm\u00e9r\u0151ig)<\/td>\n<\/tr>\n<tr style=\"height: 13.50pt;\">\n<td style=\"height: 13.50pt;\" height=\"18\">Anyag<\/td>\n<td>\u00c1tl\u00e1tsz\u00f3 \u00fcveg, sz\u00f6vettel lez\u00e1rt fed\u00e9l<\/td>\n<\/tr>\n<tr style=\"height: 13.50pt;\">\n<td style=\"height: 13.50pt;\" height=\"18\">Fed\u00e9l opci\u00f3k<\/td>\n<td>Piros\/feh\u00e9r kock\u00e1s, egysz\u00edn\u0171 (egyedi kivitelben is k\u00e9rhet\u0151)<\/td>\n<\/tr>\n<tr style=\"height: 13.50pt;\">\n<td style=\"height: 13.50pt;\" height=\"18\">Legjobb<\/td>\n<td>M\u00e9z, lekv\u00e1r, lekv\u00e1r, aj\u00e1nd\u00e9kcsomagok<\/td>\n<\/tr>\n<tr style=\"height: 13.50pt;\">\n<td style=\"height: 13.50pt;\" height=\"18\">Ide\u00e1lis haszn\u00e1lat<\/td>\n<td>Lekv\u00e1ros\u00fcvegek, nagykereskedelmi \u00fcres bef\u0151ttes\u00fcvegek<\/td>\n<\/tr>\n<\/tbody>\n<\/table>\n<h2>Sikert\u00f6rt\u00e9net<\/h2>\n<p>Az egyik brit lekv\u00e1rk\u00e9sz\u00edt\u0151 megv\u00e1s\u00e1rolta az \u00fcres bef\u0151ttes\u00fcvegeinket, \u00e9s egyedi, \u00e9lelmiszeripari min\u0151s\u00e9g\u0171 borosty\u00e1nsz\u00edn\u0171 \u00fcvegb\u0151l k\u00e9sz\u00fclt \u00fcveget rendelt t\u0151l\u00fcnk. A tervezett megjelen\u00e9s hatalmas sikert aratott: a k\u00fcl\u00f6nleges \u00fcvegek a v\u00e9djegy\u00fckk\u00e9 v\u00e1ltak, \u00e9s a v\u00e1s\u00e1rl\u00f3i felm\u00e9r\u00e9s kimutatta, hogy a fogyaszt\u00f3k 85 sz\u00e1zal\u00e9ka kiz\u00e1r\u00f3lag az \u00fcveg alapj\u00e1n tudta azonos\u00edtani a m\u00e1rk\u00e1t. A borosty\u00e1nsz\u00edn\u0171 \u00fcveg enyh\u00e9n f\u00e9nyz\u00e1r\u00f3 hat\u00e1st biztos\u00edtott, amely a gy\u00e1rt\u00f3 szerint 10 sz\u00e1zal\u00e9kkal n\u00f6velte a t\u00f6r\u00e9keny lekv\u00e1r eltarthat\u00f3s\u00e1g\u00e1t. Ezen eredm\u00e9nyek alapj\u00e1n tov\u00e1bbi 45 000 \u00fcveget rendeltek, mik\u00f6zben egy \u00faj exportprogram elind\u00edt\u00e1s\u00e1ra k\u00e9sz\u00fcltek az amerikai \u00e9s \u00e1zsiai piacra.<\/p>\n<h2>\u00dcres bef\u0151ttes\u00fcvegek testreszab\u00e1si javaslatai<\/h2>\n<ul>\n<li><strong>Dombornyomott fed\u00e9l log\u00f3:<\/strong> Eleg\u00e1ns, luxus r\u00e9szletet a fed\u00e9l cs\u00facs\u00e1n tal\u00e1lhat\u00f3 gy\u00f6ny\u00f6r\u0171 dombornyomott log\u00f3val lehet el\u00e9rni.<\/li>\n<li><strong>\u00dcveg sz\u00edne:<\/strong> V\u00e1lasszon borosty\u00e1n vagy z\u00f6ld \u00fcveget a f\u00e9ny\u00e9rz\u00e9keny term\u00e9kek v\u00e9delme \u00e9rdek\u00e9ben, \u00e9s egy\u00fattal exkluz\u00edv megjelen\u00e9st k\u00f6lcs\u00f6n\u00f6z a polcnak.<\/li>\n<li><strong>Egyedi kapacit\u00e1s:<\/strong> Vegyen r\u00e9szt vel\u00fcnk a v\u00e1llalkoz\u00e1s\u00e1nak legink\u00e1bb megfelel\u0151 kapacit\u00e1s testreszab\u00e1s\u00e1ban, term\u00e9kei s\u00falya vagy \u00e1ra alapj\u00e1n.<\/li>\n<\/ul>","protected":false},"excerpt":{"rendered":"<p>Vintage \u00fcres \u00fcveg bef\u0151ttes\u00fcvegek f\u00fcgg\u0151leges cs\u00edkokkal. T\u00f6k\u00e9letes m\u00e9z, lekv\u00e1r vagy aj\u00e1nd\u00e9kcsomagol\u00e1shoz. \u00c9lvezd a nagy t\u00e9telben kaphat\u00f3 kedvezm\u00e9nyeket, a gyors sz\u00e1ll\u00edt\u00e1st \u00e9s az ingyenes mint\u00e1kat.<\/p>","protected":false},"featured_media":25456,"template":"","meta":[],"product_brand":[],"product_cat":[127,124,122],"product_tag":[],"class_list":{"0":"post-22757","1":"product","2":"type-product","3":"status-publish","4":"has-post-thumbnail","6":"product_cat-glass-honey-jars","7":"product_cat-custom-glass-jars","8":"product_cat-custom-glass-packaging","10":"first","11":"instock","12":"shipping-taxable","13":"product-type-simple"},"jetpack_sharing_enabled":true,"_links":{"self":[{"href":"https:\/\/yebodaglass.com\/hu\/wp-json\/wp\/v2\/product\/22757","targetHints":{"allow":["GET"]}}],"collection":[{"href":"https:\/\/yebodaglass.com\/hu\/wp-json\/wp\/v2\/product"}],"about":[{"href":"https:\/\/yebodaglass.com\/hu\/wp-json\/wp\/v2\/types\/product"}],"version-history":[{"count":5,"href":"https:\/\/yebodaglass.com\/hu\/wp-json\/wp\/v2\/product\/22757\/revisions"}],"predecessor-version":[{"id":25771,"href":"https:\/\/yebodaglass.com\/hu\/wp-json\/wp\/v2\/product\/22757\/revisions\/25771"}],"wp:featuredmedia":[{"embeddable":true,"href":"https:\/\/yebodaglass.com\/hu\/wp-json\/wp\/v2\/media\/25456"}],"wp:attachment":[{"href":"https:\/\/yebodaglass.com\/hu\/wp-json\/wp\/v2\/media?parent=22757"}],"wp:term":[{"taxonomy":"product_brand","embeddable":true,"href":"https:\/\/yebodaglass.com\/hu\/wp-json\/wp\/v2\/product_brand?post=22757"},{"taxonomy":"product_cat","embeddable":true,"href":"https:\/\/yebodaglass.com\/hu\/wp-json\/wp\/v2\/product_cat?post=22757"},{"taxonomy":"product_tag","embeddable":true,"href":"https:\/\/yebodaglass.com\/hu\/wp-json\/wp\/v2\/product_tag?post=22757"}],"curies":[{"name":"wp","href":"https:\/\/api.w.org\/{rel}","templated":true}]}}