{"id":22744,"date":"2025-10-27T13:12:16","date_gmt":"2025-10-27T05:12:16","guid":{"rendered":"https:\/\/yebodaglass.com\/?post_type=product&#038;p=22744"},"modified":"2026-04-10T13:30:20","modified_gmt":"2026-04-10T05:30:20","slug":"wholesale-unique-honeycomb-glass-jars-for-honey-storage","status":"publish","type":"product","link":"https:\/\/yebodaglass.com\/hu\/wholesale-unique-honeycomb-glass-jars-for-honey-storage\/","title":{"rendered":"Nagykereskedelmi egyedi m\u00e9hsejt \u00fcveged\u00e9nyek m\u00e9z t\u00e1rol\u00e1s\u00e1ra 175ml 380ml 750ml"},"content":{"rendered":"<p>Ez egy ov\u00e1lis alak\u00fa, m\u00e9hsejt alak\u00fa \u00fcveged\u00e9ny, v\u00edzszintes hull\u00e1mos k\u00e9pz\u0151dm\u00e9nyekkel, amelyek m\u00e9hsejtre hasonl\u00edtanak. Krist\u00e1lytiszta \u00fcvegb\u0151l k\u00e9sz\u00fclt, \u00edgy t\u00f6k\u00e9letesen mutatja be a benne l\u00e9v\u0151 m\u00e9zet vagy lekv\u00e1rt.<\/p>\n<h2>Term\u00e9kjellemz\u0151k<\/h2>\n<ul>\n<li><strong>V\u00edzszintes m\u00e9hsejt bar\u00e1zda text\u00fara:<\/strong> A kancs\u00f3 kialak\u00edt\u00e1sa m\u00e9ly v\u00edzszintes bar\u00e1zd\u00e1kkal rendelkezik, amelyek m\u00e9hsejt mint\u00e1zatot hoznak l\u00e9tre, ami eszt\u00e9tikus megjelen\u00e9st \u00e9s hat\u00e9kony kezel\u00e9st biztos\u00edt.<\/li>\n<li><strong>\u00c9l\u00e9nk f\u00e9mkupak opci\u00f3k:<\/strong> V\u00e1lasszon egy klasszikus fekete vagy egy felt\u0171n\u0151 piros f\u00e9m csavaros kupakot, hogy meghat\u00e1rozza m\u00e1rk\u00e1ja megjelen\u00e9s\u00e9t a polcon.<\/li>\n<li><strong>H\u00e1rom dekorat\u00edv m\u00e9ret:<\/strong> A kis, k\u00f6zepes \u00e9s nagy \u00fcvegek kialak\u00edt\u00e1sa lehet\u0151v\u00e9 teszi a v\u00e1llalat sz\u00e1m\u00e1ra, hogy mindenf\u00e9le term\u00e9km\u00e9retet k\u00edn\u00e1ljon, a k\u00f3stol\u00f3 aj\u00e1nd\u00e9kokt\u00f3l a csal\u00e1di m\u00e9ret\u0171 adagokig.<\/li>\n<\/ul>\n<h2 style=\"text-align: left;\">F\u0151bb specifik\u00e1ci\u00f3k<\/h2>\n<table class=\"aligncenter\" style=\"border-collapse: collapse; width: 453.02pt;\" border=\"0\" width=\"604\" cellspacing=\"0\" cellpadding=\"0\">\n<tbody>\n<tr style=\"height: 13.50pt;\">\n<td style=\"height: 13.50pt; width: 92.25pt;\" width=\"123\" height=\"18\">Jellemz\u0151<\/td>\n<td style=\"width: 360.75pt;\" width=\"481\">Specifik\u00e1ci\u00f3<\/td>\n<\/tr>\n<tr style=\"height: 13.50pt;\">\n<td style=\"height: 13.50pt;\" height=\"18\">Kapacit\u00e1s<\/td>\n<td>175 ml, 380 ml, 750 ml<\/td>\n<\/tr>\n<tr style=\"height: 13.50pt;\">\n<td style=\"height: 13.50pt;\" height=\"18\">M\u00e9retek<\/td>\n<td>6,4 \u00d7 9,5 cm-t\u0151l 10,2 \u00d7 14,6 cm-ig<\/td>\n<\/tr>\n<tr style=\"height: 13.50pt;\">\n<td style=\"height: 13.50pt;\" height=\"18\">Nyak t\u00edpusa<\/td>\n<td>Sz\u00e9les sz\u00e1jny\u00edl\u00e1s (42 mm-t\u0151l 58 mm-ig)<\/td>\n<\/tr>\n<tr style=\"height: 13.50pt;\">\n<td style=\"height: 13.50pt;\" height=\"18\">Anyag<\/td>\n<td>\u00c1tl\u00e1tsz\u00f3 \u00fcveg, PP csavaros fed\u00e9l<\/td>\n<\/tr>\n<tr style=\"height: 13.50pt;\">\n<td style=\"height: 13.50pt;\" height=\"18\">Fed\u00e9l opci\u00f3k<\/td>\n<td>Fekete, piros (egyedi sz\u00ednekben is k\u00e9rhet\u0151)<\/td>\n<\/tr>\n<tr style=\"height: 13.50pt;\">\n<td style=\"height: 13.50pt;\" height=\"18\">Legjobb<\/td>\n<td>M\u00e9z, lekv\u00e1r, aj\u00e1nd\u00e9kcsomagok, \u00ednyenc term\u00e9kek<\/td>\n<\/tr>\n<tr style=\"height: 13.50pt;\">\n<td style=\"height: 13.50pt;\" height=\"18\">Ide\u00e1lis haszn\u00e1lat<\/td>\n<td>M\u00e9hsejtes \u00fcveged\u00e9ny, egyedi m\u00e9zes\u00fcvegek, \u00f6mlesztett m\u00e9zes ed\u00e9nyek<\/td>\n<\/tr>\n<\/tbody>\n<\/table>\n<h2>Sikert\u00f6rt\u00e9net: Egy k\u00f6z\u00e9pnyugati k\u00e9zm\u0171ves m\u00e9zm\u00e1rka bevezet\u00e9se<\/h2>\n<p>Egy k\u00f6z\u00e9pnyugati k\u00e9zm\u0171ves m\u00e9zm\u00e1rka az\u00e9rt v\u00e1lasztotta a mi k\u00fcl\u00f6nleges m\u00e9zes\u00fcvegeinket, mert szem\u00e9lyre szabott csomagol\u00e1st szerettek volna l\u00e9trehozni matt fekete f\u00e9mkupakokkal, amelyekre szitanyom\u00e1ssal nyomtatt\u00e1k a m\u00e9h log\u00f3j\u00e1t. A m\u00e1rka azonnali sikere ezekkel az \u00fcvegekkel 250%-kal t\u00f6bb k\u00f6z\u00f6ss\u00e9gi m\u00e9dia aktivit\u00e1st \u00e9s 40%-kal n\u00f6velte a fizikai \u00e1ruh\u00e1zi bev\u00e9telt az els\u0151 negyed\u00e9vben. A m\u00e1rka hatalmas sikere 380 000 \u00fcvegb\u0151l \u00e1ll\u00f3 tov\u00e1bbi megrendel\u00e9shez vezetett egy \u00faj, \u00edzes\u00edtett, kr\u00e9mes m\u00e9zes \u00e9s m\u00e9zes aj\u00e1nd\u00e9kk\u00e9szlet kollekci\u00f3 bevezet\u00e9s\u00e9hez.<\/p>\n<h2>\u00dcvegcsomagol\u00e1s testreszab\u00e1si aj\u00e1nl\u00e1sok<\/h2>\n<ul>\n<li><strong>Fed\u00e9l anyaga:<\/strong> A f\u00e9nyes, matt vagy ak\u00e1r faerezetes m\u0171anyag fedelek kiv\u00e1laszt\u00e1s\u00e1val v\u00e1ltozatos text\u00far\u00e1kat lehet l\u00e9trehozni.<\/li>\n<li><strong>\u00dcvegtisztas\u00e1g:<\/strong> \u00c1ltal\u00e1ban \u00e1tl\u00e1tsz\u00f3 \u00fcveget haszn\u00e1lnak, azonban egyedi megjelen\u00e9s \u00e9rdek\u00e9ben enyhe \u00e1rnyalatokat, p\u00e9ld\u00e1ul borosty\u00e1nt vagy z\u00f6ldet is k\u00edn\u00e1lunk.<\/li>\n<li><strong>Sz\u00ednkit\u00f6lt\u00e9s:<\/strong> Ha vonz\u00f3bb eredm\u00e9nyre v\u00e1gyik, ezt \u00fagy teheti meg, hogy a s\u00fcllyesztett m\u00e9hsejt mint\u00e1t tart\u00f3s sz\u00ednes \u200b\u200d\u200b\u200c\u200d\u200b\u200d\u200c\u200b\u200d\u200b\u200c\u200d\u200b\u200d\u200d\u200c zom\u00e1nccal t\u00f6lti ki.<\/li>\n<li><strong>Egyedi kapacit\u00e1s:<\/strong> Mi van, ha olyan m\u00e9retet szeretne, amely nincs felsorolva? Meg tudjuk v\u00e1ltoztatni a kapacit\u00e1st, hogy illeszkedjen az adott term\u00e9khez.<\/li>\n<\/ul>","protected":false},"excerpt":{"rendered":"<p>St\u00edlusos, m\u00e9hsejt mint\u00e1s \u00fcveged\u00e9ny bord\u00e1zott text\u00far\u00e1val \u00e9s nagy \u00e1tl\u00e1tsz\u00f3s\u00e1ggal. Egyedi m\u00e9zes\u00fcvegek, amelyek t\u00f6k\u00e9letesek m\u00e9z, szirup vagy lekv\u00e1r t\u00e1rol\u00e1s\u00e1ra. Ingyenes mint\u00e1k kaphat\u00f3k.<\/p>","protected":false},"featured_media":22746,"template":"","meta":[],"product_brand":[],"product_cat":[127,124,122],"product_tag":[],"class_list":{"0":"post-22744","1":"product","2":"type-product","3":"status-publish","4":"has-post-thumbnail","6":"product_cat-glass-honey-jars","7":"product_cat-custom-glass-jars","8":"product_cat-custom-glass-packaging","10":"first","11":"instock","12":"shipping-taxable","13":"product-type-simple"},"jetpack_sharing_enabled":true,"_links":{"self":[{"href":"https:\/\/yebodaglass.com\/hu\/wp-json\/wp\/v2\/product\/22744","targetHints":{"allow":["GET"]}}],"collection":[{"href":"https:\/\/yebodaglass.com\/hu\/wp-json\/wp\/v2\/product"}],"about":[{"href":"https:\/\/yebodaglass.com\/hu\/wp-json\/wp\/v2\/types\/product"}],"version-history":[{"count":5,"href":"https:\/\/yebodaglass.com\/hu\/wp-json\/wp\/v2\/product\/22744\/revisions"}],"predecessor-version":[{"id":25730,"href":"https:\/\/yebodaglass.com\/hu\/wp-json\/wp\/v2\/product\/22744\/revisions\/25730"}],"wp:featuredmedia":[{"embeddable":true,"href":"https:\/\/yebodaglass.com\/hu\/wp-json\/wp\/v2\/media\/22746"}],"wp:attachment":[{"href":"https:\/\/yebodaglass.com\/hu\/wp-json\/wp\/v2\/media?parent=22744"}],"wp:term":[{"taxonomy":"product_brand","embeddable":true,"href":"https:\/\/yebodaglass.com\/hu\/wp-json\/wp\/v2\/product_brand?post=22744"},{"taxonomy":"product_cat","embeddable":true,"href":"https:\/\/yebodaglass.com\/hu\/wp-json\/wp\/v2\/product_cat?post=22744"},{"taxonomy":"product_tag","embeddable":true,"href":"https:\/\/yebodaglass.com\/hu\/wp-json\/wp\/v2\/product_tag?post=22744"}],"curies":[{"name":"wp","href":"https:\/\/api.w.org\/{rel}","templated":true}]}}