{"id":22714,"date":"2025-10-24T17:22:39","date_gmt":"2025-10-24T09:22:39","guid":{"rendered":"https:\/\/yebodaglass.com\/?post_type=product&#038;p=22714"},"modified":"2025-10-27T13:13:23","modified_gmt":"2025-10-27T05:13:23","slug":"nagykereskedelmi-uveg-hatszogletu-mezes-uvegek-martogatoval","status":"publish","type":"product","link":"https:\/\/yebodaglass.com\/hu\/nagykereskedelmi-uveg-hatszogletu-mezes-uvegek-martogatoval\/","title":{"rendered":"Nagykereskedelmi hatsz\u00f6glet\u0171 \u00fcveg m\u00e9zes\u00fcvegek mer\u0151kan\u00e1llal 100ml 220ml 380ml"},"content":{"rendered":"<p>Ezek a hatsz\u00f6glet\u0171 m\u00e9zes\u00fcvegek t\u00f6k\u00e9letesek, mivel k\u00fcl\u00f6nb\u00f6z\u0151 m\u00e9retekben kaphat\u00f3k, \u00e1tl\u00e1tsz\u00f3 hatsz\u00f6glet\u0171 \u00fcvegtesttel, nat\u00far fa kupakkal \u00e9s be\u00e9p\u00edtett m\u00e9zeskan\u00e1llal rendelkeznek. Amellett, hogy a legjobb m\u00f3don mutatj\u00e1k be a m\u00e9zet, a geometrikus diz\u00e1jnt egy visszafogott, praktikus eleganci\u00e1val \u00f6tv\u00f6zik.<\/p>\n<h2>Term\u00e9kjellemz\u0151k<\/h2>\n<ul>\n<li><strong>Hatsz\u00f6glet\u0171 \u00dcveg:<\/strong> A szab\u00e1lyos hatsz\u00f6glet\u0171 forma geometrikus b\u00e1j\u00e1val j\u00f3l illik a m\u00e9z term\u00e9szetes von\u00e1saihoz, \u00e9s hozz\u00e1j\u00e1rul vizu\u00e1lis identit\u00e1s\u00e1nak fokoz\u00e1s\u00e1hoz.<\/li>\n<li><strong>Alt\u0131gen<\/strong> Ezen k\u00edv\u00fcl az \u00fcvegek egy fa m\u00e9zkever\u0151vel is rendelkeznek, amely j\u00f3l illeszkedik a fa kupakhoz, \u00edgy term\u00e9szetes \u00e9s egys\u00e9ges megjelen\u00e9st biztos\u00edt.<\/li>\n<li><strong>\u00c1tl\u00e1tsz\u00f3 \u00fcveg:<\/strong> Emellett az \u00e1tl\u00e1tsz\u00f3 \u00fcveg teljes r\u00e1l\u00e1t\u00e1st biztos\u00edt a m\u00e9z mennyis\u00e9g\u00e9re \u00e9s min\u0151s\u00e9g\u00e9re, \u00edgy az ut\u00e1nt\u00f6lt\u00e9s k\u00f6nnyebb\u00e9 v\u00e1lik.<\/li>\n<\/ul>\n<h2 style=\"text-align: left;\">F\u0151bb specifik\u00e1ci\u00f3k<\/h2>\n<table style=\"border-collapse: collapse; margin-left: auto; margin-right: auto; width: 453.02pt;\" border=\"0\" width=\"604\" cellspacing=\"0\" cellpadding=\"0\">\n<tbody>\n<tr style=\"height: 13.50pt;\">\n<td style=\"height: 13.50pt; width: 92.25pt;\" width=\"123\" height=\"18\">Jellemz\u0151<\/td>\n<td style=\"width: 360.75pt;\" width=\"481\">Specifik\u00e1ci\u00f3<\/td>\n<\/tr>\n<tr style=\"height: 13.50pt;\">\n<td style=\"height: 13.50pt;\" height=\"18\">Kapacit\u00e1s<\/td>\n<td>100 ml, 220 ml, 380 ml<\/td>\n<\/tr>\n<tr style=\"height: 13.50pt;\">\n<td style=\"height: 13.50pt;\" height=\"18\">Alak<\/td>\n<td>Hatsz\u00f6glet\u0171 (hatoldal\u00fa)<\/td>\n<\/tr>\n<tr style=\"height: 13.50pt;\">\n<td style=\"height: 13.50pt;\" height=\"18\">M\u00e9retek<\/td>\n<td>7,7 \u00d7 8,3 cm-t\u0151l 11,7 \u00d7 12,1 cm-ig<\/td>\n<\/tr>\n<tr style=\"height: 13.50pt;\">\n<td style=\"height: 13.50pt;\" height=\"18\">Anyag<\/td>\n<td>\u00c1tl\u00e1tsz\u00f3 \u00fcveg, t\u00f6m\u00f6rfa fed\u00e9l \u00e9s mer\u0151kan\u00e1l<\/td>\n<\/tr>\n<tr style=\"height: 13.50pt;\">\n<td style=\"height: 13.50pt;\" height=\"18\">Fed\u00e9l opci\u00f3k<\/td>\n<td>Term\u00e9szetes fa (egyedi p\u00e1c k\u00e9rhet\u0151)<\/td>\n<\/tr>\n<tr style=\"height: 13.50pt;\">\n<td style=\"height: 13.50pt;\" height=\"18\">Legjobb<\/td>\n<td>M\u00e9z, aj\u00e1nd\u00e9kcsomagok, \u00ednyenc \u00e9lelmiszer-csal\u00e1dok<\/td>\n<\/tr>\n<tr style=\"height: 13.50pt;\">\n<td style=\"height: 13.50pt;\" height=\"18\">Ide\u00e1lis haszn\u00e1lat<\/td>\n<td>Hatsz\u00f6glet\u0171 m\u00e9zes\u00fcvegek mer\u0151kan\u00e1llal, k\u00e9zm\u0171ves \u00fczlet\u00e1gak<\/td>\n<\/tr>\n<\/tbody>\n<\/table>\n<h2>Sikert\u00f6rt\u00e9net: Egy m\u00e9h\u00e9szeti sz\u00f6vetkezet n\u00f6veked\u00e9se<\/h2>\n<p>Egy h\u00edres m\u00e9h\u00e9szeti sz\u00f6vetkezet, amely t\u00f6k\u00e9letes \u00fcveg m\u00e9ztart\u00f3t keresett, amely a lehet\u0151 legjobban t\u00fckr\u00f6zi a friss m\u00e9z\u00fcket, a mi 380 ml-es, mer\u0151kan\u00e1llal ell\u00e1tott \u00fcveg m\u00e9zes\u00fcveg\u00fcnket v\u00e1lasztotta tart\u00f3ss\u00e1ga \u00e9s tiszta megjelen\u00e9se miatt. Elad\u00e1saik 25%-kal ugrottak meg az \u00e9v els\u0151 hat h\u00f3napj\u00e1ban, miut\u00e1n term\u00e9k\u00fcket a mi\u00e9nkre cser\u00e9lt\u00e9k, mivel ez a n\u00f6veked\u00e9s nagy r\u00e9sze az \u00fcvegek gy\u00f6ny\u00f6r\u0171 diz\u00e1jnj\u00e1nak k\u00f6sz\u00f6nhet\u0151, amely kiemelte \u0151ket a termel\u0151i piacokon. Az \u00fcveghez tartoz\u00f3 kan\u00e1l k\u00f6nny\u0171 kezelhet\u0151s\u00e9ge is nagyon pozit\u00edv v\u00e1s\u00e1rl\u00f3i visszajelz\u00e9seket v\u00e1ltott ki, \u00edgy 75%-kal n\u0151tt az \u00fcgyf\u00e9l-h\u0171s\u00e9g. Miut\u00e1n el\u00e9gedettek voltak a term\u00e9k min\u0151s\u00e9g\u00e9vel \u00e9s a nagy t\u00e9telben t\u00f6rt\u00e9n\u0151 megrendel\u00e9sek hat\u00e9kony folyamat\u00e1val, tov\u00e1bbi h\u00e1rom, egyenk\u00e9nt 150 000 \u00fcvegre vonatkoz\u00f3 rendel\u00e9st adtak le, \u00edgy az \u00fcveg a csomagol\u00e1suk alapvet\u0151 r\u00e9sz\u00e9v\u00e9 v\u00e1lt.<\/p>\n<h2>M\u00e9zes\u00fcveg testreszab\u00e1si aj\u00e1nl\u00e1sok<\/h2>\n<ul>\n<li><strong>Fed\u00e9l m\u00e1rkajelz\u00e9se:<\/strong> Az \u00fcveg fa tetej\u00e9re feliratozhatjuk c\u00e9ge log\u00f3j\u00e1t, ak\u00e1r forr\u00f3 sajtol\u00e1ssal, ak\u00e1r l\u00e9zergrav\u00edroz\u00e1ssal.<\/li>\n<li><strong>Egyedi kan\u00e1l:<\/strong> \u6279\u53d1\u72ec\u7279\u8702\u5de2\u73bb\u7483\u8702\u871c\u50a8\u5b58\u7f50 175\u6beb\u5347 380\u6beb\u5347 750\u6beb\u5347<\/li>\n<li><strong>Matt \u00fcveg:<\/strong> A term\u00e9k vonz\u00f3 tulajdons\u00e1ga a l\u00e1gyan megvil\u00e1g\u00edtott, eleg\u00e1ns megjelen\u00e9s, amelyet a hatsz\u00f6glet\u0171 \u00fcvegnek a form\u00e1t hangs\u00falyoz\u00f3 matt fel\u00fclet ad.<\/li>\n<li><strong>Egyedi kapacit\u00e1s:<\/strong> Amennyiben egy adott m\u00e9retet k\u00e9r, egyeztethet\u00fcnk \u00d6nnel egy id\u0151pontot, ahol meghat\u00e1rozzuk a v\u00e1llalkoz\u00e1s\u00e1nak legink\u00e1bb megfelel\u0151 mennyis\u00e9get.<\/li>\n<\/ul>\n<p>Szeretne el\u0151re felk\u00e9sz\u00fclni? Mi\u00e9rt nem veszi fel vel\u00fcnk a kapcsolatot m\u00e9g ma, hogy megbesz\u00e9lhess\u00fck a sz\u00fcks\u00e9ges m\u00e9zes\u00fcveget, \u00e9s nagyszer\u0171 nagykereskedelmi \u00e1rat kaphasson? Hadd seg\u00edts\u00fcnk megtal\u00e1lni az ide\u00e1lis m\u00e9zcsomagol\u00e1st v\u00e1llalkoz\u00e1sa sz\u00e1m\u00e1ra.<\/p>","protected":false},"excerpt":{"rendered":"<p>Dekorat\u00edv hatsz\u00f6glet\u0171 \u00fcveg m\u00e9zes\u00fcvegek fa tet\u0151vel \u00e9s m\u00e9zmer\u00edt\u0151vel. T\u00f6k\u00e9letes m\u00e9zcsomagol\u00e1shoz, aj\u00e1nd\u00e9kcsomagokhoz \u00e9s nagykereskedelmi rendel\u00e9sekhez. Ingyenes minta.<\/p>","protected":false},"featured_media":22736,"template":"","meta":[],"product_brand":[],"product_cat":[122,124,127],"product_tag":[],"class_list":{"0":"post-22714","1":"product","2":"type-product","3":"status-publish","4":"has-post-thumbnail","6":"product_cat-custom-glass-packaging","7":"product_cat-custom-glass-jars","8":"product_cat-glass-honey-jars","10":"first","11":"instock","12":"shipping-taxable","13":"product-type-simple"},"jetpack_sharing_enabled":true,"_links":{"self":[{"href":"https:\/\/yebodaglass.com\/hu\/wp-json\/wp\/v2\/product\/22714","targetHints":{"allow":["GET"]}}],"collection":[{"href":"https:\/\/yebodaglass.com\/hu\/wp-json\/wp\/v2\/product"}],"about":[{"href":"https:\/\/yebodaglass.com\/hu\/wp-json\/wp\/v2\/types\/product"}],"version-history":[{"count":5,"href":"https:\/\/yebodaglass.com\/hu\/wp-json\/wp\/v2\/product\/22714\/revisions"}],"predecessor-version":[{"id":22745,"href":"https:\/\/yebodaglass.com\/hu\/wp-json\/wp\/v2\/product\/22714\/revisions\/22745"}],"wp:featuredmedia":[{"embeddable":true,"href":"https:\/\/yebodaglass.com\/hu\/wp-json\/wp\/v2\/media\/22736"}],"wp:attachment":[{"href":"https:\/\/yebodaglass.com\/hu\/wp-json\/wp\/v2\/media?parent=22714"}],"wp:term":[{"taxonomy":"product_brand","embeddable":true,"href":"https:\/\/yebodaglass.com\/hu\/wp-json\/wp\/v2\/product_brand?post=22714"},{"taxonomy":"product_cat","embeddable":true,"href":"https:\/\/yebodaglass.com\/hu\/wp-json\/wp\/v2\/product_cat?post=22714"},{"taxonomy":"product_tag","embeddable":true,"href":"https:\/\/yebodaglass.com\/hu\/wp-json\/wp\/v2\/product_tag?post=22714"}],"curies":[{"name":"wp","href":"https:\/\/api.w.org\/{rel}","templated":true}]}}