{"id":22702,"date":"2025-10-24T15:45:33","date_gmt":"2025-10-24T07:45:33","guid":{"rendered":"https:\/\/yebodaglass.com\/?post_type=product&#038;p=22702"},"modified":"2025-10-24T17:20:26","modified_gmt":"2025-10-24T09:20:26","slug":"omlesztett-kerek-mezes-uvegek-fedovel-es-fuggoleges-csikokkal","status":"publish","type":"product","link":"https:\/\/yebodaglass.com\/hu\/omlesztett-kerek-mezes-uvegek-fedovel-es-fuggoleges-csikokkal\/","title":{"rendered":"Nagy kiszerel\u00e9s\u0171, kerek m\u00e9zes\u00fcvegek tet\u0151vel \u00e9s f\u00fcgg\u0151leges cs\u00edkokkal 150ml 200ml 280ml 380ml"},"content":{"rendered":"<p>Ezek a fedeles m\u00e9zes\u00fcvegek \u00e1tl\u00e1tsz\u00f3 \u00fcvegb\u0151l k\u00e9sz\u00fclnek, f\u00fcgg\u0151leges cs\u00edkok futnak v\u00e9gig az \u00fcvegeken, a fed\u00e9l pedig lehet roz\u00e9arany, piros vagy arany. Amellett, hogy t\u00f6k\u00e9letesen bemutatj\u00e1k a m\u00e9zet, amelynek sz\u00edne az aranyt\u00f3l a borosty\u00e1nig terjed, az \u00fcvegek kifinomult \u00e9s eleg\u00e1ns b\u00e1jt is \u00e1rasztanak, mivel k\u00fcl\u00f6nb\u00f6z\u0151 m\u00e9retekben kaphat\u00f3k.<\/p>\n<h2>Term\u00e9kjellemz\u0151k<\/h2>\n<ul>\n<li><strong>Tiszta \u00fcveg:<\/strong> Az \u00e1tl\u00e1tsz\u00f3 \u00fcvegnek k\u00f6sz\u00f6nhet\u0151en a m\u00e9z mennyis\u00e9ge, \u00e1llapota \u00e9s m\u00e9g a m\u00e9z t\u00edpusa is egy pillant\u00e1ssal l\u00e1that\u00f3, \u00edgy az ut\u00e1nt\u00f6lt\u00e9s \u00e9s az azonos\u00edt\u00e1s nagyon egyszer\u0171.<\/li>\n<li><strong>F\u00fcgg\u0151leges\u200b\u200d\u200b\u200c\u200d\u200b\u200d\u200c\u200b\u200d\u200b\u200c\u200d\u200b\u200d\u200c Cs\u00edkos palack:<\/strong> Egy gy\u00f6ny\u00f6r\u0171, textur\u00e1lt f\u00fcgg\u0151leges cs\u00edkminta van m\u0171v\u00e9szien elosztva az \u00fcvegen, ami nemcsak kiemeli a diz\u00e1jnt, hanem l\u00e1that\u00f3bb\u00e1 is teszi az \u00fcveget.<\/li>\n<li><strong>K\u00fcl\u00f6nb\u00f6z\u0151 m\u00e9retek:<\/strong> Hatalmas m\u00e9retv\u00e1laszt\u00e9k \u00e1ll rendelkez\u00e9sre, \u00edgy kiv\u00e1laszthatja az \u00d6n ig\u00e9nyeinek vagy az adott alkalomnak legmegfelel\u0151bb palackot.<\/li>\n<\/ul>\n<h2 style=\"text-align: left;\">F\u0151bb specifik\u00e1ci\u00f3k<\/h2>\n<table class=\"aligncenter\" style=\"border-collapse: collapse; width: 412.52pt;\" border=\"0\" width=\"550\" cellspacing=\"0\" cellpadding=\"0\">\n<tbody>\n<tr style=\"height: 13.50pt;\">\n<td style=\"height: 13.50pt; width: 90.00pt;\" width=\"120\" height=\"18\">Jellemz\u0151<\/td>\n<td style=\"width: 322.50pt;\" width=\"430\">Specifik\u00e1ci\u00f3<\/td>\n<\/tr>\n<tr style=\"height: 13.50pt;\">\n<td style=\"height: 13.50pt;\" height=\"18\">Kapacit\u00e1s<\/td>\n<td>150 ml, 200 ml, 280 ml, 380 ml<\/td>\n<\/tr>\n<tr style=\"height: 13.50pt;\">\n<td style=\"height: 13.50pt;\" height=\"18\">Alak<\/td>\n<td>Kerek, f\u00fcgg\u0151leges bord\u00e1kkal<\/td>\n<\/tr>\n<tr style=\"height: 13.50pt;\">\n<td style=\"height: 13.50pt;\" height=\"18\">M\u00e9retek<\/td>\n<td>6,1 \u00d7 7,4 cm-t\u0151l 8,5 \u00d7 9,7 cm-ig<\/td>\n<\/tr>\n<tr style=\"height: 13.50pt;\">\n<td style=\"height: 13.50pt;\" height=\"18\">Anyag<\/td>\n<td>\u00c1tl\u00e1tsz\u00f3 \u00fcveg, PP csavaros fed\u00e9l<\/td>\n<\/tr>\n<tr style=\"height: 13.50pt;\">\n<td style=\"height: 13.50pt;\" height=\"18\">Fed\u00e9l opci\u00f3k<\/td>\n<td>R\u00f3zsasz\u00edn arany, piros, arany (egyedi sz\u00ednek el\u00e9rhet\u0151k)<\/td>\n<\/tr>\n<tr style=\"height: 13.50pt;\">\n<td style=\"height: 13.50pt;\" height=\"18\">Ide\u00e1lis haszn\u00e1lat<\/td>\n<td>M\u00e9zes\u00fcvegek fed\u00e9llel, m\u00e9zesb\u00f6d\u00f6n, nagym\u00e9ret\u0171 m\u00e9zes\u00fcvegek<\/td>\n<\/tr>\n<\/tbody>\n<\/table>\n<h2>Sikert\u00f6rt\u00e9net: M\u00e1rkaismerts\u00e9g \u00e9s \u00e9rt\u00e9kes\u00edt\u00e9s fejleszt\u00e9se<\/h2>\n<p>A csal\u00e1di m\u00e9h\u00e9szeti v\u00e1llalkoz\u00e1s nagyszer\u0171 term\u00e9kkel rendelkezett, de a csomagol\u00e1s nem volt olyan j\u00f3. Egyszer\u0171, kerek bef\u0151ttes\u00fcvegeik elad\u00e1sa elmaradt a v\u00e1rakoz\u00e1sokt\u00f3l. \u00dagy d\u00f6nt\u00f6ttek, hogy kipr\u00f3b\u00e1lj\u00e1k a 280 ml-es f\u00fcgg\u0151leges cs\u00edkos m\u00e9zes\u00fcvegeinket, \u00edgy kezdetben 3000 darabos rendel\u00e9st adtak le. A hat\u00e1sok azonnaliak voltak. A jellegzetes f\u00fcgg\u0151leges cs\u00edkos kialak\u00edt\u00e1s \u00e9s a f\u00e9m fed\u00e9l az elad\u00e1sok 25%-os n\u00f6veked\u00e9s\u00e9hez vezetett, \u00e9s a v\u00e1llalat k\u00e9t \u00ednyenc \u00e9tel el\u0151fizet\u00e9ses dobozban is helyet tudott biztos\u00edtani mag\u00e1nak. Az ism\u00e9telt v\u00e1s\u00e1rl\u00f3k sz\u00e1ma 78%-kal n\u0151tt. Az\u00f3ta rendszeresen rendelnek, ez\u00e9rt v\u00e1s\u00e1roltak negyed\u00e9vente 100 000 \u00fcveget, \u00e9s a k\u00f6zelm\u00faltban 150 ml-es pr\u00f3bakiszerel\u00e9sre b\u0151v\u00edtett\u00e9k a k\u00edn\u00e1latot.<\/p>\n<h2>Egyedi \u00fcveged\u00e9nyekre vonatkoz\u00f3 aj\u00e1nl\u00e1sok<\/h2>\n<ul>\n<li><strong>Horony m\u00e9lys\u00e9ge \u00e9s sz\u00e9less\u00e9ge:<\/strong> \u00c1ll\u00edtsd be a bar\u00e1zda sz\u00e9less\u00e9g\u00e9t vagy a bord\u00e1k k\u00f6z\u00f6tti t\u00e1vols\u00e1got, hogy jobban vagy kev\u00e9sb\u00e9 l\u00e1that\u00f3 legyen a text\u00fara.<\/li>\n<li><strong>Sz\u00ednes \u00fcveg:<\/strong> Egy finom sz\u00edn, p\u00e9ld\u00e1ul a vil\u00e1gos borosty\u00e1n, nemcsak arra haszn\u00e1lhat\u00f3, hogy a m\u00e9z melegebbnek t\u0171nj\u00f6n, hanem arra is, hogy megv\u00e9dje az UV sugarakt\u00f3l.<\/li>\n<li><strong>Egyedi\u200b\u200d\u200b\u200c\u200d\u200b\u200d\u200c\u200b\u200d\u200b\u200c\u200d\u200b\u200d\u200c Alapforma:<\/strong> V\u00e1ltoztasd meg az alapot egy kicsit hatsz\u00f6glet\u0171 vagy n\u00e9gyzet alak\u00fara, de a lekerek\u00edtett hornyokat tartsd meg az \u00e1lland\u00f3s\u00e1g \u00e9rdek\u00e9ben.<\/li>\n<\/ul>\n<p>Mit sz\u00f3ln\u00e1l ahhoz, ha m\u00e1rk\u00e1dat egy l\u00e9p\u00e9ssel tov\u00e1bb emeln\u00e9d? K\u00e9rj nagykereskedelmi m\u00e9zes\u00fcveg \u00e1raj\u00e1nlatot, \u00e9s k\u00e9pzeld el a v\u00e9gtelen lehet\u0151s\u00e9geket egyedi \u00fcvegcsomagol\u00e1sunkkal.<\/p>","protected":false},"excerpt":{"rendered":"<p>Eleg\u00e1ns m\u00e9zes\u00fcvegek f\u00fcgg\u0151legesen bord\u00e1zott tet\u0151vel. T\u00f6k\u00e9letes m\u00e9z, lekv\u00e1r vagy \u00e9lelmiszerek csomagol\u00e1s\u00e1ra, nagy t\u00e9telben \u00e9s m\u00e1rka testreszab\u00e1ssal is kaphat\u00f3.<\/p>","protected":false},"featured_media":22705,"template":"","meta":[],"product_brand":[],"product_cat":[122,124,127],"product_tag":[],"class_list":{"0":"post-22702","1":"product","2":"type-product","3":"status-publish","4":"has-post-thumbnail","6":"product_cat-custom-glass-packaging","7":"product_cat-custom-glass-jars","8":"product_cat-glass-honey-jars","10":"first","11":"instock","12":"shipping-taxable","13":"product-type-simple"},"jetpack_sharing_enabled":true,"_links":{"self":[{"href":"https:\/\/yebodaglass.com\/hu\/wp-json\/wp\/v2\/product\/22702","targetHints":{"allow":["GET"]}}],"collection":[{"href":"https:\/\/yebodaglass.com\/hu\/wp-json\/wp\/v2\/product"}],"about":[{"href":"https:\/\/yebodaglass.com\/hu\/wp-json\/wp\/v2\/types\/product"}],"version-history":[{"count":5,"href":"https:\/\/yebodaglass.com\/hu\/wp-json\/wp\/v2\/product\/22702\/revisions"}],"predecessor-version":[{"id":22712,"href":"https:\/\/yebodaglass.com\/hu\/wp-json\/wp\/v2\/product\/22702\/revisions\/22712"}],"wp:featuredmedia":[{"embeddable":true,"href":"https:\/\/yebodaglass.com\/hu\/wp-json\/wp\/v2\/media\/22705"}],"wp:attachment":[{"href":"https:\/\/yebodaglass.com\/hu\/wp-json\/wp\/v2\/media?parent=22702"}],"wp:term":[{"taxonomy":"product_brand","embeddable":true,"href":"https:\/\/yebodaglass.com\/hu\/wp-json\/wp\/v2\/product_brand?post=22702"},{"taxonomy":"product_cat","embeddable":true,"href":"https:\/\/yebodaglass.com\/hu\/wp-json\/wp\/v2\/product_cat?post=22702"},{"taxonomy":"product_tag","embeddable":true,"href":"https:\/\/yebodaglass.com\/hu\/wp-json\/wp\/v2\/product_tag?post=22702"}],"curies":[{"name":"wp","href":"https:\/\/api.w.org\/{rel}","templated":true}]}}