{"id":22695,"date":"2025-10-24T14:50:28","date_gmt":"2025-10-24T06:50:28","guid":{"rendered":"https:\/\/yebodaglass.com\/?post_type=product&#038;p=22695"},"modified":"2026-04-09T15:59:51","modified_gmt":"2026-04-09T07:59:51","slug":"glass-jars-with-lids-wholesale-round-honey-jars-bulk","status":"publish","type":"product","link":"https:\/\/yebodaglass.com\/hu\/glass-jars-with-lids-wholesale-round-honey-jars-bulk\/","title":{"rendered":"\u00dcvegek fed\u00e9llel nagykereskedelemben | 180ml 360ml 500ml 720ml kerek m\u00e9zes \u00fcvegek \u00f6mlesztett"},"content":{"rendered":"<p>Ezek a fedeles \u00fcvegek modern diz\u00e1jnnal rendelkeznek. \u00dcvegb\u0151l k\u00e9sz\u00fcltek, \u00e9s nagyon professzion\u00e1lisan mutatnak a boltok polcain. Ez alkalmass\u00e1 teszi \u0151ket k\u00fcl\u00f6nf\u00e9le term\u00e9kek csomagol\u00e1s\u00e1ra. Ezek a fedeles \u00fcvegek sokf\u00e9le dologhoz haszn\u00e1lhat\u00f3k, p\u00e9ld\u00e1ul m\u00e9zhez, zsel\u00e9hez, sziruphoz, sz\u00f3szhoz \u00e9s ak\u00e1r gyerty\u00e1khoz is. Az \u00fcveg sz\u00e9les sz\u00e1ja megk\u00f6nny\u00edti a benn\u00fck l\u00e9v\u0151 term\u00e9kek megt\u00f6lt\u00e9s\u00e9t, t\u00e1rol\u00e1s\u00e1t \u00e9s felhaszn\u00e1l\u00e1s\u00e1t. Ez\u00e9rt szeretik a m\u00e1rk\u00e1k, mind a nagyok, mind a kisek ezeket az \u00fcvegeket haszn\u00e1lni.<\/p>\n<h2>F\u0151bb jellemz\u0151k<\/h2>\n<ol>\n<li><strong>Tart\u00f3s, \u00e9lelmiszeripari min\u0151s\u00e9g\u0171 \u00fcveg<\/strong>Nagy feh\u00e9rs\u00e9g\u0171 sz\u00f3da\u00fcvegb\u0151l k\u00e9sz\u00fclt, minden kerek m\u00e9zes\u00fcveg\u00fcnk tart\u00f3s, \u00fajrafelhaszn\u00e1lhat\u00f3 \u00e9s biztons\u00e1gos \u00e9lelmiszer-t\u00e1rol\u00e1sra \u00e9s hossz\u00fa t\u00e1v\u00fa haszn\u00e1latra.<\/li>\n<li><strong>Biztons\u00e1gos lez\u00e1r\u00e1s a frissess\u00e9g meg\u0151rz\u00e9se \u00e9rdek\u00e9ben<\/strong>A csavaros fed\u00e9l a nyom\u00e1s\u00e9rz\u00e9keny vagy f\u00f3liabet\u00e9tekkel kombin\u00e1lva kiv\u00e1l\u00f3 t\u00f6m\u00edt\u00e9si teljes\u00edtm\u00e9nyt biztos\u00edt, ide\u00e1lis m\u00e9zes dobozokhoz, szirupokhoz \u00e9s sz\u00f3szokhoz sziv\u00e1rg\u00e1s n\u00e9lk\u00fcl.<\/li>\n<li><strong>Egyedi arculattervez\u00e9sre k\u00e9sz<\/strong>Professzion\u00e1lis gy\u00e1rt\u00f3k\u00e9nt teljes k\u00f6r\u0171 egyedi megrendel\u00e9sre k\u00edn\u00e1lunk megold\u00e1sokat, bele\u00e9rtve a nyomtat\u00e1st, bevon\u00e1s, grav\u00edroz\u00e1s \u00e9s c\u00edmk\u00e9z\u00e9st, hogy t\u00e1mogassuk v\u00e1llalkoz\u00e1sa n\u00f6veked\u00e9s\u00e9t a m\u00e9z nagykereskedelm\u00e9ben \u00e9s azon t\u00fal is.<\/li>\n<\/ol>\n<h2>F\u0151bb specifik\u00e1ci\u00f3k<\/h2>\n<table style=\"border-collapse: collapse; width: 80%; margin-left: auto; margin-right: auto;\" border=\"0\" width=\"590\" cellspacing=\"0\" cellpadding=\"0\">\n<tbody>\n<tr style=\"height: 13.50pt;\">\n<td style=\"height: 13.50pt; width: 90.00pt;\" width=\"120\" height=\"18\">Jellemz\u0151<\/td>\n<td style=\"width: 352.50pt;\" width=\"470\">Specifik\u00e1ci\u00f3<\/td>\n<\/tr>\n<tr style=\"height: 13.50pt;\">\n<td style=\"height: 13.50pt;\" height=\"18\">Kapacit\u00e1s<\/td>\n<td>180 ml, 360 ml, 500 ml, 720 ml<\/td>\n<\/tr>\n<tr style=\"height: 13.50pt;\">\n<td style=\"height: 13.50pt;\" height=\"18\">Alak<\/td>\n<td>Kerek (hengeres)<\/td>\n<\/tr>\n<tr style=\"height: 13.50pt;\">\n<td style=\"height: 13.50pt;\" height=\"18\">T\u00f6m\u00edt\u00e9si m\u00f3dszer<\/td>\n<td>Csavaros fed\u00e9l<\/td>\n<\/tr>\n<tr style=\"height: 13.50pt;\">\n<td style=\"height: 13.50pt;\" height=\"18\">Anyag<\/td>\n<td>Nagy feh\u00e9rs\u00e9g\u0171 sz\u00f3da-lime \u00fcveg<\/td>\n<\/tr>\n<tr style=\"height: 13.50pt;\">\n<td style=\"height: 13.50pt;\" height=\"18\">Fed\u00e9l opci\u00f3k<\/td>\n<td>fekete m\u0171anyag fed\u00e9l, arany m\u0171anyag fed\u00e9l, ez\u00fcst elox\u00e1lt alum\u00ednium fed\u00e9l, arany elox\u00e1lt alum\u00ednium fed\u00e9l, faerezetes m\u0171anyag fed\u00e9l<\/td>\n<\/tr>\n<tr style=\"height: 13.50pt;\">\n<td style=\"height: 13.50pt;\" height=\"18\">B\u00e9l\u00e9sek<\/td>\n<td>Nyom\u00e1s\u00e9rz\u00e9keny b\u00e9l\u00e9sek, alum\u00edniumf\u00f3lia b\u00e9l\u00e9sek<\/td>\n<\/tr>\n<tr style=\"height: 13.50pt;\">\n<td style=\"height: 13.50pt;\" height=\"18\">Felhaszn\u00e1l\u00e1s<\/td>\n<td>M\u00e9z, lekv\u00e1rok, gabonapelyhek, csokol\u00e1d\u00e9darabok, italok, porok stb.<\/td>\n<\/tr>\n<\/tbody>\n<\/table>\n<h2>\u00dczleti esettanulm\u00e1ny<\/h2>\n<p>Egy pr\u00e9mium min\u0151s\u00e9g\u0171, bio m\u00e9h\u00e9szeti term\u00e9kekre szakosodott n\u00e9met k\u00e9zm\u0171ves m\u00e9zm\u00e1rka keresett meg minket, miut\u00e1n kor\u00e1bbi besz\u00e1ll\u00edt\u00f3juk \u00fcvegtart\u00e1lyaival folyamatosan t\u00f6m\u00edt\u00e9si probl\u00e9m\u00e1kkal szembes\u00fcltek. Kor\u00e1bbi m\u00e9zes\u00fcvegeik \u00e9s -palackjaik sz\u00e1ll\u00edt\u00e1s k\u00f6zben gyakran sziv\u00e1rogtak, ami befoly\u00e1solta a term\u00e9k min\u0151s\u00e9g\u00e9t \u00e9s a v\u00e1s\u00e1rl\u00f3i bizalmat.<\/p>\n<p>Azt\u00e1n elkezdt\u00e9k haszn\u00e1lni a fedeles \u00fcvegeinket.<\/p>\n<p>A m\u00e9z frissen tart\u00e1sa \u00e9rdek\u00e9ben 180 \u00e9s 360 ml-es, aranyozott tet\u0151vel \u00e9s aluf\u00f3li\u00e1val ell\u00e1tott \u00fcvegeket v\u00e1lasztottak. Egyedi c\u00edmk\u00e9kkel is seg\u00edtett\u00fcnk nekik az \u00fcvegen \u00e9s a tet\u0151n, hogy a csomagol\u00e1s szebb legyen a polcokon.<\/p>\n<p>Miut\u00e1n az elad\u00e1saik 35%-kal n\u0151ttek, negyed\u00e9vente rengeteg \u00fcveget v\u00e1s\u00e1rolnak t\u0151l\u00fcnk. 10 000 \u00fcveggel kezdt\u00e9k. Most \u00e9vente t\u00f6bb mint 80 000 \u00fcveget v\u00e1s\u00e1rolnak. Meg\u00e1llapodtunk vel\u00fck, hogy j\u00f3 \u00e1rat adunk nekik ennyi \u00fcveg megv\u00e1s\u00e1rl\u00e1s\u00e1\u00e9rt.<\/p>\n<h2>Testreszab\u00e1si tippek \u00fczleti v\u00e1s\u00e1rl\u00f3knak<\/h2>\n<ol>\n<li><strong>M\u00e9z- \u00e9s m\u00e9h\u00e9szeti m\u00e1rk\u00e1khoz<\/strong>Haszn\u00e1ljon dombornyomott log\u00f3val ell\u00e1tott arany vagy faerezetes fedelet pr\u00e9mium \u00fcveg m\u00e9zes\u00fcveg-kollekci\u00f3 l\u00e9trehoz\u00e1s\u00e1hoz, amely a k\u00e9zm\u0171ves \u00e9s biopiacokat c\u00e9lozza meg.<\/li>\n<li><strong>\u00c9tel- \u00e9s sz\u00f3szm\u00e1rk\u00e1knak<\/strong>A sz\u00e9les sz\u00e1j\u00fa \u00fcvegeket f\u00f3liabet\u00e9tekkel kombin\u00e1lva sziv\u00e1rg\u00e1smentes sz\u00f3sz- \u00e9s szirupcsomagol\u00e1st biztos\u00edthat \u00f6mlesztett \u00fcvegekben.<\/li>\n<li><strong>T\u00f6bbterm\u00e9kes vonalakhoz<\/strong>Szabv\u00e1nyos\u00edtsa az egyenes oldal\u00fa kialak\u00edt\u00e1st a k\u00fcl\u00f6nb\u00f6z\u0151 kapacit\u00e1s\u00fa palackok (180 ml\u2013720 ml) eset\u00e9ben, hogy egys\u00e9ges\u00edtse a csomagol\u00e1st, mik\u00f6zben cs\u00f6kkenti a beszerz\u00e9si folyamat bonyolults\u00e1g\u00e1t a nagykereskedelmi \u00fcvegbeszerz\u00e9s sor\u00e1n.<\/li>\n<\/ol>","protected":false},"excerpt":{"rendered":"<p>180ml \u2013 720ml Durable glass jars with lids and round honey jars for wholesale. Ideal for honey, sauce, and storage with custom options and bulk pricing.<\/p>","protected":false},"featured_media":22696,"template":"","meta":[],"product_brand":[],"product_cat":[137,124,122],"product_tag":[],"class_list":{"0":"post-22695","1":"product","2":"type-product","3":"status-publish","4":"has-post-thumbnail","6":"product_cat-glass-jars-with-lids","7":"product_cat-custom-glass-jars","8":"product_cat-custom-glass-packaging","10":"first","11":"instock","12":"shipping-taxable","13":"product-type-simple"},"jetpack_sharing_enabled":true,"_links":{"self":[{"href":"https:\/\/yebodaglass.com\/hu\/wp-json\/wp\/v2\/product\/22695","targetHints":{"allow":["GET"]}}],"collection":[{"href":"https:\/\/yebodaglass.com\/hu\/wp-json\/wp\/v2\/product"}],"about":[{"href":"https:\/\/yebodaglass.com\/hu\/wp-json\/wp\/v2\/types\/product"}],"version-history":[{"count":5,"href":"https:\/\/yebodaglass.com\/hu\/wp-json\/wp\/v2\/product\/22695\/revisions"}],"predecessor-version":[{"id":25704,"href":"https:\/\/yebodaglass.com\/hu\/wp-json\/wp\/v2\/product\/22695\/revisions\/25704"}],"wp:featuredmedia":[{"embeddable":true,"href":"https:\/\/yebodaglass.com\/hu\/wp-json\/wp\/v2\/media\/22696"}],"wp:attachment":[{"href":"https:\/\/yebodaglass.com\/hu\/wp-json\/wp\/v2\/media?parent=22695"}],"wp:term":[{"taxonomy":"product_brand","embeddable":true,"href":"https:\/\/yebodaglass.com\/hu\/wp-json\/wp\/v2\/product_brand?post=22695"},{"taxonomy":"product_cat","embeddable":true,"href":"https:\/\/yebodaglass.com\/hu\/wp-json\/wp\/v2\/product_cat?post=22695"},{"taxonomy":"product_tag","embeddable":true,"href":"https:\/\/yebodaglass.com\/hu\/wp-json\/wp\/v2\/product_tag?post=22695"}],"curies":[{"name":"wp","href":"https:\/\/api.w.org\/{rel}","templated":true}]}}