{"id":22689,"date":"2025-10-24T14:26:22","date_gmt":"2025-10-24T06:26:22","guid":{"rendered":"https:\/\/yebodaglass.com\/?post_type=product&#038;p=22689"},"modified":"2026-04-10T11:31:20","modified_gmt":"2026-04-10T03:31:20","slug":"wholesale-oval-hexagonal-honey-jam-jars-500ml-1000ml","status":"publish","type":"product","link":"https:\/\/yebodaglass.com\/hu\/wholesale-oval-hexagonal-honey-jam-jars-500ml-1000ml\/","title":{"rendered":"Nagykereskedelmi ov\u00e1lis hatsz\u00f6glet\u0171 m\u00e9zes lekv\u00e1ros \u00fcvegek 500ml 1000ml"},"content":{"rendered":"<p>Ezek a hatsz\u00f6glet\u0171 m\u00e9zes bef\u0151ttes\u00fcvegek vonz\u00f3 diz\u00e1jnnal rendelkeznek, amely teljes kerek form\u00e1b\u00f3l \u00e9s hat k\u00fcl\u00f6n\u00e1ll\u00f3 f\u00fcgg\u0151leges \u00e9lb\u0151l \u00e1ll. Az ultra-tiszta \u00fcvegtart\u00e1ly aranyozott f\u00e9m csavaros kupakkal rendelkezik, amely sziv\u00e1rg\u00e1smentes t\u00f6m\u00edt\u00e9st biztos\u00edt.<\/p>\n<h2>Term\u00e9kjellemz\u0151k<\/h2>\n<ul>\n<li><strong>Hatsz\u00f6glet\u0171 palack alakja:<\/strong> A hatsz\u00f6glet\u0171 lapokkal ell\u00e1tott, kerek, dob alak\u00fa kialak\u00edt\u00e1s nemcsak sz\u00e9p\u00edti, hanem szerkezetileg is er\u0151s\u00edti a palackot.<\/li>\n<li><strong>Arany csavaros kupak:<\/strong> Az aranyozott f\u00e9m csavaros kupak szil\u00e1rd t\u00f6m\u00edt\u00e9st biztos\u00edt, \u00edgy hat\u00e9konyan korl\u00e1tozza a nedvess\u00e9get \u00e9s a sziv\u00e1rg\u00e1st.<\/li>\n<li><strong>K\u00e9t m\u00e9retben kaphat\u00f3:<\/strong> A term\u00e9k k\u00e9t k\u00fcl\u00f6nb\u00f6z\u0151 m\u00e9retben kaphat\u00f3, amelyek otthoni fogyaszt\u00e1sra, kereskedelmi c\u00e9lokra \u00e9s aj\u00e1nd\u00e9kcsomagol\u00f3 anyagk\u00e9nt is haszn\u00e1lhat\u00f3k.<\/li>\n<\/ul>\n<h2 style=\"text-align: left;\">F\u0151bb specifik\u00e1ci\u00f3k<\/h2>\n<table class=\"aligncenter\" style=\"border-collapse: collapse; width: 328.52pt;\" border=\"0\" width=\"438\" cellspacing=\"0\" cellpadding=\"0\">\n<tbody>\n<tr style=\"height: 13.50pt;\">\n<td style=\"height: 13.50pt; width: 90.00pt;\" width=\"120\" height=\"18\">Jellemz\u0151<\/td>\n<td style=\"width: 238.50pt;\" width=\"318\">Specifik\u00e1ci\u00f3<\/td>\n<\/tr>\n<tr style=\"height: 13.50pt;\">\n<td style=\"height: 13.50pt;\" height=\"18\">Kapacit\u00e1s<\/td>\n<td>500 ml, 1000 ml<\/td>\n<\/tr>\n<tr style=\"height: 13.50pt;\">\n<td style=\"height: 13.50pt;\" height=\"18\">Alak<\/td>\n<td>Hatsz\u00f6glet\u0171<\/td>\n<\/tr>\n<tr style=\"height: 13.50pt;\">\n<td style=\"height: 13.50pt;\" height=\"18\">M\u00e9retek<\/td>\n<td>8,8 \u00d7 12,5 cm, 10,6 \u00d7 15,7 cm<\/td>\n<\/tr>\n<tr style=\"height: 13.50pt;\">\n<td style=\"height: 13.50pt;\" height=\"18\">Anyag<\/td>\n<td>\u00c1tl\u00e1tsz\u00f3 \u00fcveg, aranyozott PP csavaros fed\u00e9l<\/td>\n<\/tr>\n<tr style=\"height: 13.50pt;\">\n<td style=\"height: 13.50pt;\" height=\"18\">Fed\u00e9l opci\u00f3k<\/td>\n<td>Arany (egyedi sz\u00ednekben is el\u00e9rhet\u0151)<\/td>\n<\/tr>\n<tr style=\"height: 13.50pt;\">\n<td style=\"height: 13.50pt;\" height=\"18\">Ide\u00e1lis haszn\u00e1lat<\/td>\n<td>Hatsz\u00f6glet\u0171 m\u00e9zes lekv\u00e1ros \u00fcveg, m\u00e9zes \u00fcvegek<\/td>\n<\/tr>\n<\/tbody>\n<\/table>\n<h2>Sikert\u00f6rt\u00e9net<\/h2>\n<p>A manuka m\u00e9z egyik gy\u00e1rt\u00f3ja a hatsz\u00f6glet\u0171 bef\u0151ttes\u00fcvegeinket v\u00e1lasztotta, \u00e9s maori term\u00e9szet mint\u00e1j\u00e1val \u00e9s roz\u00e9arany fed\u00e9llel l\u00e1tta el \u0151ket. Az egyedi tervez\u00e9s eredm\u00e9nye leny\u0171g\u00f6z\u0151 volt: a dombornyomott diz\u00e1jn \u00e9s a kiv\u00e1l\u00f3 min\u0151s\u00e9g\u0171 \u00e9rzet 15 sz\u00e1zal\u00e9kkal n\u00f6velte az UMF 20+ m\u00e9z \u00e1r\u00e1t, a jellegzetes csomagol\u00e1s pedig 25 sz\u00e1zal\u00e9kkal seg\u00edtette a k\u00f6zvetlen fogyaszt\u00f3i \u00e9rt\u00e9kes\u00edt\u00e9st a saj\u00e1t telephely\u00fck\u00f6n, mivel az \u00fcgyfelek aj\u00e1nd\u00e9kk\u00e9nt szerett\u00e9k. Ennek a sikernek k\u00f6sz\u00f6nhet\u0151en tov\u00e1bbi 400 000 m\u00e9zes\u00fcveget rendeltek a k\u00f6vetkez\u0151 negyed\u00e9vben.<\/p>\n<h2>Jam Jars testreszab\u00e1si aj\u00e1nl\u00e1sok<\/h2>\n<ul>\n<li><strong>\u00dcveg sz\u00edne:<\/strong> B\u00e1r f\u0151k\u00e9nt \u00e1tl\u00e1tsz\u00f3 \u00fcveget haszn\u00e1lunk, f\u00e9ny\u00e9rz\u00e9keny anyagokhoz borosty\u00e1n vagy z\u00f6ld sz\u00edneket is tudunk k\u00edn\u00e1lni.<\/li>\n<li><strong>Fed\u00e9l testreszab\u00e1sa:<\/strong> Egyedi, l\u00e9gmentesen z\u00e1r\u00f3d\u00f3 b\u00e9l\u00e9ssel ell\u00e1tott fedeleinkkel biztos\u00edthatjuk term\u00e9ke legfrissebb t\u00e1rol\u00e1s\u00e1t.<\/li>\n<li><strong>Dombornyomott:<\/strong> A log\u00f3j\u00e1t vagy b\u00e1rmilyen \u00f6sszetett mint\u00e1j\u00e1t k\u00f6zvetlen\u00fcl az \u00fcvegre emelheti\/dombor\u00edthatja, \u00edgy az tapinthat\u00f3 \u00e9s luxus, eleg\u00e1ns benyom\u00e1st kelt.<\/li>\n<li><strong>Szitanyom\u00e1s:<\/strong> Egy \u00fcvegb\u0151l k\u00e9sz\u00fclt, tart\u00f3s ker\u00e1mia m\u00e1rkajelz\u00e9sre (b\u00e1rmilyen sz\u00edn\u0171re) k\u00f6zvetlen\u00fcl felvihet\u0151 a tint\u00e1val, ami f\u00e9nyes, tart\u00f3s palackot eredm\u00e9nyez.<\/li>\n<\/ul>","protected":false},"excerpt":{"rendered":"<p>Eleg\u00e1ns, ov\u00e1lis, hatsz\u00f6glet\u0171 m\u00e9zes bef\u0151ttes\u00fcvegek arany tet\u0151vel. \u00c1tl\u00e1tsz\u00f3 \u00fcvegb\u0151l k\u00e9sz\u00fclt kivitel, ide\u00e1lis m\u00e9z \u00e9s lekv\u00e1r csomagol\u00e1s\u00e1ra, nagykereskedelmi \u00e9s egyedi c\u00edmk\u00e9z\u00e9si c\u00e9lokra is kaphat\u00f3.<\/p>","protected":false},"featured_media":25722,"template":"","meta":[],"product_brand":[],"product_cat":[127,124,122],"product_tag":[],"class_list":{"0":"post-22689","1":"product","2":"type-product","3":"status-publish","4":"has-post-thumbnail","6":"product_cat-glass-honey-jars","7":"product_cat-custom-glass-jars","8":"product_cat-custom-glass-packaging","10":"first","11":"instock","12":"shipping-taxable","13":"product-type-simple"},"jetpack_sharing_enabled":true,"_links":{"self":[{"href":"https:\/\/yebodaglass.com\/hu\/wp-json\/wp\/v2\/product\/22689","targetHints":{"allow":["GET"]}}],"collection":[{"href":"https:\/\/yebodaglass.com\/hu\/wp-json\/wp\/v2\/product"}],"about":[{"href":"https:\/\/yebodaglass.com\/hu\/wp-json\/wp\/v2\/types\/product"}],"version-history":[{"count":5,"href":"https:\/\/yebodaglass.com\/hu\/wp-json\/wp\/v2\/product\/22689\/revisions"}],"predecessor-version":[{"id":25724,"href":"https:\/\/yebodaglass.com\/hu\/wp-json\/wp\/v2\/product\/22689\/revisions\/25724"}],"wp:featuredmedia":[{"embeddable":true,"href":"https:\/\/yebodaglass.com\/hu\/wp-json\/wp\/v2\/media\/25722"}],"wp:attachment":[{"href":"https:\/\/yebodaglass.com\/hu\/wp-json\/wp\/v2\/media?parent=22689"}],"wp:term":[{"taxonomy":"product_brand","embeddable":true,"href":"https:\/\/yebodaglass.com\/hu\/wp-json\/wp\/v2\/product_brand?post=22689"},{"taxonomy":"product_cat","embeddable":true,"href":"https:\/\/yebodaglass.com\/hu\/wp-json\/wp\/v2\/product_cat?post=22689"},{"taxonomy":"product_tag","embeddable":true,"href":"https:\/\/yebodaglass.com\/hu\/wp-json\/wp\/v2\/product_tag?post=22689"}],"curies":[{"name":"wp","href":"https:\/\/api.w.org\/{rel}","templated":true}]}}