{"id":22669,"date":"2025-10-24T13:02:11","date_gmt":"2025-10-24T05:02:11","guid":{"rendered":"https:\/\/yebodaglass.com\/?post_type=product&#038;p=22669"},"modified":"2026-04-10T13:09:23","modified_gmt":"2026-04-10T05:09:23","slug":"nagykereskedelmi-tiszta-negyzet-alaku-lekvaros-uvegek-konzervalashoz","status":"publish","type":"product","link":"https:\/\/yebodaglass.com\/hu\/nagykereskedelmi-tiszta-negyzet-alaku-lekvaros-uvegek-konzervalashoz\/","title":{"rendered":"Nagykereskedelmi \u00e1tl\u00e1tsz\u00f3, n\u00e9gyzet alak\u00fa bef\u0151ttes\u00fcvegek konzerv\u00e1l\u00e1shoz 100 ml \u2013 500 ml"},"content":{"rendered":"<p>Ezek a sz\u00f6gletes bef\u0151ttes\u00fcvegek krist\u00e1lytiszta \u00fcvegb\u0151l k\u00e9sz\u00fcltek, sima, letisztult kialak\u00edt\u00e1s\u00faak, eleg\u00e1ns f\u00e9m fed\u00e9llel, arany vagy ez\u00fcst sz\u00ednben. Kiv\u00e1l\u00f3 z\u00e1r\u00f3d\u00e1suknak k\u00f6sz\u00f6nhet\u0151en kiv\u00e1l\u00f3an alkalmasak nagy t\u00e9telben t\u00f6rt\u00e9n\u0151 t\u00e1rol\u00e1sra, h\u00e1zi bef\u0151z\u00e9sre \u00e9s k\u00e9zzel k\u00e9sz\u00edtett term\u00e9kek csomagol\u00e1s\u00e1ra.<\/p>\n<h2>Term\u00e9kjellemz\u0151k<\/h2>\n<ul>\n<li><strong>Egyszer\u0171, lekerek\u00edtett sark\u00fa, n\u00e9gyzet alak\u00fa palackdiz\u00e1jn:<\/strong> A palack n\u00e9gyzet alak\u00fa, lekerek\u00edtett sarkokkal, amely lehet\u0151v\u00e9 teszi, hogy az emberek k\u00e9zbe vegy\u00e9k a palackot, \u00e9s konyhai t\u00e1rol\u00e1sra, valamint aj\u00e1nd\u00e9kcsomagol\u00e1sra haszn\u00e1lj\u00e1k.<\/li>\n<li><strong>K\u00e9t sz\u00edn\u0171 z\u00e1r\u00f3kupak kaphat\u00f3:<\/strong> A rendszer k\u00e9t f\u00e9mkupakot biztos\u00edt, amelyeket az \u00fcgyfelek a tart\u00e1lyaikra csavarozhatnak, hogy biztons\u00e1gosan lez\u00e1rj\u00e1k azokat, v\u00e9dve a nedvess\u00e9gt\u0151l \u00e9s a sziv\u00e1rg\u00e1st\u00f3l.<\/li>\n<li><strong>T\u00f6bbf\u00e9le kapacit\u00e1s el\u00e9rhet\u0151:<\/strong> K\u00fcl\u00f6nb\u00f6z\u0151 m\u00e9retv\u00e1laszt\u00e9kot k\u00edn\u00e1l, amelyeket az \u00fcgyfelek otthoni iv\u00e1si c\u00e9lokra, kereskedelmi palackoz\u00e1si ig\u00e9nyekre, valamint mintaeloszt\u00e1si \u00e9s aj\u00e1nd\u00e9kcsomagol\u00e1si k\u00f6vetelm\u00e9nyekre haszn\u00e1lhatnak.<\/li>\n<\/ul>\n<h2 style=\"text-align: left;\">F\u0151bb specifik\u00e1ci\u00f3k<\/h2>\n<table class=\"aligncenter\" style=\"border-collapse: collapse; width: 453.02pt;\" border=\"0\" width=\"604\" cellspacing=\"0\" cellpadding=\"0\">\n<tbody>\n<tr style=\"height: 13.50pt;\">\n<td style=\"height: 13.50pt; width: 90.00pt;\" width=\"120\" height=\"18\">Jellemz\u0151<\/td>\n<td style=\"width: 363.00pt;\" width=\"484\">Specifik\u00e1ci\u00f3<\/td>\n<\/tr>\n<tr style=\"height: 13.50pt;\">\n<td style=\"height: 13.50pt;\" height=\"18\">Kapacit\u00e1s<\/td>\n<td>100 ml, 200 ml, 280 ml, 380 ml, 500 ml<\/td>\n<\/tr>\n<tr style=\"height: 13.50pt;\">\n<td style=\"height: 13.50pt;\" height=\"18\">Alak<\/td>\n<td>N\u00e9gyzet<\/td>\n<\/tr>\n<tr style=\"height: 13.50pt;\">\n<td style=\"height: 13.50pt;\" height=\"18\">M\u00e9retek<\/td>\n<td>5,8 \u00d7 7,5 cm-t\u0151l 7,8 \u00d7 13,5 cm-ig<\/td>\n<\/tr>\n<tr style=\"height: 13.50pt;\">\n<td style=\"height: 13.50pt;\" height=\"18\">Anyag<\/td>\n<td>\u00c1tl\u00e1tsz\u00f3 \u00fcveg, ez\u00fcst\/arany PP fed\u00e9l<\/td>\n<\/tr>\n<tr style=\"height: 13.50pt;\">\n<td style=\"height: 13.50pt;\" height=\"18\">Fed\u00e9l opci\u00f3k<\/td>\n<td>Ez\u00fcst, arany (egyedi sz\u00ednekben is k\u00e9rhet\u0151)<\/td>\n<\/tr>\n<tr style=\"height: 13.50pt;\">\n<td style=\"height: 13.50pt;\" height=\"18\">Legjobb<\/td>\n<td>M\u00e9z, gy\u00fcm\u00f6lcslekv\u00e1rok, konzerv\u00e1l\u00e1s<\/td>\n<\/tr>\n<tr style=\"height: 13.50pt;\">\n<td style=\"height: 13.50pt;\" height=\"18\">Ide\u00e1lis haszn\u00e1lat<\/td>\n<td>N\u00e9gyzet alak\u00fa bef\u0151ttes\u00fcvegek, m\u00e9zes\u00fcvegek bef\u0151z\u00e9shez, m\u00e9ztart\u00f3k<\/td>\n<\/tr>\n<\/tbody>\n<\/table>\n<h2>Sikert\u00f6rt\u00e9net<\/h2>\n<p>K\u00f6zepes m\u00e9ret\u0171, bef\u0151z\u00e9shez alkalmas, n\u00e9gyzet alak\u00fa bef\u0151ttes\u00fcvegeinket \u00e9s dombornyomott bogy\u00f3s mint\u00e1j\u00fa ez\u00fcst fedeleinket egy washingtoni bio bogy\u00f3sgy\u00fcm\u00f6lcs-farm v\u00e1lasztotta. Az egyedi tervek eredm\u00e9nyei kiemelked\u0151ek voltak: a n\u00e9gyzet alak\u00fa bef\u0151ttes\u00fcvegek 20 sz\u00e1zal\u00e9kos hat\u00e9konys\u00e1gn\u00f6veked\u00e9st eredm\u00e9nyeztek a csomagol\u00f3sorukban, a kifinomult \u00e9s egyedi megjelen\u00e9s pedig szerz\u0151d\u00e9st hozott nekik egy orsz\u00e1gos szupermarketl\u00e1nc pr\u00e9mium term\u00e9kcsal\u00e1dj\u00e1val, ami 500 \u00fczletre val\u00f3 b\u0151v\u00edt\u00e9st jelent. Ennek alapj\u00e1n tov\u00e1bbi 200 000 bef\u0151ttes\u00fcveget rendeltek a ny\u00e1ri gy\u00fcm\u00f6lcssz\u00fcreti szezonra, valamint elind\u00edtott\u00e1k \u00faj, k\u00e9zzel k\u00e9sz\u00edtett bef\u0151ttes\u00fcveg-csal\u00e1djukat.<\/p>\n<h2>Bef\u0151ttes\u00fcvegek bef\u0151z\u00e9shez \u2013 testreszab\u00e1si aj\u00e1nl\u00e1sok<\/h2>\n<ul>\n<li>Egyedi matt c\u00edmkepanelek: A n\u00e9gyzet alak\u00fa \u00fcvegek egyik vagy mindk\u00e9t oldal\u00e1n egyenletes, matt t\u00e9glalapokat kell elhelyezni, hogy j\u00f3l tapadjanak a c\u00edmk\u00e9hez \u00e9s elker\u00fclj\u00e9k a foltokat.<\/li>\n<li>Dombornyomott fed\u00e9ldiz\u00e1jn: V\u00e1lasszon egyedi dombornyomott log\u00f3t, gazdas\u00e1gnevet vagy gy\u00fcm\u00f6lcs-\/z\u00f6lds\u00e9gdiz\u00e1jnt a f\u00e9mfed\u00e9l tetej\u00e9nek dombor\u00edt\u00e1s\u00e1hoz, hogy eleg\u00e1nsabb legyen.<\/li>\n<li>Fed\u00e9lb\u00e9l\u00e9s v\u00e1laszt\u00e1si lehet\u0151s\u00e9gek: K\u00fcl\u00f6nb\u00f6z\u0151 anyagokkal (pl. BPA-mentes plasztiszol, PVC-mentes) b\u00e9lelhet\u0151 fedelekkel rendelkezik, ahol sok savas vagy olajos \u00e9tel van.<\/li>\n<li>Cs\u00fasz\u00e1sg\u00e1tl\u00f3 text\u00fara: A jobb fog\u00e1s \u00e9rdek\u00e9ben a n\u00e9gyzet alak\u00fa \u00fcvegek oldal\u00e1ra vigyen fel enyh\u00e9n f\u00fcgg\u0151leges text\u00far\u00e1kat vagy matt fel\u00fcletet.<\/li>\n<\/ul>","protected":false},"excerpt":{"rendered":"<p>\u00c1tl\u00e1tsz\u00f3 \u00fcvegb\u0151l k\u00e9sz\u00fclt, n\u00e9gyzet alak\u00fa bef\u0151ttes\u00fcvegek ez\u00fcst vagy arany fed\u00e9llel. Ide\u00e1lis m\u00e9zhez, lekv\u00e1rokhoz vagy sz\u00f3szokhoz. K\u00f6zvetlen gy\u00e1ri \u00e9rt\u00e9kes\u00edt\u00e9s \u00e9s nagykereskedelmi kedvezm\u00e9nyek.<\/p>","protected":false},"featured_media":25726,"template":"","meta":[],"product_brand":[],"product_cat":[127,124,122],"product_tag":[],"class_list":{"0":"post-22669","1":"product","2":"type-product","3":"status-publish","4":"has-post-thumbnail","6":"product_cat-glass-honey-jars","7":"product_cat-custom-glass-jars","8":"product_cat-custom-glass-packaging","10":"first","11":"instock","12":"shipping-taxable","13":"product-type-simple"},"jetpack_sharing_enabled":true,"_links":{"self":[{"href":"https:\/\/yebodaglass.com\/hu\/wp-json\/wp\/v2\/product\/22669","targetHints":{"allow":["GET"]}}],"collection":[{"href":"https:\/\/yebodaglass.com\/hu\/wp-json\/wp\/v2\/product"}],"about":[{"href":"https:\/\/yebodaglass.com\/hu\/wp-json\/wp\/v2\/types\/product"}],"version-history":[{"count":5,"href":"https:\/\/yebodaglass.com\/hu\/wp-json\/wp\/v2\/product\/22669\/revisions"}],"predecessor-version":[{"id":25728,"href":"https:\/\/yebodaglass.com\/hu\/wp-json\/wp\/v2\/product\/22669\/revisions\/25728"}],"wp:featuredmedia":[{"embeddable":true,"href":"https:\/\/yebodaglass.com\/hu\/wp-json\/wp\/v2\/media\/25726"}],"wp:attachment":[{"href":"https:\/\/yebodaglass.com\/hu\/wp-json\/wp\/v2\/media?parent=22669"}],"wp:term":[{"taxonomy":"product_brand","embeddable":true,"href":"https:\/\/yebodaglass.com\/hu\/wp-json\/wp\/v2\/product_brand?post=22669"},{"taxonomy":"product_cat","embeddable":true,"href":"https:\/\/yebodaglass.com\/hu\/wp-json\/wp\/v2\/product_cat?post=22669"},{"taxonomy":"product_tag","embeddable":true,"href":"https:\/\/yebodaglass.com\/hu\/wp-json\/wp\/v2\/product_tag?post=22669"}],"curies":[{"name":"wp","href":"https:\/\/api.w.org\/{rel}","templated":true}]}}