{"id":22577,"date":"2025-10-22T13:09:13","date_gmt":"2025-10-22T05:09:13","guid":{"rendered":"https:\/\/yebodaglass.com\/?post_type=product&#038;p=22577"},"modified":"2025-11-04T11:54:26","modified_gmt":"2025-11-04T03:54:26","slug":"little-yogurt-bottles-banana-milk-glass-bottles-supplier","status":"publish","type":"product","link":"https:\/\/yebodaglass.com\/hu\/little-yogurt-bottles-banana-milk-glass-bottles-supplier\/","title":{"rendered":"100-200 ml-es Planet Little joghurtos \u00fcvegek \u2013 desszertes poh\u00e1r"},"content":{"rendered":"<p>F\u00e1radt vagy a tejel\u0151 kont\u00e9nerek, hogy n\u00e9z ki, egyszer\u0171, de kisziv\u00e1rgott? Mi a k\u00e9zm\u0171ves kis joghurtos palack csillagos g\u00f6mb med\u00e1l\u2014nincs t\u00f6bb unalmas csomagol\u00e1s. Ezek a ban\u00e1nos tej \u00fcveg darabokat viszont t\u00e1rol\u00f3 bele a joy. T\u00f6meges megrendel\u00e9sek, hogy egyedi \u00fcvegek, hogy megfeleljen a m\u00e1rka hangulat.<\/p>\n<h2>Term\u00e9kjellemz\u0151k<\/h2>\n<p><strong>Tervez\u00e9si Jellemz\u0151k<\/strong><\/p>\n<p>A kerek, bolyg\u00f3-mint a design a t\u00e1rgyat ad egy m\u00e1sik, h\u00e1rom-dimenzi\u00f3s n\u00e9zd, \u00edgy kett\u0151s, mint egy nagyszer\u0171 desszert kont\u00e9ner, valamint egy dekorat\u00edv, meg a kijelz\u0151 elemet.<\/p>\n<p><strong>Anyag Min\u0151s\u00e9g<\/strong><\/p>\n<p>\u00c9p\u00edtett j\u00f3l \u00e1tl\u00e1that\u00f3 \u00e9lelmiszer-min\u0151s\u00e9g\u0171 \u00fcveg, szabad a vezet\u00e9st, szagtalan, szemben ellen\u00e1ll\u00f3 mind a h\u0151, illetve hideg, \u00edgy biztons\u00e1gban van a h\u0171t\u0151ben, retorting, valamint t\u00f6bb mos\u00e1s, de lehet haszn\u00e1lni.<\/p>\n<p><strong>Funkcion\u00e1lis Teljes\u00edtm\u00e9ny<\/strong><\/p>\n<p>Megnyit\u00f3 a sz\u00e9les sz\u00e1j kialak\u00edt\u00e1s megk\u00f6nny\u00edti, hogy t\u00f6ltse ki, illetve szolg\u00e1lja, biztos\u00edtsa a sz\u0171k pecs\u00e9tet, ha a k\u00fcl\u00f6nb\u00f6z\u0151 fed\u00e9l t\u00edpus (alum\u00ednium f\u00f3lia vagy m\u0171anyag), akkor haszn\u00e1lja \u0151ket, hogy megakad\u00e1lyozza a sziv\u00e1rg\u00e1st, majd tov\u00e1bb a term\u00e9k friss, \u00edgy ez egy t\u00f6k\u00e9letes eszk\u00f6z, mind a hazai, valamint egy \u00fczlet.<\/p>\n<h2>F\u0151bb specifik\u00e1ci\u00f3k<\/h2>\n<table style=\"border-collapse: collapse; width: 80%; margin-left: auto; margin-right: auto;\" border=\"0\" width=\"288\" cellspacing=\"0\" cellpadding=\"0\">\n<tbody>\n<tr style=\"height: 13.50pt;\">\n<td style=\"height: 13.5pt; width: 54pt; text-align: center;\" width=\"72\" height=\"18\">Modell<\/td>\n<td style=\"width: 54pt; text-align: center;\" width=\"72\">Kapacit\u00e1s (ml)<\/td>\n<td style=\"width: 54pt; text-align: center;\" width=\"72\">M\u00e9ret (cm)<\/td>\n<td style=\"width: 54pt; text-align: center;\" width=\"72\">Alak<\/td>\n<\/tr>\n<tr style=\"height: 13.50pt;\">\n<td style=\"height: 13.5pt; text-align: center;\" align=\"right\" height=\"18\">64010045<\/td>\n<td style=\"text-align: center;\" align=\"right\">100<\/td>\n<td style=\"text-align: center;\">6.9&#215;6.2<\/td>\n<td class=\"et2\" style=\"text-align: center;\" rowspan=\"2\">G\u00f6mb Kupa<\/td>\n<\/tr>\n<tr style=\"height: 13.50pt;\">\n<td style=\"height: 13.5pt; text-align: center;\" align=\"right\" height=\"18\">64020046<\/td>\n<td style=\"text-align: center;\" align=\"right\">200<\/td>\n<td style=\"text-align: center;\">7.9&#215;7.3<\/td>\n<\/tr>\n<\/tbody>\n<\/table>\n<h2>Sikeres eset<\/h2>\n<p>Kaptunk egy megrendel\u00e9st egy boutique joghurt gy\u00e1ri D\u00e9l-Kore\u00e1ban, hogy k\u00e9sz\u00edtsen egy bolyg\u00f3 alak\u00fa \u00fcveg pudingot a desszert term\u00e9kcsal\u00e1d friss\u00edt\u00e9si. A k\u00fcl\u00f6nlegesen \u00edvelt als\u00f3 design volt k\u00e9pes vonzani a fogyaszt\u00f3k figyelm\u00e9t a polcra, azonnal, \u00edgy a m\u00e1rka a joghurtot, majd a hab egy j\u00e1t\u00e9kos, luxus, valamint k\u00e9zm\u0171ves st\u00edlus\u00e1hoz.<\/p>\n<p>S\u0151t, a m\u00e1rka megv\u00e1ltozott a design egy ez\u00fcst alum\u00ednium fedelet egy sziv\u00e1rg\u00e1smentes t\u00f6m\u00edt\u00e9st d\u00edsz\u00edtett, egy vir\u00e1gmint\u00e1s, hogy megfeleljen a &#034;term\u00e9szetes friss&#034; m\u00e1rka t\u00e9ma. A meg\u00fajult csomagol\u00e1s nem csak emelte a term\u00e9k n\u00e9zd, hanem a t\u00e1rol\u00e1st a sz\u00fcl\u00e9s alatt.<\/p>\n<p>A term\u00e9k tapasztalt 45% - os n\u00f6veked\u00e9s a kiskereskedelmi \u00e9rt\u00e9kes\u00edt\u00e9s, illetve b\u0151v\u00fclt, t\u00f6bb el\u0151kel\u0151 k\u00e1v\u00e9z\u00f3k, desszert \u00fczletek ut\u00e1n h\u00e1rom h\u00f3nappal az indul\u00e1s.<\/p>\n<h2>Testreszab\u00e1si k\u00e9zik\u00f6nyved<\/h2>\n<ol>\n<li><strong>Szem\u00e9lyre szabott Sapk\u00e1k, s a T\u00f6m\u00edt\u00e9sek:<\/strong>Van egy csom\u00f3 lehet\u0151s\u00e9g, hogy v\u00e1lasszon egy sapk\u00e1t, pl. F\u00e9m, m\u0171anyag, vagy lez\u00e1rhat\u00f3 a caps k\u00fcl\u00f6nb\u00f6z\u0151 sz\u00ednek (mint ez\u00fcst, arany, feh\u00e9r). S\u0151t, egy m\u00e1rka, log\u00f3 vagy egy minta lehet nyomtatni, hogy a term\u00e9k nem csak hasznos, hanem vonzza a vev\u0151ket, vizu\u00e1lis felismer\u00e9s.<\/li>\n<li><strong>Testreszabott Fel\u00fcletet:<\/strong>Mi lehet el\u00e9rni egy vagy t\u00f6bb ilyen feladatok: cukorm\u00e1z, meleg sajtol\u00e1s, fest\u00e9ksz\u00f3r\u00f3, vagy matrica hozz\u00e1 a m\u00e1rka \u00fczenetet, vagy a text\u00fara az \u00fcveget, a csomagol\u00e1s, ami trendier, m\u00e9g vonz\u00f3bb.<\/li>\n<\/ol>","protected":false},"excerpt":{"rendered":"<p>Egy\u00e9ni bolyg\u00f3 alak\u00fa kis joghurtos palack t\u00f6k\u00e9letes banane tej, desszert \u00f6ntettel. Tart\u00f3s, \u00fajrafelhaszn\u00e1lhat\u00f3 \u00e9s ide\u00e1lis \u00e9lelmiszer, csomagol\u00e1s, m\u00e1rka.<\/p>","protected":false},"featured_media":22595,"template":"","meta":[],"product_brand":[],"product_cat":[124,122,130],"product_tag":[],"class_list":{"0":"post-22577","1":"product","2":"type-product","3":"status-publish","4":"has-post-thumbnail","6":"product_cat-custom-glass-jars","7":"product_cat-custom-glass-packaging","8":"product_cat-glass-yogurt-jars","10":"first","11":"instock","12":"shipping-taxable","13":"product-type-simple"},"jetpack_sharing_enabled":true,"_links":{"self":[{"href":"https:\/\/yebodaglass.com\/hu\/wp-json\/wp\/v2\/product\/22577","targetHints":{"allow":["GET"]}}],"collection":[{"href":"https:\/\/yebodaglass.com\/hu\/wp-json\/wp\/v2\/product"}],"about":[{"href":"https:\/\/yebodaglass.com\/hu\/wp-json\/wp\/v2\/types\/product"}],"version-history":[{"count":5,"href":"https:\/\/yebodaglass.com\/hu\/wp-json\/wp\/v2\/product\/22577\/revisions"}],"predecessor-version":[{"id":22613,"href":"https:\/\/yebodaglass.com\/hu\/wp-json\/wp\/v2\/product\/22577\/revisions\/22613"}],"wp:featuredmedia":[{"embeddable":true,"href":"https:\/\/yebodaglass.com\/hu\/wp-json\/wp\/v2\/media\/22595"}],"wp:attachment":[{"href":"https:\/\/yebodaglass.com\/hu\/wp-json\/wp\/v2\/media?parent=22577"}],"wp:term":[{"taxonomy":"product_brand","embeddable":true,"href":"https:\/\/yebodaglass.com\/hu\/wp-json\/wp\/v2\/product_brand?post=22577"},{"taxonomy":"product_cat","embeddable":true,"href":"https:\/\/yebodaglass.com\/hu\/wp-json\/wp\/v2\/product_cat?post=22577"},{"taxonomy":"product_tag","embeddable":true,"href":"https:\/\/yebodaglass.com\/hu\/wp-json\/wp\/v2\/product_tag?post=22577"}],"curies":[{"name":"wp","href":"https:\/\/api.w.org\/{rel}","templated":true}]}}