{"id":22567,"date":"2025-10-22T10:39:21","date_gmt":"2025-10-22T02:39:21","guid":{"rendered":"https:\/\/yebodaglass.com\/?post_type=product&#038;p=22567"},"modified":"2025-11-04T11:54:40","modified_gmt":"2025-11-04T03:54:40","slug":"round-glass-yogurt-milk-bottle-small-dessert-jars-bulk","status":"publish","type":"product","link":"https:\/\/yebodaglass.com\/hu\/round-glass-yogurt-milk-bottle-small-dessert-jars-bulk\/","title":{"rendered":"100-300ml kerek \u00fcveg joghurtos tejespalack \u2013 kis desszertes \u00fcvegek, \u00f6mlesztett"},"content":{"rendered":"<article class=\"text-token-text-primary w-full focus:outline-none [--shadow-height:45px] has-data-writing-block:pointer-events-none has-data-writing-block:-mt-(--shadow-height) has-data-writing-block:pt-(--shadow-height) [&amp;:has([data-writing-block])&gt;*]:pointer-events-auto [content-visibility:auto] supports-[content-visibility:auto]:[contain-intrinsic-size:auto_100lvh] scroll-mt-[calc(var(--header-height)+min(200px,max(70px,20svh)))]\" dir=\"auto\" tabindex=\"-1\" data-turn-id=\"request-68f5dfe9-a6a4-8332-b080-aa3dc157db0d-1\" data-testid=\"conversation-turn-42\" data-scroll-anchor=\"true\" data-turn=\"assistant\">Elege van az unalmasnak t\u0171n\u0151 vagy ereszt\u0151 tejesdobozokb\u00f3l? Kerek b\u00e1jjal megalkotjuk a joghurtos tejespalackok var\u00e1zs\u00e1t \u2013 nincs t\u00f6bb ki\u00f6ml\u00f6tt \u00e9tel. Ezek az \u00fcvegb\u0151l k\u00e9sz\u00fclt kis tejespalackok az egyszer\u0171 t\u00e1rol\u00e1st m\u00e1rka\u00f6r\u00f6mmel var\u00e1zsolj\u00e1k. Nagyobb megrendel\u00e9sek eset\u00e9n egyedi \u00fcvegpalackokat kap, amelyek illeszkednek az elk\u00e9pzel\u00e9seihez.<\/p>\n<h2>Term\u00e9kjellemz\u0151k<\/h2>\n<p><strong>Kerek med\u00e1l<\/strong><\/p>\n<p>A l\u00e1gy vonalak nagyszer\u0171ek a k\u00e9zben \u2013 az \u00fcvegb\u0151l k\u00e9sz\u00fclt kis tejespalackok minden kortyot \u00f6r\u00f6mteliv\u00e9 tesznek.<\/p>\n<p><strong>T\u00e1gra ny\u00edlt sz\u00f3rakoz\u00e1s<\/strong><\/p>\n<p>K\u00f6nny\u0171 t\u00f6lt\u00e9s \u00e9s kimer\u00e9s \u2013 a joghurtos tejes\u00fcveg kialak\u00edt\u00e1s\u00e1nak k\u00f6sz\u00f6nhet\u0151en nincs t\u00f6bb ki\u00f6ml\u00e9s.<\/p>\n<p><strong>Krist\u00e1lytisztas\u00e1g<\/strong><\/p>\n<p>A nagy \u00e1tl\u00e1tsz\u00f3s\u00e1g\u00fa \u00fcveg minden tejterm\u00e9k \u00f6rv\u00e9nyl\u00e9s\u00e9t mutatja \u2013 a v\u00e1s\u00e1rl\u00f3k azonnal megb\u00edznak az \u00fcvegb\u0151l k\u00e9sz\u00fclt kis tejespalackokban.<\/p>\n<h2>F\u0151bb specifik\u00e1ci\u00f3k<\/h2>\n<table style=\"border-collapse: collapse; width: 80%; margin-right: auto; margin-left: auto;\" border=\"0\" width=\"288\" cellspacing=\"0\" cellpadding=\"0\">\n<tbody>\n<tr style=\"height: 13.50pt;\">\n<td style=\"height: 13.5pt; width: 54pt; text-align: center;\" width=\"72\" height=\"18\">Modell<\/td>\n<td style=\"width: 54pt; text-align: center;\" width=\"72\">Kapacit\u00e1s (ml)<\/td>\n<td style=\"width: 54pt; text-align: center;\" width=\"72\">M\u00e9ret (cm)<\/td>\n<td style=\"width: 54pt; text-align: center;\" width=\"72\">Alak<\/td>\n<\/tr>\n<tr style=\"height: 13.50pt;\">\n<td style=\"height: 13.5pt; text-align: center;\" align=\"right\" height=\"18\">64010042<\/td>\n<td style=\"text-align: center;\" align=\"right\">100<\/td>\n<td style=\"text-align: center;\">6.4&#215;6.5<\/td>\n<td class=\"et2\" style=\"text-align: center;\" rowspan=\"3\">Kerek dudor<\/td>\n<\/tr>\n<tr style=\"height: 13.50pt;\">\n<td style=\"height: 13.5pt; text-align: center;\" align=\"right\" height=\"18\">64020043<\/td>\n<td style=\"text-align: center;\" align=\"right\">200<\/td>\n<td style=\"text-align: center;\">7.3&#215;7.2<\/td>\n<\/tr>\n<tr style=\"height: 13.50pt;\">\n<td style=\"height: 13.5pt; text-align: center;\" align=\"right\" height=\"18\">64030044<\/td>\n<td style=\"text-align: center;\" align=\"right\">300<\/td>\n<td style=\"text-align: center;\">8.3&#215;8.6<\/td>\n<\/tr>\n<\/tbody>\n<\/table>\n<h2>Sikeres eset<\/h2>\n<p>Egy pudingk\u00e9sz\u00edt\u0151 m\u0171hely keresett meg minket, hogy kifejezetten a pudingjaikhoz k\u00e9sz\u00edts\u00fcnk egy sz\u00e9les has\u00fa \u00fcveg joghurtos palackot. Minden 200 ml-es palack sz\u00e9les sz\u00e1jjal rendelkezik, ami megk\u00f6nny\u00edti a palackoz\u00e1st \u00e9s a kimer\u00e9st, a lekerek\u00edtett forma pedig k\u00e9zzel k\u00e9sz\u00edtett megjelen\u00e9st k\u00f6lcs\u00f6n\u00f6z az \u00fcvegnek, ami t\u00f6k\u00e9letesen illik a pr\u00e9mium desszert koncepci\u00f3hoz.<\/p>\n<p>A lez\u00e1rt alum\u00ednium kupak mellett a palackhoz kan\u00e1l alak\u00fa tet\u0151 is tartozik a frissess\u00e9g \u00e9s a k\u00e9nyelem \u00e9rdek\u00e9ben. A tiszta \u00fcvegb\u0151l k\u00e9sz\u00fclt palack t\u00f6k\u00e9letes pudingbemutat\u00f3.<\/p>\n<p>Az \u00faj csomagol\u00e1s bevezet\u00e9se ut\u00e1n mind\u00f6ssze 2 h\u00f3nappal 85%-kal cs\u00f6kkent a lez\u00e1r\u00e1si probl\u00e9m\u00e1kkal kapcsolatos panaszok sz\u00e1ma, a forgalmaz\u00f3kt\u00f3l sz\u00e1rmaz\u00f3 nagykereskedelmi rendel\u00e9si mennyis\u00e9g pedig 60%-kal n\u0151tt.<\/p>\n<h2>Testreszab\u00e1si k\u00e9zik\u00f6nyved<\/h2>\n<ol>\n<li><strong>Testreszabott fed\u00e9l- \u00e9s c\u00edmkemegold\u00e1sok:<\/strong>V\u00e1laszthat f\u00e9m csavaros kupakok, fa fedelek vagy m\u0171anyag pattint\u00f3s kupakok k\u00f6z\u00fcl, majd a vizu\u00e1lisan vonz\u00f3 m\u00e1rkafelismer\u00e9s \u00e9rdek\u00e9ben dombornyom\u00e1ssal, szitanyom\u00e1ssal vagy c\u00edmk\u00e9z\u00e9ssel r\u00e1teheti log\u00f3j\u00e1t.<\/li>\n<li><strong>Sz\u00edn\u00e1rnyalat \u00e9s anyag testreszab\u00e1sa:<\/strong>A poharat szem\u00e9lyre szabhatja \u00e1tl\u00e1tsz\u00f3, borosty\u00e1nsz\u00edn\u0171 vagy matt sz\u00ednben, hogy passzoljon a term\u00e9k st\u00edlus\u00e1hoz, vagy v\u00e1laszthat sz\u00edn\u00e1tmenetes \u00e1rnyalatot, hogy a r\u00e9teges pudingok \u00e9s joghurtok vizu\u00e1lisan vonz\u00f3ak \u00e9s szemet gy\u00f6ny\u00f6rk\u00f6dtet\u0151ek legyenek a polcokon.<\/li>\n<\/ol>\n<\/article>","protected":false},"excerpt":{"rendered":"<p>Kerek \u00fcveg joghurtos tejespalack \u00e9s kis \u00fcveg tejespalackok, ide\u00e1lisak joghurthoz, pudinghoz vagy lekv\u00e1rhoz. \u00dajrafelhaszn\u00e1lhat\u00f3, tart\u00f3s \u00e9s testreszabhat\u00f3 desszertcsomagol\u00e1shoz.<\/p>","protected":false},"featured_media":22571,"template":"","meta":[],"product_brand":[],"product_cat":[124,122,130],"product_tag":[],"class_list":{"0":"post-22567","1":"product","2":"type-product","3":"status-publish","4":"has-post-thumbnail","6":"product_cat-custom-glass-jars","7":"product_cat-custom-glass-packaging","8":"product_cat-glass-yogurt-jars","10":"first","11":"instock","12":"shipping-taxable","13":"product-type-simple"},"jetpack_sharing_enabled":true,"_links":{"self":[{"href":"https:\/\/yebodaglass.com\/hu\/wp-json\/wp\/v2\/product\/22567","targetHints":{"allow":["GET"]}}],"collection":[{"href":"https:\/\/yebodaglass.com\/hu\/wp-json\/wp\/v2\/product"}],"about":[{"href":"https:\/\/yebodaglass.com\/hu\/wp-json\/wp\/v2\/types\/product"}],"version-history":[{"count":5,"href":"https:\/\/yebodaglass.com\/hu\/wp-json\/wp\/v2\/product\/22567\/revisions"}],"predecessor-version":[{"id":22610,"href":"https:\/\/yebodaglass.com\/hu\/wp-json\/wp\/v2\/product\/22567\/revisions\/22610"}],"wp:featuredmedia":[{"embeddable":true,"href":"https:\/\/yebodaglass.com\/hu\/wp-json\/wp\/v2\/media\/22571"}],"wp:attachment":[{"href":"https:\/\/yebodaglass.com\/hu\/wp-json\/wp\/v2\/media?parent=22567"}],"wp:term":[{"taxonomy":"product_brand","embeddable":true,"href":"https:\/\/yebodaglass.com\/hu\/wp-json\/wp\/v2\/product_brand?post=22567"},{"taxonomy":"product_cat","embeddable":true,"href":"https:\/\/yebodaglass.com\/hu\/wp-json\/wp\/v2\/product_cat?post=22567"},{"taxonomy":"product_tag","embeddable":true,"href":"https:\/\/yebodaglass.com\/hu\/wp-json\/wp\/v2\/product_tag?post=22567"}],"curies":[{"name":"wp","href":"https:\/\/api.w.org\/{rel}","templated":true}]}}