{"id":22553,"date":"2025-10-21T17:17:58","date_gmt":"2025-10-21T09:17:58","guid":{"rendered":"https:\/\/yebodaglass.com\/?post_type=product&#038;p=22553"},"modified":"2025-11-04T11:54:58","modified_gmt":"2025-11-04T03:54:58","slug":"custom-glass-milk-bottles-bulk-pudding-container","status":"publish","type":"product","link":"https:\/\/yebodaglass.com\/hu\/custom-glass-milk-bottles-bulk-pudding-container\/","title":{"rendered":"N\u00e9gyzet alak\u00fa, egyedi \u00fcveg tejespalackok, \u00f6mlesztett \u2013 100-350 ml-es \u00fajrafelhaszn\u00e1lhat\u00f3 puding- \u00e9s italt\u00e1rol\u00f3"},"content":{"rendered":"<p>Elege van a h\u00e1tt\u00e9rbe olvad\u00f3 tejesdobozokb\u00f3l? Egyedi \u00fcveg tejespalackokat k\u00e9sz\u00edt\u00fcnk sz\u00f6gletes kialak\u00edt\u00e1ssal \u2013 nincs t\u00f6bb\u00e9 unalmas csomagol\u00e1s. Ezek a nagy t\u00e9telben kaphat\u00f3 \u00fcveg tejespalackok az egyszer\u0171 t\u00e1rol\u00e1st m\u00e1rkavar\u00e1zslatt\u00e1 var\u00e1zsolj\u00e1k. Nagy t\u00e9telben t\u00f6rt\u00e9n\u0151 rendel\u00e9s eset\u00e9n az \u00d6n elk\u00e9pzel\u00e9seinek megfelel\u0151, egyedi \u00fcvegpalackokat kap.<\/p>\n<h2>Term\u00e9kjellemz\u0151k<\/h2>\n<p><strong>Tervez\u00e9si Jellemz\u0151k<\/strong><\/p>\n<p>A sz\u00f6gletes \u00e9s f\u00fcgg\u0151leges form\u00e1j\u00fa palack egyszer\u0171 geometriai elemekkel, d\u00edsz\u00edt\u00e9s n\u00e9lk\u00fcl, harmonikus sziluettel rendelkezik, \u00edgy divatos \u00e9s szemet gy\u00f6ny\u00f6rk\u00f6dtet\u0151 vizu\u00e1lis term\u00e9ket alkot. A korona alak\u00fa elemmel ell\u00e1tott z\u00e1r k\u00e9nyelmes z\u00e1r\u00e1st tesz lehet\u0151v\u00e9, \u00edgy kereskedelmi \u00e9s otthoni k\u00f6rnyezetben egyar\u00e1nt haszn\u00e1lhat\u00f3.<\/p>\n<p><strong>Anyag Min\u0151s\u00e9g<\/strong><\/p>\n<p>\u00d3lommentes, nagy \u00e1tl\u00e1tsz\u00f3s\u00e1g\u00fa, \u00e9lelmiszeripari min\u0151s\u00e9g\u0171 \u00fcvegb\u0151l k\u00e9sz\u00fclt. Nincs szaga, \u00e9s nagyon j\u00f3l ellen\u00e1ll az alacsony \u00e9s magas h\u0151m\u00e9rs\u00e9kletnek, \u00edgy kiv\u00e1l\u00f3 megold\u00e1s italok vagy desszertek friss \u00e9s \u00edzletes t\u00e1rol\u00e1s\u00e1ra.<\/p>\n<p><strong>Funkcion\u00e1lis Teljes\u00edtm\u00e9ny<\/strong><\/p>\n<p>Ez a vastag \u00e9s sziv\u00e1rg\u00e1smentes palack t\u00f6bbf\u00e9le felhaszn\u00e1l\u00e1sra k\u00e9sz\u00fclt, \u00edgy nagyszer\u0171 megold\u00e1s a frissess\u00e9g meg\u0151rz\u00e9s\u00e9re. N\u00e9gyzet alak\u00fa kialak\u00edt\u00e1s\u00e1nak k\u00f6sz\u00f6nhet\u0151en a palackot a polcra helyezhetj\u00fck, \u00e9s a r\u00e9tegeket egym\u00e1sra helyezhetj\u00fck, ami nagyobb stabilit\u00e1st biztos\u00edt sz\u00e1ll\u00edt\u00e1s k\u00f6zben.<\/p>\n<p><strong>Testreszab\u00e1si lehet\u0151s\u00e9gek<\/strong><\/p>\n<p>A kapacit\u00e1s megv\u00e1ltoztat\u00e1s\u00e1val, log\u00f3 elhelyez\u00e9s\u00e9vel, a palack c\u00edmk\u00e9z\u00e9s\u00e9vel \u00e9s a kupak kiv\u00e1laszt\u00e1s\u00e1val (alum\u00ednium, m\u0171anyag vagy biztons\u00e1gi z\u00e1r) k\u00f6nnyen l\u00e9trehozhat\u00f3 egy olyan m\u00e1rkaim\u00e1zs, amely elt\u00e9r a t\u00f6bbit\u0151l.<\/p>\n<h2>F\u0151bb specifik\u00e1ci\u00f3k<\/h2>\n<table style=\"border-collapse: collapse; width: 80%; margin-left: auto; margin-right: auto;\" border=\"0\" width=\"288\" cellspacing=\"0\" cellpadding=\"0\">\n<tbody>\n<tr style=\"height: 13.50pt;\">\n<td style=\"height: 13.5pt; width: 54pt; text-align: center;\" width=\"72\" height=\"18\">Modell<\/td>\n<td style=\"width: 54pt; text-align: center;\" width=\"72\">Kapacit\u00e1s (ml)<\/td>\n<td style=\"width: 54pt; text-align: center;\" width=\"72\">M\u00e9ret (cm)<\/td>\n<td style=\"width: 54pt; text-align: center;\" width=\"72\">Alak<\/td>\n<\/tr>\n<tr style=\"height: 13.50pt;\">\n<td style=\"height: 13.5pt; text-align: center;\" align=\"right\" height=\"18\">64010040<\/td>\n<td style=\"text-align: center;\" align=\"right\">100<\/td>\n<td style=\"text-align: center;\">5.0\u00d75.0x9.6<\/td>\n<td class=\"et2\" style=\"text-align: center;\" rowspan=\"2\">N\u00e9gyzet<\/td>\n<\/tr>\n<tr style=\"height: 13.50pt;\">\n<td style=\"height: 13.5pt; text-align: center;\" align=\"right\" height=\"18\">64035041<\/td>\n<td style=\"text-align: center;\" align=\"right\">350<\/td>\n<td style=\"text-align: center;\">6.0\u00d76.0x16.1<\/td>\n<\/tr>\n<\/tbody>\n<\/table>\n<h2>Sikert\u00f6rt\u00e9net<\/h2>\n<p>Az arculat felfriss\u00edt\u00e9se \u00e9rdek\u00e9ben egy tejterm\u00e9km\u00e1rka csomagol\u00e1sv\u00e1lt\u00e1sba kezdett, \u00e9s egy\u00fcttm\u0171k\u00f6d\u00f6tt vel\u00fcnk egy egyedi, n\u00e9gyzet alak\u00fa \u00fcveg tejespalack elk\u00e9sz\u00edt\u00e9s\u00e9ben. Amellett, hogy a n\u00e9gyzet alak\u00fa \u00fcveg divatos \u00e9s szemet gy\u00f6ny\u00f6rk\u00f6dtet\u0151 megjelen\u00e9st k\u00f6lcs\u00f6n\u00f6z, ez ut\u00f3bbi seg\u00edt maximaliz\u00e1lni a t\u00e1rol\u00e1si \u00e9s polcfel\u00fcletet mind a kiskereskedelmi h\u0171t\u0151l\u00e1d\u00e1kban, mind a sz\u00e1ll\u00edt\u00f3dobozokban. A tej a lehet\u0151 legjobb min\u0151s\u00e9g\u0171nek t\u0171nik a nagyon nagy \u00e1tl\u00e1tsz\u00f3s\u00e1g\u00fa \u00fcvegnek k\u00f6sz\u00f6nhet\u0151en.<\/p>\n<p>A tej\u00fczem a csomagol\u00e1sv\u00e1lt\u00e1s ut\u00e1n az els\u0151 h\u00f3napban a tejki\u00f6ml\u00e9si panaszok 75%-os cs\u00f6kken\u00e9s\u00e9r\u0151l \u00e9s a nagy t\u00e9telben t\u00f6rt\u00e9n\u0151 megrendel\u00e9sek 65%-os n\u00f6veked\u00e9s\u00e9r\u0151l sz\u00e1molt be.<\/p>\n<h2>Testreszab\u00e1si k\u00e9zik\u00f6nyved<\/h2>\n<ol>\n<li><strong>Testreszabott kupak \u00e9s t\u00f6m\u00edt\u00e9s konfigur\u00e1ci\u00f3:<\/strong>Sz\u00e1mos kupakanyag \u00e9s st\u00edlus k\u00f6z\u00fcl v\u00e1laszthatunk, p\u00e9ld\u00e1ul f\u00e9m, m\u0171anyag vagy lop\u00e1sg\u00e1tl\u00f3 kupakok. A m\u00e1rka log\u00f3j\u00e1val vagy mint\u00e1j\u00e1val nyomtatott kupak a m\u00e1rka ismer\u0151s elem\u00e9v\u00e9 v\u00e1lhat, \u00e9s egyben emeli az \u00f6sszmin\u0151s\u00e9get is.<\/li>\n<li><strong>Egyedi megjelen\u00e9s \u00e9s m\u00e1rkaidentit\u00e1s:<\/strong>A palackokra szitanyom\u00e1ssal, matt\u00edt\u00e1ssal, c\u00edmk\u00e9z\u00e9ssel vagy melegnyom\u00e1ssal is feliratozhatunk. \u00c1tl\u00e1tsz\u00f3, matt vagy sz\u00ednezett \u00fcveget is gy\u00e1rtunk, hogy pontosan illeszkedjen a m\u00e1rk\u00e1d st\u00edlus\u00e1hoz \u00e9s piaci pozicion\u00e1l\u00e1s\u00e1hoz.<\/li>\n<\/ol>","protected":false},"excerpt":{"rendered":"<p>Square custom glass milk bottles &amp; glass milk bottle bulk, ideal for pudding, milk, or juice packaging. Durable, reusable, and customizable for premium brands.<\/p>","protected":false},"featured_media":22557,"template":"","meta":[],"product_brand":[],"product_cat":[123,122,131],"product_tag":[],"class_list":{"0":"post-22553","1":"product","2":"type-product","3":"status-publish","4":"has-post-thumbnail","6":"product_cat-custom-glass-bottles","7":"product_cat-custom-glass-packaging","8":"product_cat-glass-milk-bottles","10":"first","11":"instock","12":"shipping-taxable","13":"product-type-simple"},"jetpack_sharing_enabled":true,"_links":{"self":[{"href":"https:\/\/yebodaglass.com\/hu\/wp-json\/wp\/v2\/product\/22553","targetHints":{"allow":["GET"]}}],"collection":[{"href":"https:\/\/yebodaglass.com\/hu\/wp-json\/wp\/v2\/product"}],"about":[{"href":"https:\/\/yebodaglass.com\/hu\/wp-json\/wp\/v2\/types\/product"}],"version-history":[{"count":4,"href":"https:\/\/yebodaglass.com\/hu\/wp-json\/wp\/v2\/product\/22553\/revisions"}],"predecessor-version":[{"id":22561,"href":"https:\/\/yebodaglass.com\/hu\/wp-json\/wp\/v2\/product\/22553\/revisions\/22561"}],"wp:featuredmedia":[{"embeddable":true,"href":"https:\/\/yebodaglass.com\/hu\/wp-json\/wp\/v2\/media\/22557"}],"wp:attachment":[{"href":"https:\/\/yebodaglass.com\/hu\/wp-json\/wp\/v2\/media?parent=22553"}],"wp:term":[{"taxonomy":"product_brand","embeddable":true,"href":"https:\/\/yebodaglass.com\/hu\/wp-json\/wp\/v2\/product_brand?post=22553"},{"taxonomy":"product_cat","embeddable":true,"href":"https:\/\/yebodaglass.com\/hu\/wp-json\/wp\/v2\/product_cat?post=22553"},{"taxonomy":"product_tag","embeddable":true,"href":"https:\/\/yebodaglass.com\/hu\/wp-json\/wp\/v2\/product_tag?post=22553"}],"curies":[{"name":"wp","href":"https:\/\/api.w.org\/{rel}","templated":true}]}}