{"id":22542,"date":"2025-10-21T15:24:16","date_gmt":"2025-10-21T07:24:16","guid":{"rendered":"https:\/\/yebodaglass.com\/?post_type=product&#038;p=22542"},"modified":"2026-03-17T18:29:50","modified_gmt":"2026-03-17T10:29:50","slug":"clear-glass-yogurt-jars-with-lids-bulk","status":"publish","type":"product","link":"https:\/\/yebodaglass.com\/hu\/clear-glass-yogurt-jars-with-lids-bulk\/","title":{"rendered":"100ml 200ml Clear Glass Yogurt Jars with Lids Bulk"},"content":{"rendered":"<p>These glass yogurt jars have a classic pudding bottle shape, made of crystal-clear glass and have a smooth transparent, airtight cap, which makes these glass yogurt jars better suited to serve in a cafe, make home-cooked desserts, or package in bulk.<\/p>\n<h2>Term\u00e9k kiemelt jellemz\u0151i<\/h2>\n<ul>\n<li><strong>Classic Design Pudding Bottle:<\/strong> Curved body lines and broad rim replicate the appearance of an old milk bottle, which is easy to hold and pleasing to view.<\/li>\n<li><strong>Nagy tisztas\u00e1g\u00fa \u00fcveg anyaga:<\/strong> These jars are made of food grade high-clarity glass and thus have great transparency to be able to clearly display the color and texture of the beverage or food in the jar.<\/li>\n<li><strong>Wide Rimmed Design of Neck:<\/strong> It will have a wide rim of the neck that will make the neck have a secure seal with the cap and also easy to fill, clean and dispense.<\/li>\n<\/ul>\n<h2>F\u0151bb specifik\u00e1ci\u00f3k<\/h2>\n<table style=\"border-collapse: collapse; width: 80%; margin-left: auto; margin-right: auto;\" border=\"0\" width=\"80%\" cellspacing=\"0\" cellpadding=\"0\">\n<tbody>\n<tr style=\"height: 13.50pt;\">\n<td style=\"height: 13.50pt; width: 109.50pt;\" width=\"146\" height=\"18\"><strong>Term\u00e9kt\u00edpus<\/strong><\/td>\n<td style=\"width: 549.00pt;\" width=\"732\"><strong>V\u00e9kony, magas \u00fcveg tejes\u00fcveg \/ \u00fcveg joghurtos \u00fcvegek<\/strong><\/td>\n<\/tr>\n<tr style=\"height: 13.50pt;\">\n<td style=\"height: 13.50pt;\" height=\"18\">M\u00e9retek<\/td>\n<td>100 ml: 45 \u00d7 95 mm; 200 ml: 60 \u00d7 128 mm<\/td>\n<\/tr>\n<tr style=\"height: 13.50pt;\">\n<td style=\"height: 13.50pt;\" height=\"18\">\u00dcveg sz\u00edne<\/td>\n<td>\u00c1tl\u00e1tsz\u00f3 \u00fcveg, egyedi sz\u00ednekben is el\u00e9rhet\u0151<\/td>\n<\/tr>\n<tr style=\"height: 13.50pt;\">\n<td style=\"height: 13.50pt;\" height=\"18\">Anyag<\/td>\n<td>\u00d3lommentes sz\u00f3da\u00fcveg csomagol\u00e1s<\/td>\n<\/tr>\n<tr style=\"height: 13.50pt;\">\n<td style=\"height: 13.50pt;\" height=\"18\">Alak<\/td>\n<td>V\u00e9kony, magas, kerek \u00fcveg<\/td>\n<\/tr>\n<tr style=\"height: 13.50pt;\">\n<td style=\"height: 13.50pt;\" height=\"18\">T\u00f6m\u00edt\u00e9si m\u00f3dszer<\/td>\n<td>Krimpel\u0151 fed\u00e9l<\/td>\n<\/tr>\n<tr style=\"height: 13.50pt;\">\n<td style=\"height: 13.50pt;\" height=\"18\">Sapka opci\u00f3k<\/td>\n<td>M\u0171anyag pr\u00e9skupak, parafa fed\u00e9l vagy egyedi palackkupakok<\/td>\n<\/tr>\n<tr style=\"height: 13.50pt;\">\n<td style=\"height: 13.50pt;\" height=\"18\">Tipikus felhaszn\u00e1l\u00e1si m\u00f3dok<\/td>\n<td>Tej, joghurtos \u00fcvegek, csokol\u00e1d\u00e9tejes \u00fcveg, gy\u00fcm\u00f6lcsl\u00e9, italtart\u00f3, mini vir\u00e1gv\u00e1za<\/td>\n<\/tr>\n<tr style=\"height: 13.50pt;\">\n<td style=\"height: 13.50pt;\" height=\"18\">Ell\u00e1t\u00e1si m\u00f3d<\/td>\n<td>Nagykereskedelmi, t\u00f6meges, k\u00f6zvetlen gy\u00e1ri gy\u00e1rt\u00f3 \u00e9s besz\u00e1ll\u00edt\u00f3<\/td>\n<\/tr>\n<\/tbody>\n<\/table>\n<h2>\u00dcgyf\u00e9l sikert\u00f6rt\u00e9net<\/h2>\n<p>A dairy beverage brand in Germany partnered with our factory to source glass milk bottles with lids wholesale for its premium yogurt drink line.\u00a0The client initially ordered 50,000 units of the 200 ml glass yogurt jars for chocolate milk glass bottle and drinkable yogurt packaging. To distinguish the product in shelves we gave personalized bottle caps that had the brand logo and milk glass finish that was light in color. With the new glass packaging on the market, the brand alleges that retail sales had gone up by 27 per cent in the first quarter solely because of the perceived freshness and eco-friendly image of the reusable glass bottle. It is also one of our long term partners since the customer now makes bulk wholesale orders every quarter averaging 120,000 bottles.<\/p>\n<h2>Szem\u00e9lyre szab\u00e1si aj\u00e1nl\u00e1s B2B \u00fcgyfeleknek<\/h2>\n<ol>\n<li><strong>Egyedi sapka \u00e9s m\u00e1rkajelz\u00e9s<\/strong>Dombornyomott log\u00f3k, nyomtatott palackkupakok vagy sz\u00ednes fedelek haszn\u00e1lhat\u00f3k joghurtitalok vagy \u00edzes\u00edtett tejek egyedi tejterm\u00e9k-csomagol\u00e1s\u00e1nak el\u0151\u00e1ll\u00edt\u00e1s\u00e1ra.<\/li>\n<li><strong>Sz\u00ednes \u00fcveg vagy bevonat<\/strong>Tov\u00e1bbi sz\u00ednezett \u00fcveg tejespalack is v\u00e1laszthat\u00f3 (borosty\u00e1n, matt vagy m\u00e1rkasz\u00ednek) a kiv\u00e1l\u00f3 min\u0151s\u00e9g\u0171 italcsomagol\u00e1s el\u0151\u00e1ll\u00edt\u00e1s\u00e1hoz \u00e9s az \u00e9rz\u00e9keny tejterm\u00e9kek tart\u00f3s\u00edt\u00e1s\u00e1hoz.<\/li>\n<li><strong>T\u00f6bbc\u00e9l\u00fa csomagol\u00e1stervez\u00e9s<\/strong>A legt\u00f6bb m\u00e1rka kett\u0151s felhaszn\u00e1l\u00e1s\u00fa form\u00e1ban k\u00e9sz\u00edti ezeket a joghurtos \u00fcvegeket, ahol a csomagol\u00e1st desszertes ed\u00e9nyk\u00e9nt, f\u0171szeres \u00fcvegk\u00e9nt vagy mini vir\u00e1gv\u00e1zak\u00e9nt haszn\u00e1lj\u00e1k a m\u00e1rka ismerts\u00e9g\u00e9nek n\u00f6vel\u00e9se \u00e9rdek\u00e9ben.<\/li>\n<\/ol>","protected":false},"excerpt":{"rendered":"<p>Premium glass yogurt jars made from high-clarity glass with secure lids. Durable glass milk bottles with lids wholesale for yogurt, milk, pudding. Free samples.<\/p>","protected":false},"featured_media":25491,"template":"","meta":[],"product_brand":[],"product_cat":[130,124,122],"product_tag":[],"class_list":{"0":"post-22542","1":"product","2":"type-product","3":"status-publish","4":"has-post-thumbnail","6":"product_cat-glass-yogurt-jars","7":"product_cat-custom-glass-jars","8":"product_cat-custom-glass-packaging","10":"first","11":"instock","12":"shipping-taxable","13":"product-type-simple"},"jetpack_sharing_enabled":true,"_links":{"self":[{"href":"https:\/\/yebodaglass.com\/hu\/wp-json\/wp\/v2\/product\/22542","targetHints":{"allow":["GET"]}}],"collection":[{"href":"https:\/\/yebodaglass.com\/hu\/wp-json\/wp\/v2\/product"}],"about":[{"href":"https:\/\/yebodaglass.com\/hu\/wp-json\/wp\/v2\/types\/product"}],"version-history":[{"count":5,"href":"https:\/\/yebodaglass.com\/hu\/wp-json\/wp\/v2\/product\/22542\/revisions"}],"predecessor-version":[{"id":25473,"href":"https:\/\/yebodaglass.com\/hu\/wp-json\/wp\/v2\/product\/22542\/revisions\/25473"}],"wp:featuredmedia":[{"embeddable":true,"href":"https:\/\/yebodaglass.com\/hu\/wp-json\/wp\/v2\/media\/25491"}],"wp:attachment":[{"href":"https:\/\/yebodaglass.com\/hu\/wp-json\/wp\/v2\/media?parent=22542"}],"wp:term":[{"taxonomy":"product_brand","embeddable":true,"href":"https:\/\/yebodaglass.com\/hu\/wp-json\/wp\/v2\/product_brand?post=22542"},{"taxonomy":"product_cat","embeddable":true,"href":"https:\/\/yebodaglass.com\/hu\/wp-json\/wp\/v2\/product_cat?post=22542"},{"taxonomy":"product_tag","embeddable":true,"href":"https:\/\/yebodaglass.com\/hu\/wp-json\/wp\/v2\/product_tag?post=22542"}],"curies":[{"name":"wp","href":"https:\/\/api.w.org\/{rel}","templated":true}]}}