{"id":22539,"date":"2025-10-21T11:23:10","date_gmt":"2025-10-21T03:23:10","guid":{"rendered":"https:\/\/yebodaglass.com\/?post_type=product&#038;p=22539"},"modified":"2026-04-14T10:09:05","modified_gmt":"2026-04-14T02:09:05","slug":"nagykereskedelmi-atlatszo-hatszogletu-lekvaros-uvegek-280ml-380ml-500ml-730ml-730ml","status":"publish","type":"product","link":"https:\/\/yebodaglass.com\/hu\/nagykereskedelmi-atlatszo-hatszogletu-lekvaros-uvegek-280ml-380ml-500ml-730ml-730ml\/","title":{"rendered":"Nagykereskedelmi \u00e1tl\u00e1tsz\u00f3 hatsz\u00f6glet\u0171 bef\u0151ttes\u00fcvegek 280ml 380ml 500ml 730ml"},"content":{"rendered":"<p>Ezek a hatsz\u00f6glet\u0171 bef\u0151ttes\u00fcvegek a teljes hatsz\u00f6glet\u0171 form\u00e1jukban mutatj\u00e1k be a diz\u00e1jnjukat, amely \u00e1tl\u00e1tsz\u00f3 \u00fcveg anyaggal \u00e9s fekete f\u00e9m csavaros kupakkal kombin\u00e1lva biztos\u00edtja a sziv\u00e1rg\u00e1s elleni v\u00e9delmet.<\/p>\n<h2>Term\u00e9kjellemz\u0151k<\/h2>\n<ul>\n<li><strong>Biztons\u00e1gos fekete f\u00e9mkupak:<\/strong> A fekete f\u00e9m csavaros kupak nagyfok\u00fa megb\u00edzhat\u00f3s\u00e1got \u00e9s integrit\u00e1st biztos\u00edt, valamint divatos, letisztult megjelen\u00e9st k\u00f6lcs\u00f6n\u00f6z.<\/li>\n<li><strong>Hat\u00e9kony hatsz\u00f6glet\u0171 kialak\u00edt\u00e1s:<\/strong> A hatsz\u00f6glet\u0171 kialak\u00edt\u00e1snak k\u00f6sz\u00f6nhet\u0151en egym\u00e1shoz k\u00f6zel is rakhat\u00f3, ami helyet takar\u00edt meg, \u00e9s er\u0151s, g\u00f6rd\u00fcl\u00e9sg\u00e1tl\u00f3 keretet k\u00e9pez.<\/li>\n<li><strong>K\u00fcl\u00f6nb\u00f6z\u0151 m\u00e9retek kaphat\u00f3k:<\/strong> K\u00fcl\u00f6nb\u00f6z\u0151 m\u00e9ret\u0171 kont\u00e9nerek k\u00edn\u00e1lat\u00e1val mindenki kiv\u00e1laszthatja a sz\u00e1m\u00e1ra legmegfelel\u0151bbet, amely megfelel a t\u00e1rol\u00e1si ig\u00e9nyeinek.<\/li>\n<\/ul>\n<h2 style=\"text-align: left;\">F\u0151bb specifik\u00e1ci\u00f3k<\/h2>\n<table class=\"aligncenter\" style=\"border-collapse: collapse; width: 327.02pt;\" border=\"0\" width=\"436\" cellspacing=\"0\" cellpadding=\"0\">\n<tbody>\n<tr style=\"height: 13.50pt;\">\n<td style=\"height: 13.50pt; width: 90.00pt;\" width=\"120\" height=\"18\">Jellemz\u0151<\/td>\n<td style=\"width: 237.00pt;\" width=\"316\">Specifik\u00e1ci\u00f3<\/td>\n<\/tr>\n<tr style=\"height: 13.50pt;\">\n<td style=\"height: 13.50pt;\" height=\"18\">Kapacit\u00e1s<\/td>\n<td>280 ml, 380 ml, 500 ml, 730 ml<\/td>\n<\/tr>\n<tr style=\"height: 13.50pt;\">\n<td style=\"height: 13.50pt;\" height=\"18\">Alak<\/td>\n<td>Hatsz\u00f6glet\u0171<\/td>\n<\/tr>\n<tr style=\"height: 13.50pt;\">\n<td style=\"height: 13.50pt;\" height=\"18\">M\u00e9retek<\/td>\n<td>5,8 \u00d7 10,0 cm-t\u0151l 7,5 \u00d7 12,2 cm-ig<\/td>\n<\/tr>\n<tr style=\"height: 13.50pt;\">\n<td style=\"height: 13.50pt;\" height=\"18\">Anyag<\/td>\n<td>\u00c1tl\u00e1tsz\u00f3 \u00fcveg, fekete PP csavaros fed\u00e9l<\/td>\n<\/tr>\n<tr style=\"height: 13.50pt;\">\n<td style=\"height: 13.50pt;\" height=\"18\">Fed\u00e9l opci\u00f3k<\/td>\n<td>Fekete (egyedi sz\u00ednekben is el\u00e9rhet\u0151)<\/td>\n<\/tr>\n<tr style=\"height: 13.50pt;\">\n<td style=\"height: 13.50pt;\" height=\"18\">Legjobb<\/td>\n<td>Nyers m\u00e9z, \u00e1ztatott kever\u00e9kek, aj\u00e1nd\u00e9kcsomagok<\/td>\n<\/tr>\n<tr style=\"height: 13.50pt;\">\n<td style=\"height: 13.50pt;\" height=\"18\">Ide\u00e1lis haszn\u00e1lat<\/td>\n<td>Hatsz\u00f6glet\u0171 bef\u0151ttes\u00fcvegek, m\u00e9ztart\u00f3k<\/td>\n<\/tr>\n<\/tbody>\n<\/table>\n<h2>Sikert\u00f6rt\u00e9net: Egy sk\u00f3t k\u00e9zm\u0171ves m\u00e9zm\u00e1rka pr\u00e9mium term\u00e9kcsal\u00e1dja<\/h2>\n<p>Hatsz\u00f6glet\u0171 bef\u0151ttes\u00fcvegeink lettek egy sk\u00f3t m\u00e9zk\u00e9sz\u00edt\u0151 k\u00e9zm\u0171ves kiv\u00e1lasztott term\u00e9kei, akik egyedi, szitanyomott, arany m\u00e9hsejt mint\u00e1zat\u00fa kupakot fejlesztettek ki. Az egyedi \u00fcvegdiz\u00e1jn kiemelte term\u00e9k\u00fcket a speci\u00e1lis \u00e9lelmiszerboltok polcain, 40%-kal n\u00f6velve az elad\u00e1sokat. A geometriai forma 30%-kal nagyobb nyomtathat\u00f3 c\u00edmkefel\u00fcletet biztos\u00edtott a kerek \u00fcvegekhez k\u00e9pest. A m\u00e1rka nagy sikert aratott, ami tov\u00e1bbi 280 000 bef\u0151ttes\u00fcveg megrendel\u00e9s\u00e9hez vezetett, amelyekre a k\u00f6zelg\u0151 m\u00e9hsejt aj\u00e1nd\u00e9k- \u00e9s \u00edzes\u00edtett szirup term\u00e9kcsal\u00e1d bevezet\u00e9s\u00e9hez volt sz\u00fcks\u00e9g.<\/p>\n<h2>M\u00e9zt\u00e1rol\u00f3k testreszab\u00e1si aj\u00e1nl\u00e1sa<\/h2>\n<ul>\n<li>Egyedi \u00fcvegmarat\u00e1s: L\u00e9zergrav\u00edrozott mint\u00e1k, log\u00f3k vagy region\u00e1lis jellemz\u0151k adhat\u00f3k az \u00fcveglaphoz, hogy egyedi \u00e9s min\u0151s\u00e9gi m\u00e1rkaidentit\u00e1st k\u00f6lcs\u00f6n\u00f6zzenek a v\u00e1llalatnak.<\/li>\n<li>Minden fed\u00e9l sz\u00ednben \u00e9s fel\u00fcletben: T\u00f6bbf\u00e9le fed\u00e9l sz\u00ednben \u00e9s fel\u00fcletben kaphat\u00f3 (arany, bronz, sz\u00e1lcsiszolt ac\u00e9l vagy feh\u00e9r).<\/li>\n<li>B\u0151r vagy k\u00f6t\u00e9l nyakl\u00e1nc: Az \u00fcveg rusztikus, k\u00e9zzel k\u00e9sz\u00edtett megjelen\u00e9st k\u00f6lcs\u00f6n\u00f6z egy b\u0151r- vagy k\u00f6t\u00e9lcs\u00edknak, amely extra nyakd\u00edszk\u00e9nt szolg\u00e1l az \u00fcveghez.<\/li>\n<\/ul>","protected":false},"excerpt":{"rendered":"<p>Tart\u00f3s, hatsz\u00f6glet\u0171 bef\u0151ttes\u00fcvegek \u00e1tl\u00e1tsz\u00f3 testtel \u00e9s l\u00e9gmentesen z\u00e1r\u00f3d\u00f3 fed\u00e9llel. Praktikus m\u00e9zt\u00e1rol\u00f3k kiskereskedelemhez, aj\u00e1nd\u00e9koz\u00e1shoz \u00e9s m\u00e9z nagy t\u00e9telben t\u00f6rt\u00e9n\u0151 t\u00e1rol\u00e1s\u00e1ra. Gyors sz\u00e1ll\u00edt\u00e1s.<\/p>","protected":false},"featured_media":22649,"template":"","meta":[],"product_brand":[],"product_cat":[127,124,122],"product_tag":[],"class_list":{"0":"post-22539","1":"product","2":"type-product","3":"status-publish","4":"has-post-thumbnail","6":"product_cat-glass-honey-jars","7":"product_cat-custom-glass-jars","8":"product_cat-custom-glass-packaging","10":"first","11":"instock","12":"shipping-taxable","13":"product-type-simple"},"jetpack_sharing_enabled":true,"_links":{"self":[{"href":"https:\/\/yebodaglass.com\/hu\/wp-json\/wp\/v2\/product\/22539","targetHints":{"allow":["GET"]}}],"collection":[{"href":"https:\/\/yebodaglass.com\/hu\/wp-json\/wp\/v2\/product"}],"about":[{"href":"https:\/\/yebodaglass.com\/hu\/wp-json\/wp\/v2\/types\/product"}],"version-history":[{"count":5,"href":"https:\/\/yebodaglass.com\/hu\/wp-json\/wp\/v2\/product\/22539\/revisions"}],"predecessor-version":[{"id":25772,"href":"https:\/\/yebodaglass.com\/hu\/wp-json\/wp\/v2\/product\/22539\/revisions\/25772"}],"wp:featuredmedia":[{"embeddable":true,"href":"https:\/\/yebodaglass.com\/hu\/wp-json\/wp\/v2\/media\/22649"}],"wp:attachment":[{"href":"https:\/\/yebodaglass.com\/hu\/wp-json\/wp\/v2\/media?parent=22539"}],"wp:term":[{"taxonomy":"product_brand","embeddable":true,"href":"https:\/\/yebodaglass.com\/hu\/wp-json\/wp\/v2\/product_brand?post=22539"},{"taxonomy":"product_cat","embeddable":true,"href":"https:\/\/yebodaglass.com\/hu\/wp-json\/wp\/v2\/product_cat?post=22539"},{"taxonomy":"product_tag","embeddable":true,"href":"https:\/\/yebodaglass.com\/hu\/wp-json\/wp\/v2\/product_tag?post=22539"}],"curies":[{"name":"wp","href":"https:\/\/api.w.org\/{rel}","templated":true}]}}