{"id":22531,"date":"2025-10-21T11:32:49","date_gmt":"2025-10-21T03:32:49","guid":{"rendered":"https:\/\/yebodaglass.com\/?post_type=product&#038;p=22531"},"modified":"2025-11-04T11:55:47","modified_gmt":"2025-11-04T03:55:47","slug":"custom-heart-glass-yogurt-bottles-for-romantic-dessert-bulk","status":"publish","type":"product","link":"https:\/\/yebodaglass.com\/hu\/custom-heart-glass-yogurt-bottles-for-romantic-dessert-bulk\/","title":{"rendered":"100ml 150ml 250ml dupla sz\u00edv alak\u00fa \u00fcveg joghurtos palackok desszerthez"},"content":{"rendered":"<div class=\"text-base my-auto mx-auto pb-10 [--thread-content-margin:--spacing(4)] thread-sm:[--thread-content-margin:--spacing(6)] thread-lg:[--thread-content-margin:--spacing(16)] px-(--thread-content-margin)\">\n<div class=\"[--thread-content-max-width:40rem] thread-lg:[--thread-content-max-width:48rem] mx-auto max-w-(--thread-content-max-width) flex-1 group\/turn-messages focus-visible:outline-hidden relative flex w-full min-w-0 flex-col agent-turn\" tabindex=\"-1\">\n<div class=\"flex max-w-full flex-col grow\">\n<div class=\"min-h-8 text-message relative flex w-full flex-col items-end gap-2 text-start break-words whitespace-normal [.text-message+&amp;]:mt-1\" dir=\"auto\" data-message-author-role=\"assistant\" data-message-id=\"8d18012a-fb48-4b95-868b-4e577d237289\" data-message-model-slug=\"gpt-5\">\n<div class=\"flex w-full flex-col gap-1 empty:hidden first:pt-[1px]\">\n<div class=\"markdown prose dark:prose-invert w-full break-words light markdown-new-styling\">\n<p>Elege van a h\u00e1tt\u00e9rbe olvad\u00f3 tejesdobozokb\u00f3l? Sz\u00edv alak\u00fa \u00fcveg joghurtos palackokat k\u00e9sz\u00edt\u00fcnk \u2013 nincs t\u00f6bb\u00e9 unalmas csomagol\u00e1s. Ezek az \u00fcveg joghurtos palackok az egyszer\u0171 t\u00e1rol\u00e1st romantikus t\u00f6rt\u00e9netmes\u00e9l\u00e9ss\u00e9 var\u00e1zsolj\u00e1k. Nagyobb megrendel\u00e9sek eset\u00e9n egyedi \u00fcveg joghurtos palackokat kap, amelyek illenek a m\u00e1rk\u00e1ja sz\u00edv\u00e9hez.<\/p>\n<h2>Term\u00e9kjellemz\u0151k<\/h2>\n<p><strong>Sz\u00edv alak\u00fa med\u00e1l<\/strong><\/p>\n<p>Dupla sz\u00edv alak\u00fa, dombornyomott diz\u00e1jn \u2013 az \u00fcveg joghurtos \u00fcvegek els\u0151 l\u00e1t\u00e1sra leny\u0171g\u00f6znek.<\/p>\n<p><strong>Biztons\u00e1gos pecs\u00e9t<\/strong><\/p>\n<p>Enyh\u00e9n kisz\u00e9lesed\u0151 nyak \u2013 meg\u0151rzi a frissess\u00e9get \u00e9s megakad\u00e1lyozza a sziv\u00e1rg\u00e1st sz\u00e1ll\u00edt\u00e1s k\u00f6zben.<\/p>\n<p><strong>Krist\u00e1lytiszta<\/strong><\/p>\n<p>A rendk\u00edv\u00fcl \u00e1tl\u00e1tsz\u00f3 \u00fcveg azonnal felfedi a min\u0151s\u00e9get \u2013 ezzel elnyerve az \u00fcgyfelek bizalm\u00e1t.<\/p>\n<p><strong>A szerelem testreszabott var\u00e1zsa<\/strong><\/p>\n<p>Nyomtassa ki log\u00f3j\u00e1t az \u00fcveg joghurtos palackokra \u2013 \u00edgy term\u00e9ke eml\u00e9kezetesebb\u00e9 v\u00e1lik.<\/p>\n<h2>F\u0151bb specifik\u00e1ci\u00f3k<\/h2>\n<table style=\"border-collapse: collapse; width: 80%; margin-left: auto; margin-right: auto;\" border=\"0\" width=\"288\" cellspacing=\"0\" cellpadding=\"0\">\n<tbody>\n<tr style=\"height: 13.50pt;\">\n<td style=\"height: 13.5pt; width: 54pt; text-align: center;\" width=\"72\" height=\"18\">Modell<\/td>\n<td style=\"width: 54pt; text-align: center;\" width=\"72\">Kapacit\u00e1s (ml)<\/td>\n<td style=\"width: 54pt; text-align: center;\" width=\"72\">M\u00e9ret (cm)<\/td>\n<td style=\"width: 54pt; text-align: center;\" width=\"72\">Minta<\/td>\n<\/tr>\n<tr style=\"height: 13.50pt;\">\n<td style=\"height: 13.5pt; text-align: center;\" align=\"right\" height=\"18\">64010035<\/td>\n<td style=\"text-align: center;\" align=\"right\">100<\/td>\n<td style=\"text-align: center;\">6.2&#215;6.7<\/td>\n<td class=\"et2\" style=\"text-align: center;\" rowspan=\"3\">Kett\u0151s sz\u00edv\u0171<\/td>\n<\/tr>\n<tr style=\"height: 13.50pt;\">\n<td style=\"height: 13.5pt; text-align: center;\" align=\"right\" height=\"18\">64015036<\/td>\n<td style=\"text-align: center;\" align=\"right\">150<\/td>\n<td style=\"text-align: center;\">6.3&#215;7.9<\/td>\n<\/tr>\n<tr style=\"height: 13.50pt;\">\n<td style=\"height: 13.5pt; text-align: center;\" align=\"right\" height=\"18\">64025037<\/td>\n<td style=\"text-align: center;\" align=\"right\">250<\/td>\n<td style=\"text-align: center;\">7.0&#215;9.6<\/td>\n<\/tr>\n<\/tbody>\n<\/table>\n<h2>Sikeres eset<\/h2>\n<p>Egy eur\u00f3pai joghurtm\u00e1rka keresett meg minket, hogy egyedi, 200 ml-es \u00fcveg joghurtos palackokat k\u00e9sz\u00edts\u00fcnk. Az egy sz\u00edv alak\u00fa, dombornyomott, f\u00f3liakupakkal lez\u00e1rt palackok nemcsak b\u00e1jos, k\u00e9zzel k\u00e9sz\u00edtett megjelen\u00e9st k\u00f6lcs\u00f6n\u00f6znek, hanem nagyon vonz\u00f3ak a h\u0171t\u0151szekr\u00e9nyek v\u00e1s\u00e1rl\u00f3i sz\u00e1m\u00e1ra is.<\/p>\n<p>A kupakok matt fel\u00fclet\u00e9t is az \u00edzekhez igaz\u00edtottuk \u2013 r\u00f3zsasz\u00edn az eperhez, vil\u00e1gosk\u00e9k az \u00e1fony\u00e1hoz, b\u00e9zs pedig a van\u00edli\u00e1hoz. A vastag \u00e9s \u00e9lelmiszeripari min\u0151s\u00e9g\u0171 \u00fcveg mellett a term\u00e9k frissess\u00e9g\u00e9ben is seg\u00edt, \u00e9s a palackok s\u00falyosabbak lesznek, \u00edgy a \u201egondosan kidolgozott\u201d m\u00e1rkaim\u00e1zs m\u00e9g er\u0151sebb\u00e9 v\u00e1lik.<\/p>\n<p>Teh\u00e1t a csomagol\u00e1s megv\u00e1ltoztat\u00e1sa ut\u00e1n a v\u00e1s\u00e1rl\u00f3i panaszok 60%-kal cs\u00f6kkentek, a nagy t\u00e9telben leadott megrendel\u00e9sek pedig 50%-kal n\u0151ttek.<\/p>\n<h2>Testreszab\u00e1si k\u00e9zik\u00f6nyved<\/h2>\n<ol>\n<li><strong>Szem\u00e9lyre szabott grav\u00edroz\u00e1s:<\/strong>Esk\u00fcv\u0151kre vagy aj\u00e1nd\u00e9kgy\u0171jt\u00e9sre egyedi neveket, d\u00e1tumokat vagy r\u00f6vid \u00fczeneteket adhatsz az \u00fcveghez.<\/li>\n<li><strong>Egyedi fed\u00e9l opci\u00f3k:<\/strong>V\u00e1lasszon parafa, bambusz vagy sz\u00ednes f\u00e9m fedelek k\u00f6z\u00fcl, hogy illeszkedjenek a k\u00fcl\u00f6nb\u00f6z\u0151 t\u00e9m\u00e1khoz vagy m\u00e1rkajelz\u00e9si st\u00edlusokhoz.<\/li>\n<\/ol>\n<\/div>\n<\/div>\n<\/div>\n<\/div>\n<\/div>\n<\/div>","protected":false},"excerpt":{"rendered":"<p>B\u00e1jos, dupla sz\u00edv alak\u00fa \u00fcveg joghurtos \u00fcvegek, ide\u00e1lisak desszertekhez, lekv\u00e1rokhoz vagy gyerty\u00e1khoz. Romantikus \u00fcveged\u00e9nyek, t\u00f6k\u00e9letesek aj\u00e1nd\u00e9kba vagy k\u00fcl\u00f6nleges alkalmakra.<\/p>","protected":false},"featured_media":22536,"template":"","meta":[],"product_brand":[],"product_cat":[124,122,130],"product_tag":[],"class_list":{"0":"post-22531","1":"product","2":"type-product","3":"status-publish","4":"has-post-thumbnail","6":"product_cat-custom-glass-jars","7":"product_cat-custom-glass-packaging","8":"product_cat-glass-yogurt-jars","10":"first","11":"instock","12":"shipping-taxable","13":"product-type-simple"},"jetpack_sharing_enabled":true,"_links":{"self":[{"href":"https:\/\/yebodaglass.com\/hu\/wp-json\/wp\/v2\/product\/22531","targetHints":{"allow":["GET"]}}],"collection":[{"href":"https:\/\/yebodaglass.com\/hu\/wp-json\/wp\/v2\/product"}],"about":[{"href":"https:\/\/yebodaglass.com\/hu\/wp-json\/wp\/v2\/types\/product"}],"version-history":[{"count":6,"href":"https:\/\/yebodaglass.com\/hu\/wp-json\/wp\/v2\/product\/22531\/revisions"}],"predecessor-version":[{"id":22563,"href":"https:\/\/yebodaglass.com\/hu\/wp-json\/wp\/v2\/product\/22531\/revisions\/22563"}],"wp:featuredmedia":[{"embeddable":true,"href":"https:\/\/yebodaglass.com\/hu\/wp-json\/wp\/v2\/media\/22536"}],"wp:attachment":[{"href":"https:\/\/yebodaglass.com\/hu\/wp-json\/wp\/v2\/media?parent=22531"}],"wp:term":[{"taxonomy":"product_brand","embeddable":true,"href":"https:\/\/yebodaglass.com\/hu\/wp-json\/wp\/v2\/product_brand?post=22531"},{"taxonomy":"product_cat","embeddable":true,"href":"https:\/\/yebodaglass.com\/hu\/wp-json\/wp\/v2\/product_cat?post=22531"},{"taxonomy":"product_tag","embeddable":true,"href":"https:\/\/yebodaglass.com\/hu\/wp-json\/wp\/v2\/product_tag?post=22531"}],"curies":[{"name":"wp","href":"https:\/\/api.w.org\/{rel}","templated":true}]}}