{"id":22511,"date":"2025-10-21T10:29:18","date_gmt":"2025-10-21T02:29:18","guid":{"rendered":"https:\/\/yebodaglass.com\/?post_type=product&#038;p=22511"},"modified":"2025-11-28T15:58:15","modified_gmt":"2025-11-28T07:58:15","slug":"mini-transparent-glass-yogurt-bottles-wholesale-dessert-container","status":"publish","type":"product","link":"https:\/\/yebodaglass.com\/hu\/mini-transparent-glass-yogurt-bottles-wholesale-dessert-container\/","title":{"rendered":"Mini \u00e1tl\u00e1tsz\u00f3 \u00fcveg joghurtos palackok nagykereskedelemben \u2013 desszertes doboz 100 \u2013 200 ml"},"content":{"rendered":"<div class=\"text-base my-auto mx-auto pb-10 [--thread-content-margin:--spacing(4)] thread-sm:[--thread-content-margin:--spacing(6)] thread-lg:[--thread-content-margin:--spacing(16)] px-(--thread-content-margin)\">\n<div class=\"[--thread-content-max-width:40rem] thread-lg:[--thread-content-max-width:48rem] mx-auto max-w-(--thread-content-max-width) flex-1 group\/turn-messages focus-visible:outline-hidden relative flex w-full min-w-0 flex-col agent-turn\" tabindex=\"-1\">\n<div class=\"flex max-w-full flex-col grow\">\n<div class=\"min-h-8 text-message relative flex w-full flex-col items-end gap-2 text-start break-words whitespace-normal [.text-message+&amp;]:mt-1\" dir=\"auto\" data-message-author-role=\"assistant\" data-message-id=\"26beda35-2f10-4dda-a7c4-c139e3bf47ff\" data-message-model-slug=\"gpt-5\">\n<div class=\"flex w-full flex-col gap-1 empty:hidden first:pt-[1px]\">\n<div class=\"markdown prose dark:prose-invert w-full break-words light markdown-new-styling\">\n<p>Elege van a ki\u00f6ml\u0151 vagy a frissess\u00e9get elrejt\u0151 tejesdobozokb\u00f3l? \u00dcveg tejespalackokat k\u00e9sz\u00edt\u00fcnk tet\u0151vel a puding\u00fcveg var\u00e1zslat\u00e1hoz \u2013 nincs t\u00f6bb\u00e9 maszatos kanalak. Ezek az \u00fcveg tejt\u00e1rol\u00f3 term\u00e9kek az \u00e9des csomagol\u00e1st bizalomm\u00e1 v\u00e1ltoztatj\u00e1k. Nagyobb megrendel\u00e9sek eset\u00e9n egyedi \u00fcvegpalackokat kap, amelyek illeszkednek a m\u00e1rk\u00e1d hangulat\u00e1hoz.<\/p>\n<h2>Term\u00e9kjellemz\u0151k<\/h2>\n<p><strong>St\u00edlusos fodros diz\u00e1jn<\/strong><\/p>\n<p>A f\u00fcgg\u0151leges bord\u00e1k tapinthat\u00f3v\u00e1 teszik a fel\u00fcletet, \u00e9s vizu\u00e1lisan vonz\u00f3bb\u00e1 teszik az \u00fcveget.<\/p>\n<p><strong>Massz\u00edv \u00fcvegalkatr\u00e9sz<\/strong><\/p>\n<p>Vastag \u00e9s kiv\u00e1l\u00f3 min\u0151s\u00e9g\u0171 \u00fcveget haszn\u00e1lnak, \u00edgy a term\u00e9k tart\u00f3s \u00e9s tart\u00f3s.<\/p>\n<p><strong>T\u00f6bbfunkci\u00f3s<\/strong><\/p>\n<p>Nagyszer\u0171 pudingokhoz, joghurtokhoz, fagylaltokhoz, vagy ak\u00e1r gyerty\u00e1k k\u00e9sz\u00edt\u00e9s\u00e9hez is.<\/p>\n<p><strong>\u00dajrafelhaszn\u00e1lhat\u00f3 \u00e9s k\u00f6rnyezetbar\u00e1t<\/strong><\/p>\n<p>A term\u00e9k t\u00f6k\u00e9letes a k\u00f6rnyezetbar\u00e1t \u00e9letm\u00f3dhoz, mivel k\u00f6nnyen higi\u00e9nikus \u00e1llapotban tarthat\u00f3.<\/p>\n<h2>F\u0151bb specifik\u00e1ci\u00f3k<\/h2>\n<table style=\"border-collapse: collapse; width: 80%; margin-left: auto; margin-right: auto;\" border=\"0\" width=\"288\" cellspacing=\"0\" cellpadding=\"0\">\n<tbody>\n<tr style=\"height: 13.50pt;\">\n<td style=\"height: 13.5pt; width: 54pt; text-align: center;\" width=\"72\" height=\"18\">Modell<\/td>\n<td style=\"width: 54pt; text-align: center;\" width=\"72\">Kapacit\u00e1s (ml)<\/td>\n<td style=\"width: 54pt; text-align: center;\" width=\"72\">M\u00e9ret (cm)<\/td>\n<td style=\"width: 54pt; text-align: center;\" width=\"72\">Minta<\/td>\n<\/tr>\n<tr style=\"height: 13.50pt;\">\n<td style=\"height: 13.5pt; text-align: center;\" align=\"right\" height=\"18\">64010031<\/td>\n<td style=\"text-align: center;\" align=\"right\">100<\/td>\n<td style=\"text-align: center;\">6.8&#215;6.7<\/td>\n<td class=\"et2\" style=\"text-align: center;\" rowspan=\"4\">F\u00fcgg\u0151leges<\/td>\n<\/tr>\n<tr style=\"height: 13.50pt;\">\n<td style=\"height: 13.5pt; text-align: center;\" align=\"right\" height=\"18\">64013032<\/td>\n<td style=\"text-align: center;\" align=\"right\">130<\/td>\n<td style=\"text-align: center;\">6.6&#215;7.4<\/td>\n<\/tr>\n<tr style=\"height: 13.50pt;\">\n<td style=\"height: 13.5pt; text-align: center;\" align=\"right\" height=\"18\">64015033<\/td>\n<td style=\"text-align: center;\" align=\"right\">150<\/td>\n<td style=\"text-align: center;\">6.4&#215;7.7<\/td>\n<\/tr>\n<tr style=\"height: 13.50pt;\">\n<td style=\"height: 13.5pt; text-align: center;\" align=\"right\" height=\"18\">64020034<\/td>\n<td style=\"text-align: center;\" align=\"right\">200<\/td>\n<td style=\"text-align: center;\">7.2&#215;7.5<\/td>\n<\/tr>\n<\/tbody>\n<\/table>\n<h2>Sikeres eset<\/h2>\n<p>Egy eur\u00f3pai desszertgy\u00e1r pr\u00e9mium csomagol\u00e1st keresett \u00faj panna cotta term\u00e9kcsal\u00e1dj\u00e1hoz. A v\u00e1lasztott term\u00e9keink a 130 ml-es, l\u00e9gmentesen z\u00e1r\u00f3d\u00f3 alum\u00ednium kupakkal ell\u00e1tott, egyedi \u00fcveg joghurtos palackjaink. Ez a diz\u00e1jn kiemeli a desszert sima \u00e1llag\u00e1t, mik\u00f6zben biztos\u00edtja a frissess\u00e9get a sz\u00e1ll\u00edt\u00e1s sor\u00e1n. A kifinomult, k\u00e9zzel k\u00e9sz\u00edtett megjelen\u00e9s \u00e9rdek\u00e9ben f\u00fcgg\u0151leges \u00fcvegbord\u00e1kat adtak az \u00fcveghez, a v\u00e1llon l\u00e9v\u0151 egyedi dombornyom\u00e1s pedig eleg\u00e1nsan kiemelte a m\u00e1rkalog\u00f3t.<\/p>\n<p>Az eredm\u00e9ny? A t\u00f6meges megrendel\u00e9sek 50%-kal n\u0151ttek, \u00e9s a panna cotta term\u00e9kcsal\u00e1d a bevezet\u00e9s ut\u00e1ni els\u0151 h\u00f3napban gyorsan bestsellerr\u00e9 v\u00e1lt.<\/p>\n<h2>Testreszab\u00e1si k\u00e9zik\u00f6nyved<\/h2>\n<ol>\n<li><strong>\u201eDesszertpaletta\u201d zenekarok: <\/strong>Ragassz pasztellsz\u00edn\u0171 cs\u00edkokat a pudingos \u00fcvegre (pl. \u201eMentaz\u00f6ld\u201d). Mondd a v\u00e1s\u00e1rl\u00f3knak: \u201eFriss desszert, friss \u00f6r\u00f6m.\u201d<\/li>\n<li><strong>Fed\u00e9l \u00e9s csomagol\u00e1si lehet\u0151s\u00e9gek: <\/strong>Szabja testre f\u00e9m, bambusz vagy parafa fedelekkel \u00e9s m\u00e1rk\u00e1s aj\u00e1nd\u00e9kcsomagol\u00e1ssal, hogy illeszkedjen a k\u00fcl\u00f6nb\u00f6z\u0151 piaci st\u00edlusokhoz.<\/li>\n<\/ol>\n<\/div>\n<\/div>\n<\/div>\n<\/div>\n<\/div>\n<\/div>","protected":false},"excerpt":{"rendered":"<p>Nagykereskedelmi \u00e1tl\u00e1tsz\u00f3 \u00fcveg joghurtos palackok, ide\u00e1lisak desszertekhez, joghurthoz vagy gyerty\u00e1khoz. Tart\u00f3s, \u00fajrafelhaszn\u00e1lhat\u00f3 \u00fcveged\u00e9nyek, amelyek t\u00f6k\u00e9letesek \u00fcvegcsomagol\u00e1shoz.<\/p>","protected":false},"featured_media":22518,"template":"","meta":[],"product_brand":[],"product_cat":[124,122,130],"product_tag":[],"class_list":{"0":"post-22511","1":"product","2":"type-product","3":"status-publish","4":"has-post-thumbnail","6":"product_cat-custom-glass-jars","7":"product_cat-custom-glass-packaging","8":"product_cat-glass-yogurt-jars","10":"first","11":"instock","12":"shipping-taxable","13":"product-type-simple"},"jetpack_sharing_enabled":true,"_links":{"self":[{"href":"https:\/\/yebodaglass.com\/hu\/wp-json\/wp\/v2\/product\/22511","targetHints":{"allow":["GET"]}}],"collection":[{"href":"https:\/\/yebodaglass.com\/hu\/wp-json\/wp\/v2\/product"}],"about":[{"href":"https:\/\/yebodaglass.com\/hu\/wp-json\/wp\/v2\/types\/product"}],"version-history":[{"count":5,"href":"https:\/\/yebodaglass.com\/hu\/wp-json\/wp\/v2\/product\/22511\/revisions"}],"predecessor-version":[{"id":24186,"href":"https:\/\/yebodaglass.com\/hu\/wp-json\/wp\/v2\/product\/22511\/revisions\/24186"}],"wp:featuredmedia":[{"embeddable":true,"href":"https:\/\/yebodaglass.com\/hu\/wp-json\/wp\/v2\/media\/22518"}],"wp:attachment":[{"href":"https:\/\/yebodaglass.com\/hu\/wp-json\/wp\/v2\/media?parent=22511"}],"wp:term":[{"taxonomy":"product_brand","embeddable":true,"href":"https:\/\/yebodaglass.com\/hu\/wp-json\/wp\/v2\/product_brand?post=22511"},{"taxonomy":"product_cat","embeddable":true,"href":"https:\/\/yebodaglass.com\/hu\/wp-json\/wp\/v2\/product_cat?post=22511"},{"taxonomy":"product_tag","embeddable":true,"href":"https:\/\/yebodaglass.com\/hu\/wp-json\/wp\/v2\/product_tag?post=22511"}],"curies":[{"name":"wp","href":"https:\/\/api.w.org\/{rel}","templated":true}]}}