{"id":22500,"date":"2025-10-20T17:37:27","date_gmt":"2025-10-20T09:37:27","guid":{"rendered":"https:\/\/yebodaglass.com\/?post_type=product&#038;p=22500"},"modified":"2025-11-28T15:58:10","modified_gmt":"2025-11-28T07:58:10","slug":"pudding-glass-bottles-with-plastic-lids-bulk-custom-cute-yogurt-jars","status":"publish","type":"product","link":"https:\/\/yebodaglass.com\/hu\/pudding-glass-bottles-with-plastic-lids-bulk-custom-cute-yogurt-jars\/","title":{"rendered":"Kerek pudingos \u00fcvegpalackok \u2013 100 \u2013 200 ml-es joghurtos \u00fcvegek m\u0171anyag fed\u00e9llel"},"content":{"rendered":"<p>Elege van a ki\u00f6ml\u0151 vagy a frissess\u00e9get elrejt\u0151 tejesdobozokb\u00f3l? \u00dcveg tejespalackokat k\u00e9sz\u00edt\u00fcnk tet\u0151vel a pudingos \u00fcvegek var\u00e1zslat\u00e1hoz \u2013 nincs t\u00f6bb\u00e9 maszatos kanalak. A pudingos \u00fcvegpalackok az \u00e9des csomagol\u00e1st bizalomm\u00e1 v\u00e1ltoztatj\u00e1k. Nagyobb megrendel\u00e9sek eset\u00e9n egyedi pudingos \u00fcvegpalackokat kap, amelyek illeszkednek a m\u00e1rk\u00e1d hangulat\u00e1hoz.<\/p>\n<h2>Term\u00e9kjellemz\u0151k<\/h2>\n<p><strong>Sz\u00e9les sz\u00e1j\u00fa csoda<\/strong><\/p>\n<p>K\u00f6nny\u0171 adagol\u00e1s desszertekhez \u2013 a pudingos \u00fcveged\u00e9ny megk\u00f6nny\u00edti a t\u00e1lal\u00e1st.<\/p>\n<p><strong>Krist\u00e1lytisztas\u00e1g<\/strong><\/p>\n<p>A nagy \u00e1tl\u00e1tsz\u00f3s\u00e1g\u00fa \u00fcveg azonnal mutatja a sz\u00ednt \u00e9s a text\u00far\u00e1t \u2013 a v\u00e1s\u00e1rl\u00f3k els\u0151 pillant\u00e1sra megb\u00edznak a kupakkal ell\u00e1tott \u00fcveg tejespalackban.<\/p>\n<p><strong>\u00c9des Egyedi Var\u00e1zslat<\/strong><\/p>\n<p>Tedd r\u00e1 a log\u00f3dat egy kupakkal ell\u00e1tott pudingos \u00fcvegre.<\/p>\n<h2>F\u0151bb specifik\u00e1ci\u00f3k<\/h2>\n<table style=\"border-collapse: collapse; width: 80%; margin-left: auto; margin-right: auto;\" border=\"0\" width=\"360\" cellspacing=\"0\" cellpadding=\"0\">\n<tbody>\n<tr style=\"height: 13.50pt;\">\n<td style=\"height: 13.5pt; width: 54pt; text-align: center;\" width=\"72\" height=\"18\">Modell<\/td>\n<td style=\"width: 54pt; text-align: center;\" width=\"72\">Kapacit\u00e1s (ml)<\/td>\n<td style=\"width: 54pt; text-align: center;\" width=\"72\">M\u00e9ret (cm)<\/td>\n<td style=\"width: 54pt; text-align: center;\" width=\"72\">Nyak t\u00edpusa<\/td>\n<td style=\"width: 54pt; text-align: center;\" width=\"72\">Alak<\/td>\n<\/tr>\n<tr style=\"height: 13.50pt;\">\n<td style=\"height: 13.5pt; text-align: center;\" align=\"right\" height=\"18\">64015026<\/td>\n<td style=\"text-align: center;\" align=\"right\">150<\/td>\n<td style=\"text-align: center;\">6.5&#215;7.0<\/td>\n<td class=\"et2\" style=\"text-align: center;\" rowspan=\"2\">Sz\u00e9les sz\u00e1j\u00fa<\/td>\n<td class=\"et2\" style=\"text-align: center;\" rowspan=\"5\">Kerek<\/td>\n<\/tr>\n<tr style=\"height: 13.50pt;\">\n<td style=\"height: 13.5pt; text-align: center;\" align=\"right\" height=\"18\">64020027<\/td>\n<td style=\"text-align: center;\" align=\"right\">200<\/td>\n<td style=\"text-align: center;\">7.1&#215;7.7<\/td>\n<\/tr>\n<tr style=\"height: 13.50pt;\">\n<td style=\"height: 13.5pt; text-align: center;\" align=\"right\" height=\"18\">64010028<\/td>\n<td style=\"text-align: center;\" align=\"right\">100<\/td>\n<td style=\"text-align: center;\">5.5&#215;7.5<\/td>\n<td class=\"et2\" style=\"text-align: center;\" rowspan=\"3\">Sz\u00f6ges nyak<\/td>\n<\/tr>\n<tr style=\"height: 13.50pt;\">\n<td style=\"height: 13.5pt; text-align: center;\" align=\"right\" height=\"18\">64015029<\/td>\n<td style=\"text-align: center;\" align=\"right\">150<\/td>\n<td style=\"text-align: center;\">6.5&#215;8.3<\/td>\n<\/tr>\n<tr style=\"height: 13.50pt;\">\n<td style=\"height: 13.5pt; text-align: center;\" align=\"right\" height=\"18\">64020030<\/td>\n<td style=\"text-align: center;\" align=\"right\">200<\/td>\n<td style=\"text-align: center;\">6.8&#215;8.5<\/td>\n<\/tr>\n<\/tbody>\n<\/table>\n<h2>Sikeres eset<\/h2>\n<p>Egy n\u00e9pszer\u0171 d\u00e9l-koreai k\u00e9zzel k\u00e9sz\u00edtett pudingokat \u00e1rus\u00edt\u00f3 \u00fczlet keresett meg minket, hogy st\u00edlusos \u00e9s funkcion\u00e1lis \u00fcvegcsomagol\u00e1si megold\u00e1st k\u00edn\u00e1ljunk. Az egyedi tervez\u00e9s\u0171 \u00fcveg tejespalack 150 ml-es, sz\u00e9les sz\u00e1jjal \u00e9s lez\u00e1rt kupakkal rendelkezik, hogy kiemelje a puding sima \u00e9s finom \u00e1llag\u00e1t. A sz\u00e9les sz\u00e1j a k\u00e9nyelmes kikapar\u00e1st seg\u00edti, m\u00edg a szilikonnal b\u00e9lelt csavaros kupak sziv\u00e1rg\u00e1smentes sz\u00e1ll\u00edt\u00e1st garant\u00e1l. A h\u00e1zi k\u00e9sz\u00edt\u00e9s\u0171, k\u00e9zzel k\u00e9sz\u00edtett im\u00e1zs hangs\u00falyoz\u00e1sa \u00e9rdek\u00e9ben a m\u00e1rka egyszer\u0171 kraftpap\u00edr c\u00edmk\u00e9t \u00e9s szalagos csomagol\u00e1st is haszn\u00e1lt.<\/p>\n<p>Mire a csomagol\u00e1st lecser\u00e9lt\u00e9k, a ki\u00f6ml\u00e9si panaszok sz\u00e1ma 80%-kal cs\u00f6kkent, a nagy t\u00e9telben t\u00f6rt\u00e9n\u0151 megrendel\u00e9sek pedig n\u00e9h\u00e1ny h\u00e9ten bel\u00fcl 50%-kal n\u0151ttek.<\/p>\n<h2>Testreszab\u00e1si k\u00e9zik\u00f6nyved<\/h2>\n<ol>\n<li><strong>\u201eDesszertpaletta\u201d zenekarok: <\/strong>Ragassz pasztellsz\u00edn\u0171 cs\u00edkokat a pudingos \u00fcvegre (pl. \u201eMentaz\u00f6ld\u201d). Mondd a v\u00e1s\u00e1rl\u00f3knak: \u201eFriss desszert, friss \u00f6r\u00f6m.\u201d<\/li>\n<li><strong>\u201eMini tej\u201d szettek: <\/strong>K\u00e9sz\u00edtsen \u201ePint &amp; Quart kiszerel\u00e9seket\u201d k\u00e9t 100 ml-es + egy 200 ml-es kiszerel\u00e9ssel \u2013 t\u00f6k\u00e9letes egy pintes \u00fcveg tejespalackhoz<\/li>\n<\/ol>","protected":false},"excerpt":{"rendered":"<p>Kerek, aranyos pudingos \u00fcvegpalackok m\u0171anyag kupakkal, t\u00f6k\u00e9letesek desszertekhez, joghurthoz \u00e9s pudinghoz. Tart\u00f3s, \u00e1tl\u00e1tsz\u00f3 \u00e9s ide\u00e1lis csomagol\u00e1shoz \u00e9s t\u00e1rol\u00e1shoz.<\/p>","protected":false},"featured_media":22503,"template":"","meta":[],"product_brand":[],"product_cat":[124,122,130],"product_tag":[],"class_list":{"0":"post-22500","1":"product","2":"type-product","3":"status-publish","4":"has-post-thumbnail","6":"product_cat-custom-glass-jars","7":"product_cat-custom-glass-packaging","8":"product_cat-glass-yogurt-jars","10":"first","11":"instock","12":"shipping-taxable","13":"product-type-simple"},"jetpack_sharing_enabled":true,"_links":{"self":[{"href":"https:\/\/yebodaglass.com\/hu\/wp-json\/wp\/v2\/product\/22500","targetHints":{"allow":["GET"]}}],"collection":[{"href":"https:\/\/yebodaglass.com\/hu\/wp-json\/wp\/v2\/product"}],"about":[{"href":"https:\/\/yebodaglass.com\/hu\/wp-json\/wp\/v2\/types\/product"}],"version-history":[{"count":6,"href":"https:\/\/yebodaglass.com\/hu\/wp-json\/wp\/v2\/product\/22500\/revisions"}],"predecessor-version":[{"id":24185,"href":"https:\/\/yebodaglass.com\/hu\/wp-json\/wp\/v2\/product\/22500\/revisions\/24185"}],"wp:featuredmedia":[{"embeddable":true,"href":"https:\/\/yebodaglass.com\/hu\/wp-json\/wp\/v2\/media\/22503"}],"wp:attachment":[{"href":"https:\/\/yebodaglass.com\/hu\/wp-json\/wp\/v2\/media?parent=22500"}],"wp:term":[{"taxonomy":"product_brand","embeddable":true,"href":"https:\/\/yebodaglass.com\/hu\/wp-json\/wp\/v2\/product_brand?post=22500"},{"taxonomy":"product_cat","embeddable":true,"href":"https:\/\/yebodaglass.com\/hu\/wp-json\/wp\/v2\/product_cat?post=22500"},{"taxonomy":"product_tag","embeddable":true,"href":"https:\/\/yebodaglass.com\/hu\/wp-json\/wp\/v2\/product_tag?post=22500"}],"curies":[{"name":"wp","href":"https:\/\/api.w.org\/{rel}","templated":true}]}}