{"id":22488,"date":"2025-10-20T17:04:07","date_gmt":"2025-10-20T09:04:07","guid":{"rendered":"https:\/\/yebodaglass.com\/?post_type=product&#038;p=22488"},"modified":"2025-11-04T11:56:48","modified_gmt":"2025-11-04T03:56:48","slug":"round-glass-pudding-bottles-bulk-custom-yogurt-jars","status":"publish","type":"product","link":"https:\/\/yebodaglass.com\/hu\/round-glass-pudding-bottles-bulk-custom-yogurt-jars\/","title":{"rendered":"Kerek \u00fcveg pudingpalack \u2013 50-200 ml-es joghurtos bef\u0151ttes\u00fcvegek f\u00e9m fed\u00e9llel"},"content":{"rendered":"<p>Elege van a ki\u00f6ml\u0151 vagy fak\u00f3 tejesdobozokb\u00f3l? \u00dcveg tejespalackokat k\u00e9sz\u00edt\u00fcnk fed\u00e9llel a t\u00f6k\u00e9letes pudingos palackokhoz \u2013 nincs t\u00f6bb\u00e9 \u00e1t\u00e1zott desszert. Ezek az \u00fcveg tejt\u00e1rol\u00f3 term\u00e9kek az \u00e9des csomagol\u00e1st bizalomm\u00e1 v\u00e1ltoztatj\u00e1k. Nagyobb megrendel\u00e9sek eset\u00e9n egyedi \u00fcvegpalackokat kap, amelyek illeszkednek a m\u00e1rk\u00e1d hangulat\u00e1hoz.<\/p>\n<h2>Term\u00e9kjellemz\u0151k<\/h2>\n<p><strong>Eleg\u00e1ns \u00e9s funkcion\u00e1lis diz\u00e1jn<\/strong><\/p>\n<p>A karcs\u00fa \u00fcveg sz\u00e9les sz\u00e1j\u00fa, menetes kialak\u00edt\u00e1sa praktikuss\u00e1 teszi a t\u00e1lal\u00e1st \u00e9s a t\u00f6lt\u00e9st, a desszert r\u00e9tegeinek \u00e9s sz\u00edneinek l\u00e1tv\u00e1nya pedig extra er\u0151fesz\u00edt\u00e9s n\u00e9lk\u00fcl kiemelkedik, megjelen\u00e9se egyszer\u0171 \u00e9s b\u00e1jos.<\/p>\n<p><strong>Pr\u00e9mium \u00e9lelmiszeripari min\u0151s\u00e9g\u0171 anyag<\/strong><\/p>\n<p>Nagy tisztas\u00e1g\u00fa \u00e9s \u00e1tl\u00e1tsz\u00f3s\u00e1g\u00fa, az \u00fcveg \u00e9lelmiszeripari min\u0151s\u00e9g\u0171, \u00f3lommentes, h\u0151\u00e1ll\u00f3 \u00e9s szagtalan term\u00e9k, \u00edgy mind h\u0171t\u00f6tt, mind p\u00e1rolt desszertekhez alkalmas.<\/p>\n<p><strong>Gyakorlati funkcionalit\u00e1s \u00e9s \u00fajrafelhaszn\u00e1lhat\u00f3s\u00e1g<\/strong><\/p>\n<p>A term\u00e9k sziv\u00e1rg\u00e1smentes \u00e9s frissen tartja a desszertet. A sz\u00e9les ny\u00edl\u00e1s megk\u00f6nny\u00edti a tart\u00e1ly tiszt\u00edt\u00e1s\u00e1t \u00e9s \u00fajrafelhaszn\u00e1l\u00e1s\u00e1t, \u00edgy egy csomag lehet otthoni vagy kereskedelmi desszert is.<\/p>\n<p><strong>Sokoldal\u00fa testreszab\u00e1si lehet\u0151s\u00e9gek<\/strong><\/p>\n<p>A m\u00e1rka- \u00e9s alkalmaz\u00e1si ig\u00e9nyek kiel\u00e9g\u00edthet\u0151k a kapacit\u00e1s, a log\u00f3nyomtat\u00e1s, a c\u00edmk\u00e9z\u00e9s \u00e9s a fed\u00e9l (f\u00e9m, m\u0171anyag vagy biztons\u00e1gi z\u00e1r) st\u00edlus\u00e1nak testreszab\u00e1s\u00e1val.<\/p>\n<h2>F\u0151bb specifik\u00e1ci\u00f3k<\/h2>\n<table style=\"border-collapse: collapse; width: 80%; margin-right: auto; margin-left: auto;\" border=\"0\" width=\"360\" cellspacing=\"0\" cellpadding=\"0\">\n<tbody>\n<tr style=\"height: 13.50pt;\">\n<td style=\"height: 13.5pt; width: 54pt; text-align: center;\" width=\"72\" height=\"18\">Modell<\/td>\n<td style=\"width: 54pt; text-align: center;\" width=\"72\">Kapacit\u00e1s (ml)<\/td>\n<td style=\"width: 54pt; text-align: center;\" width=\"72\">M\u00e9ret (cm)<\/td>\n<td style=\"width: 54pt; text-align: center;\" width=\"72\">Nyak t\u00edpusa<\/td>\n<td style=\"width: 54pt; text-align: center;\" width=\"72\">Alak<\/td>\n<\/tr>\n<tr style=\"height: 13.50pt;\">\n<td style=\"height: 13.5pt; text-align: center;\" align=\"right\" height=\"18\">64005021<\/td>\n<td style=\"text-align: center;\" align=\"right\">50<\/td>\n<td style=\"text-align: center;\">4.8&#215;5.8<\/td>\n<td class=\"et2\" style=\"text-align: center;\" rowspan=\"5\">Csavarmenetes<\/td>\n<td class=\"et2\" style=\"text-align: center;\" rowspan=\"5\">Kerek<\/td>\n<\/tr>\n<tr style=\"height: 13.50pt;\">\n<td style=\"height: 13.5pt; text-align: center;\" align=\"right\" height=\"18\">64007522<\/td>\n<td style=\"text-align: center;\" align=\"right\">75<\/td>\n<td style=\"text-align: center;\">5.1&#215;7.1<\/td>\n<\/tr>\n<tr style=\"height: 13.50pt;\">\n<td style=\"height: 13.5pt; text-align: center;\" align=\"right\" height=\"18\">64010023<\/td>\n<td style=\"text-align: center;\" align=\"right\">100<\/td>\n<td style=\"text-align: center;\">5.5&#215;7.3<\/td>\n<\/tr>\n<tr style=\"height: 13.50pt;\">\n<td style=\"height: 13.5pt; text-align: center;\" align=\"right\" height=\"18\">64015024<\/td>\n<td style=\"text-align: center;\" align=\"right\">150<\/td>\n<td style=\"text-align: center;\">6.5&#215;7.8<\/td>\n<\/tr>\n<tr style=\"height: 13.50pt;\">\n<td style=\"height: 13.5pt; text-align: center;\" align=\"right\" height=\"18\">64020025<\/td>\n<td style=\"text-align: center;\" align=\"right\">200<\/td>\n<td style=\"text-align: center;\">7.0&#215;9.0<\/td>\n<\/tr>\n<\/tbody>\n<\/table>\n<h2>Sikeres eset<\/h2>\n<p>Egy jap\u00e1n butik desszertm\u00e1rka keresett meg minket, hogy k\u00e9sz\u00edts\u00fcnk egy egyedi, 75 ml-es \u00fcveg pudingos bef\u0151ttes\u00fcveget. Az \u00fcveg krist\u00e1lytiszta \u00e9s \u00e9lelmiszeripari min\u0151s\u00e9g\u0171, \u00edgy ezek az \u00fcvegek ide\u00e1lis k\u00f6zegek a puding b\u00e1rsonyos text\u00far\u00e1j\u00e1nak \u00e9s gy\u00f6ny\u00f6r\u0171 term\u00e9szetes sz\u00edn\u00e9nek bemutat\u00e1s\u00e1ra. Az \u00fcvegek kifinomult, lekerek\u00edtett form\u00e1j\u00faak \u00e9s neh\u00e9z talp\u00faak, ami pr\u00e9mium, massz\u00edv megjelen\u00e9st k\u00f6lcs\u00f6n\u00f6z nekik. Arany alum\u00ednium fed\u00e9l \u00e9s l\u00e9gmentesen z\u00e1r\u00f3d\u00f3 szilikonz\u00e1r biztos\u00edtja a z\u00e1r\u00e1st \u00e9s a sziv\u00e1rg\u00e1s megakad\u00e1lyoz\u00e1s\u00e1t. A m\u00e1rka st\u00edlusos megjelen\u00e9s\u00e9t szitanyomott log\u00f3val \u00e9s matt c\u00edmkefel\u00fclettel is hangs\u00falyoztuk.<\/p>\n<p>Az els\u0151 h\u00f3nap v\u00e9g\u00e9re az elad\u00e1sok 55%-kal n\u0151ttek a bevezet\u00e9s ut\u00e1n, a v\u00e1s\u00e1rl\u00f3k pedig mind vizu\u00e1lisan, mind a t\u00e1rol\u00e1s praktikus m\u00f3djak\u00e9nt dics\u00e9rt\u00e9k az \u00fcvegeket.<\/p>\n<h2>Testreszab\u00e1si k\u00e9zik\u00f6nyved<\/h2>\n<ol>\n<li><strong>Egyedi palackkupakok:<\/strong> V\u00e1lasszon a k\u00fcl\u00f6nb\u00f6z\u0151 anyagok \u00e9s sz\u00ednek k\u00f6z\u00fcl, p\u00e9ld\u00e1ul f\u00e9m, m\u0171anyag \u00e9s lop\u00e1sg\u00e1tl\u00f3 kupakok k\u00f6z\u00fcl. A jobb felismerhet\u0151s\u00e9g \u00e9rdek\u00e9ben helyezze el m\u00e1rkalog\u00f3j\u00e1t vagy nyomtatott k\u00e9p\u00e9t.<\/li>\n<li><strong>Testreszabott term\u00e9kek:<\/strong> Sz\u00e1mos fel\u00fcletkezel\u00e9si lehet\u0151s\u00e9g \u00e1ll rendelkez\u00e9sre, mint p\u00e9ld\u00e1ul a cukorm\u00e1z, a szitanyom\u00e1s, a meleg sajtol\u00e1s \u00e9s a c\u00edmk\u00e9z\u00e9s, amelyek dekorat\u00edvabb\u00e1 \u00e9s m\u00e1rkaorient\u00e1ltabb\u00e1 teszik az \u00fcveget.<\/li>\n<\/ol>","protected":false},"excerpt":{"rendered":"<p>Kerek \u00fcveg pudingospalack \u00e9s \u00fcveg tejespalackok tet\u0151vel, ide\u00e1lisak desszertekhez, joghurthoz vagy lekv\u00e1rhoz. Tart\u00f3s, \u00fajrafelhaszn\u00e1lhat\u00f3 \u00e9s testreszabhat\u00f3 az \u00e9lelmiszer-csomagol\u00f3 m\u00e1rk\u00e1k sz\u00e1m\u00e1ra.<\/p>","protected":false},"featured_media":22492,"template":"","meta":[],"product_brand":[],"product_cat":[124,122,130],"product_tag":[],"class_list":{"0":"post-22488","1":"product","2":"type-product","3":"status-publish","4":"has-post-thumbnail","6":"product_cat-custom-glass-jars","7":"product_cat-custom-glass-packaging","8":"product_cat-glass-yogurt-jars","10":"first","11":"instock","12":"shipping-taxable","13":"product-type-simple"},"jetpack_sharing_enabled":true,"_links":{"self":[{"href":"https:\/\/yebodaglass.com\/hu\/wp-json\/wp\/v2\/product\/22488","targetHints":{"allow":["GET"]}}],"collection":[{"href":"https:\/\/yebodaglass.com\/hu\/wp-json\/wp\/v2\/product"}],"about":[{"href":"https:\/\/yebodaglass.com\/hu\/wp-json\/wp\/v2\/types\/product"}],"version-history":[{"count":5,"href":"https:\/\/yebodaglass.com\/hu\/wp-json\/wp\/v2\/product\/22488\/revisions"}],"predecessor-version":[{"id":22507,"href":"https:\/\/yebodaglass.com\/hu\/wp-json\/wp\/v2\/product\/22488\/revisions\/22507"}],"wp:featuredmedia":[{"embeddable":true,"href":"https:\/\/yebodaglass.com\/hu\/wp-json\/wp\/v2\/media\/22492"}],"wp:attachment":[{"href":"https:\/\/yebodaglass.com\/hu\/wp-json\/wp\/v2\/media?parent=22488"}],"wp:term":[{"taxonomy":"product_brand","embeddable":true,"href":"https:\/\/yebodaglass.com\/hu\/wp-json\/wp\/v2\/product_brand?post=22488"},{"taxonomy":"product_cat","embeddable":true,"href":"https:\/\/yebodaglass.com\/hu\/wp-json\/wp\/v2\/product_cat?post=22488"},{"taxonomy":"product_tag","embeddable":true,"href":"https:\/\/yebodaglass.com\/hu\/wp-json\/wp\/v2\/product_tag?post=22488"}],"curies":[{"name":"wp","href":"https:\/\/api.w.org\/{rel}","templated":true}]}}