{"id":22482,"date":"2025-10-20T15:55:45","date_gmt":"2025-10-20T07:55:45","guid":{"rendered":"https:\/\/yebodaglass.com\/?post_type=product&#038;p=22482"},"modified":"2025-11-11T13:52:06","modified_gmt":"2025-11-11T05:52:06","slug":"wholesale-square-glass-milk-bottles-custom-beverage-container","status":"publish","type":"product","link":"https:\/\/yebodaglass.com\/hu\/wholesale-square-glass-milk-bottles-custom-beverage-container\/","title":{"rendered":"Nagykereskedelmi n\u00e9gyzet alak\u00fa \u00fcveg tejespalackok m\u0171anyag fed\u00e9llel 300-500ml"},"content":{"rendered":"<p>Elege van a polcokat pazarl\u00f3 tejespalackokb\u00f3l? Helytakar\u00e9kos geometri\u00e1j\u00fa, sz\u00f6gletes \u00fcveg tejespalackokat k\u00e9sz\u00edt\u00fcnk \u2013 nincsenek t\u00f6bb\u00e9 k\u00e9nyelmetlen sarkok. Ezek az \u00fcvegpalackos tejt\u00e1rol\u00f3k okos kiskereskedelmi sikerr\u00e9 var\u00e1zsolj\u00e1k az italpalackoz\u00e1st. Nagyobb megrendel\u00e9sek eset\u00e9n egyedi \u00fcvegpalackokat kap, amelyek illeszkednek a m\u00e1rk\u00e1ja friss hangulat\u00e1hoz.<\/p>\n<h2>Term\u00e9kjellemz\u0151k<\/h2>\n<p><strong>Tervez\u00e9s<\/strong><\/p>\n<p>A teljesen menetes nyakkal ell\u00e1tott, n\u00e9gyzet alak\u00fa tart\u00e1ly minimalista \u00e9s stabil formatervez\u00e9si megold\u00e1s, mivel k\u00f6nnyen egym\u00e1sra rakhat\u00f3 \u00e9s sz\u00e1ll\u00edthat\u00f3. A menetes nyak lehet\u0151v\u00e9 teszi k\u00fcl\u00f6nb\u00f6z\u0151 t\u00edpus\u00fa kupakok haszn\u00e1lat\u00e1t.<\/p>\n<ul>\n<li><strong>Anyag: <\/strong>Nagy \u00e1tl\u00e1tsz\u00f3s\u00e1g\u00fa, vastag \u00fcvegb\u0151l k\u00e9sz\u00fclt, h\u0151\u00e1ll\u00f3, szagtalan, \u00f3lommentes \u00e9s nem m\u00e9rgez\u0151, \u00edgy biztons\u00e1gosan haszn\u00e1lhat\u00f3 olyan italokhoz is, mint a tej \u00e9s a gy\u00fcm\u00f6lcsl\u00e9.<\/li>\n<li><strong>Funkcionalit\u00e1s:\u00a0<\/strong>\u00dajrafelhaszn\u00e1lhat\u00f3, sziv\u00e1rg\u00e1smentes \u00e9s frissen tart\u00f3 tart\u00e1ly. A sz\u00e9les nyak k\u00f6nnyen tiszt\u00edthat\u00f3, \u00edgy otthon \u00e9s kereskedelmi k\u00f6rnyezetben egyar\u00e1nt haszn\u00e1lhat\u00f3.<\/li>\n<li><strong>Testreszab\u00e1s:\u00a0<\/strong>M\u00e1rk\u00e1ja profit\u00e1lhat a csomagol\u00e1si lehet\u0151s\u00e9gekb\u0151l, mivel a kapacit\u00e1s, a log\u00f3nyomtat\u00e1s, a kupak sz\u00edne \u00e9s az anyag (alum\u00ednium, m\u0171anyag vagy biztons\u00e1gi z\u00e1r) testreszabhat\u00f3.<\/li>\n<\/ul>\n<h2>F\u0151bb specifik\u00e1ci\u00f3k<\/h2>\n<table style=\"border-collapse: collapse; width: 80%; margin-left: auto; margin-right: auto;\" border=\"0\" width=\"288\" cellspacing=\"0\" cellpadding=\"0\">\n<tbody>\n<tr style=\"height: 13.50pt;\">\n<td style=\"height: 13.5pt; width: 54pt; text-align: center;\" width=\"72\" height=\"18\">Modell<\/td>\n<td style=\"width: 54pt; text-align: center;\" width=\"72\">Kapacit\u00e1s (ml)<\/td>\n<td style=\"width: 54pt; text-align: center;\" width=\"72\">M\u00e9ret (cm)<\/td>\n<td style=\"width: 54pt; text-align: center;\" width=\"72\">Alak<\/td>\n<\/tr>\n<tr style=\"height: 13.50pt;\">\n<td style=\"height: 13.5pt; text-align: center;\" align=\"right\" height=\"18\">64030019<\/td>\n<td style=\"text-align: center;\" align=\"right\">300<\/td>\n<td style=\"text-align: center;\">7.6&#215;12.3<\/td>\n<td class=\"et2\" style=\"text-align: center;\" rowspan=\"2\">N\u00e9gyzet<\/td>\n<\/tr>\n<tr style=\"height: 13.50pt;\">\n<td style=\"height: 13.5pt; text-align: center;\" align=\"right\" height=\"18\">64050020<\/td>\n<td style=\"text-align: center;\" align=\"right\">500<\/td>\n<td style=\"text-align: center;\">8.6&#215;13.6<\/td>\n<\/tr>\n<\/tbody>\n<\/table>\n<h2>Sikeres eset<\/h2>\n<p>Egy \u00faj-z\u00e9landi biotejtermel\u0151 olyan csomagol\u00e1si megold\u00e1st keresett, amely helyet takar\u00edt meg kerek tejespalackjainak, amelyek hagyom\u00e1nyos megjelen\u00e9s\u0171ek voltak, de sok helyet foglaltak a polcokon \u00e9s a sz\u00e1ll\u00edt\u00e1s sor\u00e1n. Egyedi, n\u00e9gyzet alak\u00fa \u00fcveg tejespalackot szerettek volna, amely nem rontja a m\u00e1rkaim\u00e1zsukat. Az eredm\u00e9ny egy egyszer\u0171, eleg\u00e1ns, egym\u00e1sra rakhat\u00f3 \u00e9s kompakt diz\u00e1jn lett. A n\u00e9gyzet alak\u00fa kialak\u00edt\u00e1s nemcsak a polcfel\u00fclet 25%-os n\u00f6vel\u00e9s\u00e9t tette lehet\u0151v\u00e9 a v\u00e1llalat sz\u00e1m\u00e1ra, hanem egy ez\u00fcst f\u00e9m csavaros kupakot is v\u00e1lasztottak \u00e9lelmiszeripari szilikon t\u00f6m\u00edt\u00e9ssel, hogy a tej friss maradjon a gazdas\u00e1gt\u00f3l az \u00fczletig. Minden palack oldal\u00e1n megtal\u00e1lhat\u00f3 a c\u00e9g log\u00f3ja. Mind\u00f6ssze k\u00e9t h\u00e9t alatt megdupl\u00e1z\u00f3dott a nagykereskedelmi megrendel\u00e9sek mennyis\u00e9ge!<\/p>\n<h2>Testreszab\u00e1si k\u00e9zik\u00f6nyved<\/h2>\n<ol>\n<li><strong>Testreszabott palackkupakok:<\/strong>Alum\u00ednium, biztons\u00e1gi z\u00e1ras vagy m\u0171anyag kupakok k\u00f6z\u00fcl v\u00e1laszthat k\u00fcl\u00f6nf\u00e9le sz\u00ednekben (p\u00e9ld\u00e1ul ez\u00fcst, feh\u00e9r \u00e9s arany), valamint log\u00f3nyomtat\u00e1si lehet\u0151s\u00e9gek k\u00f6z\u00fcl a m\u00e1rkafelismer\u00e9s fokoz\u00e1sa \u00e9rdek\u00e9ben.<\/li>\n<li><strong>Egyedi fel\u00fcletkezel\u00e9sek:<\/strong>Sz\u00e1mos dekor\u00e1ci\u00f3s lehet\u0151s\u00e9get t\u00e1mogatunk, bele\u00e9rtve a szitanyom\u00e1st, a melegnyom\u00e1st, a cukorm\u00e1zt \u00e9s a c\u00edmk\u00e9z\u00e9st, hogy egyedi vizu\u00e1lis effekteket hozzunk l\u00e9tre, \u00e9s fokozzuk term\u00e9ke pr\u00e9mium vonzerej\u00e9t \u00e9s felismerhet\u0151s\u00e9g\u00e9t.<\/li>\n<\/ol>","protected":false},"excerpt":{"rendered":"<p>Klare Glasflaschen f\u00fcr Joghurt im Gro\u00dfhandel, ideal f\u00fcr Desserts, Joghurt oder Kerzen. Robuste, wiederverwendbare Glasbeh\u00e4lter, perfekt f\u00fcr Glasverpackungen.<\/p>","protected":false},"featured_media":22484,"template":"","meta":[],"product_brand":[],"product_cat":[123,122,131],"product_tag":[],"class_list":{"0":"post-22482","1":"product","2":"type-product","3":"status-publish","4":"has-post-thumbnail","6":"product_cat-custom-glass-bottles","7":"product_cat-custom-glass-packaging","8":"product_cat-glass-milk-bottles","10":"first","11":"instock","12":"shipping-taxable","13":"product-type-simple"},"jetpack_sharing_enabled":true,"_links":{"self":[{"href":"https:\/\/yebodaglass.com\/hu\/wp-json\/wp\/v2\/product\/22482","targetHints":{"allow":["GET"]}}],"collection":[{"href":"https:\/\/yebodaglass.com\/hu\/wp-json\/wp\/v2\/product"}],"about":[{"href":"https:\/\/yebodaglass.com\/hu\/wp-json\/wp\/v2\/types\/product"}],"version-history":[{"count":3,"href":"https:\/\/yebodaglass.com\/hu\/wp-json\/wp\/v2\/product\/22482\/revisions"}],"predecessor-version":[{"id":23591,"href":"https:\/\/yebodaglass.com\/hu\/wp-json\/wp\/v2\/product\/22482\/revisions\/23591"}],"wp:featuredmedia":[{"embeddable":true,"href":"https:\/\/yebodaglass.com\/hu\/wp-json\/wp\/v2\/media\/22484"}],"wp:attachment":[{"href":"https:\/\/yebodaglass.com\/hu\/wp-json\/wp\/v2\/media?parent=22482"}],"wp:term":[{"taxonomy":"product_brand","embeddable":true,"href":"https:\/\/yebodaglass.com\/hu\/wp-json\/wp\/v2\/product_brand?post=22482"},{"taxonomy":"product_cat","embeddable":true,"href":"https:\/\/yebodaglass.com\/hu\/wp-json\/wp\/v2\/product_cat?post=22482"},{"taxonomy":"product_tag","embeddable":true,"href":"https:\/\/yebodaglass.com\/hu\/wp-json\/wp\/v2\/product_tag?post=22482"}],"curies":[{"name":"wp","href":"https:\/\/api.w.org\/{rel}","templated":true}]}}