{"id":22431,"date":"2025-10-16T17:32:53","date_gmt":"2025-10-16T09:32:53","guid":{"rendered":"https:\/\/yebodaglass.com\/?post_type=product&#038;p=22431"},"modified":"2026-04-10T14:44:12","modified_gmt":"2026-04-10T06:44:12","slug":"glass-milk-bottles-with-lids-dairy-glass-bottle-supplier","status":"publish","type":"product","link":"https:\/\/yebodaglass.com\/hu\/glass-milk-bottles-with-lids-dairy-glass-bottle-supplier\/","title":{"rendered":"Nagykereskedelmi \u00fcveg tejespalackok biztons\u00e1gi z\u00e1r\u00f3fed\u00e9llel 100-930ml"},"content":{"rendered":"<p>Elege van a ki\u00f6ml\u0151 vagy \u00e1llott \u00edz\u0171 tejes\u00fcvegekb\u0151l? Lop\u00e1sg\u00e1tl\u00f3 menettel ell\u00e1tott \u00fcveg tejespalackokat k\u00e9sz\u00edt\u00fcnk \u2013 nincs t\u00f6bb tejpazarl\u00e1s. Ezek a tejes\u00fcvegek bizalmat teremtenek az italpalackoz\u00e1sban. Nagyobb megrendel\u00e9sek eset\u00e9n egyedi \u00fcvegpalackokat kap, amelyek illeszkednek a m\u00e1rk\u00e1ja hangulat\u00e1hoz.<\/p>\n<h2>Term\u00e9kjellemz\u0151k<\/h2>\n<ol>\n<li><strong>Tamper-Evident nyakkialak\u00edt\u00e1s:\u00a0<\/strong>A lez\u00e1rt, egyszer haszn\u00e1latos f\u00f3li\u00e1nak k\u00f6sz\u00f6nhet\u0151en a term\u00e9k a lez\u00e1r\u00e1s pillanat\u00e1t\u00f3l kezdve biztons\u00e1gban \u00e9s frissen marad.<\/li>\n<li><strong>Szil\u00e1rd \u00e9s \u00fajrahasznos\u00edthat\u00f3:\u00a0<\/strong>Vastag, kiv\u00e1l\u00f3 min\u0151s\u00e9g\u0171 \u00fcvegb\u0151l k\u00e9sz\u00fclt, hogy tart\u00f3s \u00e9s k\u00f6nnyen kezelhet\u0151 legyen.<\/li>\n<li><strong>Sokf\u00e9le felhaszn\u00e1l\u00e1si m\u00f3d:\u00a0<\/strong>T\u00f6k\u00e9letes tejhez, turmixokhoz, k\u00e1v\u00e9hoz, gy\u00fcm\u00f6lcsl\u00e9hez, v\u00edzhez \u00e9s egy\u00e9b italokhoz.<\/li>\n<li><strong>Marketing el\u0151ny\u00f6k:\u00a0<\/strong>Lehet\u0151v\u00e9 teszi az egyedi fedelek haszn\u00e1lat\u00e1t, a m\u00e1rkalog\u00f3k nyomtat\u00e1s\u00e1t \u00e9s a m\u00e1rkaismerts\u00e9g n\u00f6vel\u00e9s\u00e9t c\u00e9lz\u00f3 c\u00edmk\u00e9z\u00e9st.<\/li>\n<\/ol>\n<h2>F\u0151bb specifik\u00e1ci\u00f3k<\/h2>\n<table style=\"border-collapse: collapse; width: 80%; margin-left: auto; margin-right: auto;\" border=\"0\" width=\"288\" cellspacing=\"0\" cellpadding=\"0\">\n<tbody>\n<tr style=\"height: 13.50pt;\">\n<td style=\"height: 13.5pt; width: 54pt; text-align: center;\" width=\"72\" height=\"18\">Modell<\/td>\n<td style=\"width: 54pt; text-align: center;\" width=\"72\">Kapacit\u00e1s (ml)<\/td>\n<td style=\"width: 54pt; text-align: center;\" width=\"72\">M\u00e9ret (cm)<\/td>\n<td style=\"width: 54pt; text-align: center;\" width=\"72\">Nyak t\u00edpusa<\/td>\n<\/tr>\n<tr style=\"height: 13.50pt;\">\n<td style=\"height: 13.5pt; text-align: center;\" align=\"right\" height=\"18\">64010012<\/td>\n<td style=\"text-align: center;\" align=\"right\">100<\/td>\n<td style=\"text-align: center;\">4.5&#215;4.5&#215;10.5<\/td>\n<td class=\"et2\" style=\"text-align: center;\" rowspan=\"7\">Biztons\u00e1gi m\u0171anyag csavaros fed\u00e9l<\/td>\n<\/tr>\n<tr style=\"height: 13.50pt;\">\n<td style=\"height: 13.5pt; text-align: center;\" align=\"right\" height=\"18\">64024013<\/td>\n<td style=\"text-align: center;\" align=\"right\">240<\/td>\n<td style=\"text-align: center;\">5,4x5x14,4<\/td>\n<\/tr>\n<tr style=\"height: 13.50pt;\">\n<td style=\"height: 13.5pt; text-align: center;\" align=\"right\" height=\"18\">64030014<\/td>\n<td style=\"text-align: center;\" align=\"right\">300<\/td>\n<td style=\"text-align: center;\">5.9&#215;5.9&#215;15.9<\/td>\n<\/tr>\n<tr style=\"height: 13.50pt;\">\n<td style=\"height: 13.5pt; text-align: center;\" align=\"right\" height=\"18\">64036015<\/td>\n<td style=\"text-align: center;\" align=\"right\">360<\/td>\n<td style=\"text-align: center;\">6.1&#215;5.7&#215;16.6<\/td>\n<\/tr>\n<tr style=\"height: 13.50pt;\">\n<td style=\"height: 13.5pt; text-align: center;\" align=\"right\" height=\"18\">64040016<\/td>\n<td style=\"text-align: center;\" align=\"right\">400<\/td>\n<td style=\"text-align: center;\">6.5&#215;6.2&#215;17.1<\/td>\n<\/tr>\n<tr style=\"height: 13.50pt;\">\n<td style=\"height: 13.5pt; text-align: center;\" align=\"right\" height=\"18\">64050017<\/td>\n<td style=\"text-align: center;\" align=\"right\">500<\/td>\n<td style=\"text-align: center;\">6.8&#215;6.8&#215;18.6<\/td>\n<\/tr>\n<tr style=\"height: 13.50pt;\">\n<td style=\"height: 13.5pt; text-align: center;\" align=\"right\" height=\"18\">64093018<\/td>\n<td style=\"text-align: center;\" align=\"right\">930<\/td>\n<td style=\"text-align: center;\">8.3&#215;8.3&#215;21.9<\/td>\n<\/tr>\n<\/tbody>\n<\/table>\n<h2>Sikeres eset<\/h2>\n<p>Egy gyorsan n\u00f6vekv\u0151 ausztr\u00e1l tejterm\u00e9km\u00e1rka keresett meg minket, amikor egy \u00faj epertej-k\u00edn\u00e1latot tervezt\u00fcnk. Az egyik f\u0151 c\u00e9lkit\u0171z\u00e9s\u00fck egy pr\u00e9mium, sziv\u00e1rg\u00e1smentes \u00fcvegcsomagol\u00e1s l\u00e9trehoz\u00e1sa volt, amely nemcsak meg\u0151rzi a frissess\u00e9get, hanem vizu\u00e1lisan is vonz\u00f3v\u00e1 teszi a term\u00e9ket a polcon. Az 500 ml-es \u00fcveg tejespalackot v\u00e1lasztott\u00e1k, \u00e9s az \u00fcvegfel\u00fcletet matric\u00e1kkal szabt\u00e1k testre, hogy megjelen\u00edts\u00e9k log\u00f3jukat \u00e9s term\u00e9kle\u00edr\u00e1saikat, ami seg\u00edtett megk\u00fcl\u00f6nb\u00f6ztetni az epertej term\u00e9szetes r\u00f3zsasz\u00edn sz\u00edn\u00e9t. Az \u00fcveg biztons\u00e1gi z\u00e1rral \u00e9s prec\u00edzen kialak\u00edtott nyakkal rendelkezett a szoros z\u00e1r\u00e1s \u00e9rdek\u00e9ben, m\u00edg a kupakot \u00fagy helyezt\u00e9k el, hogy garant\u00e1lja a biztons\u00e1gi \u00f3vint\u00e9zked\u00e9seket.<\/p>\n<p>Az els\u0151 negyed\u00e9vben a sziv\u00e1rg\u00e1si panaszok sz\u00e1ma 95%-kal cs\u00f6kkent, a nagy t\u00e9telben t\u00f6rt\u00e9n\u0151 megrendel\u00e9sek volumene pedig 50%-kal n\u0151tt.<\/p>\n<h2>Testreszab\u00e1si k\u00e9zik\u00f6nyved<\/h2>\n<ul>\n<li><strong>Epres szezon\u00e1lis zenekarok: <\/strong>Ragassz r\u00f3zsasz\u00edn cs\u00edkokat az epres tejes \u00fcvegre (pl. \u201eNy\u00e1ri eper\u201d). Mondd a v\u00e1s\u00e1rl\u00f3knak: \u201eFriss tej, friss \u00f6r\u00f6m.\u201d<\/li>\n<li><strong>\u201eCsal\u00e1di m\u00e9ret\u0171\u201d szettek: <\/strong>K\u00e9sz\u00edtsen \u201enegyed literes \u00e9s f\u00e9l gallonos kiszerel\u00e9st\u201d k\u00e9t 500 ml-es tejes\u00fcveggel + egy 930 ml-es \u00fcveggel \u2013 t\u00f6k\u00e9letes egy-egy literes ig\u00e9ny kiel\u00e9g\u00edt\u00e9s\u00e9re.<\/li>\n<\/ul>\n<p>&nbsp;<\/p>","protected":false},"excerpt":{"rendered":"<p>Tart\u00f3s \u00fcveg tejespalackok garanciaz\u00e1ras tet\u0151vel tejterm\u00e9kek, gy\u00fcm\u00f6lcsl\u00e9, tea, k\u00e1v\u00e9 \u00e9s egy\u00e9b italok csomagol\u00e1s\u00e1hoz. Egyedi megrendel\u00e9sek \u00e9s nagy t\u00e9telben t\u00f6rt\u00e9n\u0151 megrendel\u00e9sek is lehets\u00e9gesek.<\/p>","protected":false},"featured_media":22437,"template":"","meta":[],"product_brand":[],"product_cat":[131,123,122],"product_tag":[],"class_list":{"0":"post-22431","1":"product","2":"type-product","3":"status-publish","4":"has-post-thumbnail","6":"product_cat-glass-milk-bottles","7":"product_cat-custom-glass-bottles","8":"product_cat-custom-glass-packaging","10":"first","11":"instock","12":"shipping-taxable","13":"product-type-simple"},"jetpack_sharing_enabled":true,"_links":{"self":[{"href":"https:\/\/yebodaglass.com\/hu\/wp-json\/wp\/v2\/product\/22431","targetHints":{"allow":["GET"]}}],"collection":[{"href":"https:\/\/yebodaglass.com\/hu\/wp-json\/wp\/v2\/product"}],"about":[{"href":"https:\/\/yebodaglass.com\/hu\/wp-json\/wp\/v2\/types\/product"}],"version-history":[{"count":5,"href":"https:\/\/yebodaglass.com\/hu\/wp-json\/wp\/v2\/product\/22431\/revisions"}],"predecessor-version":[{"id":25737,"href":"https:\/\/yebodaglass.com\/hu\/wp-json\/wp\/v2\/product\/22431\/revisions\/25737"}],"wp:featuredmedia":[{"embeddable":true,"href":"https:\/\/yebodaglass.com\/hu\/wp-json\/wp\/v2\/media\/22437"}],"wp:attachment":[{"href":"https:\/\/yebodaglass.com\/hu\/wp-json\/wp\/v2\/media?parent=22431"}],"wp:term":[{"taxonomy":"product_brand","embeddable":true,"href":"https:\/\/yebodaglass.com\/hu\/wp-json\/wp\/v2\/product_brand?post=22431"},{"taxonomy":"product_cat","embeddable":true,"href":"https:\/\/yebodaglass.com\/hu\/wp-json\/wp\/v2\/product_cat?post=22431"},{"taxonomy":"product_tag","embeddable":true,"href":"https:\/\/yebodaglass.com\/hu\/wp-json\/wp\/v2\/product_tag?post=22431"}],"curies":[{"name":"wp","href":"https:\/\/api.w.org\/{rel}","templated":true}]}}