{"id":22423,"date":"2025-10-16T16:12:47","date_gmt":"2025-10-16T08:12:47","guid":{"rendered":"https:\/\/yebodaglass.com\/?post_type=product&#038;p=22423"},"modified":"2026-04-10T18:34:30","modified_gmt":"2026-04-10T10:34:30","slug":"310oz-glass-milk-bottles-wholesale-twist-off-ct-finish-storage-bottles","status":"publish","type":"product","link":"https:\/\/yebodaglass.com\/hu\/310oz-glass-milk-bottles-wholesale-twist-off-ct-finish-storage-bottles\/","title":{"rendered":"310oz-os \u00fcveg tejespalackok nagykereskedelemben | Csavaros \u00e9s CT bevonat\u00fa t\u00e1rol\u00f3palackok"},"content":{"rendered":"<p>310 ml-es \u00fcveg tejespalackjaink nagykereskedelmi kiszerel\u00e9sben is kaphat\u00f3k, formailag sz\u00e9pek \u00e9s nagyon er\u0151sek is. \u00dcvegb\u0151l k\u00e9sz\u00fcltek, amelyben nincsenek k\u00e1ros anyagok. Ezeket a palackokat k\u00f6nny\u0171 k\u00e9zben tartani. J\u00f3l mutatnak a polcon. \u00c1tl\u00e1tni rajtuk, \u00edgy l\u00e1thatod, mennyire friss a tej vagy a gy\u00fcm\u00f6lcsl\u00e9. Ez t\u00f6k\u00e9letess\u00e9 teszi \u0151ket azoknak a c\u00e9geknek, amelyek min\u0151s\u00e9gi italokat szeretn\u00e9nek \u00e1rulni.<\/p>\n<h2>F\u0151bb specifik\u00e1ci\u00f3k<\/h2>\n<table style=\"border-collapse: collapse; width: 80%; margin-left: auto; margin-right: auto;\" border=\"0\" width=\"288\" cellspacing=\"0\" cellpadding=\"0\">\n<tbody>\n<tr style=\"height: 13.50pt;\">\n<td style=\"height: 13.5pt; width: 54pt; text-align: center;\" width=\"72\" height=\"18\">Modell<\/td>\n<td style=\"width: 54pt; text-align: center;\" width=\"72\">Kapacit\u00e1s<\/td>\n<td style=\"width: 54pt; text-align: center;\" width=\"72\">M\u00e9ret<\/td>\n<td style=\"width: 54pt; text-align: center;\" width=\"72\">Nyak t\u00edpusa<\/td>\n<\/tr>\n<tr style=\"height: 13.50pt;\">\n<td style=\"height: 13.5pt; text-align: center;\" align=\"right\" height=\"18\">64031010<\/td>\n<td class=\"et2\" style=\"text-align: center;\" rowspan=\"2\">310 ml<\/td>\n<td style=\"text-align: center;\">6,1 * 6,1 * 15,2 mm<\/td>\n<td style=\"text-align: center;\">Lecsavarhat\u00f3 fels\u0151r\u00e9sz<\/td>\n<\/tr>\n<tr style=\"height: 13.50pt;\">\n<td style=\"height: 13.5pt; text-align: center;\" align=\"right\" height=\"18\">64031011<\/td>\n<td style=\"text-align: center;\">6,1 * 6,1 * 15,4 mm<\/td>\n<td style=\"text-align: center;\">Folyamatos sz\u00e1l teteje<\/td>\n<\/tr>\n<\/tbody>\n<\/table>\n<h2>Ezek a palackok sokf\u00e9lek\u00e9ppen haszn\u00e1lhat\u00f3k. K\u00e9tf\u00e9le kupakunk van hozz\u00e1juk:<\/h2>\n<ol>\n<li><strong>A lecsavarhat\u00f3 tetej\u0171<\/strong>Nagyszer\u0171, ha \u00fcveg tejt\u00e1rol\u00f3 palackokat kell t\u00f6lteni. Gyorsan z\u00e1rhat\u00f3, ami el\u0151ny\u00f6s azokhoz a g\u00e9pekhez, amelyek kupakot helyeznek az \u00fcvegekre. Ezt a kupakot gyakran haszn\u00e1lj\u00e1k italokhoz, mert biztons\u00e1gban \u00e9s frissen tartja az italt.<\/li>\n<li><strong>A folyamatos sz\u00e1l teteje<\/strong>: Akkor j\u00f3, ha a palackot t\u00f6bbsz\u00f6r is haszn\u00e1lni szeretn\u00e9d. K\u00fcl\u00f6nb\u00f6z\u0151 t\u00edpus\u00fa kupakkal haszn\u00e1lhat\u00f3, \u00e9s k\u00f6nnyen nyithat\u00f3 \u00e9s z\u00e1rhat\u00f3. Ezt a t\u00edpus\u00fa kupakot gyakran haszn\u00e1lj\u00e1k italokhoz, \u00e9s azoknak aj\u00e1nlott, akik otthon szeretn\u00e9k haszn\u00e1lni a palackot.<\/li>\n<\/ol>\n<h2>Esettanulm\u00e1ny<\/h2>\n<p>Egy bio tejsz\u00ednt gy\u00e1rt\u00f3 c\u00e9ggel dolgoztunk egy\u00fctt, hogy a tejterm\u00e9kes palackjaik k\u00fcl\u00f6nleges l\u00e1tv\u00e1nyt ny\u00fajtsanak. Egy speci\u00e1lis elj\u00e1r\u00e1ssal helyezt\u00fck el a log\u00f3jukat a palackon, \u00e9s nagyon j\u00f3l siker\u00fclt. A log\u00f3 a k\u00f6vetkez\u0151:<\/p>\n<ol>\n<li>Nagyon nehezen karcol\u00f3dik. A palackot mosogat\u00f3g\u00e9pben is el lehet mosni.<\/li>\n<li>Kellemes tapint\u00e1s\u00fa. \u00dagy n\u00e9z ki, mintha az \u00fcveg r\u00e9sze lenne, nem csak egy matrica.<\/li>\n<li>T\u00f6bbsz\u00f6r is felhaszn\u00e1lhat\u00f3, ami j\u00f3 azoknak a v\u00e1llalatoknak, amelyek p\u00e9nzt szeretn\u00e9nek megtakar\u00edtani a csomagol\u00e1son.<\/li>\n<\/ol>\n<p>Nagykereskedelemben is tudunk k\u00e9sz\u00edteni ilyen \u00fcveg tejespalackokat az \u00d6n v\u00e1llalkoz\u00e1sa sz\u00e1m\u00e1ra. Kiv\u00e1laszthatja a k\u00edv\u00e1nt kupak t\u00edpus\u00e1t. A log\u00f3j\u00e1t a saj\u00e1t elj\u00e1r\u00e1sunkkal elhelyezhetj\u00fck az \u00fcvegen.<\/p>","protected":false},"excerpt":{"rendered":"<p>High-quality 310ml glass milk storage bottles for wholesale. Available in Twist-off and Continuous Thread finishes. Custom decal branding for beverage brands.<\/p>","protected":false},"featured_media":22426,"template":"","meta":[],"product_brand":[],"product_cat":[131,123,122],"product_tag":[],"class_list":{"0":"post-22423","1":"product","2":"type-product","3":"status-publish","4":"has-post-thumbnail","6":"product_cat-glass-milk-bottles","7":"product_cat-custom-glass-bottles","8":"product_cat-custom-glass-packaging","10":"first","11":"instock","12":"shipping-taxable","13":"product-type-simple"},"jetpack_sharing_enabled":true,"_links":{"self":[{"href":"https:\/\/yebodaglass.com\/hu\/wp-json\/wp\/v2\/product\/22423","targetHints":{"allow":["GET"]}}],"collection":[{"href":"https:\/\/yebodaglass.com\/hu\/wp-json\/wp\/v2\/product"}],"about":[{"href":"https:\/\/yebodaglass.com\/hu\/wp-json\/wp\/v2\/types\/product"}],"version-history":[{"count":5,"href":"https:\/\/yebodaglass.com\/hu\/wp-json\/wp\/v2\/product\/22423\/revisions"}],"predecessor-version":[{"id":25751,"href":"https:\/\/yebodaglass.com\/hu\/wp-json\/wp\/v2\/product\/22423\/revisions\/25751"}],"wp:featuredmedia":[{"embeddable":true,"href":"https:\/\/yebodaglass.com\/hu\/wp-json\/wp\/v2\/media\/22426"}],"wp:attachment":[{"href":"https:\/\/yebodaglass.com\/hu\/wp-json\/wp\/v2\/media?parent=22423"}],"wp:term":[{"taxonomy":"product_brand","embeddable":true,"href":"https:\/\/yebodaglass.com\/hu\/wp-json\/wp\/v2\/product_brand?post=22423"},{"taxonomy":"product_cat","embeddable":true,"href":"https:\/\/yebodaglass.com\/hu\/wp-json\/wp\/v2\/product_cat?post=22423"},{"taxonomy":"product_tag","embeddable":true,"href":"https:\/\/yebodaglass.com\/hu\/wp-json\/wp\/v2\/product_tag?post=22423"}],"curies":[{"name":"wp","href":"https:\/\/api.w.org\/{rel}","templated":true}]}}